{"id":893,"date":"2026-03-23T09:51:56","date_gmt":"2026-03-23T08:51:56","guid":{"rendered":"https:\/\/www.sveahome.com\/?page_id=893"},"modified":"2026-03-23T09:51:56","modified_gmt":"2026-03-23T08:51:56","slug":"portfolio","status":"publish","type":"page","link":"https:\/\/www.sveahome.com\/de\/inredningsforetag\/portfolio\/","title":{"rendered":"Portfolio"},"content":{"rendered":"<p data-start=\"549\" data-end=\"597\">Beginnen Sie mit der Erstellung von 5 allgemeinen Seiten in WordPress:<\/p>\n<p data-start=\"599\" data-end=\"607\">Beispiel:<\/p>\n<ul data-start=\"609\" data-end=\"698\">\n<li data-start=\"609\" data-end=\"635\">\n<p data-start=\"611\" data-end=\"635\">Projekt 1 - Torrevieja<\/p>\n<\/li>\n<li data-start=\"636\" data-end=\"663\">\n<p data-start=\"638\" data-end=\"663\">Projekt 2 - Santa Rosalia<\/p>\n<\/li>\n<li data-start=\"664\" data-end=\"691\">\n<p data-start=\"666\" data-end=\"691\">Projekt 3 - Villamartin<\/p>\n<\/li>\n<li data-start=\"664\" data-end=\"691\">\n<p data-start=\"666\" data-end=\"691\">Projekt 4 - Los Dolses<\/p>\n<\/li>\n<li data-start=\"664\" data-end=\"691\">\n<p data-start=\"666\" data-end=\"691\">Projekt 5- Lomas de Cabo Roigz<\/p>\n<h3 data-start=\"147\" data-end=\"206\">Projekt: Villamartin - Neue Villa, schl\u00fcsselfertige Einrichtung<\/h3>\n<p data-start=\"208\" data-end=\"336\"><strong data-start=\"208\" data-end=\"229\">Die W\u00fcnsche des Kunden:<\/strong><br data-start=\"229\" data-end=\"232\" \/>Der Kunde hatte ein neues Geb\u00e4ude mit 3 Schlafzimmern, K\u00fcche, Wohnzimmer, Terrasse und Dachterrasse. Die Anforderungen umfassten:<\/p>\n<ul data-start=\"337\" data-end=\"431\">\n<li data-start=\"337\" data-end=\"362\">\n<p data-start=\"339\" data-end=\"362\">Sonnensegel f\u00fcr die Terrasse<\/p>\n<\/li>\n<li data-start=\"363\" data-end=\"409\">\n<p data-start=\"365\" data-end=\"409\">Pergola und gro\u00dfe Outdoor-Lounge auf der Dachterrasse<\/p>\n<\/li>\n<li data-start=\"410\" data-end=\"431\">\n<p data-start=\"412\" data-end=\"431\">Selbstgebaute Au\u00dfenk\u00fcche<\/p>\n<\/li>\n<\/ul>\n<p data-start=\"433\" data-end=\"453\"><strong data-start=\"433\" data-end=\"451\">Was wir getan haben:<\/strong><\/p>\n<ul data-start=\"454\" data-end=\"682\">\n<li data-start=\"454\" data-end=\"516\">\n<p data-start=\"456\" data-end=\"516\">Auswahl und Lieferung von M\u00f6beln und Dekorationen f\u00fcr alle R\u00e4ume.<\/p>\n<\/li>\n<li data-start=\"517\" data-end=\"613\">\n<p data-start=\"519\" data-end=\"613\">Er kaufte die gesamte Ausstattung: Haushaltsger\u00e4te, Bettw\u00e4sche, Badtextilien und K\u00fcchenger\u00e4te.<\/p>\n<\/li>\n<li data-start=\"614\" data-end=\"682\">\n<p data-start=\"616\" data-end=\"682\">Das Haus wurde schl\u00fcsselfertig geliefert und ist sofort bezugsfertig.<\/p>\n<\/li>\n<\/ul>\n<p data-start=\"684\" data-end=\"845\"><strong data-start=\"684\" data-end=\"697\">Ergebnisse:<\/strong><br data-start=\"697\" data-end=\"700\" \/>Die Villa wurde vollst\u00e4ndig nach den W\u00fcnschen des Kunden eingerichtet und ausgestattet, mit funktionalen und \u00e4sthetischen L\u00f6sungen sowohl im Innen- als auch im Au\u00dfenbereich.<\/p>\n<p data-start=\"666\" data-end=\"691\">\u2014\u2014\u2014\u2014\u2014\u2014\u2014\u2014\u2014\u2014\u2014\u2014\u2014\u2014\u2014\u2014\u2014\u2014\u2014\u2014\u2014\u2014\u2014\u2014\u2014\u2014\u2014<\/p>\n<h3>Projekt: Los Dolses - Renovierung eines Ferienhauses<\/h3>\n<p data-start=\"234\" data-end=\"433\"><strong data-start=\"234\" data-end=\"255\">Die W\u00fcnsche des Kunden:<\/strong><br data-start=\"255\" data-end=\"258\" \/>Der Kunde wollte seine Wohnung mit neuen M\u00f6beln erneuern, aber den Essbereich mit seinem Sideboard und dem Spiegel im Essbereich beibehalten. Der Schwerpunkt lag auf hellen Farben und nat\u00fcrlichen Holzmaterialien.<\/p>\n<p data-start=\"435\" data-end=\"455\"><strong data-start=\"435\" data-end=\"453\">Was wir getan haben:<\/strong><\/p>\n<ul data-start=\"456\" data-end=\"892\">\n<li data-start=\"456\" data-end=\"529\">\n<p data-start=\"458\" data-end=\"529\">Auffrischung der vorhandenen Esszimmerst\u00fchle mit neuen Polstern und Bez\u00fcgen.<\/p>\n<\/li>\n<li data-start=\"530\" data-end=\"607\">\n<p data-start=\"532\" data-end=\"607\">Auswahl von M\u00f6beln f\u00fcr Innen- und Au\u00dfenbereiche im Rahmen des Budgets des Kunden.<\/p>\n<\/li>\n<li data-start=\"608\" data-end=\"683\">\n<p data-start=\"610\" data-end=\"683\">F\u00fcr eine gebogene Wand im Wohnzimmer haben wir ma\u00dfgeschneiderte Vorh\u00e4nge bestellt.<\/p>\n<\/li>\n<li data-start=\"684\" data-end=\"735\">\n<p data-start=\"686\" data-end=\"735\">Die alte, kaputte Markise wurde durch eine neue ersetzt.<\/p>\n<\/li>\n<li data-start=\"736\" data-end=\"892\">\n<p data-start=\"738\" data-end=\"892\">Verwaltung des gesamten Prozesses von der Bestellung bis zur Lieferung und Montage<\/p>\n<\/li>\n<\/ul>\n<p data-start=\"894\" data-end=\"1070\"><strong data-start=\"894\" data-end=\"907\">Ergebnisse:<\/strong><br data-start=\"907\" data-end=\"910\" \/>Das Haus erhielt ein modernes und helleres Aussehen mit funktionalen und \u00e4sthetisch ansprechenden M\u00f6beln, sowohl im Innen- als auch im Au\u00dfenbereich, die f\u00fcr die Feiertage geeignet sind.<\/p>\n<p>\u2014\u2014\u2014\u2014\u2014\u2014\u2014\u2014\u2014\u2014\u2014\u2014\u2014\u2014\u2014\u2014\u2014\u2014\u2014\u2014\u2014\u2014\u2014\u2014\u2014\u2014\u2014\u2014\u2013<\/p>\n<h3 data-start=\"137\" data-end=\"211\">Projekt: Santa Rosalia - Ferienhaus mit Schwerpunkt auf Funktion und Stil<\/h3>\n<p data-start=\"213\" data-end=\"346\"><strong data-start=\"213\" data-end=\"234\">Die W\u00fcnsche des Kunden:<\/strong><br data-start=\"234\" data-end=\"237\" \/>Das Objekt hatte 4 Schlafzimmer, Wohnzimmer, K\u00fcche, Wohnzimmer im Keller, Balkon, Terrasse und Dachterrasse. Die W\u00fcnsche waren inklusive:<\/p>\n<ul data-start=\"347\" data-end=\"580\">\n<li data-start=\"347\" data-end=\"371\">\n<p data-start=\"349\" data-end=\"371\">Stilvoller, zeitgen\u00f6ssischer Stil<\/p>\n<\/li>\n<li data-start=\"372\" data-end=\"432\">\n<p data-start=\"374\" data-end=\"432\">Viele Schlafpl\u00e4tze im Untergeschoss, um viele G\u00e4ste unterzubringen<\/p>\n<\/li>\n<li data-start=\"433\" data-end=\"454\">\n<p data-start=\"435\" data-end=\"454\">Spielecke f\u00fcr Kinder<\/p>\n<\/li>\n<li>Zementierter Esstisch auf der Terrasse<\/li>\n<li data-start=\"455\" data-end=\"495\">\n<p data-start=\"457\" data-end=\"495\">Aluminium-Dachterrasse mit Essbereich<\/p>\n<\/li>\n<li data-start=\"496\" data-end=\"580\">\n<p data-start=\"498\" data-end=\"580\">K\u00fcnstliche Pflanzen im Innen- und Au\u00dfenbereich, da es sich bei der Wohnung um ein Ferienhaus handelt<\/p>\n<\/li>\n<\/ul>\n<p data-start=\"582\" data-end=\"602\"><strong data-start=\"582\" data-end=\"600\">Was wir getan haben:<\/strong><\/p>\n<ul data-start=\"603\" data-end=\"909\">\n<li data-start=\"603\" data-end=\"665\">\n<p data-start=\"605\" data-end=\"665\">Auswahl und Lieferung von M\u00f6beln und Einrichtungsgegenst\u00e4nden f\u00fcr alle R\u00e4ume.<\/p>\n<\/li>\n<li data-start=\"666\" data-end=\"762\">\n<p data-start=\"668\" data-end=\"762\">Er wickelte alle Bestellungen ab, nahm die Lieferungen entgegen und sorgte daf\u00fcr, dass alles vor Ort montiert wurde.<\/p>\n<\/li>\n<li data-start=\"763\" data-end=\"812\">\n<p data-start=\"765\" data-end=\"812\">Bestellen Sie ma\u00dfgeschneiderte Vorh\u00e4nge f\u00fcr alle R\u00e4ume.<\/p>\n<\/li>\n<li data-start=\"813\" data-end=\"909\">\n<p data-start=\"815\" data-end=\"909\">Er kaufte die gesamte Ausstattung: Haushaltsger\u00e4te, Bettw\u00e4sche, Badtextilien und K\u00fcchenger\u00e4te.<\/p>\n<\/li>\n<\/ul>\n<p data-start=\"911\" data-end=\"1087\"><strong data-start=\"911\" data-end=\"924\">Ergebnisse:<\/strong><br data-start=\"924\" data-end=\"927\" \/>Das Haus wurde vollst\u00e4ndig nach den W\u00fcnschen des Kunden eingerichtet und ausgestattet, mit funktionalen L\u00f6sungen f\u00fcr Kinder und Erwachsene, bereit f\u00fcr Ferien und G\u00e4ste das ganze Jahr \u00fcber.<\/p>\n<\/li>\n<\/ul>\n<p>&nbsp;<\/p>\n<h3 data-start=\"138\" data-end=\"197\">Projekt: La Mata - Renovierte Wohnung mit intelligenter Innenausstattung<\/h3>\n<p data-start=\"199\" data-end=\"312\"><strong data-start=\"199\" data-end=\"220\">Die W\u00fcnsche des Kunden:<\/strong><br data-start=\"220\" data-end=\"223\" \/>Die Wohnung hatte 2 Schlafzimmer, K\u00fcche, Wohnzimmer und verglaste Terrasse. Die W\u00fcnsche waren inklusive:<\/p>\n<ul data-start=\"313\" data-end=\"509\">\n<li data-start=\"313\" data-end=\"354\">\n<p data-start=\"315\" data-end=\"354\">Warmlichtlampen mit Dimmfunktion<\/p>\n<\/li>\n<li data-start=\"355\" data-end=\"406\">\n<p data-start=\"357\" data-end=\"406\">Mehr Ablagem\u00f6glichkeiten im kleinen Schlafzimmer<\/p>\n<\/li>\n<li data-start=\"407\" data-end=\"509\">\n<p data-start=\"409\" data-end=\"509\">Esstisch f\u00fcr 6 Personen auf der verglasten Terrasse, mit Ablage und einer gem\u00fctlichen Ecke f\u00fcr 2 Personen<\/p>\n<\/li>\n<\/ul>\n<p data-start=\"511\" data-end=\"531\"><strong data-start=\"511\" data-end=\"529\">Was wir getan haben:<\/strong><\/p>\n<ul data-start=\"532\" data-end=\"741\">\n<li data-start=\"532\" data-end=\"589\">\n<p data-start=\"534\" data-end=\"589\">Ausgew\u00e4hlte M\u00f6bel und Einrichtungsgegenst\u00e4nde in dem vom Kunden bevorzugten Stil.<\/p>\n<\/li>\n<li data-start=\"590\" data-end=\"650\">\n<p data-start=\"592\" data-end=\"650\">Organisierte L\u00f6sungen f\u00fcr Aufbewahrung und Funktionalit\u00e4t in allen R\u00e4umen.<\/p>\n<\/li>\n<li data-start=\"651\" data-end=\"741\">\n<p data-start=\"653\" data-end=\"741\">Er sorgte daf\u00fcr, dass alle M\u00f6bel angeliefert und an Ort und Stelle aufgestellt wurden, damit sie benutzt werden konnten.<\/p>\n<\/li>\n<\/ul>\n<p data-start=\"743\" data-end=\"897\"><strong data-start=\"743\" data-end=\"756\">Ergebnisse:<\/strong><br data-start=\"756\" data-end=\"759\" \/>Die Wohnung wurde komplett und harmonisch eingerichtet, mit intelligenten Staurauml\u00f6sungen und gem\u00fctlichen Bereichen f\u00fcr das t\u00e4gliche Leben und die Gesellschaft.<\/p>\n<p data-start=\"743\" data-end=\"897\">\u2014\u2014\u2014\u2014\u2014\u2014\u2014\u2014\u2014\u2014\u2014\u2014\u2014\u2014\u2014\u2014\u2014\u2014\u2014\u2014\u2014\u2014\u2014\u2014\u2014\u2014\u2014\u2014\u2014\u2014\u2014\u2014\u2014\u2014<\/p>\n<p>&nbsp;<\/p>\n<p data-start=\"700\" data-end=\"724\">Auf jeder Seite schreiben Sie:<\/p>\n<ul data-start=\"726\" data-end=\"771\">\n<li data-start=\"726\" data-end=\"736\">\n<p data-start=\"728\" data-end=\"736\">Rubrik<\/p>\n<\/li>\n<li data-start=\"737\" data-end=\"747\">\n<p data-start=\"739\" data-end=\"747\">Bilder<\/p>\n<\/li>\n<li data-start=\"748\" data-end=\"756\">\n<p data-start=\"750\" data-end=\"756\">Text<\/p>\n<\/li>\n<li data-start=\"757\" data-end=\"771\">\n<p data-start=\"759\" data-end=\"771\">Kontakt-Button<\/p>\n<h3 data-start=\"747\" data-end=\"760\"><\/h3>\n<hr data-start=\"867\" data-end=\"870\" \/>\n<h3 data-start=\"872\" data-end=\"895\">b) Kurzbeschreibung<\/h3>\n<p data-start=\"897\" data-end=\"910\">Schreiben Sie immer:<\/p>\n<ul data-start=\"912\" data-end=\"980\">\n<li data-start=\"912\" data-end=\"930\">\n<p data-start=\"914\" data-end=\"930\">Wer der Kunde war<\/p>\n<\/li>\n<li data-start=\"931\" data-end=\"949\">\n<p data-start=\"933\" data-end=\"949\">Was sie brauchten<\/p>\n<\/li>\n<li data-start=\"950\" data-end=\"967\">\n<p data-start=\"952\" data-end=\"967\">Was Sie getan haben<\/p>\n<\/li>\n<li data-start=\"968\" data-end=\"980\">\n<p data-start=\"970\" data-end=\"980\">Das Ergebnis<\/p>\n<h1 data-start=\"947\" data-end=\"980\">SCHRITT 3 - Vorlage f\u00fcr jedes Projekt<\/h1>\n<p data-start=\"982\" data-end=\"1029\">Verwenden Sie f\u00fcr alle 5 Projekte genau dieselbe Struktur.<\/p>\n<p data-start=\"1031\" data-end=\"1064\">Sie k\u00f6nnen diese Vorlage gerne direkt kopieren:<\/p>\n<hr data-start=\"1066\" data-end=\"1069\" \/>\n<h3 data-start=\"1071\" data-end=\"1091\">Zum Anfang der Seite:<\/h3>\n<p data-start=\"1093\" data-end=\"1104\"><strong data-start=\"1093\" data-end=\"1104\">Kategorie:<\/strong><\/p>\n<p data-start=\"1106\" data-end=\"1114\">Beispiel:<\/p>\n<blockquote data-start=\"1116\" data-end=\"1166\">\n<p data-start=\"1118\" data-end=\"1166\">\u201cSchl\u00fcsselfertige Innenausstattung - Wohnung in Torrevieja\u201d<\/p>\n<\/blockquote>\n<hr data-start=\"1168\" data-end=\"1171\" \/>\n<h3 data-start=\"1173\" data-end=\"1199\">Unmittelbar unter der \u00dcberschrift:<\/h3>\n<p data-start=\"1201\" data-end=\"1233\">Kurze Zusammenfassung (3-4 Zeilen):<\/p>\n<ul data-start=\"1235\" data-end=\"1301\">\n<li data-start=\"1235\" data-end=\"1252\">\n<p data-start=\"1237\" data-end=\"1252\">Typ der Wohnung<\/p>\n<\/li>\n<li data-start=\"1253\" data-end=\"1262\">\n<p data-start=\"1255\" data-end=\"1262\">Standort<\/p>\n<\/li>\n<li data-start=\"1263\" data-end=\"1285\">\n<p data-start=\"1265\" data-end=\"1285\">Was der Kunde brauchte<\/p>\n<\/li>\n<li data-start=\"1286\" data-end=\"1301\">\n<p data-start=\"1288\" data-end=\"1301\">Was Sie getan haben<\/p>\n<\/li>\n<\/ul>\n<hr data-start=\"1303\" data-end=\"1306\" \/>\n<h3 data-start=\"1308\" data-end=\"1318\">Limousine:<\/h3>\n<h2 data-start=\"1320\" data-end=\"1334\">BEFORE-Bilder<\/h2>\n<p data-start=\"1336\" data-end=\"1352\">Mindestens 2-3 Bilder<\/p>\n<p data-start=\"1354\" data-end=\"1361\">Kategorie:<\/p>\n<p data-start=\"1363\" data-end=\"1396\"><strong data-start=\"1363\" data-end=\"1396\">\u201cSo sah das Haus vorher aus\u201d<\/strong><\/p>\n<hr data-start=\"1398\" data-end=\"1401\" \/>\n<h2 data-start=\"1403\" data-end=\"1418\">AFTER-Bilder<\/h2>\n<p data-start=\"1420\" data-end=\"1430\">5-8 Bilder<\/p>\n<p data-start=\"1432\" data-end=\"1439\">Kategorie:<\/p>\n<p data-start=\"1441\" data-end=\"1475\"><strong data-start=\"1441\" data-end=\"1475\">\u201cDas Ergebnis unserer Arbeit\u201d<\/strong><\/p>\n<hr data-start=\"1477\" data-end=\"1480\" \/>\n<h3 data-start=\"1482\" data-end=\"1496\">Textblock:<\/h3>\n<p data-start=\"1498\" data-end=\"1514\">Beschreibung als:<\/p>\n<ul data-start=\"1516\" data-end=\"1574\">\n<li data-start=\"1516\" data-end=\"1537\">\n<p data-start=\"1518\" data-end=\"1537\">die Situation des Kunden<\/p>\n<\/li>\n<li data-start=\"1538\" data-end=\"1551\">\n<p data-start=\"1540\" data-end=\"1551\">Prozesse<\/p>\n<\/li>\n<li data-start=\"1552\" data-end=\"1574\">\n<p data-start=\"1554\" data-end=\"1574\">wie lange es dauerte<\/p>\n<\/li>\n<\/ul>\n<hr data-start=\"1576\" data-end=\"1579\" \/>\n<h3 data-start=\"1581\" data-end=\"1606\">Kundenangebot (falls vorhanden)<\/h3>\n<blockquote data-start=\"1608\" data-end=\"1672\">\n<p data-start=\"1610\" data-end=\"1672\">\u201cWir kamen in ein komplett fertiges Haus - erstaunlich reibungslos!\u201d<\/p>\n<\/blockquote>\n<hr data-start=\"1674\" data-end=\"1677\" \/>\n<h3 data-start=\"1679\" data-end=\"1702\">Enden Sie immer mit:<\/h3>\n<p data-start=\"1704\" data-end=\"1720\">Eine klare Taste:<\/p>\n<p data-start=\"1722\" data-end=\"1768\">\ud83d\udc49 <strong data-start=\"1725\" data-end=\"1768\">\u201cKontaktieren Sie uns, wenn Sie Hilfe f\u00fcr Ihre Immobilie ben\u00f6tigen\u201d<\/strong><\/p>\n<p data-start=\"1770\" data-end=\"1802\">Verkn\u00fcpft mit Ihrem Kontaktformular<\/p>\n<\/li>\n<\/ul>\n<\/li>\n<\/ul>","protected":false},"excerpt":{"rendered":"<p>B\u00f6rja med att skapa 5 vanliga sidor i WordPress: Exempel: Projekt 1 \u2013 Torrevieja Projekt 2 \u2013 Santa Rosalia Projekt 3 \u2013 Villamartin Projekt 4 &#8211; Los Dolses Projekt 5- Lomas de Cabo Roigz Projekt: Villamartin \u2013 Ny villa, nyckelf\u00e4rdig inredning Kundens \u00f6nskem\u00e5l:Kunden hade ett nybygge med 3 sovrum, k\u00f6k, vardagsrum, terrass och takterrass. \u00d6nskem\u00e5len [&hellip;]<\/p>\n","protected":false},"author":1,"featured_media":0,"parent":72,"menu_order":0,"comment_status":"closed","ping_status":"closed","template":"","meta":{"_acf_changed":false,"footnotes":""},"tags":[],"acf":[],"yoast_head":"<!-- This site is optimized with the Yoast SEO plugin v19.1 - https:\/\/yoast.com\/wordpress\/plugins\/seo\/ -->\n<title>Portfolio | Svea Home<\/title>\n<meta name=\"robots\" content=\"index, follow, max-snippet:-1, max-image-preview:large, max-video-preview:-1\" \/>\n<link rel=\"canonical\" href=\"https:\/\/www.sveahome.com\/de\/einrichtungshaus\/portfolio\/\" \/>\n<meta property=\"og:locale\" content=\"de_DE\" \/>\n<meta property=\"og:type\" content=\"article\" \/>\n<meta property=\"og:title\" content=\"Portfolio | Svea Home\" \/>\n<meta property=\"og:description\" content=\"B\u00f6rja med att skapa 5 vanliga sidor i WordPress: Exempel: Projekt 1 \u2013 Torrevieja Projekt 2 \u2013 Santa Rosalia Projekt 3 \u2013 Villamartin Projekt 4 &#8211; Los Dolses Projekt 5- Lomas de Cabo Roigz Projekt: Villamartin \u2013 Ny villa, nyckelf\u00e4rdig inredning Kundens \u00f6nskem\u00e5l:Kunden hade ett nybygge med 3 sovrum, k\u00f6k, vardagsrum, terrass och takterrass. \u00d6nskem\u00e5len [&hellip;]\" \/>\n<meta property=\"og:url\" content=\"https:\/\/www.sveahome.com\/de\/einrichtungshaus\/portfolio\/\" \/>\n<meta property=\"og:site_name\" content=\"Svea Home\" \/>\n<meta property=\"article:publisher\" content=\"https:\/\/www.facebook.com\/people\/Svea-Home\/100078707354829\/\" \/>\n<meta name=\"twitter:card\" content=\"summary_large_image\" \/>\n<meta name=\"twitter:label1\" content=\"Gesch\u00e4tzte Lesezeit\" \/>\n\t<meta name=\"twitter:data1\" content=\"4\u00a0Minuten\" \/>\n<script type=\"application\/ld+json\" class=\"yoast-schema-graph\">{\"@context\":\"https:\/\/schema.org\",\"@graph\":[{\"@type\":\"Organization\",\"@id\":\"https:\/\/www.sveahome.com\/#organization\",\"name\":\"Svea Home\",\"url\":\"https:\/\/www.sveahome.com\/\",\"sameAs\":[\"https:\/\/www.instagram.com\/svea.home\/\",\"https:\/\/www.facebook.com\/people\/Svea-Home\/100078707354829\/\"],\"logo\":{\"@type\":\"ImageObject\",\"inLanguage\":\"de\",\"@id\":\"https:\/\/www.sveahome.com\/#\/schema\/logo\/image\/\",\"url\":\"https:\/\/www.sveahome.com\/wp-content\/uploads\/2022\/02\/SveaHome.jpg\",\"contentUrl\":\"https:\/\/www.sveahome.com\/wp-content\/uploads\/2022\/02\/SveaHome.jpg\",\"width\":239,\"height\":47,\"caption\":\"Svea Home\"},\"image\":{\"@id\":\"https:\/\/www.sveahome.com\/#\/schema\/logo\/image\/\"}},{\"@type\":\"WebSite\",\"@id\":\"https:\/\/www.sveahome.com\/#website\",\"url\":\"https:\/\/www.sveahome.com\/\",\"name\":\"Svea Home\",\"description\":\"\",\"publisher\":{\"@id\":\"https:\/\/www.sveahome.com\/#organization\"},\"potentialAction\":[{\"@type\":\"SearchAction\",\"target\":{\"@type\":\"EntryPoint\",\"urlTemplate\":\"https:\/\/www.sveahome.com\/?s={search_term_string}\"},\"query-input\":\"required name=search_term_string\"}],\"inLanguage\":\"de\"},{\"@type\":\"WebPage\",\"@id\":\"https:\/\/www.sveahome.com\/inredningsforetag\/portfolio\/#webpage\",\"url\":\"https:\/\/www.sveahome.com\/inredningsforetag\/portfolio\/\",\"name\":\"Portfolio | Svea Home\",\"isPartOf\":{\"@id\":\"https:\/\/www.sveahome.com\/#website\"},\"datePublished\":\"2026-03-23T08:51:56+00:00\",\"dateModified\":\"2026-03-23T08:51:56+00:00\",\"breadcrumb\":{\"@id\":\"https:\/\/www.sveahome.com\/inredningsforetag\/portfolio\/#breadcrumb\"},\"inLanguage\":\"de\",\"potentialAction\":[{\"@type\":\"ReadAction\",\"target\":[\"https:\/\/www.sveahome.com\/inredningsforetag\/portfolio\/\"]}]},{\"@type\":\"BreadcrumbList\",\"@id\":\"https:\/\/www.sveahome.com\/inredningsforetag\/portfolio\/#breadcrumb\",\"itemListElement\":[{\"@type\":\"ListItem\",\"position\":1,\"name\":\"Home\",\"item\":\"https:\/\/www.sveahome.com\/\"},{\"@type\":\"ListItem\",\"position\":2,\"name\":\"Inredningsf\u00f6retag i Torrevieja\",\"item\":\"https:\/\/www.sveahome.com\/inredningsforetag\/\"},{\"@type\":\"ListItem\",\"position\":3,\"name\":\"Portfolio\"}]}]}<\/script>\n<!-- \/ Yoast SEO plugin. -->","yoast_head_json":{"title":"Portfolio | Svea Home","robots":{"index":"index","follow":"follow","max-snippet":"max-snippet:-1","max-image-preview":"max-image-preview:large","max-video-preview":"max-video-preview:-1"},"canonical":"https:\/\/www.sveahome.com\/de\/einrichtungshaus\/portfolio\/","og_locale":"de_DE","og_type":"article","og_title":"Portfolio | Svea Home","og_description":"B\u00f6rja med att skapa 5 vanliga sidor i WordPress: Exempel: Projekt 1 \u2013 Torrevieja Projekt 2 \u2013 Santa Rosalia Projekt 3 \u2013 Villamartin Projekt 4 &#8211; Los Dolses Projekt 5- Lomas de Cabo Roigz Projekt: Villamartin \u2013 Ny villa, nyckelf\u00e4rdig inredning Kundens \u00f6nskem\u00e5l:Kunden hade ett nybygge med 3 sovrum, k\u00f6k, vardagsrum, terrass och takterrass. \u00d6nskem\u00e5len [&hellip;]","og_url":"https:\/\/www.sveahome.com\/de\/einrichtungshaus\/portfolio\/","og_site_name":"Svea Home","article_publisher":"https:\/\/www.facebook.com\/people\/Svea-Home\/100078707354829\/","twitter_card":"summary_large_image","twitter_misc":{"Gesch\u00e4tzte Lesezeit":"4\u00a0Minuten"},"schema":{"@context":"https:\/\/schema.org","@graph":[{"@type":"Organization","@id":"https:\/\/www.sveahome.com\/#organization","name":"Svea Heim","url":"https:\/\/www.sveahome.com\/","sameAs":["https:\/\/www.instagram.com\/svea.home\/","https:\/\/www.facebook.com\/people\/Svea-Home\/100078707354829\/"],"logo":{"@type":"ImageObject","inLanguage":"de","@id":"https:\/\/www.sveahome.com\/#\/schema\/logo\/image\/","url":"https:\/\/www.sveahome.com\/wp-content\/uploads\/2022\/02\/SveaHome.jpg","contentUrl":"https:\/\/www.sveahome.com\/wp-content\/uploads\/2022\/02\/SveaHome.jpg","width":239,"height":47,"caption":"Svea Home"},"image":{"@id":"https:\/\/www.sveahome.com\/#\/schema\/logo\/image\/"}},{"@type":"WebSite","@id":"https:\/\/www.sveahome.com\/#website","url":"https:\/\/www.sveahome.com\/","name":"Svea Heim","description":"","publisher":{"@id":"https:\/\/www.sveahome.com\/#organization"},"potentialAction":[{"@type":"SearchAction","target":{"@type":"EntryPoint","urlTemplate":"https:\/\/www.sveahome.com\/?s={search_term_string}"},"query-input":"required name=search_term_string"}],"inLanguage":"de"},{"@type":"WebPage","@id":"https:\/\/www.sveahome.com\/inredningsforetag\/portfolio\/#webpage","url":"https:\/\/www.sveahome.com\/inredningsforetag\/portfolio\/","name":"Portfolio | Svea Home","isPartOf":{"@id":"https:\/\/www.sveahome.com\/#website"},"datePublished":"2026-03-23T08:51:56+00:00","dateModified":"2026-03-23T08:51:56+00:00","breadcrumb":{"@id":"https:\/\/www.sveahome.com\/inredningsforetag\/portfolio\/#breadcrumb"},"inLanguage":"de","potentialAction":[{"@type":"ReadAction","target":["https:\/\/www.sveahome.com\/inredningsforetag\/portfolio\/"]}]},{"@type":"BreadcrumbList","@id":"https:\/\/www.sveahome.com\/inredningsforetag\/portfolio\/#breadcrumb","itemListElement":[{"@type":"ListItem","position":1,"name":"Home","item":"https:\/\/www.sveahome.com\/"},{"@type":"ListItem","position":2,"name":"Inredningsf\u00f6retag i Torrevieja","item":"https:\/\/www.sveahome.com\/inredningsforetag\/"},{"@type":"ListItem","position":3,"name":"Portfolio"}]}]}},"_links":{"self":[{"href":"https:\/\/www.sveahome.com\/de\/wp-json\/wp\/v2\/pages\/893"}],"collection":[{"href":"https:\/\/www.sveahome.com\/de\/wp-json\/wp\/v2\/pages"}],"about":[{"href":"https:\/\/www.sveahome.com\/de\/wp-json\/wp\/v2\/types\/page"}],"author":[{"embeddable":true,"href":"https:\/\/www.sveahome.com\/de\/wp-json\/wp\/v2\/users\/1"}],"replies":[{"embeddable":true,"href":"https:\/\/www.sveahome.com\/de\/wp-json\/wp\/v2\/comments?post=893"}],"version-history":[{"count":3,"href":"https:\/\/www.sveahome.com\/de\/wp-json\/wp\/v2\/pages\/893\/revisions"}],"predecessor-version":[{"id":1047,"href":"https:\/\/www.sveahome.com\/de\/wp-json\/wp\/v2\/pages\/893\/revisions\/1047"}],"up":[{"embeddable":true,"href":"https:\/\/www.sveahome.com\/de\/wp-json\/wp\/v2\/pages\/72"}],"wp:attachment":[{"href":"https:\/\/www.sveahome.com\/de\/wp-json\/wp\/v2\/media?parent=893"}],"wp:term":[{"taxonomy":"post_tag","embeddable":true,"href":"https:\/\/www.sveahome.com\/de\/wp-json\/wp\/v2\/tags?post=893"}],"curies":[{"name":"wp","href":"https:\/\/api.w.org\/{rel}","templated":true}]}}