{"id":76,"date":"2022-02-15T17:52:44","date_gmt":"2022-02-15T17:52:44","guid":{"rendered":"https:\/\/www.sveahome.com\/?page_id=76"},"modified":"2026-03-23T09:46:39","modified_gmt":"2026-03-23T08:46:39","slug":"torrevieja","status":"publish","type":"page","link":"https:\/\/www.sveahome.com\/en\/torrevieja\/","title":{"rendered":"Interior design help"},"content":{"rendered":"<p><strong>Svea Home offers interior design help. We help our customers to design, furnish and equip their homes. We work both with customers remotely and on site here around Torrevieja, Spain.<\/strong><\/p>\n<p>In our work, we constantly meet customers with different needs for interior design help. Someone is looking for tips and inspiration, another wants to decorate their entire house and the third needs to equip their apartment for rent.<\/p>\n<h2>What help with interior design do you need?<\/h2>\n<p><strong>There are many requests and needs for help with interior design. We have listened and developed the following services that we now offer our help with:<\/strong><\/p>\n<ul>\n<li><a href=\"https:\/\/www.sveahome.com\/en\/torrevieja\/interior-designer-interior-designer\/\">Interior design<\/a>\u00a0- we help our customers give their homes the style and comfort they deserve.<\/li>\n<li><a href=\"https:\/\/www.sveahome.com\/en\/torrevieja\/homestyling-homestaging\/\">Homestaging &amp; homestyling<\/a> - here the aim is to highlight the best features of a property.<\/li>\n<li><a href=\"https:\/\/www.sveahome.com\/en\/torrevieja\/moblering-housing-patios\/\">Furnishing of homes and patios<\/a> - we buy, furnish, replace, modify and supplement.<\/li>\n<li><a href=\"https:\/\/www.sveahome.com\/en\/torrevieja\/equipment-housing\/\">Equipment of residences<\/a> - we make sure that every room, cupboard and drawer contains the items needed to make the home work.<\/li>\n<li><a href=\"https:\/\/www.sveahome.com\/en\/torrevieja\/floor-plan-floor-plan\/\">Plans and drawings<\/a> - we help to produce floor plans, furnishing plans and interior design plans.<\/li>\n<li><a href=\"https:\/\/www.sveahome.com\/en\/torrevieja\/visualisation-3d\/\">3D visualisation<\/a> - our 3D visualisations show the possibilities and options hidden in every nook and cranny.<\/li>\n<li><a href=\"https:\/\/www.sveahome.com\/en\/torrevieja\/emptying-removal-staging\/\">Cleaning and de-cluttering<\/a> - we empty homes of what you don't want to keep. Then we clean it up.<\/li>\n<li><a href=\"https:\/\/www.sveahome.com\/en\/torrevieja\/furnishing-equipment-rental-dwellings\/\">Furnishing and equipping of rented accommodation<\/a> - we help to transform a rental property into something special.<\/li>\n<li><strong>Turnkey housing<\/strong> - we make sure everything is in place and working properly. The style, furniture, TV channels and toothpaste are there.<\/li>\n<\/ul>\n<p>Are you thinking about something? Maybe you have a need that doesn't quite fit the mould? No problem - contact us today and we'll organise it!<\/p>\n<h3>Our co-operation partners<\/h3>\n<p>We have various partners that we regularly work with. Therefore, we have listed links to them that may be of interest to you.<\/p>\n<p><a href=\"https:\/\/reveny.es\/reveny\" target=\"_blank\" rel=\"noopener\"><img loading=\"lazy\" decoding=\"async\" class=\"aligncenter wp-image-884\" src=\"https:\/\/www.sveahome.com\/wp-content\/uploads\/2025\/12\/Reveny-1024x1024.png\" alt=\"RVNY\" width=\"266\" height=\"266\" srcset=\"https:\/\/www.sveahome.com\/wp-content\/uploads\/2025\/12\/Reveny-1024x1024.png 1024w, https:\/\/www.sveahome.com\/wp-content\/uploads\/2025\/12\/Reveny-300x300.png 300w, https:\/\/www.sveahome.com\/wp-content\/uploads\/2025\/12\/Reveny-150x150.png 150w, https:\/\/www.sveahome.com\/wp-content\/uploads\/2025\/12\/Reveny-768x768.png 768w, https:\/\/www.sveahome.com\/wp-content\/uploads\/2025\/12\/Reveny-1536x1536.png 1536w, https:\/\/www.sveahome.com\/wp-content\/uploads\/2025\/12\/Reveny-12x12.png 12w, https:\/\/www.sveahome.com\/wp-content\/uploads\/2025\/12\/Reveny-360x360.png 360w, https:\/\/www.sveahome.com\/wp-content\/uploads\/2025\/12\/Reveny.png 1920w\" sizes=\"(max-width: 266px) 100vw, 266px\" \/><\/a><\/p>\n<p>&nbsp;<\/p>\n<p><a href=\"https:\/\/procomobel.com\/es\/?gad_source=1&amp;gclid=CjwKCAiAjrarBhAWEiwA2qWdCMKa51yQfKl8aseqCKkm3bGt2M8SSk0bLbRIRsLJW5BcQNZ7lsWTqBoCJ2QQAvD_BwE\" target=\"_blank\" rel=\"noopener noreferrer\"><img loading=\"lazy\" decoding=\"async\" class=\"aligncenter wp-image-807\" src=\"https:\/\/www.sveahome.com\/wp-content\/uploads\/2023\/12\/Procomobel.png\" alt=\"Procomobel\" width=\"447\" height=\"90\" srcset=\"https:\/\/www.sveahome.com\/wp-content\/uploads\/2023\/12\/Procomobel.png 655w, https:\/\/www.sveahome.com\/wp-content\/uploads\/2023\/12\/Procomobel-300x60.png 300w, https:\/\/www.sveahome.com\/wp-content\/uploads\/2023\/12\/Procomobel-18x4.png 18w, https:\/\/www.sveahome.com\/wp-content\/uploads\/2023\/12\/Procomobel-360x73.png 360w\" sizes=\"(max-width: 447px) 100vw, 447px\" \/><\/a><\/p>\n<p><a href=\"https:\/\/siestagroup.com\/\" target=\"_blank\" rel=\"noopener noreferrer\"><img loading=\"lazy\" decoding=\"async\" class=\"aligncenter wp-image-805 size-full\" src=\"https:\/\/www.sveahome.com\/wp-content\/uploads\/2023\/12\/Siesta-group.png\" alt=\"Siesta group\" width=\"262\" height=\"132\" srcset=\"https:\/\/www.sveahome.com\/wp-content\/uploads\/2023\/12\/Siesta-group.png 262w, https:\/\/www.sveahome.com\/wp-content\/uploads\/2023\/12\/Siesta-group-18x9.png 18w\" sizes=\"(max-width: 262px) 100vw, 262px\" \/><\/a><\/p>\n<p>&nbsp;<\/p>\n<p>&nbsp;<\/p>\n<p><a href=\"https:\/\/theflowershop.es\/index.php\" target=\"_blank\" rel=\"noopener noreferrer\"><img loading=\"lazy\" decoding=\"async\" class=\"aligncenter wp-image-650 size-full\" src=\"https:\/\/www.sveahome.com\/wp-content\/uploads\/2023\/05\/theflowershop.jpg\" alt=\"The flower shop\" width=\"345\" height=\"150\" srcset=\"https:\/\/www.sveahome.com\/wp-content\/uploads\/2023\/05\/theflowershop.jpg 345w, https:\/\/www.sveahome.com\/wp-content\/uploads\/2023\/05\/theflowershop-300x130.jpg 300w, https:\/\/www.sveahome.com\/wp-content\/uploads\/2023\/05\/theflowershop-18x8.jpg 18w\" sizes=\"(max-width: 345px) 100vw, 345px\" \/><\/a><\/p>\n<p><a href=\"https:\/\/castillohomes.se\/en\/\" target=\"_blank\" rel=\"noopener noreferrer\"><img loading=\"lazy\" decoding=\"async\" class=\"aligncenter wp-image-647\" src=\"https:\/\/www.sveahome.com\/wp-content\/uploads\/2023\/04\/castillohomes.png\" alt=\"Castillo Home\" width=\"452\" height=\"65\" srcset=\"https:\/\/www.sveahome.com\/wp-content\/uploads\/2023\/04\/castillohomes.png 855w, https:\/\/www.sveahome.com\/wp-content\/uploads\/2023\/04\/castillohomes-300x43.png 300w, https:\/\/www.sveahome.com\/wp-content\/uploads\/2023\/04\/castillohomes-768x110.png 768w, https:\/\/www.sveahome.com\/wp-content\/uploads\/2023\/04\/castillohomes-18x3.png 18w, https:\/\/www.sveahome.com\/wp-content\/uploads\/2023\/04\/castillohomes-360x52.png 360w\" sizes=\"(max-width: 452px) 100vw, 452px\" \/><\/a><\/p>\n<p><a href=\"https:\/\/annas.cc\/\" target=\"_blank\" rel=\"noopener noreferrer\"><img loading=\"lazy\" decoding=\"async\" class=\"aligncenter wp-image-637\" src=\"https:\/\/www.sveahome.com\/wp-content\/uploads\/2023\/03\/ANNAS-beds-and-interior.png\" alt=\"Anna&#039;s bed and interior\" width=\"296\" height=\"174\" srcset=\"https:\/\/www.sveahome.com\/wp-content\/uploads\/2023\/03\/ANNAS-beds-and-interior.png 742w, https:\/\/www.sveahome.com\/wp-content\/uploads\/2023\/03\/ANNAS-beds-and-interior-300x176.png 300w, https:\/\/www.sveahome.com\/wp-content\/uploads\/2023\/03\/ANNAS-beds-and-interior-18x12.png 18w, https:\/\/www.sveahome.com\/wp-content\/uploads\/2023\/03\/ANNAS-beds-and-interior-360x212.png 360w\" sizes=\"(max-width: 296px) 100vw, 296px\" \/><\/a><\/p>\n<p><a href=\"https:\/\/nilssonsmobler.com\/spanien\" target=\"_blank\" rel=\"noopener noreferrer\"><img loading=\"lazy\" decoding=\"async\" class=\"aligncenter wp-image-873\" title=\"Nilsson&#039;s furniture\" src=\"https:\/\/www.sveahome.com\/wp-content\/uploads\/2025\/11\/nilssons.jpg\" alt=\"Nilsson&#039;s furniture\" width=\"302\" height=\"114\" srcset=\"https:\/\/www.sveahome.com\/wp-content\/uploads\/2025\/11\/nilssons.jpg 405w, https:\/\/www.sveahome.com\/wp-content\/uploads\/2025\/11\/nilssons-300x113.jpg 300w, https:\/\/www.sveahome.com\/wp-content\/uploads\/2025\/11\/nilssons-18x7.jpg 18w, https:\/\/www.sveahome.com\/wp-content\/uploads\/2025\/11\/nilssons-360x136.jpg 360w\" sizes=\"(max-width: 302px) 100vw, 302px\" \/><\/a><\/p>\n<p><a href=\"https:\/\/torregrosahome.com\/\" target=\"_blank\" rel=\"noopener noreferrer\"><img loading=\"lazy\" decoding=\"async\" class=\"aligncenter wp-image-874 size-medium\" title=\"Dry pink\" src=\"https:\/\/www.sveahome.com\/wp-content\/uploads\/2025\/11\/Torregrosa-300x86.jpg\" alt=\"Dry pink\" width=\"300\" height=\"86\" srcset=\"https:\/\/www.sveahome.com\/wp-content\/uploads\/2025\/11\/Torregrosa-300x86.jpg 300w, https:\/\/www.sveahome.com\/wp-content\/uploads\/2025\/11\/Torregrosa-18x5.jpg 18w, https:\/\/www.sveahome.com\/wp-content\/uploads\/2025\/11\/Torregrosa-360x104.jpg 360w, https:\/\/www.sveahome.com\/wp-content\/uploads\/2025\/11\/Torregrosa.jpg 594w\" sizes=\"(max-width: 300px) 100vw, 300px\" \/><\/a><a href=\"https:\/\/calmahomes.se\/\" target=\"_blank\" rel=\"noopener noreferrer\"><img loading=\"lazy\" decoding=\"async\" class=\"wp-image-272 aligncenter\" src=\"https:\/\/www.sveahome.com\/wp-content\/uploads\/2022\/03\/Calma.-home.png\" alt=\"\" width=\"300\" height=\"300\" srcset=\"https:\/\/www.sveahome.com\/wp-content\/uploads\/2022\/03\/Calma.-home.png 500w, https:\/\/www.sveahome.com\/wp-content\/uploads\/2022\/03\/Calma.-home-300x300.png 300w, https:\/\/www.sveahome.com\/wp-content\/uploads\/2022\/03\/Calma.-home-150x150.png 150w, https:\/\/www.sveahome.com\/wp-content\/uploads\/2022\/03\/Calma.-home-360x360.png 360w\" sizes=\"(max-width: 300px) 100vw, 300px\" \/><\/a><a href=\"https:\/\/diamondestates-spain.com\/\" target=\"_blank\" rel=\"noopener noreferrer\"><img loading=\"lazy\" decoding=\"async\" class=\"wp-image-277 aligncenter\" src=\"https:\/\/www.sveahome.com\/wp-content\/uploads\/2022\/03\/dimond.estate-300x278.jpg\" alt=\"\" width=\"203\" height=\"188\" srcset=\"https:\/\/www.sveahome.com\/wp-content\/uploads\/2022\/03\/dimond.estate-300x278.jpg 300w, https:\/\/www.sveahome.com\/wp-content\/uploads\/2022\/03\/dimond.estate-360x333.jpg 360w, https:\/\/www.sveahome.com\/wp-content\/uploads\/2022\/03\/dimond.estate.jpg 500w\" sizes=\"(max-width: 203px) 100vw, 203px\" \/><\/a><\/p>\n<p>&nbsp;<\/p>\n<p><a href=\"https:\/\/lotusproperties.es\/_site\/en\/\" target=\"_blank\" rel=\"noopener noreferrer\"><img loading=\"lazy\" decoding=\"async\" class=\"aligncenter wp-image-643 size-full\" src=\"https:\/\/www.sveahome.com\/wp-content\/uploads\/2023\/03\/Lotus-Properties.jpg\" alt=\"Lotus Properties\" width=\"271\" height=\"113\" srcset=\"https:\/\/www.sveahome.com\/wp-content\/uploads\/2023\/03\/Lotus-Properties.jpg 271w, https:\/\/www.sveahome.com\/wp-content\/uploads\/2023\/03\/Lotus-Properties-18x8.jpg 18w\" sizes=\"(max-width: 271px) 100vw, 271px\" \/><\/a><\/p>\n<p style=\"text-align: center;\"><a href=\"https:\/\/grandhomes.eu\/\" target=\"_blank\" rel=\"noopener noreferrer\"><img loading=\"lazy\" decoding=\"async\" class=\"aligncenter wp-image-634\" title=\"Grand Homes\" src=\"https:\/\/www.sveahome.com\/wp-content\/uploads\/2023\/03\/grandshomes.jpg\" alt=\"Large homes\" width=\"140\" height=\"139\" srcset=\"https:\/\/www.sveahome.com\/wp-content\/uploads\/2023\/03\/grandshomes.jpg 303w, https:\/\/www.sveahome.com\/wp-content\/uploads\/2023\/03\/grandshomes-300x298.jpg 300w, https:\/\/www.sveahome.com\/wp-content\/uploads\/2023\/03\/grandshomes-150x150.jpg 150w, https:\/\/www.sveahome.com\/wp-content\/uploads\/2023\/03\/grandshomes-12x12.jpg 12w\" sizes=\"(max-width: 140px) 100vw, 140px\" \/><\/a><\/p>\n<p>&nbsp;<\/p>\n<p>&nbsp;<\/p>","protected":false},"excerpt":{"rendered":"<p>Svea Home erbjuder inredningshj\u00e4lp. Vi hj\u00e4lper v\u00e5ra kunder att designa, m\u00f6blera, inreda och utrusta hem och bost\u00e4der. Vi jobbar b\u00e5de med kunder p\u00e5 distans och p\u00e5 plats h\u00e4r omkring Torrevieja, Spanien. I v\u00e5rt arbete m\u00f6ter vi hela tiden kunder med olika behov av inredningshj\u00e4lp. N\u00e5gon s\u00f6ker tips och inspiration, en annan vill inreda hela sitt [&hellip;]<\/p>\n","protected":false},"author":1,"featured_media":853,"parent":0,"menu_order":2,"comment_status":"closed","ping_status":"closed","template":"page-start3.php","meta":{"_acf_changed":false,"footnotes":""},"tags":[],"acf":[],"yoast_head":"<!-- This site is optimized with the Yoast SEO plugin v19.1 - https:\/\/yoast.com\/wordpress\/plugins\/seo\/ -->\n<title>Hj\u00e4lp med inredning i Torrevieja | Svea Home - Inredningshj\u00e4lp<\/title>\n<meta name=\"description\" content=\"Svea Home erbjuder inredningshj\u00e4lp. Vi hj\u00e4lper vi v\u00e5ra kunder att designa, inreda och utrusta hem och bost\u00e4der h\u00e4r omkring Torrevieja, Spanien.\" \/>\n<meta name=\"robots\" content=\"index, follow, max-snippet:-1, max-image-preview:large, max-video-preview:-1\" \/>\n<link rel=\"canonical\" href=\"https:\/\/www.sveahome.com\/en\/torrevieja\/\" \/>\n<meta property=\"og:locale\" content=\"en_GB\" \/>\n<meta property=\"og:type\" content=\"article\" \/>\n<meta property=\"og:title\" content=\"Hj\u00e4lp med inredning i Torrevieja | Svea Home - Inredningshj\u00e4lp\" \/>\n<meta property=\"og:description\" content=\"Svea Home erbjuder inredningshj\u00e4lp. Vi hj\u00e4lper vi v\u00e5ra kunder att designa, inreda och utrusta hem och bost\u00e4der h\u00e4r omkring Torrevieja, Spanien.\" \/>\n<meta property=\"og:url\" content=\"https:\/\/www.sveahome.com\/en\/torrevieja\/\" \/>\n<meta property=\"og:site_name\" content=\"Svea Home\" \/>\n<meta property=\"article:publisher\" content=\"https:\/\/www.facebook.com\/people\/Svea-Home\/100078707354829\/\" \/>\n<meta property=\"article:modified_time\" content=\"2026-03-23T08:46:39+00:00\" \/>\n<meta property=\"og:image\" content=\"https:\/\/www.sveahome.com\/wp-content\/uploads\/2024\/08\/D8Z7400.jpg\" \/>\n\t<meta property=\"og:image:width\" content=\"2400\" \/>\n\t<meta property=\"og:image:height\" content=\"1600\" \/>\n\t<meta property=\"og:image:type\" content=\"image\/jpeg\" \/>\n<meta name=\"twitter:card\" content=\"summary_large_image\" \/>\n<meta name=\"twitter:label1\" content=\"Estimated reading time\" \/>\n\t<meta name=\"twitter:data1\" content=\"2 minutes\" \/>\n<script type=\"application\/ld+json\" class=\"yoast-schema-graph\">{\"@context\":\"https:\/\/schema.org\",\"@graph\":[{\"@type\":\"Organization\",\"@id\":\"https:\/\/www.sveahome.com\/#organization\",\"name\":\"Svea Home\",\"url\":\"https:\/\/www.sveahome.com\/\",\"sameAs\":[\"https:\/\/www.instagram.com\/svea.home\/\",\"https:\/\/www.facebook.com\/people\/Svea-Home\/100078707354829\/\"],\"logo\":{\"@type\":\"ImageObject\",\"inLanguage\":\"en-GB\",\"@id\":\"https:\/\/www.sveahome.com\/#\/schema\/logo\/image\/\",\"url\":\"https:\/\/www.sveahome.com\/wp-content\/uploads\/2022\/02\/SveaHome.jpg\",\"contentUrl\":\"https:\/\/www.sveahome.com\/wp-content\/uploads\/2022\/02\/SveaHome.jpg\",\"width\":239,\"height\":47,\"caption\":\"Svea Home\"},\"image\":{\"@id\":\"https:\/\/www.sveahome.com\/#\/schema\/logo\/image\/\"}},{\"@type\":\"WebSite\",\"@id\":\"https:\/\/www.sveahome.com\/#website\",\"url\":\"https:\/\/www.sveahome.com\/\",\"name\":\"Svea Home\",\"description\":\"\",\"publisher\":{\"@id\":\"https:\/\/www.sveahome.com\/#organization\"},\"potentialAction\":[{\"@type\":\"SearchAction\",\"target\":{\"@type\":\"EntryPoint\",\"urlTemplate\":\"https:\/\/www.sveahome.com\/?s={search_term_string}\"},\"query-input\":\"required name=search_term_string\"}],\"inLanguage\":\"en-GB\"},{\"@type\":\"ImageObject\",\"inLanguage\":\"en-GB\",\"@id\":\"https:\/\/www.sveahome.com\/torrevieja\/#primaryimage\",\"url\":\"https:\/\/www.sveahome.com\/wp-content\/uploads\/2024\/08\/D8Z7400.jpg\",\"contentUrl\":\"https:\/\/www.sveahome.com\/wp-content\/uploads\/2024\/08\/D8Z7400.jpg\",\"width\":2400,\"height\":1600},{\"@type\":\"WebPage\",\"@id\":\"https:\/\/www.sveahome.com\/torrevieja\/#webpage\",\"url\":\"https:\/\/www.sveahome.com\/torrevieja\/\",\"name\":\"Hj\u00e4lp med inredning i Torrevieja | Svea Home - Inredningshj\u00e4lp\",\"isPartOf\":{\"@id\":\"https:\/\/www.sveahome.com\/#website\"},\"primaryImageOfPage\":{\"@id\":\"https:\/\/www.sveahome.com\/torrevieja\/#primaryimage\"},\"datePublished\":\"2022-02-15T17:52:44+00:00\",\"dateModified\":\"2026-03-23T08:46:39+00:00\",\"description\":\"Svea Home erbjuder inredningshj\u00e4lp. Vi hj\u00e4lper vi v\u00e5ra kunder att designa, inreda och utrusta hem och bost\u00e4der h\u00e4r omkring Torrevieja, Spanien.\",\"breadcrumb\":{\"@id\":\"https:\/\/www.sveahome.com\/torrevieja\/#breadcrumb\"},\"inLanguage\":\"en-GB\",\"potentialAction\":[{\"@type\":\"ReadAction\",\"target\":[\"https:\/\/www.sveahome.com\/torrevieja\/\"]}]},{\"@type\":\"BreadcrumbList\",\"@id\":\"https:\/\/www.sveahome.com\/torrevieja\/#breadcrumb\",\"itemListElement\":[{\"@type\":\"ListItem\",\"position\":1,\"name\":\"Home\",\"item\":\"https:\/\/www.sveahome.com\/\"},{\"@type\":\"ListItem\",\"position\":2,\"name\":\"Inredningshj\u00e4lp\"}]}]}<\/script>\n<!-- \/ Yoast SEO plugin. -->","yoast_head_json":{"title":"Help with interior design in Torrevieja | Svea Home - Interior design help","description":"Svea Home offers interior design assistance. We help our customers to design, furnish and equip homes and properties here around Torrevieja, Spain.","robots":{"index":"index","follow":"follow","max-snippet":"max-snippet:-1","max-image-preview":"max-image-preview:large","max-video-preview":"max-video-preview:-1"},"canonical":"https:\/\/www.sveahome.com\/en\/torrevieja\/","og_locale":"en_GB","og_type":"article","og_title":"Hj\u00e4lp med inredning i Torrevieja | Svea Home - Inredningshj\u00e4lp","og_description":"Svea Home erbjuder inredningshj\u00e4lp. Vi hj\u00e4lper vi v\u00e5ra kunder att designa, inreda och utrusta hem och bost\u00e4der h\u00e4r omkring Torrevieja, Spanien.","og_url":"https:\/\/www.sveahome.com\/en\/torrevieja\/","og_site_name":"Svea Home","article_publisher":"https:\/\/www.facebook.com\/people\/Svea-Home\/100078707354829\/","article_modified_time":"2026-03-23T08:46:39+00:00","og_image":[{"width":2400,"height":1600,"url":"https:\/\/www.sveahome.com\/wp-content\/uploads\/2024\/08\/D8Z7400.jpg","type":"image\/jpeg"}],"twitter_card":"summary_large_image","twitter_misc":{"Estimated reading time":"2 minutes"},"schema":{"@context":"https:\/\/schema.org","@graph":[{"@type":"Organization","@id":"https:\/\/www.sveahome.com\/#organization","name":"Svea Home","url":"https:\/\/www.sveahome.com\/","sameAs":["https:\/\/www.instagram.com\/svea.home\/","https:\/\/www.facebook.com\/people\/Svea-Home\/100078707354829\/"],"logo":{"@type":"ImageObject","inLanguage":"en-GB","@id":"https:\/\/www.sveahome.com\/#\/schema\/logo\/image\/","url":"https:\/\/www.sveahome.com\/wp-content\/uploads\/2022\/02\/SveaHome.jpg","contentUrl":"https:\/\/www.sveahome.com\/wp-content\/uploads\/2022\/02\/SveaHome.jpg","width":239,"height":47,"caption":"Svea Home"},"image":{"@id":"https:\/\/www.sveahome.com\/#\/schema\/logo\/image\/"}},{"@type":"WebSite","@id":"https:\/\/www.sveahome.com\/#website","url":"https:\/\/www.sveahome.com\/","name":"Svea Home","description":"","publisher":{"@id":"https:\/\/www.sveahome.com\/#organization"},"potentialAction":[{"@type":"SearchAction","target":{"@type":"EntryPoint","urlTemplate":"https:\/\/www.sveahome.com\/?s={search_term_string}"},"query-input":"required name=search_term_string"}],"inLanguage":"en-GB"},{"@type":"ImageObject","inLanguage":"en-GB","@id":"https:\/\/www.sveahome.com\/torrevieja\/#primaryimage","url":"https:\/\/www.sveahome.com\/wp-content\/uploads\/2024\/08\/D8Z7400.jpg","contentUrl":"https:\/\/www.sveahome.com\/wp-content\/uploads\/2024\/08\/D8Z7400.jpg","width":2400,"height":1600},{"@type":"WebPage","@id":"https:\/\/www.sveahome.com\/torrevieja\/#webpage","url":"https:\/\/www.sveahome.com\/torrevieja\/","name":"Help with interior design in Torrevieja | Svea Home - Interior design help","isPartOf":{"@id":"https:\/\/www.sveahome.com\/#website"},"primaryImageOfPage":{"@id":"https:\/\/www.sveahome.com\/torrevieja\/#primaryimage"},"datePublished":"2022-02-15T17:52:44+00:00","dateModified":"2026-03-23T08:46:39+00:00","description":"Svea Home offers interior design assistance. We help our customers to design, furnish and equip homes and properties here around Torrevieja, Spain.","breadcrumb":{"@id":"https:\/\/www.sveahome.com\/torrevieja\/#breadcrumb"},"inLanguage":"en-GB","potentialAction":[{"@type":"ReadAction","target":["https:\/\/www.sveahome.com\/torrevieja\/"]}]},{"@type":"BreadcrumbList","@id":"https:\/\/www.sveahome.com\/torrevieja\/#breadcrumb","itemListElement":[{"@type":"ListItem","position":1,"name":"Home","item":"https:\/\/www.sveahome.com\/"},{"@type":"ListItem","position":2,"name":"Inredningshj\u00e4lp"}]}]}},"_links":{"self":[{"href":"https:\/\/www.sveahome.com\/en\/wp-json\/wp\/v2\/pages\/76"}],"collection":[{"href":"https:\/\/www.sveahome.com\/en\/wp-json\/wp\/v2\/pages"}],"about":[{"href":"https:\/\/www.sveahome.com\/en\/wp-json\/wp\/v2\/types\/page"}],"author":[{"embeddable":true,"href":"https:\/\/www.sveahome.com\/en\/wp-json\/wp\/v2\/users\/1"}],"replies":[{"embeddable":true,"href":"https:\/\/www.sveahome.com\/en\/wp-json\/wp\/v2\/comments?post=76"}],"version-history":[{"count":6,"href":"https:\/\/www.sveahome.com\/en\/wp-json\/wp\/v2\/pages\/76\/revisions"}],"predecessor-version":[{"id":1045,"href":"https:\/\/www.sveahome.com\/en\/wp-json\/wp\/v2\/pages\/76\/revisions\/1045"}],"wp:featuredmedia":[{"embeddable":true,"href":"https:\/\/www.sveahome.com\/en\/wp-json\/wp\/v2\/media\/853"}],"wp:attachment":[{"href":"https:\/\/www.sveahome.com\/en\/wp-json\/wp\/v2\/media?parent=76"}],"wp:term":[{"taxonomy":"post_tag","embeddable":true,"href":"https:\/\/www.sveahome.com\/en\/wp-json\/wp\/v2\/tags?post=76"}],"curies":[{"name":"wp","href":"https:\/\/api.w.org\/{rel}","templated":true}]}}