{"id":893,"date":"2026-03-23T09:51:56","date_gmt":"2026-03-23T08:51:56","guid":{"rendered":"https:\/\/www.sveahome.com\/?page_id=893"},"modified":"2026-03-23T09:51:56","modified_gmt":"2026-03-23T08:51:56","slug":"portfolio","status":"publish","type":"page","link":"https:\/\/www.sveahome.com\/en\/inredningsforetag\/portfolio\/","title":{"rendered":"Portfolio"},"content":{"rendered":"<p data-start=\"549\" data-end=\"597\">Start by creating 5 common pages in WordPress:<\/p>\n<p data-start=\"599\" data-end=\"607\">Example:<\/p>\n<ul data-start=\"609\" data-end=\"698\">\n<li data-start=\"609\" data-end=\"635\">\n<p data-start=\"611\" data-end=\"635\">Project 1 - Torrevieja<\/p>\n<\/li>\n<li data-start=\"636\" data-end=\"663\">\n<p data-start=\"638\" data-end=\"663\">Project 2 - Santa Rosalia<\/p>\n<\/li>\n<li data-start=\"664\" data-end=\"691\">\n<p data-start=\"666\" data-end=\"691\">Project 3 - Villamartin<\/p>\n<\/li>\n<li data-start=\"664\" data-end=\"691\">\n<p data-start=\"666\" data-end=\"691\">Project 4 - Los Dolses<\/p>\n<\/li>\n<li data-start=\"664\" data-end=\"691\">\n<p data-start=\"666\" data-end=\"691\">Project 5- Lomas de Cabo Roigz<\/p>\n<h3 data-start=\"147\" data-end=\"206\">Project: Villamartin - New villa, turnkey interior<\/h3>\n<p data-start=\"208\" data-end=\"336\"><strong data-start=\"208\" data-end=\"229\">The customer's wishes:<\/strong><br data-start=\"229\" data-end=\"232\" \/>The client had a new build with 3 bedrooms, kitchen, living room, terrace and roof terrace. The requirements included:<\/p>\n<ul data-start=\"337\" data-end=\"431\">\n<li data-start=\"337\" data-end=\"362\">\n<p data-start=\"339\" data-end=\"362\">Awning for the terrace<\/p>\n<\/li>\n<li data-start=\"363\" data-end=\"409\">\n<p data-start=\"365\" data-end=\"409\">Pergola and large outdoor lounge on the roof terrace<\/p>\n<\/li>\n<li data-start=\"410\" data-end=\"431\">\n<p data-start=\"412\" data-end=\"431\">Site-built outdoor kitchen<\/p>\n<\/li>\n<\/ul>\n<p data-start=\"433\" data-end=\"453\"><strong data-start=\"433\" data-end=\"451\">What we did:<\/strong><\/p>\n<ul data-start=\"454\" data-end=\"682\">\n<li data-start=\"454\" data-end=\"516\">\n<p data-start=\"456\" data-end=\"516\">Selected and delivered furniture and decorations for all rooms.<\/p>\n<\/li>\n<li data-start=\"517\" data-end=\"613\">\n<p data-start=\"519\" data-end=\"613\">Bought all the equipment: household appliances, bed linen, bathroom textiles and kitchen equipment.<\/p>\n<\/li>\n<li data-start=\"614\" data-end=\"682\">\n<p data-start=\"616\" data-end=\"682\">Delivered a complete turnkey home ready to move into.<\/p>\n<\/li>\n<\/ul>\n<p data-start=\"684\" data-end=\"845\"><strong data-start=\"684\" data-end=\"697\">Results:<\/strong><br data-start=\"697\" data-end=\"700\" \/>The villa was fully furnished and equipped according to the client's wishes, with functional and aesthetically pleasing solutions both indoors and outdoors.<\/p>\n<p data-start=\"666\" data-end=\"691\">\u2014\u2014\u2014\u2014\u2014\u2014\u2014\u2014\u2014\u2014\u2014\u2014\u2014\u2014\u2014\u2014\u2014\u2014\u2014\u2014\u2014\u2014\u2014\u2014\u2014\u2014\u2014<\/p>\n<h3>Project: Los Dolses - Renovation of holiday home<\/h3>\n<p data-start=\"234\" data-end=\"433\"><strong data-start=\"234\" data-end=\"255\">The customer's wishes:<\/strong><br data-start=\"255\" data-end=\"258\" \/>The client wanted to renew his home with new furniture, but wanted to keep the dining area with its sideboard and mirror in the dining area. The focus was on light colours and natural wood materials.<\/p>\n<p data-start=\"435\" data-end=\"455\"><strong data-start=\"435\" data-end=\"453\">What we did:<\/strong><\/p>\n<ul data-start=\"456\" data-end=\"892\">\n<li data-start=\"456\" data-end=\"529\">\n<p data-start=\"458\" data-end=\"529\">Refreshed the existing dining chairs with new padding and upholstery.<\/p>\n<\/li>\n<li data-start=\"530\" data-end=\"607\">\n<p data-start=\"532\" data-end=\"607\">Selected furniture for both indoor and outdoor environments within the client's budget.<\/p>\n<\/li>\n<li data-start=\"608\" data-end=\"683\">\n<p data-start=\"610\" data-end=\"683\">Ordered customised curtains for the living room for a curved wall.<\/p>\n<\/li>\n<li data-start=\"684\" data-end=\"735\">\n<p data-start=\"686\" data-end=\"735\">Replaced the old, broken awning with a new one.<\/p>\n<\/li>\n<li data-start=\"736\" data-end=\"892\">\n<p data-start=\"738\" data-end=\"892\">Managed the entire process from order to delivery and assembly<\/p>\n<\/li>\n<\/ul>\n<p data-start=\"894\" data-end=\"1070\"><strong data-start=\"894\" data-end=\"907\">Results:<\/strong><br data-start=\"907\" data-end=\"910\" \/>The home was given a modern and brighter look with functional and aesthetically pleasing furniture, both indoors and outdoors, ready to be enjoyed during the holidays.<\/p>\n<p>\u2014\u2014\u2014\u2014\u2014\u2014\u2014\u2014\u2014\u2014\u2014\u2014\u2014\u2014\u2014\u2014\u2014\u2014\u2014\u2014\u2014\u2014\u2014\u2014\u2014\u2014\u2014\u2014\u2013<\/p>\n<h3 data-start=\"137\" data-end=\"211\">Project: Santa Rosalia - Holiday home with a focus on function and style<\/h3>\n<p data-start=\"213\" data-end=\"346\"><strong data-start=\"213\" data-end=\"234\">The customer's wishes:<\/strong><br data-start=\"234\" data-end=\"237\" \/>The property had 4 bedrooms, living room, kitchen, living room in the basement, balcony, terrace and roof terrace. The wishes included:<\/p>\n<ul data-start=\"347\" data-end=\"580\">\n<li data-start=\"347\" data-end=\"371\">\n<p data-start=\"349\" data-end=\"371\">Stylish, contemporary style<\/p>\n<\/li>\n<li data-start=\"372\" data-end=\"432\">\n<p data-start=\"374\" data-end=\"432\">Many sleeping places in the basement to accommodate many guests<\/p>\n<\/li>\n<li data-start=\"433\" data-end=\"454\">\n<p data-start=\"435\" data-end=\"454\">Play corner for children<\/p>\n<\/li>\n<li>Cement dining table on the terrace<\/li>\n<li data-start=\"455\" data-end=\"495\">\n<p data-start=\"457\" data-end=\"495\">Aluminium roof terrace dining area<\/p>\n<\/li>\n<li data-start=\"496\" data-end=\"580\">\n<p data-start=\"498\" data-end=\"580\">Artificial plants inside and outside given that the residence is a holiday home<\/p>\n<\/li>\n<\/ul>\n<p data-start=\"582\" data-end=\"602\"><strong data-start=\"582\" data-end=\"600\">What we did:<\/strong><\/p>\n<ul data-start=\"603\" data-end=\"909\">\n<li data-start=\"603\" data-end=\"665\">\n<p data-start=\"605\" data-end=\"665\">Selected and delivered furniture and fittings for all rooms.<\/p>\n<\/li>\n<li data-start=\"666\" data-end=\"762\">\n<p data-start=\"668\" data-end=\"762\">Handled all orders, received deliveries and made sure everything was assembled on site.<\/p>\n<\/li>\n<li data-start=\"763\" data-end=\"812\">\n<p data-start=\"765\" data-end=\"812\">Order customised curtains for all rooms.<\/p>\n<\/li>\n<li data-start=\"813\" data-end=\"909\">\n<p data-start=\"815\" data-end=\"909\">Bought all the equipment: household appliances, bed linen, bathroom textiles and kitchen equipment.<\/p>\n<\/li>\n<\/ul>\n<p data-start=\"911\" data-end=\"1087\"><strong data-start=\"911\" data-end=\"924\">Results:<\/strong><br data-start=\"924\" data-end=\"927\" \/>The home was fully furnished and equipped according to the client's wishes, with functional solutions for both children and adults, ready for holidays and guests all year round.<\/p>\n<\/li>\n<\/ul>\n<p>&nbsp;<\/p>\n<h3 data-start=\"138\" data-end=\"197\">Project: La Mata - Renovated apartment with smart interior design<\/h3>\n<p data-start=\"199\" data-end=\"312\"><strong data-start=\"199\" data-end=\"220\">The customer's wishes:<\/strong><br data-start=\"220\" data-end=\"223\" \/>The apartment had 2 bedrooms, kitchen, living room and glazed terrace. The wishes included:<\/p>\n<ul data-start=\"313\" data-end=\"509\">\n<li data-start=\"313\" data-end=\"354\">\n<p data-start=\"315\" data-end=\"354\">Warm light lamps with dimming function<\/p>\n<\/li>\n<li data-start=\"355\" data-end=\"406\">\n<p data-start=\"357\" data-end=\"406\">More storage options in the small bedroom<\/p>\n<\/li>\n<li data-start=\"407\" data-end=\"509\">\n<p data-start=\"409\" data-end=\"509\">Dining table for 6 on the glazed terrace, with storage and a cosy corner for 2 people<\/p>\n<\/li>\n<\/ul>\n<p data-start=\"511\" data-end=\"531\"><strong data-start=\"511\" data-end=\"529\">What we did:<\/strong><\/p>\n<ul data-start=\"532\" data-end=\"741\">\n<li data-start=\"532\" data-end=\"589\">\n<p data-start=\"534\" data-end=\"589\">Selected furniture and fittings in the customer's preferred style.<\/p>\n<\/li>\n<li data-start=\"590\" data-end=\"650\">\n<p data-start=\"592\" data-end=\"650\">Organised solutions for storage and functionality in all rooms.<\/p>\n<\/li>\n<li data-start=\"651\" data-end=\"741\">\n<p data-start=\"653\" data-end=\"741\">Ensured that all furniture was delivered and placed on site, ready for use.<\/p>\n<\/li>\n<\/ul>\n<p data-start=\"743\" data-end=\"897\"><strong data-start=\"743\" data-end=\"756\">Results:<\/strong><br data-start=\"756\" data-end=\"759\" \/>The apartment was given a complete and harmonious interior design, with smart storage solutions and cosy areas for both everyday life and company.<\/p>\n<p data-start=\"743\" data-end=\"897\">\u2014\u2014\u2014\u2014\u2014\u2014\u2014\u2014\u2014\u2014\u2014\u2014\u2014\u2014\u2014\u2014\u2014\u2014\u2014\u2014\u2014\u2014\u2014\u2014\u2014\u2014\u2014\u2014\u2014\u2014\u2014\u2014\u2014\u2014<\/p>\n<p>&nbsp;<\/p>\n<p data-start=\"700\" data-end=\"724\">On each page you put:<\/p>\n<ul data-start=\"726\" data-end=\"771\">\n<li data-start=\"726\" data-end=\"736\">\n<p data-start=\"728\" data-end=\"736\">heading<\/p>\n<\/li>\n<li data-start=\"737\" data-end=\"747\">\n<p data-start=\"739\" data-end=\"747\">images<\/p>\n<\/li>\n<li data-start=\"748\" data-end=\"756\">\n<p data-start=\"750\" data-end=\"756\">text<\/p>\n<\/li>\n<li data-start=\"757\" data-end=\"771\">\n<p data-start=\"759\" data-end=\"771\">contact button<\/p>\n<h3 data-start=\"747\" data-end=\"760\"><\/h3>\n<hr data-start=\"867\" data-end=\"870\" \/>\n<h3 data-start=\"872\" data-end=\"895\">b) Short description<\/h3>\n<p data-start=\"897\" data-end=\"910\">Always write:<\/p>\n<ul data-start=\"912\" data-end=\"980\">\n<li data-start=\"912\" data-end=\"930\">\n<p data-start=\"914\" data-end=\"930\">Who the customer was<\/p>\n<\/li>\n<li data-start=\"931\" data-end=\"949\">\n<p data-start=\"933\" data-end=\"949\">What they needed<\/p>\n<\/li>\n<li data-start=\"950\" data-end=\"967\">\n<p data-start=\"952\" data-end=\"967\">What you did<\/p>\n<\/li>\n<li data-start=\"968\" data-end=\"980\">\n<p data-start=\"970\" data-end=\"980\">The result<\/p>\n<h1 data-start=\"947\" data-end=\"980\">STEP 3 - Template for each project<\/h1>\n<p data-start=\"982\" data-end=\"1029\">Use exactly the same structure for all 5 projects.<\/p>\n<p data-start=\"1031\" data-end=\"1064\">Feel free to copy this template directly:<\/p>\n<hr data-start=\"1066\" data-end=\"1069\" \/>\n<h3 data-start=\"1071\" data-end=\"1091\">Top of the page:<\/h3>\n<p data-start=\"1093\" data-end=\"1104\"><strong data-start=\"1093\" data-end=\"1104\">Category:<\/strong><\/p>\n<p data-start=\"1106\" data-end=\"1114\">Example:<\/p>\n<blockquote data-start=\"1116\" data-end=\"1166\">\n<p data-start=\"1118\" data-end=\"1166\">\u201cTurnkey interior design - apartment in Torrevieja\u201d<\/p>\n<\/blockquote>\n<hr data-start=\"1168\" data-end=\"1171\" \/>\n<h3 data-start=\"1173\" data-end=\"1199\">Directly under the heading:<\/h3>\n<p data-start=\"1201\" data-end=\"1233\">Short summary (3-4 lines):<\/p>\n<ul data-start=\"1235\" data-end=\"1301\">\n<li data-start=\"1235\" data-end=\"1252\">\n<p data-start=\"1237\" data-end=\"1252\">Type of dwelling<\/p>\n<\/li>\n<li data-start=\"1253\" data-end=\"1262\">\n<p data-start=\"1255\" data-end=\"1262\">Location<\/p>\n<\/li>\n<li data-start=\"1263\" data-end=\"1285\">\n<p data-start=\"1265\" data-end=\"1285\">What the customer needed<\/p>\n<\/li>\n<li data-start=\"1286\" data-end=\"1301\">\n<p data-start=\"1288\" data-end=\"1301\">What you did<\/p>\n<\/li>\n<\/ul>\n<hr data-start=\"1303\" data-end=\"1306\" \/>\n<h3 data-start=\"1308\" data-end=\"1318\">Sedan:<\/h3>\n<h2 data-start=\"1320\" data-end=\"1334\">BEFORE pictures<\/h2>\n<p data-start=\"1336\" data-end=\"1352\">At least 2-3 pictures<\/p>\n<p data-start=\"1354\" data-end=\"1361\">Category:<\/p>\n<p data-start=\"1363\" data-end=\"1396\"><strong data-start=\"1363\" data-end=\"1396\">\u201cThis is what the house looked like before\u201d<\/strong><\/p>\n<hr data-start=\"1398\" data-end=\"1401\" \/>\n<h2 data-start=\"1403\" data-end=\"1418\">AFTER pictures<\/h2>\n<p data-start=\"1420\" data-end=\"1430\">5-8 images<\/p>\n<p data-start=\"1432\" data-end=\"1439\">Category:<\/p>\n<p data-start=\"1441\" data-end=\"1475\"><strong data-start=\"1441\" data-end=\"1475\">\u201cThe result of our work\u201d<\/strong><\/p>\n<hr data-start=\"1477\" data-end=\"1480\" \/>\n<h3 data-start=\"1482\" data-end=\"1496\">Text block:<\/h3>\n<p data-start=\"1498\" data-end=\"1514\">Description as:<\/p>\n<ul data-start=\"1516\" data-end=\"1574\">\n<li data-start=\"1516\" data-end=\"1537\">\n<p data-start=\"1518\" data-end=\"1537\">the customer's situation<\/p>\n<\/li>\n<li data-start=\"1538\" data-end=\"1551\">\n<p data-start=\"1540\" data-end=\"1551\">processes<\/p>\n<\/li>\n<li data-start=\"1552\" data-end=\"1574\">\n<p data-start=\"1554\" data-end=\"1574\">how long it took<\/p>\n<\/li>\n<\/ul>\n<hr data-start=\"1576\" data-end=\"1579\" \/>\n<h3 data-start=\"1581\" data-end=\"1606\">Customer quote (if you have)<\/h3>\n<blockquote data-start=\"1608\" data-end=\"1672\">\n<p data-start=\"1610\" data-end=\"1672\">\u201cWe came down to a fully finished home - amazingly smooth!\u201d<\/p>\n<\/blockquote>\n<hr data-start=\"1674\" data-end=\"1677\" \/>\n<h3 data-start=\"1679\" data-end=\"1702\">Always end with:<\/h3>\n<p data-start=\"1704\" data-end=\"1720\">A clear button:<\/p>\n<p data-start=\"1722\" data-end=\"1768\">\ud83d\udc49 <strong data-start=\"1725\" data-end=\"1768\">\u201cContact us for help with your property\u201d<\/strong><\/p>\n<p data-start=\"1770\" data-end=\"1802\">Linked to your contact form<\/p>\n<\/li>\n<\/ul>\n<\/li>\n<\/ul>","protected":false},"excerpt":{"rendered":"<p>B\u00f6rja med att skapa 5 vanliga sidor i WordPress: Exempel: Projekt 1 \u2013 Torrevieja Projekt 2 \u2013 Santa Rosalia Projekt 3 \u2013 Villamartin Projekt 4 &#8211; Los Dolses Projekt 5- Lomas de Cabo Roigz Projekt: Villamartin \u2013 Ny villa, nyckelf\u00e4rdig inredning Kundens \u00f6nskem\u00e5l:Kunden hade ett nybygge med 3 sovrum, k\u00f6k, vardagsrum, terrass och takterrass. \u00d6nskem\u00e5len [&hellip;]<\/p>\n","protected":false},"author":1,"featured_media":0,"parent":72,"menu_order":0,"comment_status":"closed","ping_status":"closed","template":"","meta":{"_acf_changed":false,"footnotes":""},"tags":[],"acf":[],"yoast_head":"<!-- This site is optimized with the Yoast SEO plugin v19.1 - https:\/\/yoast.com\/wordpress\/plugins\/seo\/ -->\n<title>Portfolio | Svea Home<\/title>\n<meta name=\"robots\" content=\"index, follow, max-snippet:-1, max-image-preview:large, max-video-preview:-1\" \/>\n<link rel=\"canonical\" href=\"https:\/\/www.sveahome.com\/en\/furnishing-company\/portfolio\/\" \/>\n<meta property=\"og:locale\" content=\"en_GB\" \/>\n<meta property=\"og:type\" content=\"article\" \/>\n<meta property=\"og:title\" content=\"Portfolio | Svea Home\" \/>\n<meta property=\"og:description\" content=\"B\u00f6rja med att skapa 5 vanliga sidor i WordPress: Exempel: Projekt 1 \u2013 Torrevieja Projekt 2 \u2013 Santa Rosalia Projekt 3 \u2013 Villamartin Projekt 4 &#8211; Los Dolses Projekt 5- Lomas de Cabo Roigz Projekt: Villamartin \u2013 Ny villa, nyckelf\u00e4rdig inredning Kundens \u00f6nskem\u00e5l:Kunden hade ett nybygge med 3 sovrum, k\u00f6k, vardagsrum, terrass och takterrass. \u00d6nskem\u00e5len [&hellip;]\" \/>\n<meta property=\"og:url\" content=\"https:\/\/www.sveahome.com\/en\/furnishing-company\/portfolio\/\" \/>\n<meta property=\"og:site_name\" content=\"Svea Home\" \/>\n<meta property=\"article:publisher\" content=\"https:\/\/www.facebook.com\/people\/Svea-Home\/100078707354829\/\" \/>\n<meta name=\"twitter:card\" content=\"summary_large_image\" \/>\n<meta name=\"twitter:label1\" content=\"Estimated reading time\" \/>\n\t<meta name=\"twitter:data1\" content=\"4 minutes\" \/>\n<script type=\"application\/ld+json\" class=\"yoast-schema-graph\">{\"@context\":\"https:\/\/schema.org\",\"@graph\":[{\"@type\":\"Organization\",\"@id\":\"https:\/\/www.sveahome.com\/#organization\",\"name\":\"Svea Home\",\"url\":\"https:\/\/www.sveahome.com\/\",\"sameAs\":[\"https:\/\/www.instagram.com\/svea.home\/\",\"https:\/\/www.facebook.com\/people\/Svea-Home\/100078707354829\/\"],\"logo\":{\"@type\":\"ImageObject\",\"inLanguage\":\"en-GB\",\"@id\":\"https:\/\/www.sveahome.com\/#\/schema\/logo\/image\/\",\"url\":\"https:\/\/www.sveahome.com\/wp-content\/uploads\/2022\/02\/SveaHome.jpg\",\"contentUrl\":\"https:\/\/www.sveahome.com\/wp-content\/uploads\/2022\/02\/SveaHome.jpg\",\"width\":239,\"height\":47,\"caption\":\"Svea Home\"},\"image\":{\"@id\":\"https:\/\/www.sveahome.com\/#\/schema\/logo\/image\/\"}},{\"@type\":\"WebSite\",\"@id\":\"https:\/\/www.sveahome.com\/#website\",\"url\":\"https:\/\/www.sveahome.com\/\",\"name\":\"Svea Home\",\"description\":\"\",\"publisher\":{\"@id\":\"https:\/\/www.sveahome.com\/#organization\"},\"potentialAction\":[{\"@type\":\"SearchAction\",\"target\":{\"@type\":\"EntryPoint\",\"urlTemplate\":\"https:\/\/www.sveahome.com\/?s={search_term_string}\"},\"query-input\":\"required name=search_term_string\"}],\"inLanguage\":\"en-GB\"},{\"@type\":\"WebPage\",\"@id\":\"https:\/\/www.sveahome.com\/inredningsforetag\/portfolio\/#webpage\",\"url\":\"https:\/\/www.sveahome.com\/inredningsforetag\/portfolio\/\",\"name\":\"Portfolio | Svea Home\",\"isPartOf\":{\"@id\":\"https:\/\/www.sveahome.com\/#website\"},\"datePublished\":\"2026-03-23T08:51:56+00:00\",\"dateModified\":\"2026-03-23T08:51:56+00:00\",\"breadcrumb\":{\"@id\":\"https:\/\/www.sveahome.com\/inredningsforetag\/portfolio\/#breadcrumb\"},\"inLanguage\":\"en-GB\",\"potentialAction\":[{\"@type\":\"ReadAction\",\"target\":[\"https:\/\/www.sveahome.com\/inredningsforetag\/portfolio\/\"]}]},{\"@type\":\"BreadcrumbList\",\"@id\":\"https:\/\/www.sveahome.com\/inredningsforetag\/portfolio\/#breadcrumb\",\"itemListElement\":[{\"@type\":\"ListItem\",\"position\":1,\"name\":\"Home\",\"item\":\"https:\/\/www.sveahome.com\/\"},{\"@type\":\"ListItem\",\"position\":2,\"name\":\"Inredningsf\u00f6retag i Torrevieja\",\"item\":\"https:\/\/www.sveahome.com\/inredningsforetag\/\"},{\"@type\":\"ListItem\",\"position\":3,\"name\":\"Portfolio\"}]}]}<\/script>\n<!-- \/ Yoast SEO plugin. -->","yoast_head_json":{"title":"Portfolio | Svea Home","robots":{"index":"index","follow":"follow","max-snippet":"max-snippet:-1","max-image-preview":"max-image-preview:large","max-video-preview":"max-video-preview:-1"},"canonical":"https:\/\/www.sveahome.com\/en\/furnishing-company\/portfolio\/","og_locale":"en_GB","og_type":"article","og_title":"Portfolio | Svea Home","og_description":"B\u00f6rja med att skapa 5 vanliga sidor i WordPress: Exempel: Projekt 1 \u2013 Torrevieja Projekt 2 \u2013 Santa Rosalia Projekt 3 \u2013 Villamartin Projekt 4 &#8211; Los Dolses Projekt 5- Lomas de Cabo Roigz Projekt: Villamartin \u2013 Ny villa, nyckelf\u00e4rdig inredning Kundens \u00f6nskem\u00e5l:Kunden hade ett nybygge med 3 sovrum, k\u00f6k, vardagsrum, terrass och takterrass. \u00d6nskem\u00e5len [&hellip;]","og_url":"https:\/\/www.sveahome.com\/en\/furnishing-company\/portfolio\/","og_site_name":"Svea Home","article_publisher":"https:\/\/www.facebook.com\/people\/Svea-Home\/100078707354829\/","twitter_card":"summary_large_image","twitter_misc":{"Estimated reading time":"4 minutes"},"schema":{"@context":"https:\/\/schema.org","@graph":[{"@type":"Organization","@id":"https:\/\/www.sveahome.com\/#organization","name":"Svea Home","url":"https:\/\/www.sveahome.com\/","sameAs":["https:\/\/www.instagram.com\/svea.home\/","https:\/\/www.facebook.com\/people\/Svea-Home\/100078707354829\/"],"logo":{"@type":"ImageObject","inLanguage":"en-GB","@id":"https:\/\/www.sveahome.com\/#\/schema\/logo\/image\/","url":"https:\/\/www.sveahome.com\/wp-content\/uploads\/2022\/02\/SveaHome.jpg","contentUrl":"https:\/\/www.sveahome.com\/wp-content\/uploads\/2022\/02\/SveaHome.jpg","width":239,"height":47,"caption":"Svea Home"},"image":{"@id":"https:\/\/www.sveahome.com\/#\/schema\/logo\/image\/"}},{"@type":"WebSite","@id":"https:\/\/www.sveahome.com\/#website","url":"https:\/\/www.sveahome.com\/","name":"Svea Home","description":"","publisher":{"@id":"https:\/\/www.sveahome.com\/#organization"},"potentialAction":[{"@type":"SearchAction","target":{"@type":"EntryPoint","urlTemplate":"https:\/\/www.sveahome.com\/?s={search_term_string}"},"query-input":"required name=search_term_string"}],"inLanguage":"en-GB"},{"@type":"WebPage","@id":"https:\/\/www.sveahome.com\/inredningsforetag\/portfolio\/#webpage","url":"https:\/\/www.sveahome.com\/inredningsforetag\/portfolio\/","name":"Portfolio | Svea Home","isPartOf":{"@id":"https:\/\/www.sveahome.com\/#website"},"datePublished":"2026-03-23T08:51:56+00:00","dateModified":"2026-03-23T08:51:56+00:00","breadcrumb":{"@id":"https:\/\/www.sveahome.com\/inredningsforetag\/portfolio\/#breadcrumb"},"inLanguage":"en-GB","potentialAction":[{"@type":"ReadAction","target":["https:\/\/www.sveahome.com\/inredningsforetag\/portfolio\/"]}]},{"@type":"BreadcrumbList","@id":"https:\/\/www.sveahome.com\/inredningsforetag\/portfolio\/#breadcrumb","itemListElement":[{"@type":"ListItem","position":1,"name":"Home","item":"https:\/\/www.sveahome.com\/"},{"@type":"ListItem","position":2,"name":"Inredningsf\u00f6retag i Torrevieja","item":"https:\/\/www.sveahome.com\/inredningsforetag\/"},{"@type":"ListItem","position":3,"name":"Portfolio"}]}]}},"_links":{"self":[{"href":"https:\/\/www.sveahome.com\/en\/wp-json\/wp\/v2\/pages\/893"}],"collection":[{"href":"https:\/\/www.sveahome.com\/en\/wp-json\/wp\/v2\/pages"}],"about":[{"href":"https:\/\/www.sveahome.com\/en\/wp-json\/wp\/v2\/types\/page"}],"author":[{"embeddable":true,"href":"https:\/\/www.sveahome.com\/en\/wp-json\/wp\/v2\/users\/1"}],"replies":[{"embeddable":true,"href":"https:\/\/www.sveahome.com\/en\/wp-json\/wp\/v2\/comments?post=893"}],"version-history":[{"count":3,"href":"https:\/\/www.sveahome.com\/en\/wp-json\/wp\/v2\/pages\/893\/revisions"}],"predecessor-version":[{"id":1047,"href":"https:\/\/www.sveahome.com\/en\/wp-json\/wp\/v2\/pages\/893\/revisions\/1047"}],"up":[{"embeddable":true,"href":"https:\/\/www.sveahome.com\/en\/wp-json\/wp\/v2\/pages\/72"}],"wp:attachment":[{"href":"https:\/\/www.sveahome.com\/en\/wp-json\/wp\/v2\/media?parent=893"}],"wp:term":[{"taxonomy":"post_tag","embeddable":true,"href":"https:\/\/www.sveahome.com\/en\/wp-json\/wp\/v2\/tags?post=893"}],"curies":[{"name":"wp","href":"https:\/\/api.w.org\/{rel}","templated":true}]}}