{"id":867,"date":"2026-02-04T15:13:47","date_gmt":"2026-02-04T14:13:47","guid":{"rendered":"https:\/\/www.sveahome.com\/?page_id=867"},"modified":"2026-03-23T09:47:09","modified_gmt":"2026-03-23T08:47:09","slug":"faites-votre-propre-liste-de-courses","status":"publish","type":"page","link":"https:\/\/www.sveahome.com\/fr\/torrevieja\/gor-din-egen-shoppinglista\/","title":{"rendered":"Faites votre propre liste de courses"},"content":{"rendered":"<h3><b>Service de base - Commande et coordination<\/b><\/h3>\n<p><b>De 200 \u00e0 300 euros<\/b><b><br \/>\n<\/b><span style=\"font-weight: 400;\"> Nous recevons votre liste de courses, passons les commandes pour vous et assurons la liaison avec les magasins.<\/span><span style=\"font-weight: 400;\"><br \/>\n<\/span><span style=\"font-weight: 400;\"> Une fois que tout est command\u00e9, nous veillons \u00e0 ce que les livraisons soient coordonn\u00e9es de la mani\u00e8re la plus harmonieuse possible.<\/span><\/p>\n<h3><b>Options - choisissez celle qui vous convient<\/b><\/h3>\n<p><b>Transport et livraison<\/b><span style=\"font-weight: 400;\"> - de 50 \u00e0 100<\/span><span style=\"font-weight: 400;\"><br \/>\n<\/span>Nous coordonnons les livraisons \u00e0 votre domicile de la mani\u00e8re la plus harmonieuse possible.<br data-start=\"1375\" data-end=\"1378\" \/>Les fournisseurs livrant souvent \u00e0 des moments diff\u00e9rents, des envois multiples peuvent parfois \u00eatre n\u00e9cessaires, mais nous faisons toujours de notre mieux pour planifier efficacement et vous tenir au courant.<\/p>\n<p><b>R\u00e9ception et inspection des marchandises<\/b><span style=\"font-weight: 400;\"> - \u00e0 partir de 30 euros<\/span><span style=\"font-weight: 400;\"><br \/>\n<\/span>Nous r\u00e9ceptionnons les livraisons, v\u00e9rifions les marchandises et signalons tout article manquant ou endommag\u00e9.<br data-start=\"1708\" data-end=\"1711\" \/>Vous n'avez pas \u00e0 vous inqui\u00e9ter d'un \u00e9ventuel probl\u00e8me pendant votre absence.<\/p>\n<p><b>Stockage<\/b><span style=\"font-weight: 400;\"> - \u00e0 partir de 25 \u20ac par semaine<\/span><span style=\"font-weight: 400;\"><br \/>\n<\/span>Nous pouvons accepter et stocker temporairement des objets plus petits, tels que des lampes, des textiles ou des d\u00e9corations.<br data-start=\"768\" data-end=\"771\" \/>Les meubles plus volumineux sont livr\u00e9s directement au domicile.<br data-start=\"818\" data-end=\"821\" \/>Si vous n'\u00eates pas sur place, nous serons heureux de vous aider \u00e0 coordonner les livraisons afin que tout arrive en douceur et en toute s\u00e9curit\u00e9.<\/p>\n<p><b>Assembl\u00e9e<\/b><span style=\"font-weight: 400;\"> - 25\u20ac par heure<\/span><span style=\"font-weight: 400;\"><br \/>\n<\/span>Nous assemblons les meubles et les pla\u00e7ons l\u00e0 o\u00f9 ils doivent \u00eatre.<br data-start=\"2079\" data-end=\"2082\" \/>Des prix fixes peuvent \u00eatre propos\u00e9s pour certains meubles (chaises, tables, lits, etc.).<br data-start=\"2150\" data-end=\"2153\" \/>Nous pouvons m\u00eame l'assembler avant votre arriv\u00e9e, afin que tout soit pr\u00eat \u00e0 votre arriv\u00e9e.<\/p>\n<p><b>Gestion des d\u00e9chets<\/b><span style=\"font-weight: 400;\"> - \u00e0 partir de 30 euros<\/span><span style=\"font-weight: 400;\"><br \/>\n<\/span>Nous nous occupons de tous les emballages et les envoyons au recyclage.<br data-start=\"2341\" data-end=\"2344\" \/>Propre, bien rang\u00e9 et pr\u00eat \u00e0 emm\u00e9nager.<\/p>\n<p><b>Finition stylistique<\/b><span style=\"font-weight: 400;\"> - \u00e0 partir de 80 \u20ac par chambre<\/span><span style=\"font-weight: 400;\"><br \/>\nUne fois que tout est en place, nous veillons \u00e0 ce que votre maison soit finie et accueillante.<br data-start=\"2500\" data-end=\"2503\" \/>Nous pla\u00e7ons les meubles, accrochons les rideaux et les tableaux, et donnons du style aux textiles et aux d\u00e9corations.<br data-start=\"2594\" data-end=\"2597\" \/>Id\u00e9al si vous souhaitez que votre maison de vacances soit compl\u00e8tement pr\u00eate lorsque vous arrivez.<\/span><\/p>\n<p>Tous les prix sont des prix de d\u00e9part. Vous recevrez toujours un devis clair apr\u00e8s que nous ayons examin\u00e9 votre projet et vos exigences.<\/p>","protected":false},"excerpt":{"rendered":"<p>Grundtj\u00e4nst \u2013 Best\u00e4llning &amp; samordning Fr\u00e5n 200\u2013300 \u20ac Vi tar emot din shoppinglista, l\u00e4gger best\u00e4llningarna \u00e5t dig och h\u00e5ller kontakt med butikerna. N\u00e4r allt \u00e4r best\u00e4llt ser vi till att leveranserna samordnas s\u00e5 smidigt som m\u00f6jligt. Tillval \u2013 v\u00e4lj det som passar dig Transport &amp; leverans \u2013 fr\u00e5n 50\u2013100 \u20ac Vi samordnar leveranserna till ditt [&hellip;]<\/p>\n","protected":false},"author":1,"featured_media":871,"parent":76,"menu_order":10,"comment_status":"closed","ping_status":"closed","template":"","meta":{"_acf_changed":false,"footnotes":""},"tags":[],"acf":[],"yoast_head":"<!-- This site is optimized with the Yoast SEO plugin v19.1 - https:\/\/yoast.com\/wordpress\/plugins\/seo\/ -->\n<title>G\u00f6r din egen shoppinglista | Svea Home<\/title>\n<meta name=\"robots\" content=\"index, follow, max-snippet:-1, max-image-preview:large, max-video-preview:-1\" \/>\n<link rel=\"canonical\" href=\"https:\/\/www.sveahome.com\/fr\/torrevieja\/faites-votre-propre-liste-de-courses\/\" \/>\n<meta property=\"og:locale\" content=\"fr_FR\" \/>\n<meta property=\"og:type\" content=\"article\" \/>\n<meta property=\"og:title\" content=\"G\u00f6r din egen shoppinglista | Svea Home\" \/>\n<meta property=\"og:description\" content=\"Grundtj\u00e4nst \u2013 Best\u00e4llning &amp; samordning Fr\u00e5n 200\u2013300 \u20ac Vi tar emot din shoppinglista, l\u00e4gger best\u00e4llningarna \u00e5t dig och h\u00e5ller kontakt med butikerna. N\u00e4r allt \u00e4r best\u00e4llt ser vi till att leveranserna samordnas s\u00e5 smidigt som m\u00f6jligt. Tillval \u2013 v\u00e4lj det som passar dig Transport &amp; leverans \u2013 fr\u00e5n 50\u2013100 \u20ac Vi samordnar leveranserna till ditt [&hellip;]\" \/>\n<meta property=\"og:url\" content=\"https:\/\/www.sveahome.com\/fr\/torrevieja\/faites-votre-propre-liste-de-courses\/\" \/>\n<meta property=\"og:site_name\" content=\"Svea Home\" \/>\n<meta property=\"article:publisher\" content=\"https:\/\/www.facebook.com\/people\/Svea-Home\/100078707354829\/\" \/>\n<meta property=\"article:modified_time\" content=\"2026-03-23T08:47:09+00:00\" \/>\n<meta property=\"og:image\" content=\"https:\/\/www.sveahome.com\/wp-content\/uploads\/2025\/11\/shoppinglist.jpg\" \/>\n\t<meta property=\"og:image:width\" content=\"897\" \/>\n\t<meta property=\"og:image:height\" content=\"613\" \/>\n\t<meta property=\"og:image:type\" content=\"image\/jpeg\" \/>\n<meta name=\"twitter:card\" content=\"summary_large_image\" \/>\n<meta name=\"twitter:label1\" content=\"Dur\u00e9e de lecture estim\u00e9e\" \/>\n\t<meta name=\"twitter:data1\" content=\"2 minutes\" \/>\n<script type=\"application\/ld+json\" class=\"yoast-schema-graph\">{\"@context\":\"https:\/\/schema.org\",\"@graph\":[{\"@type\":\"Organization\",\"@id\":\"https:\/\/www.sveahome.com\/#organization\",\"name\":\"Svea Home\",\"url\":\"https:\/\/www.sveahome.com\/\",\"sameAs\":[\"https:\/\/www.instagram.com\/svea.home\/\",\"https:\/\/www.facebook.com\/people\/Svea-Home\/100078707354829\/\"],\"logo\":{\"@type\":\"ImageObject\",\"inLanguage\":\"fr-FR\",\"@id\":\"https:\/\/www.sveahome.com\/#\/schema\/logo\/image\/\",\"url\":\"https:\/\/www.sveahome.com\/wp-content\/uploads\/2022\/02\/SveaHome.jpg\",\"contentUrl\":\"https:\/\/www.sveahome.com\/wp-content\/uploads\/2022\/02\/SveaHome.jpg\",\"width\":239,\"height\":47,\"caption\":\"Svea Home\"},\"image\":{\"@id\":\"https:\/\/www.sveahome.com\/#\/schema\/logo\/image\/\"}},{\"@type\":\"WebSite\",\"@id\":\"https:\/\/www.sveahome.com\/#website\",\"url\":\"https:\/\/www.sveahome.com\/\",\"name\":\"Svea Home\",\"description\":\"\",\"publisher\":{\"@id\":\"https:\/\/www.sveahome.com\/#organization\"},\"potentialAction\":[{\"@type\":\"SearchAction\",\"target\":{\"@type\":\"EntryPoint\",\"urlTemplate\":\"https:\/\/www.sveahome.com\/?s={search_term_string}\"},\"query-input\":\"required name=search_term_string\"}],\"inLanguage\":\"fr-FR\"},{\"@type\":\"ImageObject\",\"inLanguage\":\"fr-FR\",\"@id\":\"https:\/\/www.sveahome.com\/torrevieja\/gor-din-egen-shoppinglista\/#primaryimage\",\"url\":\"https:\/\/www.sveahome.com\/wp-content\/uploads\/2025\/11\/shoppinglist.jpg\",\"contentUrl\":\"https:\/\/www.sveahome.com\/wp-content\/uploads\/2025\/11\/shoppinglist.jpg\",\"width\":897,\"height\":613},{\"@type\":\"WebPage\",\"@id\":\"https:\/\/www.sveahome.com\/torrevieja\/gor-din-egen-shoppinglista\/#webpage\",\"url\":\"https:\/\/www.sveahome.com\/torrevieja\/gor-din-egen-shoppinglista\/\",\"name\":\"G\u00f6r din egen shoppinglista | Svea Home\",\"isPartOf\":{\"@id\":\"https:\/\/www.sveahome.com\/#website\"},\"primaryImageOfPage\":{\"@id\":\"https:\/\/www.sveahome.com\/torrevieja\/gor-din-egen-shoppinglista\/#primaryimage\"},\"datePublished\":\"2026-02-04T14:13:47+00:00\",\"dateModified\":\"2026-03-23T08:47:09+00:00\",\"breadcrumb\":{\"@id\":\"https:\/\/www.sveahome.com\/torrevieja\/gor-din-egen-shoppinglista\/#breadcrumb\"},\"inLanguage\":\"fr-FR\",\"potentialAction\":[{\"@type\":\"ReadAction\",\"target\":[\"https:\/\/www.sveahome.com\/torrevieja\/gor-din-egen-shoppinglista\/\"]}]},{\"@type\":\"BreadcrumbList\",\"@id\":\"https:\/\/www.sveahome.com\/torrevieja\/gor-din-egen-shoppinglista\/#breadcrumb\",\"itemListElement\":[{\"@type\":\"ListItem\",\"position\":1,\"name\":\"Home\",\"item\":\"https:\/\/www.sveahome.com\/\"},{\"@type\":\"ListItem\",\"position\":2,\"name\":\"Inredningshj\u00e4lp\",\"item\":\"https:\/\/www.sveahome.com\/torrevieja\/\"},{\"@type\":\"ListItem\",\"position\":3,\"name\":\"G\u00f6r din egen shoppinglista\"}]}]}<\/script>\n<!-- \/ Yoast SEO plugin. -->","yoast_head_json":{"title":"Faites votre propre liste de courses | Svea Home","robots":{"index":"index","follow":"follow","max-snippet":"max-snippet:-1","max-image-preview":"max-image-preview:large","max-video-preview":"max-video-preview:-1"},"canonical":"https:\/\/www.sveahome.com\/fr\/torrevieja\/faites-votre-propre-liste-de-courses\/","og_locale":"fr_FR","og_type":"article","og_title":"G\u00f6r din egen shoppinglista | Svea Home","og_description":"Grundtj\u00e4nst \u2013 Best\u00e4llning &amp; samordning Fr\u00e5n 200\u2013300 \u20ac Vi tar emot din shoppinglista, l\u00e4gger best\u00e4llningarna \u00e5t dig och h\u00e5ller kontakt med butikerna. N\u00e4r allt \u00e4r best\u00e4llt ser vi till att leveranserna samordnas s\u00e5 smidigt som m\u00f6jligt. Tillval \u2013 v\u00e4lj det som passar dig Transport &amp; leverans \u2013 fr\u00e5n 50\u2013100 \u20ac Vi samordnar leveranserna till ditt [&hellip;]","og_url":"https:\/\/www.sveahome.com\/fr\/torrevieja\/faites-votre-propre-liste-de-courses\/","og_site_name":"Svea Home","article_publisher":"https:\/\/www.facebook.com\/people\/Svea-Home\/100078707354829\/","article_modified_time":"2026-03-23T08:47:09+00:00","og_image":[{"width":897,"height":613,"url":"https:\/\/www.sveahome.com\/wp-content\/uploads\/2025\/11\/shoppinglist.jpg","type":"image\/jpeg"}],"twitter_card":"summary_large_image","twitter_misc":{"Dur\u00e9e de lecture estim\u00e9e":"2 minutes"},"schema":{"@context":"https:\/\/schema.org","@graph":[{"@type":"Organization","@id":"https:\/\/www.sveahome.com\/#organization","name":"Accueil Svea","url":"https:\/\/www.sveahome.com\/","sameAs":["https:\/\/www.instagram.com\/svea.home\/","https:\/\/www.facebook.com\/people\/Svea-Home\/100078707354829\/"],"logo":{"@type":"ImageObject","inLanguage":"fr-FR","@id":"https:\/\/www.sveahome.com\/#\/schema\/logo\/image\/","url":"https:\/\/www.sveahome.com\/wp-content\/uploads\/2022\/02\/SveaHome.jpg","contentUrl":"https:\/\/www.sveahome.com\/wp-content\/uploads\/2022\/02\/SveaHome.jpg","width":239,"height":47,"caption":"Svea Home"},"image":{"@id":"https:\/\/www.sveahome.com\/#\/schema\/logo\/image\/"}},{"@type":"WebSite","@id":"https:\/\/www.sveahome.com\/#website","url":"https:\/\/www.sveahome.com\/","name":"Accueil Svea","description":"","publisher":{"@id":"https:\/\/www.sveahome.com\/#organization"},"potentialAction":[{"@type":"SearchAction","target":{"@type":"EntryPoint","urlTemplate":"https:\/\/www.sveahome.com\/?s={search_term_string}"},"query-input":"required name=search_term_string"}],"inLanguage":"fr-FR"},{"@type":"ImageObject","inLanguage":"fr-FR","@id":"https:\/\/www.sveahome.com\/torrevieja\/gor-din-egen-shoppinglista\/#primaryimage","url":"https:\/\/www.sveahome.com\/wp-content\/uploads\/2025\/11\/shoppinglist.jpg","contentUrl":"https:\/\/www.sveahome.com\/wp-content\/uploads\/2025\/11\/shoppinglist.jpg","width":897,"height":613},{"@type":"WebPage","@id":"https:\/\/www.sveahome.com\/torrevieja\/gor-din-egen-shoppinglista\/#webpage","url":"https:\/\/www.sveahome.com\/torrevieja\/gor-din-egen-shoppinglista\/","name":"Faites votre propre liste de courses | Svea Home","isPartOf":{"@id":"https:\/\/www.sveahome.com\/#website"},"primaryImageOfPage":{"@id":"https:\/\/www.sveahome.com\/torrevieja\/gor-din-egen-shoppinglista\/#primaryimage"},"datePublished":"2026-02-04T14:13:47+00:00","dateModified":"2026-03-23T08:47:09+00:00","breadcrumb":{"@id":"https:\/\/www.sveahome.com\/torrevieja\/gor-din-egen-shoppinglista\/#breadcrumb"},"inLanguage":"fr-FR","potentialAction":[{"@type":"ReadAction","target":["https:\/\/www.sveahome.com\/torrevieja\/gor-din-egen-shoppinglista\/"]}]},{"@type":"BreadcrumbList","@id":"https:\/\/www.sveahome.com\/torrevieja\/gor-din-egen-shoppinglista\/#breadcrumb","itemListElement":[{"@type":"ListItem","position":1,"name":"Home","item":"https:\/\/www.sveahome.com\/"},{"@type":"ListItem","position":2,"name":"Inredningshj\u00e4lp","item":"https:\/\/www.sveahome.com\/torrevieja\/"},{"@type":"ListItem","position":3,"name":"G\u00f6r din egen shoppinglista"}]}]}},"_links":{"self":[{"href":"https:\/\/www.sveahome.com\/fr\/wp-json\/wp\/v2\/pages\/867"}],"collection":[{"href":"https:\/\/www.sveahome.com\/fr\/wp-json\/wp\/v2\/pages"}],"about":[{"href":"https:\/\/www.sveahome.com\/fr\/wp-json\/wp\/v2\/types\/page"}],"author":[{"embeddable":true,"href":"https:\/\/www.sveahome.com\/fr\/wp-json\/wp\/v2\/users\/1"}],"replies":[{"embeddable":true,"href":"https:\/\/www.sveahome.com\/fr\/wp-json\/wp\/v2\/comments?post=867"}],"version-history":[{"count":4,"href":"https:\/\/www.sveahome.com\/fr\/wp-json\/wp\/v2\/pages\/867\/revisions"}],"predecessor-version":[{"id":890,"href":"https:\/\/www.sveahome.com\/fr\/wp-json\/wp\/v2\/pages\/867\/revisions\/890"}],"up":[{"embeddable":true,"href":"https:\/\/www.sveahome.com\/fr\/wp-json\/wp\/v2\/pages\/76"}],"wp:featuredmedia":[{"embeddable":true,"href":"https:\/\/www.sveahome.com\/fr\/wp-json\/wp\/v2\/media\/871"}],"wp:attachment":[{"href":"https:\/\/www.sveahome.com\/fr\/wp-json\/wp\/v2\/media?parent=867"}],"wp:term":[{"taxonomy":"post_tag","embeddable":true,"href":"https:\/\/www.sveahome.com\/fr\/wp-json\/wp\/v2\/tags?post=867"}],"curies":[{"name":"wp","href":"https:\/\/api.w.org\/{rel}","templated":true}]}}