{"id":893,"date":"2026-03-23T09:51:56","date_gmt":"2026-03-23T08:51:56","guid":{"rendered":"https:\/\/www.sveahome.com\/?page_id=893"},"modified":"2026-03-23T09:51:56","modified_gmt":"2026-03-23T08:51:56","slug":"portefeuille","status":"publish","type":"page","link":"https:\/\/www.sveahome.com\/fr\/inredningsforetag\/portfolio\/","title":{"rendered":"Le portefeuille"},"content":{"rendered":"<p data-start=\"549\" data-end=\"597\">Commencez par cr\u00e9er 5 pages communes dans WordPress :<\/p>\n<p data-start=\"599\" data-end=\"607\">Exemple :<\/p>\n<ul data-start=\"609\" data-end=\"698\">\n<li data-start=\"609\" data-end=\"635\">\n<p data-start=\"611\" data-end=\"635\">Projet 1 - Torrevieja<\/p>\n<\/li>\n<li data-start=\"636\" data-end=\"663\">\n<p data-start=\"638\" data-end=\"663\">Projet 2 - Santa Rosalia<\/p>\n<\/li>\n<li data-start=\"664\" data-end=\"691\">\n<p data-start=\"666\" data-end=\"691\">Projet 3 - Villamartin<\/p>\n<\/li>\n<li data-start=\"664\" data-end=\"691\">\n<p data-start=\"666\" data-end=\"691\">Projet 4 - Los Dolses<\/p>\n<\/li>\n<li data-start=\"664\" data-end=\"691\">\n<p data-start=\"666\" data-end=\"691\">Projet 5- Lomas de Cabo Roigz<\/p>\n<h3 data-start=\"147\" data-end=\"206\">Projet : Villamartin - Villa neuve, int\u00e9rieur cl\u00e9 en main<\/h3>\n<p data-start=\"208\" data-end=\"336\"><strong data-start=\"208\" data-end=\"229\">Les souhaits du client :<\/strong><br data-start=\"229\" data-end=\"232\" \/>Le client avait une nouvelle construction avec 3 chambres, une cuisine, un salon, une terrasse et une terrasse sur le toit. Les exigences \u00e9taient les suivantes :<\/p>\n<ul data-start=\"337\" data-end=\"431\">\n<li data-start=\"337\" data-end=\"362\">\n<p data-start=\"339\" data-end=\"362\">Auvent pour la terrasse<\/p>\n<\/li>\n<li data-start=\"363\" data-end=\"409\">\n<p data-start=\"365\" data-end=\"409\">Pergola et grand salon ext\u00e9rieur sur la terrasse du toit<\/p>\n<\/li>\n<li data-start=\"410\" data-end=\"431\">\n<p data-start=\"412\" data-end=\"431\">Cuisine ext\u00e9rieure construite sur place<\/p>\n<\/li>\n<\/ul>\n<p data-start=\"433\" data-end=\"453\"><strong data-start=\"433\" data-end=\"451\">Ce que nous avons fait :<\/strong><\/p>\n<ul data-start=\"454\" data-end=\"682\">\n<li data-start=\"454\" data-end=\"516\">\n<p data-start=\"456\" data-end=\"516\">S\u00e9lection et livraison du mobilier et des d\u00e9corations pour toutes les pi\u00e8ces.<\/p>\n<\/li>\n<li data-start=\"517\" data-end=\"613\">\n<p data-start=\"519\" data-end=\"613\">Achat de tout l'\u00e9quipement : appareils \u00e9lectrom\u00e9nagers, linge de lit, textiles de salle de bain et mat\u00e9riel de cuisine.<\/p>\n<\/li>\n<li data-start=\"614\" data-end=\"682\">\n<p data-start=\"616\" data-end=\"682\">La maison est livr\u00e9e cl\u00e9 en main et pr\u00eate \u00e0 \u00eatre emm\u00e9nag\u00e9e.<\/p>\n<\/li>\n<\/ul>\n<p data-start=\"684\" data-end=\"845\"><strong data-start=\"684\" data-end=\"697\">R\u00e9sultats :<\/strong><br data-start=\"697\" data-end=\"700\" \/>La villa a \u00e9t\u00e9 enti\u00e8rement meubl\u00e9e et \u00e9quip\u00e9e selon les souhaits du client, avec des solutions fonctionnelles et esth\u00e9tiques tant \u00e0 l'int\u00e9rieur qu'\u00e0 l'ext\u00e9rieur.<\/p>\n<p data-start=\"666\" data-end=\"691\">\u2014\u2014\u2014\u2014\u2014\u2014\u2014\u2014\u2014\u2014\u2014\u2014\u2014\u2014\u2014\u2014\u2014\u2014\u2014\u2014\u2014\u2014\u2014\u2014\u2014\u2014\u2014<\/p>\n<h3>Projet : Los Dolses - R\u00e9novation d'une maison de vacances<\/h3>\n<p data-start=\"234\" data-end=\"433\"><strong data-start=\"234\" data-end=\"255\">Les souhaits du client :<\/strong><br data-start=\"255\" data-end=\"258\" \/>Le client souhaitait renouveler son int\u00e9rieur avec de nouveaux meubles, tout en conservant la salle \u00e0 manger avec son buffet et son miroir dans la salle \u00e0 manger. L'accent a \u00e9t\u00e9 mis sur les couleurs claires et les mat\u00e9riaux en bois naturel.<\/p>\n<p data-start=\"435\" data-end=\"455\"><strong data-start=\"435\" data-end=\"453\">Ce que nous avons fait :<\/strong><\/p>\n<ul data-start=\"456\" data-end=\"892\">\n<li data-start=\"456\" data-end=\"529\">\n<p data-start=\"458\" data-end=\"529\">Rafra\u00eechissement des chaises de salle \u00e0 manger existantes avec un nouveau rembourrage et une nouvelle tapisserie.<\/p>\n<\/li>\n<li data-start=\"530\" data-end=\"607\">\n<p data-start=\"532\" data-end=\"607\">S\u00e9lection du mobilier pour l'int\u00e9rieur et l'ext\u00e9rieur dans le respect du budget du client.<\/p>\n<\/li>\n<li data-start=\"608\" data-end=\"683\">\n<p data-start=\"610\" data-end=\"683\">Commande de rideaux personnalis\u00e9s pour le salon, pour un mur incurv\u00e9.<\/p>\n<\/li>\n<li data-start=\"684\" data-end=\"735\">\n<p data-start=\"686\" data-end=\"735\">Remplacement de l'ancien auvent cass\u00e9 par un nouveau.<\/p>\n<\/li>\n<li data-start=\"736\" data-end=\"892\">\n<p data-start=\"738\" data-end=\"892\">Gestion de l'ensemble du processus, de la commande \u00e0 la livraison et \u00e0 l'assemblage<\/p>\n<\/li>\n<\/ul>\n<p data-start=\"894\" data-end=\"1070\"><strong data-start=\"894\" data-end=\"907\">R\u00e9sultats :<\/strong><br data-start=\"907\" data-end=\"910\" \/>La maison a re\u00e7u un aspect moderne et plus lumineux, avec des meubles fonctionnels et esth\u00e9tiques, tant \u00e0 l'int\u00e9rieur qu'\u00e0 l'ext\u00e9rieur, pr\u00eats \u00e0 \u00eatre appr\u00e9ci\u00e9s pendant les vacances.<\/p>\n<p>\u2014\u2014\u2014\u2014\u2014\u2014\u2014\u2014\u2014\u2014\u2014\u2014\u2014\u2014\u2014\u2014\u2014\u2014\u2014\u2014\u2014\u2014\u2014\u2014\u2014\u2014\u2014\u2014\u2013<\/p>\n<h3 data-start=\"137\" data-end=\"211\">Projet : Santa Rosalia - Une maison de vacances ax\u00e9e sur la fonction et le style<\/h3>\n<p data-start=\"213\" data-end=\"346\"><strong data-start=\"213\" data-end=\"234\">Les souhaits du client :<\/strong><br data-start=\"234\" data-end=\"237\" \/>La propri\u00e9t\u00e9 comprenait 4 chambres \u00e0 coucher, un salon, une cuisine, un salon au sous-sol, un balcon, une terrasse et une terrasse sur le toit. Les souhaits comprenaient :<\/p>\n<ul data-start=\"347\" data-end=\"580\">\n<li data-start=\"347\" data-end=\"371\">\n<p data-start=\"349\" data-end=\"371\">Style \u00e9l\u00e9gant et contemporain<\/p>\n<\/li>\n<li data-start=\"372\" data-end=\"432\">\n<p data-start=\"374\" data-end=\"432\">Nombreuses places de couchage au sous-sol pour accueillir de nombreux invit\u00e9s<\/p>\n<\/li>\n<li data-start=\"433\" data-end=\"454\">\n<p data-start=\"435\" data-end=\"454\">Espace de jeux pour les enfants<\/p>\n<\/li>\n<li>Table \u00e0 manger en ciment sur la terrasse<\/li>\n<li data-start=\"455\" data-end=\"495\">\n<p data-start=\"457\" data-end=\"495\">Salle \u00e0 manger en aluminium sur le toit-terrasse<\/p>\n<\/li>\n<li data-start=\"496\" data-end=\"580\">\n<p data-start=\"498\" data-end=\"580\">Plantes artificielles \u00e0 l'int\u00e9rieur et \u00e0 l'ext\u00e9rieur, \u00e9tant donn\u00e9 qu'il s'agit d'une maison de vacances.<\/p>\n<\/li>\n<\/ul>\n<p data-start=\"582\" data-end=\"602\"><strong data-start=\"582\" data-end=\"600\">Ce que nous avons fait :<\/strong><\/p>\n<ul data-start=\"603\" data-end=\"909\">\n<li data-start=\"603\" data-end=\"665\">\n<p data-start=\"605\" data-end=\"665\">S\u00e9lection et livraison du mobilier et des accessoires pour toutes les pi\u00e8ces.<\/p>\n<\/li>\n<li data-start=\"666\" data-end=\"762\">\n<p data-start=\"668\" data-end=\"762\">Il a g\u00e9r\u00e9 toutes les commandes, re\u00e7u les livraisons et s'est assur\u00e9 que tout \u00e9tait assembl\u00e9 sur place.<\/p>\n<\/li>\n<li data-start=\"763\" data-end=\"812\">\n<p data-start=\"765\" data-end=\"812\">Commandez des rideaux personnalis\u00e9s pour toutes les pi\u00e8ces.<\/p>\n<\/li>\n<li data-start=\"813\" data-end=\"909\">\n<p data-start=\"815\" data-end=\"909\">Achat de tout l'\u00e9quipement : appareils \u00e9lectrom\u00e9nagers, linge de lit, textiles de salle de bain et mat\u00e9riel de cuisine.<\/p>\n<\/li>\n<\/ul>\n<p data-start=\"911\" data-end=\"1087\"><strong data-start=\"911\" data-end=\"924\">R\u00e9sultats :<\/strong><br data-start=\"924\" data-end=\"927\" \/>La maison a \u00e9t\u00e9 enti\u00e8rement meubl\u00e9e et \u00e9quip\u00e9e selon les souhaits du client, avec des solutions fonctionnelles pour les enfants et les adultes, pr\u00eate \u00e0 accueillir des vacances et des invit\u00e9s tout au long de l'ann\u00e9e.<\/p>\n<\/li>\n<\/ul>\n<p>&nbsp;<\/p>\n<h3 data-start=\"138\" data-end=\"197\">Projet : La Mata - Appartement r\u00e9nov\u00e9 avec une d\u00e9coration int\u00e9rieure intelligente<\/h3>\n<p data-start=\"199\" data-end=\"312\"><strong data-start=\"199\" data-end=\"220\">Les souhaits du client :<\/strong><br data-start=\"220\" data-end=\"223\" \/>L'appartement comprenait 2 chambres, une cuisine, un salon et une terrasse vitr\u00e9e. Les souhaits comprenaient :<\/p>\n<ul data-start=\"313\" data-end=\"509\">\n<li data-start=\"313\" data-end=\"354\">\n<p data-start=\"315\" data-end=\"354\">Lampes \u00e0 lumi\u00e8re chaude avec fonction de gradation<\/p>\n<\/li>\n<li data-start=\"355\" data-end=\"406\">\n<p data-start=\"357\" data-end=\"406\">Plus de possibilit\u00e9s de rangement dans la petite chambre<\/p>\n<\/li>\n<li data-start=\"407\" data-end=\"509\">\n<p data-start=\"409\" data-end=\"509\">Table \u00e0 manger pour 6 personnes sur la terrasse vitr\u00e9e, avec rangement et coin douillet pour 2 personnes<\/p>\n<\/li>\n<\/ul>\n<p data-start=\"511\" data-end=\"531\"><strong data-start=\"511\" data-end=\"529\">Ce que nous avons fait :<\/strong><\/p>\n<ul data-start=\"532\" data-end=\"741\">\n<li data-start=\"532\" data-end=\"589\">\n<p data-start=\"534\" data-end=\"589\">S\u00e9lection de meubles et d'\u00e9quipements dans le style souhait\u00e9 par le client.<\/p>\n<\/li>\n<li data-start=\"590\" data-end=\"650\">\n<p data-start=\"592\" data-end=\"650\">Des solutions organis\u00e9es pour le rangement et la fonctionnalit\u00e9 dans toutes les pi\u00e8ces.<\/p>\n<\/li>\n<li data-start=\"651\" data-end=\"741\">\n<p data-start=\"653\" data-end=\"741\">Veiller \u00e0 ce que tous les meubles soient livr\u00e9s et plac\u00e9s sur le site, pr\u00eats \u00e0 l'emploi.<\/p>\n<\/li>\n<\/ul>\n<p data-start=\"743\" data-end=\"897\"><strong data-start=\"743\" data-end=\"756\">R\u00e9sultats :<\/strong><br data-start=\"756\" data-end=\"759\" \/>L'appartement a fait l'objet d'un am\u00e9nagement int\u00e9rieur complet et harmonieux, avec des solutions de rangement intelligentes et des espaces agr\u00e9ables pour la vie quotidienne et la compagnie.<\/p>\n<p data-start=\"743\" data-end=\"897\">\u2014\u2014\u2014\u2014\u2014\u2014\u2014\u2014\u2014\u2014\u2014\u2014\u2014\u2014\u2014\u2014\u2014\u2014\u2014\u2014\u2014\u2014\u2014\u2014\u2014\u2014\u2014\u2014\u2014\u2014\u2014\u2014\u2014\u2014<\/p>\n<p>&nbsp;<\/p>\n<p data-start=\"700\" data-end=\"724\">Sur chaque page, vous mettez :<\/p>\n<ul data-start=\"726\" data-end=\"771\">\n<li data-start=\"726\" data-end=\"736\">\n<p data-start=\"728\" data-end=\"736\">rubrique<\/p>\n<\/li>\n<li data-start=\"737\" data-end=\"747\">\n<p data-start=\"739\" data-end=\"747\">images<\/p>\n<\/li>\n<li data-start=\"748\" data-end=\"756\">\n<p data-start=\"750\" data-end=\"756\">texte<\/p>\n<\/li>\n<li data-start=\"757\" data-end=\"771\">\n<p data-start=\"759\" data-end=\"771\">bouton de contact<\/p>\n<h3 data-start=\"747\" data-end=\"760\"><\/h3>\n<hr data-start=\"867\" data-end=\"870\" \/>\n<h3 data-start=\"872\" data-end=\"895\">b) Br\u00e8ve description<\/h3>\n<p data-start=\"897\" data-end=\"910\">\u00c9crivez toujours :<\/p>\n<ul data-start=\"912\" data-end=\"980\">\n<li data-start=\"912\" data-end=\"930\">\n<p data-start=\"914\" data-end=\"930\">Qui \u00e9tait le client<\/p>\n<\/li>\n<li data-start=\"931\" data-end=\"949\">\n<p data-start=\"933\" data-end=\"949\">Ce dont ils avaient besoin<\/p>\n<\/li>\n<li data-start=\"950\" data-end=\"967\">\n<p data-start=\"952\" data-end=\"967\">Ce que vous avez fait<\/p>\n<\/li>\n<li data-start=\"968\" data-end=\"980\">\n<p data-start=\"970\" data-end=\"980\">Le r\u00e9sultat<\/p>\n<h1 data-start=\"947\" data-end=\"980\">\u00c9TAPE 3 - Mod\u00e8le pour chaque projet<\/h1>\n<p data-start=\"982\" data-end=\"1029\">Utiliser exactement la m\u00eame structure pour les 5 projets.<\/p>\n<p data-start=\"1031\" data-end=\"1064\">N'h\u00e9sitez pas \u00e0 copier directement ce mod\u00e8le :<\/p>\n<hr data-start=\"1066\" data-end=\"1069\" \/>\n<h3 data-start=\"1071\" data-end=\"1091\">Haut de la page :<\/h3>\n<p data-start=\"1093\" data-end=\"1104\"><strong data-start=\"1093\" data-end=\"1104\">Cat\u00e9gorie :<\/strong><\/p>\n<p data-start=\"1106\" data-end=\"1114\">Exemple :<\/p>\n<blockquote data-start=\"1116\" data-end=\"1166\">\n<p data-start=\"1118\" data-end=\"1166\">\u201cDesign d'int\u00e9rieur cl\u00e9 en main - appartement \u00e0 Torrevieja\u201d<\/p>\n<\/blockquote>\n<hr data-start=\"1168\" data-end=\"1171\" \/>\n<h3 data-start=\"1173\" data-end=\"1199\">Directement sous la rubrique :<\/h3>\n<p data-start=\"1201\" data-end=\"1233\">R\u00e9sum\u00e9 succinct (3-4 lignes) :<\/p>\n<ul data-start=\"1235\" data-end=\"1301\">\n<li data-start=\"1235\" data-end=\"1252\">\n<p data-start=\"1237\" data-end=\"1252\">Type de logement<\/p>\n<\/li>\n<li data-start=\"1253\" data-end=\"1262\">\n<p data-start=\"1255\" data-end=\"1262\">Localisation<\/p>\n<\/li>\n<li data-start=\"1263\" data-end=\"1285\">\n<p data-start=\"1265\" data-end=\"1285\">Les besoins du client<\/p>\n<\/li>\n<li data-start=\"1286\" data-end=\"1301\">\n<p data-start=\"1288\" data-end=\"1301\">Ce que vous avez fait<\/p>\n<\/li>\n<\/ul>\n<hr data-start=\"1303\" data-end=\"1306\" \/>\n<h3 data-start=\"1308\" data-end=\"1318\">Berline :<\/h3>\n<h2 data-start=\"1320\" data-end=\"1334\">Photos AVANT<\/h2>\n<p data-start=\"1336\" data-end=\"1352\">Au moins 2 ou 3 photos<\/p>\n<p data-start=\"1354\" data-end=\"1361\">Cat\u00e9gorie :<\/p>\n<p data-start=\"1363\" data-end=\"1396\"><strong data-start=\"1363\" data-end=\"1396\">\u201cVoici \u00e0 quoi ressemblait la maison avant\u201d<\/strong><\/p>\n<hr data-start=\"1398\" data-end=\"1401\" \/>\n<h2 data-start=\"1403\" data-end=\"1418\">Photos APR\u00c8S<\/h2>\n<p data-start=\"1420\" data-end=\"1430\">5-8 images<\/p>\n<p data-start=\"1432\" data-end=\"1439\">Cat\u00e9gorie :<\/p>\n<p data-start=\"1441\" data-end=\"1475\"><strong data-start=\"1441\" data-end=\"1475\">\u201cLe r\u00e9sultat de notre travail\u201d<\/strong><\/p>\n<hr data-start=\"1477\" data-end=\"1480\" \/>\n<h3 data-start=\"1482\" data-end=\"1496\">Bloc de texte :<\/h3>\n<p data-start=\"1498\" data-end=\"1514\">Description comme :<\/p>\n<ul data-start=\"1516\" data-end=\"1574\">\n<li data-start=\"1516\" data-end=\"1537\">\n<p data-start=\"1518\" data-end=\"1537\">la situation du client<\/p>\n<\/li>\n<li data-start=\"1538\" data-end=\"1551\">\n<p data-start=\"1540\" data-end=\"1551\">processus<\/p>\n<\/li>\n<li data-start=\"1552\" data-end=\"1574\">\n<p data-start=\"1554\" data-end=\"1574\">combien de temps cela a dur\u00e9<\/p>\n<\/li>\n<\/ul>\n<hr data-start=\"1576\" data-end=\"1579\" \/>\n<h3 data-start=\"1581\" data-end=\"1606\">Devis client (le cas \u00e9ch\u00e9ant)<\/h3>\n<blockquote data-start=\"1608\" data-end=\"1672\">\n<p data-start=\"1610\" data-end=\"1672\">\u201cNous avons d\u00e9couvert une maison enti\u00e8rement finie, d'une facilit\u00e9 d\u00e9concertante !\u201d<\/p>\n<\/blockquote>\n<hr data-start=\"1674\" data-end=\"1677\" \/>\n<h3 data-start=\"1679\" data-end=\"1702\">Terminez toujours par :<\/h3>\n<p data-start=\"1704\" data-end=\"1720\">Un bouton clair :<\/p>\n<p data-start=\"1722\" data-end=\"1768\">\ud83d\udc49 <strong data-start=\"1725\" data-end=\"1768\">\u201cContactez-nous pour obtenir de l'aide sur votre propri\u00e9t\u00e9\u201d<\/strong><\/p>\n<p data-start=\"1770\" data-end=\"1802\">Li\u00e9 \u00e0 votre formulaire de contact<\/p>\n<\/li>\n<\/ul>\n<\/li>\n<\/ul>","protected":false},"excerpt":{"rendered":"<p>B\u00f6rja med att skapa 5 vanliga sidor i WordPress: Exempel: Projekt 1 \u2013 Torrevieja Projekt 2 \u2013 Santa Rosalia Projekt 3 \u2013 Villamartin Projekt 4 &#8211; Los Dolses Projekt 5- Lomas de Cabo Roigz Projekt: Villamartin \u2013 Ny villa, nyckelf\u00e4rdig inredning Kundens \u00f6nskem\u00e5l:Kunden hade ett nybygge med 3 sovrum, k\u00f6k, vardagsrum, terrass och takterrass. \u00d6nskem\u00e5len [&hellip;]<\/p>\n","protected":false},"author":1,"featured_media":0,"parent":72,"menu_order":0,"comment_status":"closed","ping_status":"closed","template":"","meta":{"_acf_changed":false,"footnotes":""},"tags":[],"acf":[],"yoast_head":"<!-- This site is optimized with the Yoast SEO plugin v19.1 - https:\/\/yoast.com\/wordpress\/plugins\/seo\/ -->\n<title>Portfolio | Svea Home<\/title>\n<meta name=\"robots\" content=\"index, follow, max-snippet:-1, max-image-preview:large, max-video-preview:-1\" \/>\n<link rel=\"canonical\" href=\"https:\/\/www.sveahome.com\/fr\/societe-dameublement\/portefeuille\/\" \/>\n<meta property=\"og:locale\" content=\"fr_FR\" \/>\n<meta property=\"og:type\" content=\"article\" \/>\n<meta property=\"og:title\" content=\"Portfolio | Svea Home\" \/>\n<meta property=\"og:description\" content=\"B\u00f6rja med att skapa 5 vanliga sidor i WordPress: Exempel: Projekt 1 \u2013 Torrevieja Projekt 2 \u2013 Santa Rosalia Projekt 3 \u2013 Villamartin Projekt 4 &#8211; Los Dolses Projekt 5- Lomas de Cabo Roigz Projekt: Villamartin \u2013 Ny villa, nyckelf\u00e4rdig inredning Kundens \u00f6nskem\u00e5l:Kunden hade ett nybygge med 3 sovrum, k\u00f6k, vardagsrum, terrass och takterrass. \u00d6nskem\u00e5len [&hellip;]\" \/>\n<meta property=\"og:url\" content=\"https:\/\/www.sveahome.com\/fr\/societe-dameublement\/portefeuille\/\" \/>\n<meta property=\"og:site_name\" content=\"Svea Home\" \/>\n<meta property=\"article:publisher\" content=\"https:\/\/www.facebook.com\/people\/Svea-Home\/100078707354829\/\" \/>\n<meta name=\"twitter:card\" content=\"summary_large_image\" \/>\n<meta name=\"twitter:label1\" content=\"Dur\u00e9e de lecture estim\u00e9e\" \/>\n\t<meta name=\"twitter:data1\" content=\"4 minutes\" \/>\n<script type=\"application\/ld+json\" class=\"yoast-schema-graph\">{\"@context\":\"https:\/\/schema.org\",\"@graph\":[{\"@type\":\"Organization\",\"@id\":\"https:\/\/www.sveahome.com\/#organization\",\"name\":\"Svea Home\",\"url\":\"https:\/\/www.sveahome.com\/\",\"sameAs\":[\"https:\/\/www.instagram.com\/svea.home\/\",\"https:\/\/www.facebook.com\/people\/Svea-Home\/100078707354829\/\"],\"logo\":{\"@type\":\"ImageObject\",\"inLanguage\":\"fr-FR\",\"@id\":\"https:\/\/www.sveahome.com\/#\/schema\/logo\/image\/\",\"url\":\"https:\/\/www.sveahome.com\/wp-content\/uploads\/2022\/02\/SveaHome.jpg\",\"contentUrl\":\"https:\/\/www.sveahome.com\/wp-content\/uploads\/2022\/02\/SveaHome.jpg\",\"width\":239,\"height\":47,\"caption\":\"Svea Home\"},\"image\":{\"@id\":\"https:\/\/www.sveahome.com\/#\/schema\/logo\/image\/\"}},{\"@type\":\"WebSite\",\"@id\":\"https:\/\/www.sveahome.com\/#website\",\"url\":\"https:\/\/www.sveahome.com\/\",\"name\":\"Svea Home\",\"description\":\"\",\"publisher\":{\"@id\":\"https:\/\/www.sveahome.com\/#organization\"},\"potentialAction\":[{\"@type\":\"SearchAction\",\"target\":{\"@type\":\"EntryPoint\",\"urlTemplate\":\"https:\/\/www.sveahome.com\/?s={search_term_string}\"},\"query-input\":\"required name=search_term_string\"}],\"inLanguage\":\"fr-FR\"},{\"@type\":\"WebPage\",\"@id\":\"https:\/\/www.sveahome.com\/inredningsforetag\/portfolio\/#webpage\",\"url\":\"https:\/\/www.sveahome.com\/inredningsforetag\/portfolio\/\",\"name\":\"Portfolio | Svea Home\",\"isPartOf\":{\"@id\":\"https:\/\/www.sveahome.com\/#website\"},\"datePublished\":\"2026-03-23T08:51:56+00:00\",\"dateModified\":\"2026-03-23T08:51:56+00:00\",\"breadcrumb\":{\"@id\":\"https:\/\/www.sveahome.com\/inredningsforetag\/portfolio\/#breadcrumb\"},\"inLanguage\":\"fr-FR\",\"potentialAction\":[{\"@type\":\"ReadAction\",\"target\":[\"https:\/\/www.sveahome.com\/inredningsforetag\/portfolio\/\"]}]},{\"@type\":\"BreadcrumbList\",\"@id\":\"https:\/\/www.sveahome.com\/inredningsforetag\/portfolio\/#breadcrumb\",\"itemListElement\":[{\"@type\":\"ListItem\",\"position\":1,\"name\":\"Home\",\"item\":\"https:\/\/www.sveahome.com\/\"},{\"@type\":\"ListItem\",\"position\":2,\"name\":\"Inredningsf\u00f6retag i Torrevieja\",\"item\":\"https:\/\/www.sveahome.com\/inredningsforetag\/\"},{\"@type\":\"ListItem\",\"position\":3,\"name\":\"Portfolio\"}]}]}<\/script>\n<!-- \/ Yoast SEO plugin. -->","yoast_head_json":{"title":"Portfolio | Svea Home","robots":{"index":"index","follow":"follow","max-snippet":"max-snippet:-1","max-image-preview":"max-image-preview:large","max-video-preview":"max-video-preview:-1"},"canonical":"https:\/\/www.sveahome.com\/fr\/societe-dameublement\/portefeuille\/","og_locale":"fr_FR","og_type":"article","og_title":"Portfolio | Svea Home","og_description":"B\u00f6rja med att skapa 5 vanliga sidor i WordPress: Exempel: Projekt 1 \u2013 Torrevieja Projekt 2 \u2013 Santa Rosalia Projekt 3 \u2013 Villamartin Projekt 4 &#8211; Los Dolses Projekt 5- Lomas de Cabo Roigz Projekt: Villamartin \u2013 Ny villa, nyckelf\u00e4rdig inredning Kundens \u00f6nskem\u00e5l:Kunden hade ett nybygge med 3 sovrum, k\u00f6k, vardagsrum, terrass och takterrass. \u00d6nskem\u00e5len [&hellip;]","og_url":"https:\/\/www.sveahome.com\/fr\/societe-dameublement\/portefeuille\/","og_site_name":"Svea Home","article_publisher":"https:\/\/www.facebook.com\/people\/Svea-Home\/100078707354829\/","twitter_card":"summary_large_image","twitter_misc":{"Dur\u00e9e de lecture estim\u00e9e":"4 minutes"},"schema":{"@context":"https:\/\/schema.org","@graph":[{"@type":"Organization","@id":"https:\/\/www.sveahome.com\/#organization","name":"Accueil Svea","url":"https:\/\/www.sveahome.com\/","sameAs":["https:\/\/www.instagram.com\/svea.home\/","https:\/\/www.facebook.com\/people\/Svea-Home\/100078707354829\/"],"logo":{"@type":"ImageObject","inLanguage":"fr-FR","@id":"https:\/\/www.sveahome.com\/#\/schema\/logo\/image\/","url":"https:\/\/www.sveahome.com\/wp-content\/uploads\/2022\/02\/SveaHome.jpg","contentUrl":"https:\/\/www.sveahome.com\/wp-content\/uploads\/2022\/02\/SveaHome.jpg","width":239,"height":47,"caption":"Svea Home"},"image":{"@id":"https:\/\/www.sveahome.com\/#\/schema\/logo\/image\/"}},{"@type":"WebSite","@id":"https:\/\/www.sveahome.com\/#website","url":"https:\/\/www.sveahome.com\/","name":"Accueil Svea","description":"","publisher":{"@id":"https:\/\/www.sveahome.com\/#organization"},"potentialAction":[{"@type":"SearchAction","target":{"@type":"EntryPoint","urlTemplate":"https:\/\/www.sveahome.com\/?s={search_term_string}"},"query-input":"required name=search_term_string"}],"inLanguage":"fr-FR"},{"@type":"WebPage","@id":"https:\/\/www.sveahome.com\/inredningsforetag\/portfolio\/#webpage","url":"https:\/\/www.sveahome.com\/inredningsforetag\/portfolio\/","name":"Portfolio | Svea Home","isPartOf":{"@id":"https:\/\/www.sveahome.com\/#website"},"datePublished":"2026-03-23T08:51:56+00:00","dateModified":"2026-03-23T08:51:56+00:00","breadcrumb":{"@id":"https:\/\/www.sveahome.com\/inredningsforetag\/portfolio\/#breadcrumb"},"inLanguage":"fr-FR","potentialAction":[{"@type":"ReadAction","target":["https:\/\/www.sveahome.com\/inredningsforetag\/portfolio\/"]}]},{"@type":"BreadcrumbList","@id":"https:\/\/www.sveahome.com\/inredningsforetag\/portfolio\/#breadcrumb","itemListElement":[{"@type":"ListItem","position":1,"name":"Home","item":"https:\/\/www.sveahome.com\/"},{"@type":"ListItem","position":2,"name":"Inredningsf\u00f6retag i Torrevieja","item":"https:\/\/www.sveahome.com\/inredningsforetag\/"},{"@type":"ListItem","position":3,"name":"Portfolio"}]}]}},"_links":{"self":[{"href":"https:\/\/www.sveahome.com\/fr\/wp-json\/wp\/v2\/pages\/893"}],"collection":[{"href":"https:\/\/www.sveahome.com\/fr\/wp-json\/wp\/v2\/pages"}],"about":[{"href":"https:\/\/www.sveahome.com\/fr\/wp-json\/wp\/v2\/types\/page"}],"author":[{"embeddable":true,"href":"https:\/\/www.sveahome.com\/fr\/wp-json\/wp\/v2\/users\/1"}],"replies":[{"embeddable":true,"href":"https:\/\/www.sveahome.com\/fr\/wp-json\/wp\/v2\/comments?post=893"}],"version-history":[{"count":3,"href":"https:\/\/www.sveahome.com\/fr\/wp-json\/wp\/v2\/pages\/893\/revisions"}],"predecessor-version":[{"id":1047,"href":"https:\/\/www.sveahome.com\/fr\/wp-json\/wp\/v2\/pages\/893\/revisions\/1047"}],"up":[{"embeddable":true,"href":"https:\/\/www.sveahome.com\/fr\/wp-json\/wp\/v2\/pages\/72"}],"wp:attachment":[{"href":"https:\/\/www.sveahome.com\/fr\/wp-json\/wp\/v2\/media?parent=893"}],"wp:term":[{"taxonomy":"post_tag","embeddable":true,"href":"https:\/\/www.sveahome.com\/fr\/wp-json\/wp\/v2\/tags?post=893"}],"curies":[{"name":"wp","href":"https:\/\/api.w.org\/{rel}","templated":true}]}}