{"id":893,"date":"2026-03-23T09:51:56","date_gmt":"2026-03-23T08:51:56","guid":{"rendered":"https:\/\/www.sveahome.com\/?page_id=893"},"modified":"2026-03-23T09:51:56","modified_gmt":"2026-03-23T08:51:56","slug":"portfolio","status":"publish","type":"page","link":"https:\/\/www.sveahome.com\/nl\/inredningsforetag\/portfolio\/","title":{"rendered":"Portfolio"},"content":{"rendered":"<p data-start=\"549\" data-end=\"597\">Begin met het maken van 5 algemene pagina's in WordPress:<\/p>\n<p data-start=\"599\" data-end=\"607\">Voorbeeld:<\/p>\n<ul data-start=\"609\" data-end=\"698\">\n<li data-start=\"609\" data-end=\"635\">\n<p data-start=\"611\" data-end=\"635\">Project 1 - Torrevieja<\/p>\n<\/li>\n<li data-start=\"636\" data-end=\"663\">\n<p data-start=\"638\" data-end=\"663\">Project 2 - Santa Rosalia<\/p>\n<\/li>\n<li data-start=\"664\" data-end=\"691\">\n<p data-start=\"666\" data-end=\"691\">Project 3 - Villamartin<\/p>\n<\/li>\n<li data-start=\"664\" data-end=\"691\">\n<p data-start=\"666\" data-end=\"691\">Project 4 - Los Dolses<\/p>\n<\/li>\n<li data-start=\"664\" data-end=\"691\">\n<p data-start=\"666\" data-end=\"691\">Project 5- Lomas de Cabo Roigz<\/p>\n<h3 data-start=\"147\" data-end=\"206\">Project: Villamartin - Nieuwe villa, sleutelklaar interieur<\/h3>\n<p data-start=\"208\" data-end=\"336\"><strong data-start=\"208\" data-end=\"229\">De wensen van de klant:<\/strong><br data-start=\"229\" data-end=\"232\" \/>De klant had een nieuwbouw met 3 slaapkamers, keuken, woonkamer, terras en dakterras. De eisen waren onder andere:<\/p>\n<ul data-start=\"337\" data-end=\"431\">\n<li data-start=\"337\" data-end=\"362\">\n<p data-start=\"339\" data-end=\"362\">Zonnescherm voor het terras<\/p>\n<\/li>\n<li data-start=\"363\" data-end=\"409\">\n<p data-start=\"365\" data-end=\"409\">Pergola en grote buitenlounge op het dakterras<\/p>\n<\/li>\n<li data-start=\"410\" data-end=\"431\">\n<p data-start=\"412\" data-end=\"431\">Ter plaatse gebouwde buitenkeuken<\/p>\n<\/li>\n<\/ul>\n<p data-start=\"433\" data-end=\"453\"><strong data-start=\"433\" data-end=\"451\">Wat we deden:<\/strong><\/p>\n<ul data-start=\"454\" data-end=\"682\">\n<li data-start=\"454\" data-end=\"516\">\n<p data-start=\"456\" data-end=\"516\">Selecteerde en leverde meubilair en decoraties voor alle kamers.<\/p>\n<\/li>\n<li data-start=\"517\" data-end=\"613\">\n<p data-start=\"519\" data-end=\"613\">Kocht alle apparatuur: huishoudelijke apparaten, beddengoed, badtextiel en keukenapparatuur.<\/p>\n<\/li>\n<li data-start=\"614\" data-end=\"682\">\n<p data-start=\"616\" data-end=\"682\">Een volledig gebruiksklaar huis afgeleverd, klaar om in te trekken.<\/p>\n<\/li>\n<\/ul>\n<p data-start=\"684\" data-end=\"845\"><strong data-start=\"684\" data-end=\"697\">Resultaten:<\/strong><br data-start=\"697\" data-end=\"700\" \/>De villa werd volledig ingericht en uitgerust volgens de wensen van de klant, met functionele en esthetische oplossingen voor zowel binnen als buiten.<\/p>\n<p data-start=\"666\" data-end=\"691\">\u2014\u2014\u2014\u2014\u2014\u2014\u2014\u2014\u2014\u2014\u2014\u2014\u2014\u2014\u2014\u2014\u2014\u2014\u2014\u2014\u2014\u2014\u2014\u2014\u2014\u2014\u2014<\/p>\n<h3>Project: Los Dolses - Renovatie van vakantiehuis<\/h3>\n<p data-start=\"234\" data-end=\"433\"><strong data-start=\"234\" data-end=\"255\">De wensen van de klant:<\/strong><br data-start=\"255\" data-end=\"258\" \/>De klant wilde zijn huis vernieuwen met nieuwe meubels, maar wilde de eethoek met buffetkast en spiegel in de eethoek behouden. De nadruk lag op lichte kleuren en natuurlijke houten materialen.<\/p>\n<p data-start=\"435\" data-end=\"455\"><strong data-start=\"435\" data-end=\"453\">Wat we deden:<\/strong><\/p>\n<ul data-start=\"456\" data-end=\"892\">\n<li data-start=\"456\" data-end=\"529\">\n<p data-start=\"458\" data-end=\"529\">De bestaande eetkamerstoelen opgefrist met nieuwe vulling en bekleding.<\/p>\n<\/li>\n<li data-start=\"530\" data-end=\"607\">\n<p data-start=\"532\" data-end=\"607\">Selecteerde meubilair voor zowel binnen- als buitenomgevingen binnen het budget van de klant.<\/p>\n<\/li>\n<li data-start=\"608\" data-end=\"683\">\n<p data-start=\"610\" data-end=\"683\">Aangepaste gordijnen besteld voor de woonkamer voor een gebogen muur.<\/p>\n<\/li>\n<li data-start=\"684\" data-end=\"735\">\n<p data-start=\"686\" data-end=\"735\">De oude, kapotte luifel vervangen door een nieuwe.<\/p>\n<\/li>\n<li data-start=\"736\" data-end=\"892\">\n<p data-start=\"738\" data-end=\"892\">Beheerde het hele proces van bestelling tot levering en assemblage<\/p>\n<\/li>\n<\/ul>\n<p data-start=\"894\" data-end=\"1070\"><strong data-start=\"894\" data-end=\"907\">Resultaten:<\/strong><br data-start=\"907\" data-end=\"910\" \/>Het huis kreeg een moderne en heldere uitstraling met functioneel en esthetisch meubilair, zowel binnen als buiten, klaar om van te genieten tijdens de feestdagen.<\/p>\n<p>\u2014\u2014\u2014\u2014\u2014\u2014\u2014\u2014\u2014\u2014\u2014\u2014\u2014\u2014\u2014\u2014\u2014\u2014\u2014\u2014\u2014\u2014\u2014\u2014\u2014\u2014\u2014\u2014\u2013<\/p>\n<h3 data-start=\"137\" data-end=\"211\">Project: Santa Rosalia - Vakantiehuis met focus op functie en stijl<\/h3>\n<p data-start=\"213\" data-end=\"346\"><strong data-start=\"213\" data-end=\"234\">De wensen van de klant:<\/strong><br data-start=\"234\" data-end=\"237\" \/>De woning had 4 slaapkamers, woonkamer, keuken, woonkamer in de kelder, balkon, terras en dakterras. De wensen waren onder andere:<\/p>\n<ul data-start=\"347\" data-end=\"580\">\n<li data-start=\"347\" data-end=\"371\">\n<p data-start=\"349\" data-end=\"371\">Stijlvolle, eigentijdse stijl<\/p>\n<\/li>\n<li data-start=\"372\" data-end=\"432\">\n<p data-start=\"374\" data-end=\"432\">Veel slaapplaatsen in de kelder voor veel gasten<\/p>\n<\/li>\n<li data-start=\"433\" data-end=\"454\">\n<p data-start=\"435\" data-end=\"454\">Speelhoek voor kinderen<\/p>\n<\/li>\n<li>Cement eettafel op het terras<\/li>\n<li data-start=\"455\" data-end=\"495\">\n<p data-start=\"457\" data-end=\"495\">Aluminium dakterras eethoek<\/p>\n<\/li>\n<li data-start=\"496\" data-end=\"580\">\n<p data-start=\"498\" data-end=\"580\">Kunstplanten binnen en buiten, aangezien de woning een vakantiehuis is<\/p>\n<\/li>\n<\/ul>\n<p data-start=\"582\" data-end=\"602\"><strong data-start=\"582\" data-end=\"600\">Wat we deden:<\/strong><\/p>\n<ul data-start=\"603\" data-end=\"909\">\n<li data-start=\"603\" data-end=\"665\">\n<p data-start=\"605\" data-end=\"665\">Meubels en inrichting voor alle kamers geselecteerd en geleverd.<\/p>\n<\/li>\n<li data-start=\"666\" data-end=\"762\">\n<p data-start=\"668\" data-end=\"762\">Behandelde alle bestellingen, ontving leveringen en zorgde ervoor dat alles ter plekke in elkaar werd gezet.<\/p>\n<\/li>\n<li data-start=\"763\" data-end=\"812\">\n<p data-start=\"765\" data-end=\"812\">Bestel gordijnen op maat voor alle kamers.<\/p>\n<\/li>\n<li data-start=\"813\" data-end=\"909\">\n<p data-start=\"815\" data-end=\"909\">Kocht alle apparatuur: huishoudelijke apparaten, beddengoed, badtextiel en keukenapparatuur.<\/p>\n<\/li>\n<\/ul>\n<p data-start=\"911\" data-end=\"1087\"><strong data-start=\"911\" data-end=\"924\">Resultaten:<\/strong><br data-start=\"924\" data-end=\"927\" \/>Het huis werd volledig ingericht en uitgerust volgens de wensen van de klant, met functionele oplossingen voor zowel kinderen als volwassenen, klaar voor vakanties en gasten het hele jaar door.<\/p>\n<\/li>\n<\/ul>\n<p>&nbsp;<\/p>\n<h3 data-start=\"138\" data-end=\"197\">Project: La Mata - Gerenoveerd appartement met slim interieurontwerp<\/h3>\n<p data-start=\"199\" data-end=\"312\"><strong data-start=\"199\" data-end=\"220\">De wensen van de klant:<\/strong><br data-start=\"220\" data-end=\"223\" \/>Het appartement had 2 slaapkamers, een keuken, een woonkamer en een glazen terras. De wensen waren inclusief:<\/p>\n<ul data-start=\"313\" data-end=\"509\">\n<li data-start=\"313\" data-end=\"354\">\n<p data-start=\"315\" data-end=\"354\">Lampen met warm licht en dimfunctie<\/p>\n<\/li>\n<li data-start=\"355\" data-end=\"406\">\n<p data-start=\"357\" data-end=\"406\">Meer opbergmogelijkheden in de kleine slaapkamer<\/p>\n<\/li>\n<li data-start=\"407\" data-end=\"509\">\n<p data-start=\"409\" data-end=\"509\">Eettafel voor 6 personen op het beglaasde terras, met opbergruimte en een gezellige hoek voor 2 personen<\/p>\n<\/li>\n<\/ul>\n<p data-start=\"511\" data-end=\"531\"><strong data-start=\"511\" data-end=\"529\">Wat we deden:<\/strong><\/p>\n<ul data-start=\"532\" data-end=\"741\">\n<li data-start=\"532\" data-end=\"589\">\n<p data-start=\"534\" data-end=\"589\">Geselecteerd meubilair en beslag in de stijl van de voorkeur van de klant.<\/p>\n<\/li>\n<li data-start=\"590\" data-end=\"650\">\n<p data-start=\"592\" data-end=\"650\">Georganiseerde oplossingen voor opslag en functionaliteit in alle kamers.<\/p>\n<\/li>\n<li data-start=\"651\" data-end=\"741\">\n<p data-start=\"653\" data-end=\"741\">Zorgde ervoor dat al het meubilair werd geleverd en op locatie werd geplaatst, klaar voor gebruik.<\/p>\n<\/li>\n<\/ul>\n<p data-start=\"743\" data-end=\"897\"><strong data-start=\"743\" data-end=\"756\">Resultaten:<\/strong><br data-start=\"756\" data-end=\"759\" \/>Het appartement kreeg een compleet en harmonieus interieurontwerp, met slimme opbergoplossingen en gezellige ruimtes voor zowel het dagelijks leven als gezelschap.<\/p>\n<p data-start=\"743\" data-end=\"897\">\u2014\u2014\u2014\u2014\u2014\u2014\u2014\u2014\u2014\u2014\u2014\u2014\u2014\u2014\u2014\u2014\u2014\u2014\u2014\u2014\u2014\u2014\u2014\u2014\u2014\u2014\u2014\u2014\u2014\u2014\u2014\u2014\u2014\u2014<\/p>\n<p>&nbsp;<\/p>\n<p data-start=\"700\" data-end=\"724\">Op elke pagina zet je:<\/p>\n<ul data-start=\"726\" data-end=\"771\">\n<li data-start=\"726\" data-end=\"736\">\n<p data-start=\"728\" data-end=\"736\">rubriek<\/p>\n<\/li>\n<li data-start=\"737\" data-end=\"747\">\n<p data-start=\"739\" data-end=\"747\">afbeeldingen<\/p>\n<\/li>\n<li data-start=\"748\" data-end=\"756\">\n<p data-start=\"750\" data-end=\"756\">tekst<\/p>\n<\/li>\n<li data-start=\"757\" data-end=\"771\">\n<p data-start=\"759\" data-end=\"771\">contactknop<\/p>\n<h3 data-start=\"747\" data-end=\"760\"><\/h3>\n<hr data-start=\"867\" data-end=\"870\" \/>\n<h3 data-start=\"872\" data-end=\"895\">b) Korte beschrijving<\/h3>\n<p data-start=\"897\" data-end=\"910\">Schrijf altijd:<\/p>\n<ul data-start=\"912\" data-end=\"980\">\n<li data-start=\"912\" data-end=\"930\">\n<p data-start=\"914\" data-end=\"930\">Wie de klant was<\/p>\n<\/li>\n<li data-start=\"931\" data-end=\"949\">\n<p data-start=\"933\" data-end=\"949\">Wat ze nodig hadden<\/p>\n<\/li>\n<li data-start=\"950\" data-end=\"967\">\n<p data-start=\"952\" data-end=\"967\">Wat je hebt gedaan<\/p>\n<\/li>\n<li data-start=\"968\" data-end=\"980\">\n<p data-start=\"970\" data-end=\"980\">Het resultaat<\/p>\n<h1 data-start=\"947\" data-end=\"980\">STAP 3 - Sjabloon voor elk project<\/h1>\n<p data-start=\"982\" data-end=\"1029\">Gebruik exact dezelfde structuur voor alle 5 projecten.<\/p>\n<p data-start=\"1031\" data-end=\"1064\">Kopieer deze sjabloon gerust rechtstreeks:<\/p>\n<hr data-start=\"1066\" data-end=\"1069\" \/>\n<h3 data-start=\"1071\" data-end=\"1091\">Bovenkant van de pagina:<\/h3>\n<p data-start=\"1093\" data-end=\"1104\"><strong data-start=\"1093\" data-end=\"1104\">Categorie:<\/strong><\/p>\n<p data-start=\"1106\" data-end=\"1114\">Voorbeeld:<\/p>\n<blockquote data-start=\"1116\" data-end=\"1166\">\n<p data-start=\"1118\" data-end=\"1166\">\u201cTurnkey interieurontwerp - appartement in Torrevieja\u201d<\/p>\n<\/blockquote>\n<hr data-start=\"1168\" data-end=\"1171\" \/>\n<h3 data-start=\"1173\" data-end=\"1199\">Direct onder het kopje:<\/h3>\n<p data-start=\"1201\" data-end=\"1233\">Korte samenvatting (3-4 regels):<\/p>\n<ul data-start=\"1235\" data-end=\"1301\">\n<li data-start=\"1235\" data-end=\"1252\">\n<p data-start=\"1237\" data-end=\"1252\">Type woning<\/p>\n<\/li>\n<li data-start=\"1253\" data-end=\"1262\">\n<p data-start=\"1255\" data-end=\"1262\">Locatie<\/p>\n<\/li>\n<li data-start=\"1263\" data-end=\"1285\">\n<p data-start=\"1265\" data-end=\"1285\">Wat de klant nodig had<\/p>\n<\/li>\n<li data-start=\"1286\" data-end=\"1301\">\n<p data-start=\"1288\" data-end=\"1301\">Wat je hebt gedaan<\/p>\n<\/li>\n<\/ul>\n<hr data-start=\"1303\" data-end=\"1306\" \/>\n<h3 data-start=\"1308\" data-end=\"1318\">Sedan:<\/h3>\n<h2 data-start=\"1320\" data-end=\"1334\">VOOR foto's<\/h2>\n<p data-start=\"1336\" data-end=\"1352\">Minstens 2-3 foto's<\/p>\n<p data-start=\"1354\" data-end=\"1361\">Categorie:<\/p>\n<p data-start=\"1363\" data-end=\"1396\"><strong data-start=\"1363\" data-end=\"1396\">\u201cZo zag het huis er eerst uit\u201d<\/strong><\/p>\n<hr data-start=\"1398\" data-end=\"1401\" \/>\n<h2 data-start=\"1403\" data-end=\"1418\">NA foto's<\/h2>\n<p data-start=\"1420\" data-end=\"1430\">5-8 afbeeldingen<\/p>\n<p data-start=\"1432\" data-end=\"1439\">Categorie:<\/p>\n<p data-start=\"1441\" data-end=\"1475\"><strong data-start=\"1441\" data-end=\"1475\">\u201cHet resultaat van ons werk\u201d<\/strong><\/p>\n<hr data-start=\"1477\" data-end=\"1480\" \/>\n<h3 data-start=\"1482\" data-end=\"1496\">Tekstblok:<\/h3>\n<p data-start=\"1498\" data-end=\"1514\">Beschrijving als:<\/p>\n<ul data-start=\"1516\" data-end=\"1574\">\n<li data-start=\"1516\" data-end=\"1537\">\n<p data-start=\"1518\" data-end=\"1537\">de situatie van de klant<\/p>\n<\/li>\n<li data-start=\"1538\" data-end=\"1551\">\n<p data-start=\"1540\" data-end=\"1551\">processen<\/p>\n<\/li>\n<li data-start=\"1552\" data-end=\"1574\">\n<p data-start=\"1554\" data-end=\"1574\">hoe lang het duurde<\/p>\n<\/li>\n<\/ul>\n<hr data-start=\"1576\" data-end=\"1579\" \/>\n<h3 data-start=\"1581\" data-end=\"1606\">Klantofferte (als je die hebt)<\/h3>\n<blockquote data-start=\"1608\" data-end=\"1672\">\n<p data-start=\"1610\" data-end=\"1672\">\u201cWe kwamen aan bij een volledig afgewerkt huis - verbazingwekkend soepel!\u201d<\/p>\n<\/blockquote>\n<hr data-start=\"1674\" data-end=\"1677\" \/>\n<h3 data-start=\"1679\" data-end=\"1702\">Eindig altijd met:<\/h3>\n<p data-start=\"1704\" data-end=\"1720\">Een duidelijke knop:<\/p>\n<p data-start=\"1722\" data-end=\"1768\">\ud83d\udc49 <strong data-start=\"1725\" data-end=\"1768\">\u201cNeem contact met ons op voor hulp met je woning\u201d<\/strong><\/p>\n<p data-start=\"1770\" data-end=\"1802\">Gekoppeld aan je contactformulier<\/p>\n<\/li>\n<\/ul>\n<\/li>\n<\/ul>","protected":false},"excerpt":{"rendered":"<p>B\u00f6rja med att skapa 5 vanliga sidor i WordPress: Exempel: Projekt 1 \u2013 Torrevieja Projekt 2 \u2013 Santa Rosalia Projekt 3 \u2013 Villamartin Projekt 4 &#8211; Los Dolses Projekt 5- Lomas de Cabo Roigz Projekt: Villamartin \u2013 Ny villa, nyckelf\u00e4rdig inredning Kundens \u00f6nskem\u00e5l:Kunden hade ett nybygge med 3 sovrum, k\u00f6k, vardagsrum, terrass och takterrass. \u00d6nskem\u00e5len [&hellip;]<\/p>\n","protected":false},"author":1,"featured_media":0,"parent":72,"menu_order":0,"comment_status":"closed","ping_status":"closed","template":"","meta":{"_acf_changed":false,"footnotes":""},"tags":[],"acf":[],"yoast_head":"<!-- This site is optimized with the Yoast SEO plugin v19.1 - https:\/\/yoast.com\/wordpress\/plugins\/seo\/ -->\n<title>Portfolio | Svea Home<\/title>\n<meta name=\"robots\" content=\"index, follow, max-snippet:-1, max-image-preview:large, max-video-preview:-1\" \/>\n<link rel=\"canonical\" href=\"https:\/\/www.sveahome.com\/nl\/inrichtingsbedrijf\/portfolio\/\" \/>\n<meta property=\"og:locale\" content=\"nl_NL\" \/>\n<meta property=\"og:type\" content=\"article\" \/>\n<meta property=\"og:title\" content=\"Portfolio | Svea Home\" \/>\n<meta property=\"og:description\" content=\"B\u00f6rja med att skapa 5 vanliga sidor i WordPress: Exempel: Projekt 1 \u2013 Torrevieja Projekt 2 \u2013 Santa Rosalia Projekt 3 \u2013 Villamartin Projekt 4 &#8211; Los Dolses Projekt 5- Lomas de Cabo Roigz Projekt: Villamartin \u2013 Ny villa, nyckelf\u00e4rdig inredning Kundens \u00f6nskem\u00e5l:Kunden hade ett nybygge med 3 sovrum, k\u00f6k, vardagsrum, terrass och takterrass. \u00d6nskem\u00e5len [&hellip;]\" \/>\n<meta property=\"og:url\" content=\"https:\/\/www.sveahome.com\/nl\/inrichtingsbedrijf\/portfolio\/\" \/>\n<meta property=\"og:site_name\" content=\"Svea Home\" \/>\n<meta property=\"article:publisher\" content=\"https:\/\/www.facebook.com\/people\/Svea-Home\/100078707354829\/\" \/>\n<meta name=\"twitter:card\" content=\"summary_large_image\" \/>\n<meta name=\"twitter:label1\" content=\"Geschatte leestijd\" \/>\n\t<meta name=\"twitter:data1\" content=\"4 minuten\" \/>\n<script type=\"application\/ld+json\" class=\"yoast-schema-graph\">{\"@context\":\"https:\/\/schema.org\",\"@graph\":[{\"@type\":\"Organization\",\"@id\":\"https:\/\/www.sveahome.com\/#organization\",\"name\":\"Svea Home\",\"url\":\"https:\/\/www.sveahome.com\/\",\"sameAs\":[\"https:\/\/www.instagram.com\/svea.home\/\",\"https:\/\/www.facebook.com\/people\/Svea-Home\/100078707354829\/\"],\"logo\":{\"@type\":\"ImageObject\",\"inLanguage\":\"nl-NL\",\"@id\":\"https:\/\/www.sveahome.com\/#\/schema\/logo\/image\/\",\"url\":\"https:\/\/www.sveahome.com\/wp-content\/uploads\/2022\/02\/SveaHome.jpg\",\"contentUrl\":\"https:\/\/www.sveahome.com\/wp-content\/uploads\/2022\/02\/SveaHome.jpg\",\"width\":239,\"height\":47,\"caption\":\"Svea Home\"},\"image\":{\"@id\":\"https:\/\/www.sveahome.com\/#\/schema\/logo\/image\/\"}},{\"@type\":\"WebSite\",\"@id\":\"https:\/\/www.sveahome.com\/#website\",\"url\":\"https:\/\/www.sveahome.com\/\",\"name\":\"Svea Home\",\"description\":\"\",\"publisher\":{\"@id\":\"https:\/\/www.sveahome.com\/#organization\"},\"potentialAction\":[{\"@type\":\"SearchAction\",\"target\":{\"@type\":\"EntryPoint\",\"urlTemplate\":\"https:\/\/www.sveahome.com\/?s={search_term_string}\"},\"query-input\":\"required name=search_term_string\"}],\"inLanguage\":\"nl-NL\"},{\"@type\":\"WebPage\",\"@id\":\"https:\/\/www.sveahome.com\/inredningsforetag\/portfolio\/#webpage\",\"url\":\"https:\/\/www.sveahome.com\/inredningsforetag\/portfolio\/\",\"name\":\"Portfolio | Svea Home\",\"isPartOf\":{\"@id\":\"https:\/\/www.sveahome.com\/#website\"},\"datePublished\":\"2026-03-23T08:51:56+00:00\",\"dateModified\":\"2026-03-23T08:51:56+00:00\",\"breadcrumb\":{\"@id\":\"https:\/\/www.sveahome.com\/inredningsforetag\/portfolio\/#breadcrumb\"},\"inLanguage\":\"nl-NL\",\"potentialAction\":[{\"@type\":\"ReadAction\",\"target\":[\"https:\/\/www.sveahome.com\/inredningsforetag\/portfolio\/\"]}]},{\"@type\":\"BreadcrumbList\",\"@id\":\"https:\/\/www.sveahome.com\/inredningsforetag\/portfolio\/#breadcrumb\",\"itemListElement\":[{\"@type\":\"ListItem\",\"position\":1,\"name\":\"Home\",\"item\":\"https:\/\/www.sveahome.com\/\"},{\"@type\":\"ListItem\",\"position\":2,\"name\":\"Inredningsf\u00f6retag i Torrevieja\",\"item\":\"https:\/\/www.sveahome.com\/inredningsforetag\/\"},{\"@type\":\"ListItem\",\"position\":3,\"name\":\"Portfolio\"}]}]}<\/script>\n<!-- \/ Yoast SEO plugin. -->","yoast_head_json":{"title":"Portfolio | Svea Home","robots":{"index":"index","follow":"follow","max-snippet":"max-snippet:-1","max-image-preview":"max-image-preview:large","max-video-preview":"max-video-preview:-1"},"canonical":"https:\/\/www.sveahome.com\/nl\/inrichtingsbedrijf\/portfolio\/","og_locale":"nl_NL","og_type":"article","og_title":"Portfolio | Svea Home","og_description":"B\u00f6rja med att skapa 5 vanliga sidor i WordPress: Exempel: Projekt 1 \u2013 Torrevieja Projekt 2 \u2013 Santa Rosalia Projekt 3 \u2013 Villamartin Projekt 4 &#8211; Los Dolses Projekt 5- Lomas de Cabo Roigz Projekt: Villamartin \u2013 Ny villa, nyckelf\u00e4rdig inredning Kundens \u00f6nskem\u00e5l:Kunden hade ett nybygge med 3 sovrum, k\u00f6k, vardagsrum, terrass och takterrass. \u00d6nskem\u00e5len [&hellip;]","og_url":"https:\/\/www.sveahome.com\/nl\/inrichtingsbedrijf\/portfolio\/","og_site_name":"Svea Home","article_publisher":"https:\/\/www.facebook.com\/people\/Svea-Home\/100078707354829\/","twitter_card":"summary_large_image","twitter_misc":{"Geschatte leestijd":"4 minuten"},"schema":{"@context":"https:\/\/schema.org","@graph":[{"@type":"Organization","@id":"https:\/\/www.sveahome.com\/#organization","name":"Svea Home","url":"https:\/\/www.sveahome.com\/","sameAs":["https:\/\/www.instagram.com\/svea.home\/","https:\/\/www.facebook.com\/people\/Svea-Home\/100078707354829\/"],"logo":{"@type":"ImageObject","inLanguage":"nl-NL","@id":"https:\/\/www.sveahome.com\/#\/schema\/logo\/image\/","url":"https:\/\/www.sveahome.com\/wp-content\/uploads\/2022\/02\/SveaHome.jpg","contentUrl":"https:\/\/www.sveahome.com\/wp-content\/uploads\/2022\/02\/SveaHome.jpg","width":239,"height":47,"caption":"Svea Home"},"image":{"@id":"https:\/\/www.sveahome.com\/#\/schema\/logo\/image\/"}},{"@type":"WebSite","@id":"https:\/\/www.sveahome.com\/#website","url":"https:\/\/www.sveahome.com\/","name":"Svea Home","description":"","publisher":{"@id":"https:\/\/www.sveahome.com\/#organization"},"potentialAction":[{"@type":"SearchAction","target":{"@type":"EntryPoint","urlTemplate":"https:\/\/www.sveahome.com\/?s={search_term_string}"},"query-input":"required name=search_term_string"}],"inLanguage":"nl-NL"},{"@type":"WebPage","@id":"https:\/\/www.sveahome.com\/inredningsforetag\/portfolio\/#webpage","url":"https:\/\/www.sveahome.com\/inredningsforetag\/portfolio\/","name":"Portfolio | Svea Home","isPartOf":{"@id":"https:\/\/www.sveahome.com\/#website"},"datePublished":"2026-03-23T08:51:56+00:00","dateModified":"2026-03-23T08:51:56+00:00","breadcrumb":{"@id":"https:\/\/www.sveahome.com\/inredningsforetag\/portfolio\/#breadcrumb"},"inLanguage":"nl-NL","potentialAction":[{"@type":"ReadAction","target":["https:\/\/www.sveahome.com\/inredningsforetag\/portfolio\/"]}]},{"@type":"BreadcrumbList","@id":"https:\/\/www.sveahome.com\/inredningsforetag\/portfolio\/#breadcrumb","itemListElement":[{"@type":"ListItem","position":1,"name":"Home","item":"https:\/\/www.sveahome.com\/"},{"@type":"ListItem","position":2,"name":"Inredningsf\u00f6retag i Torrevieja","item":"https:\/\/www.sveahome.com\/inredningsforetag\/"},{"@type":"ListItem","position":3,"name":"Portfolio"}]}]}},"_links":{"self":[{"href":"https:\/\/www.sveahome.com\/nl\/wp-json\/wp\/v2\/pages\/893"}],"collection":[{"href":"https:\/\/www.sveahome.com\/nl\/wp-json\/wp\/v2\/pages"}],"about":[{"href":"https:\/\/www.sveahome.com\/nl\/wp-json\/wp\/v2\/types\/page"}],"author":[{"embeddable":true,"href":"https:\/\/www.sveahome.com\/nl\/wp-json\/wp\/v2\/users\/1"}],"replies":[{"embeddable":true,"href":"https:\/\/www.sveahome.com\/nl\/wp-json\/wp\/v2\/comments?post=893"}],"version-history":[{"count":3,"href":"https:\/\/www.sveahome.com\/nl\/wp-json\/wp\/v2\/pages\/893\/revisions"}],"predecessor-version":[{"id":1047,"href":"https:\/\/www.sveahome.com\/nl\/wp-json\/wp\/v2\/pages\/893\/revisions\/1047"}],"up":[{"embeddable":true,"href":"https:\/\/www.sveahome.com\/nl\/wp-json\/wp\/v2\/pages\/72"}],"wp:attachment":[{"href":"https:\/\/www.sveahome.com\/nl\/wp-json\/wp\/v2\/media?parent=893"}],"wp:term":[{"taxonomy":"post_tag","embeddable":true,"href":"https:\/\/www.sveahome.com\/nl\/wp-json\/wp\/v2\/tags?post=893"}],"curies":[{"name":"wp","href":"https:\/\/api.w.org\/{rel}","templated":true}]}}