{"id":893,"date":"2026-03-23T09:51:56","date_gmt":"2026-03-23T08:51:56","guid":{"rendered":"https:\/\/www.sveahome.com\/?page_id=893"},"modified":"2026-03-23T09:51:56","modified_gmt":"2026-03-23T08:51:56","slug":"portfolio","status":"publish","type":"page","link":"https:\/\/www.sveahome.com\/pl\/inredningsforetag\/portfolio\/","title":{"rendered":"Portfolio"},"content":{"rendered":"<p data-start=\"549\" data-end=\"597\">Zacznij od utworzenia 5 typowych stron w WordPress:<\/p>\n<p data-start=\"599\" data-end=\"607\">Przyk\u0142ad:<\/p>\n<ul data-start=\"609\" data-end=\"698\">\n<li data-start=\"609\" data-end=\"635\">\n<p data-start=\"611\" data-end=\"635\">Projekt 1 - Torrevieja<\/p>\n<\/li>\n<li data-start=\"636\" data-end=\"663\">\n<p data-start=\"638\" data-end=\"663\">Projekt 2 - Santa Rosalia<\/p>\n<\/li>\n<li data-start=\"664\" data-end=\"691\">\n<p data-start=\"666\" data-end=\"691\">Projekt 3 - Villamartin<\/p>\n<\/li>\n<li data-start=\"664\" data-end=\"691\">\n<p data-start=\"666\" data-end=\"691\">Projekt 4 - Los Dolses<\/p>\n<\/li>\n<li data-start=\"664\" data-end=\"691\">\n<p data-start=\"666\" data-end=\"691\">Projekt 5- Lomas de Cabo Roigz<\/p>\n<h3 data-start=\"147\" data-end=\"206\">Projekt: Villamartin - Nowa willa, wn\u0119trze pod klucz<\/h3>\n<p data-start=\"208\" data-end=\"336\"><strong data-start=\"208\" data-end=\"229\">\u017byczenia klienta:<\/strong><br data-start=\"229\" data-end=\"232\" \/>Klient mia\u0142 nowy budynek z 3 sypialniami, kuchni\u0105, salonem, tarasem i tarasem na dachu. Wymagania obejmowa\u0142y:<\/p>\n<ul data-start=\"337\" data-end=\"431\">\n<li data-start=\"337\" data-end=\"362\">\n<p data-start=\"339\" data-end=\"362\">Markiza na taras<\/p>\n<\/li>\n<li data-start=\"363\" data-end=\"409\">\n<p data-start=\"365\" data-end=\"409\">Pergola i du\u017cy salon na \u015bwie\u017cym powietrzu na tarasie na dachu<\/p>\n<\/li>\n<li data-start=\"410\" data-end=\"431\">\n<p data-start=\"412\" data-end=\"431\">Zbudowana na miejscu kuchnia zewn\u0119trzna<\/p>\n<\/li>\n<\/ul>\n<p data-start=\"433\" data-end=\"453\"><strong data-start=\"433\" data-end=\"451\">Co zrobili\u015bmy:<\/strong><\/p>\n<ul data-start=\"454\" data-end=\"682\">\n<li data-start=\"454\" data-end=\"516\">\n<p data-start=\"456\" data-end=\"516\">Wybrano i dostarczono meble i dekoracje do wszystkich pomieszcze\u0144.<\/p>\n<\/li>\n<li data-start=\"517\" data-end=\"613\">\n<p data-start=\"519\" data-end=\"613\">Kupi\u0142 ca\u0142e wyposa\u017cenie: sprz\u0119t AGD, po\u015bciel, tekstylia \u0142azienkowe i wyposa\u017cenie kuchni.<\/p>\n<\/li>\n<li data-start=\"614\" data-end=\"682\">\n<p data-start=\"616\" data-end=\"682\">Dostarczony kompletny dom pod klucz gotowy do zamieszkania.<\/p>\n<\/li>\n<\/ul>\n<p data-start=\"684\" data-end=\"845\"><strong data-start=\"684\" data-end=\"697\">Wyniki:<\/strong><br data-start=\"697\" data-end=\"700\" \/>Willa zosta\u0142a w pe\u0142ni umeblowana i wyposa\u017cona zgodnie z \u017cyczeniem klienta, z funkcjonalnymi i estetycznymi rozwi\u0105zaniami zar\u00f3wno wewn\u0105trz, jak i na zewn\u0105trz.<\/p>\n<p data-start=\"666\" data-end=\"691\">\u2014\u2014\u2014\u2014\u2014\u2014\u2014\u2014\u2014\u2014\u2014\u2014\u2014\u2014\u2014\u2014\u2014\u2014\u2014\u2014\u2014\u2014\u2014\u2014\u2014\u2014\u2014<\/p>\n<h3>Projekt: Los Dolses - Renowacja domu wakacyjnego<\/h3>\n<p data-start=\"234\" data-end=\"433\"><strong data-start=\"234\" data-end=\"255\">\u017byczenia klienta:<\/strong><br data-start=\"255\" data-end=\"258\" \/>Klient chcia\u0142 odnowi\u0107 sw\u00f3j dom za pomoc\u0105 nowych mebli, ale chcia\u0142 zachowa\u0107 jadalni\u0119 z kredensem i lustrem w jadalni. Skupiono si\u0119 na jasnych kolorach i naturalnych materia\u0142ach drewnianych.<\/p>\n<p data-start=\"435\" data-end=\"455\"><strong data-start=\"435\" data-end=\"453\">Co zrobili\u015bmy:<\/strong><\/p>\n<ul data-start=\"456\" data-end=\"892\">\n<li data-start=\"456\" data-end=\"529\">\n<p data-start=\"458\" data-end=\"529\">Od\u015bwie\u017cono istniej\u0105ce krzes\u0142a do jadalni, dodaj\u0105c nowe obicia i tapicerk\u0119.<\/p>\n<\/li>\n<li data-start=\"530\" data-end=\"607\">\n<p data-start=\"532\" data-end=\"607\">Wybrano meble do wn\u0119trz i na zewn\u0105trz w ramach bud\u017cetu klienta.<\/p>\n<\/li>\n<li data-start=\"608\" data-end=\"683\">\n<p data-start=\"610\" data-end=\"683\">Zam\u00f3wi\u0142em niestandardowe zas\u0142ony do salonu na zakrzywion\u0105 \u015bcian\u0119.<\/p>\n<\/li>\n<li data-start=\"684\" data-end=\"735\">\n<p data-start=\"686\" data-end=\"735\">Wymieniono star\u0105, zepsut\u0105 markiz\u0119 na now\u0105.<\/p>\n<\/li>\n<li data-start=\"736\" data-end=\"892\">\n<p data-start=\"738\" data-end=\"892\">Zarz\u0105dzanie ca\u0142ym procesem od zam\u00f3wienia do dostawy i monta\u017cu.<\/p>\n<\/li>\n<\/ul>\n<p data-start=\"894\" data-end=\"1070\"><strong data-start=\"894\" data-end=\"907\">Wyniki:<\/strong><br data-start=\"907\" data-end=\"910\" \/>Dom zyska\u0142 nowoczesny i ja\u015bniejszy wygl\u0105d z funkcjonalnymi i estetycznymi meblami, zar\u00f3wno wewn\u0105trz, jak i na zewn\u0105trz, gotowymi do cieszenia si\u0119 podczas \u015bwi\u0105t.<\/p>\n<p>\u2014\u2014\u2014\u2014\u2014\u2014\u2014\u2014\u2014\u2014\u2014\u2014\u2014\u2014\u2014\u2014\u2014\u2014\u2014\u2014\u2014\u2014\u2014\u2014\u2014\u2014\u2014\u2014\u2013<\/p>\n<h3 data-start=\"137\" data-end=\"211\">Projekt: Santa Rosalia - Dom wakacyjny z naciskiem na funkcjonalno\u015b\u0107 i styl<\/h3>\n<p data-start=\"213\" data-end=\"346\"><strong data-start=\"213\" data-end=\"234\">\u017byczenia klienta:<\/strong><br data-start=\"234\" data-end=\"237\" \/>Nieruchomo\u015b\u0107 mia\u0142a 4 sypialnie, salon, kuchni\u0119, salon w piwnicy, balkon, taras i taras na dachu. \u017byczenia obejmowa\u0142y:<\/p>\n<ul data-start=\"347\" data-end=\"580\">\n<li data-start=\"347\" data-end=\"371\">\n<p data-start=\"349\" data-end=\"371\">Stylowy, nowoczesny styl<\/p>\n<\/li>\n<li data-start=\"372\" data-end=\"432\">\n<p data-start=\"374\" data-end=\"432\">Wiele miejsc do spania w piwnicy, aby pomie\u015bci\u0107 wielu go\u015bci<\/p>\n<\/li>\n<li data-start=\"433\" data-end=\"454\">\n<p data-start=\"435\" data-end=\"454\">K\u0105cik zabaw dla dzieci<\/p>\n<\/li>\n<li>Cementowy st\u00f3\u0142 jadalny na tarasie<\/li>\n<li data-start=\"455\" data-end=\"495\">\n<p data-start=\"457\" data-end=\"495\">Aluminiowy taras na dachu z jadalni\u0105<\/p>\n<\/li>\n<li data-start=\"496\" data-end=\"580\">\n<p data-start=\"498\" data-end=\"580\">Sztuczne ro\u015bliny wewn\u0105trz i na zewn\u0105trz, bior\u0105c pod uwag\u0119, \u017ce rezydencja jest domem wakacyjnym<\/p>\n<\/li>\n<\/ul>\n<p data-start=\"582\" data-end=\"602\"><strong data-start=\"582\" data-end=\"600\">Co zrobili\u015bmy:<\/strong><\/p>\n<ul data-start=\"603\" data-end=\"909\">\n<li data-start=\"603\" data-end=\"665\">\n<p data-start=\"605\" data-end=\"665\">Wybrano i dostarczono meble i wyposa\u017cenie do wszystkich pomieszcze\u0144.<\/p>\n<\/li>\n<li data-start=\"666\" data-end=\"762\">\n<p data-start=\"668\" data-end=\"762\">Obs\u0142ugiwa\u0142 wszystkie zam\u00f3wienia, odbiera\u0142 dostawy i upewnia\u0142 si\u0119, \u017ce wszystko zosta\u0142o zmontowane na miejscu.<\/p>\n<\/li>\n<li data-start=\"763\" data-end=\"812\">\n<p data-start=\"765\" data-end=\"812\">Zam\u00f3w niestandardowe zas\u0142ony do wszystkich pomieszcze\u0144.<\/p>\n<\/li>\n<li data-start=\"813\" data-end=\"909\">\n<p data-start=\"815\" data-end=\"909\">Kupi\u0142 ca\u0142e wyposa\u017cenie: sprz\u0119t AGD, po\u015bciel, tekstylia \u0142azienkowe i wyposa\u017cenie kuchni.<\/p>\n<\/li>\n<\/ul>\n<p data-start=\"911\" data-end=\"1087\"><strong data-start=\"911\" data-end=\"924\">Wyniki:<\/strong><br data-start=\"924\" data-end=\"927\" \/>Dom zosta\u0142 w pe\u0142ni umeblowany i wyposa\u017cony zgodnie z \u017cyczeniem klienta, z funkcjonalnymi rozwi\u0105zaniami zar\u00f3wno dla dzieci, jak i doros\u0142ych, gotowy na wakacje i go\u015bci przez ca\u0142y rok.<\/p>\n<\/li>\n<\/ul>\n<p>&nbsp;<\/p>\n<h3 data-start=\"138\" data-end=\"197\">Projekt: La Mata - Odnowiony apartament z eleganckim wystrojem wn\u0119trz<\/h3>\n<p data-start=\"199\" data-end=\"312\"><strong data-start=\"199\" data-end=\"220\">\u017byczenia klienta:<\/strong><br data-start=\"220\" data-end=\"223\" \/>Apartament mia\u0142 2 sypialnie, kuchni\u0119, salon i przeszklony taras. \u017byczenia obejmowa\u0142y:<\/p>\n<ul data-start=\"313\" data-end=\"509\">\n<li data-start=\"313\" data-end=\"354\">\n<p data-start=\"315\" data-end=\"354\">Lampy o ciep\u0142ym \u015bwietle z funkcj\u0105 \u015bciemniania<\/p>\n<\/li>\n<li data-start=\"355\" data-end=\"406\">\n<p data-start=\"357\" data-end=\"406\">Wi\u0119cej opcji przechowywania w ma\u0142ej sypialni<\/p>\n<\/li>\n<li data-start=\"407\" data-end=\"509\">\n<p data-start=\"409\" data-end=\"509\">St\u00f3\u0142 dla 6 os\u00f3b na przeszklonym tarasie z miejscem do przechowywania i przytulnym k\u0105cikiem dla 2 os\u00f3b.<\/p>\n<\/li>\n<\/ul>\n<p data-start=\"511\" data-end=\"531\"><strong data-start=\"511\" data-end=\"529\">Co zrobili\u015bmy:<\/strong><\/p>\n<ul data-start=\"532\" data-end=\"741\">\n<li data-start=\"532\" data-end=\"589\">\n<p data-start=\"534\" data-end=\"589\">Wybrane meble i wyposa\u017cenie w preferowanym przez klienta stylu.<\/p>\n<\/li>\n<li data-start=\"590\" data-end=\"650\">\n<p data-start=\"592\" data-end=\"650\">Zorganizowane rozwi\u0105zania do przechowywania i funkcjonalno\u015b\u0107 we wszystkich pomieszczeniach.<\/p>\n<\/li>\n<li data-start=\"651\" data-end=\"741\">\n<p data-start=\"653\" data-end=\"741\">Upewni\u0142 si\u0119, \u017ce wszystkie meble zosta\u0142y dostarczone i umieszczone na miejscu, gotowe do u\u017cycia.<\/p>\n<\/li>\n<\/ul>\n<p data-start=\"743\" data-end=\"897\"><strong data-start=\"743\" data-end=\"756\">Wyniki:<\/strong><br data-start=\"756\" data-end=\"759\" \/>Mieszkanie otrzyma\u0142o kompletny i harmonijny wystr\u00f3j wn\u0119trz, z inteligentnymi rozwi\u0105zaniami do przechowywania i przytulnymi strefami zar\u00f3wno do codziennego \u017cycia, jak i towarzystwa.<\/p>\n<p data-start=\"743\" data-end=\"897\">\u2014\u2014\u2014\u2014\u2014\u2014\u2014\u2014\u2014\u2014\u2014\u2014\u2014\u2014\u2014\u2014\u2014\u2014\u2014\u2014\u2014\u2014\u2014\u2014\u2014\u2014\u2014\u2014\u2014\u2014\u2014\u2014\u2014\u2014<\/p>\n<p>&nbsp;<\/p>\n<p data-start=\"700\" data-end=\"724\">Na ka\u017cdej stronie nale\u017cy umie\u015bci\u0107:<\/p>\n<ul data-start=\"726\" data-end=\"771\">\n<li data-start=\"726\" data-end=\"736\">\n<p data-start=\"728\" data-end=\"736\">pozycja<\/p>\n<\/li>\n<li data-start=\"737\" data-end=\"747\">\n<p data-start=\"739\" data-end=\"747\">obrazy<\/p>\n<\/li>\n<li data-start=\"748\" data-end=\"756\">\n<p data-start=\"750\" data-end=\"756\">tekst<\/p>\n<\/li>\n<li data-start=\"757\" data-end=\"771\">\n<p data-start=\"759\" data-end=\"771\">przycisk kontaktu<\/p>\n<h3 data-start=\"747\" data-end=\"760\"><\/h3>\n<hr data-start=\"867\" data-end=\"870\" \/>\n<h3 data-start=\"872\" data-end=\"895\">b) Kr\u00f3tki opis<\/h3>\n<p data-start=\"897\" data-end=\"910\">Zawsze pisz:<\/p>\n<ul data-start=\"912\" data-end=\"980\">\n<li data-start=\"912\" data-end=\"930\">\n<p data-start=\"914\" data-end=\"930\">Kim by\u0142 klient<\/p>\n<\/li>\n<li data-start=\"931\" data-end=\"949\">\n<p data-start=\"933\" data-end=\"949\">Czego potrzebowali<\/p>\n<\/li>\n<li data-start=\"950\" data-end=\"967\">\n<p data-start=\"952\" data-end=\"967\">Co zrobi\u0142e\u015b<\/p>\n<\/li>\n<li data-start=\"968\" data-end=\"980\">\n<p data-start=\"970\" data-end=\"980\">Wynik<\/p>\n<h1 data-start=\"947\" data-end=\"980\">KROK 3 - Szablon dla ka\u017cdego projektu<\/h1>\n<p data-start=\"982\" data-end=\"1029\">U\u017cyj dok\u0142adnie tej samej struktury dla wszystkich 5 projekt\u00f3w.<\/p>\n<p data-start=\"1031\" data-end=\"1064\">Zach\u0119camy do bezpo\u015bredniego kopiowania tego szablonu:<\/p>\n<hr data-start=\"1066\" data-end=\"1069\" \/>\n<h3 data-start=\"1071\" data-end=\"1091\">U g\u00f3ry strony:<\/h3>\n<p data-start=\"1093\" data-end=\"1104\"><strong data-start=\"1093\" data-end=\"1104\">Kategoria:<\/strong><\/p>\n<p data-start=\"1106\" data-end=\"1114\">Przyk\u0142ad:<\/p>\n<blockquote data-start=\"1116\" data-end=\"1166\">\n<p data-start=\"1118\" data-end=\"1166\">\u201cProjekt wn\u0119trz pod klucz - apartament w Torrevieja\u201d<\/p>\n<\/blockquote>\n<hr data-start=\"1168\" data-end=\"1171\" \/>\n<h3 data-start=\"1173\" data-end=\"1199\">Bezpo\u015brednio pod nag\u0142\u00f3wkiem:<\/h3>\n<p data-start=\"1201\" data-end=\"1233\">Kr\u00f3tkie podsumowanie (3-4 linijki):<\/p>\n<ul data-start=\"1235\" data-end=\"1301\">\n<li data-start=\"1235\" data-end=\"1252\">\n<p data-start=\"1237\" data-end=\"1252\">Typ mieszkania<\/p>\n<\/li>\n<li data-start=\"1253\" data-end=\"1262\">\n<p data-start=\"1255\" data-end=\"1262\">Lokalizacja<\/p>\n<\/li>\n<li data-start=\"1263\" data-end=\"1285\">\n<p data-start=\"1265\" data-end=\"1285\">Czego potrzebowa\u0142 klient<\/p>\n<\/li>\n<li data-start=\"1286\" data-end=\"1301\">\n<p data-start=\"1288\" data-end=\"1301\">Co zrobi\u0142e\u015b<\/p>\n<\/li>\n<\/ul>\n<hr data-start=\"1303\" data-end=\"1306\" \/>\n<h3 data-start=\"1308\" data-end=\"1318\">Sedan:<\/h3>\n<h2 data-start=\"1320\" data-end=\"1334\">Zdj\u0119cia PRZED<\/h2>\n<p data-start=\"1336\" data-end=\"1352\">Co najmniej 2-3 zdj\u0119cia<\/p>\n<p data-start=\"1354\" data-end=\"1361\">Kategoria:<\/p>\n<p data-start=\"1363\" data-end=\"1396\"><strong data-start=\"1363\" data-end=\"1396\">\u201cTak dom wygl\u0105da\u0142 wcze\u015bniej\u201d<\/strong><\/p>\n<hr data-start=\"1398\" data-end=\"1401\" \/>\n<h2 data-start=\"1403\" data-end=\"1418\">Zdj\u0119cia PO<\/h2>\n<p data-start=\"1420\" data-end=\"1430\">5-8 obraz\u00f3w<\/p>\n<p data-start=\"1432\" data-end=\"1439\">Kategoria:<\/p>\n<p data-start=\"1441\" data-end=\"1475\"><strong data-start=\"1441\" data-end=\"1475\">\u201cWynik naszej pracy\u201d<\/strong><\/p>\n<hr data-start=\"1477\" data-end=\"1480\" \/>\n<h3 data-start=\"1482\" data-end=\"1496\">Blok tekstowy:<\/h3>\n<p data-start=\"1498\" data-end=\"1514\">Opis jako:<\/p>\n<ul data-start=\"1516\" data-end=\"1574\">\n<li data-start=\"1516\" data-end=\"1537\">\n<p data-start=\"1518\" data-end=\"1537\">sytuacja klienta<\/p>\n<\/li>\n<li data-start=\"1538\" data-end=\"1551\">\n<p data-start=\"1540\" data-end=\"1551\">procesy<\/p>\n<\/li>\n<li data-start=\"1552\" data-end=\"1574\">\n<p data-start=\"1554\" data-end=\"1574\">Jak d\u0142ugo to trwa\u0142o<\/p>\n<\/li>\n<\/ul>\n<hr data-start=\"1576\" data-end=\"1579\" \/>\n<h3 data-start=\"1581\" data-end=\"1606\">Wycena klienta (je\u015bli posiadasz)<\/h3>\n<blockquote data-start=\"1608\" data-end=\"1672\">\n<p data-start=\"1610\" data-end=\"1672\">\u201cZeszli\u015bmy do w pe\u0142ni wyko\u0144czonego domu - niesamowicie g\u0142adko!\u201d<\/p>\n<\/blockquote>\n<hr data-start=\"1674\" data-end=\"1677\" \/>\n<h3 data-start=\"1679\" data-end=\"1702\">Zawsze ko\u0144cz z:<\/h3>\n<p data-start=\"1704\" data-end=\"1720\">Wyczy\u015b\u0107 przycisk:<\/p>\n<p data-start=\"1722\" data-end=\"1768\">\ud83d\udc49 <strong data-start=\"1725\" data-end=\"1768\">\u201cSkontaktuj si\u0119 z nami, aby uzyska\u0107 pomoc dotycz\u0105c\u0105 nieruchomo\u015bci\u201d<\/strong><\/p>\n<p data-start=\"1770\" data-end=\"1802\">Link do formularza kontaktowego<\/p>\n<\/li>\n<\/ul>\n<\/li>\n<\/ul>","protected":false},"excerpt":{"rendered":"<p>B\u00f6rja med att skapa 5 vanliga sidor i WordPress: Exempel: Projekt 1 \u2013 Torrevieja Projekt 2 \u2013 Santa Rosalia Projekt 3 \u2013 Villamartin Projekt 4 &#8211; Los Dolses Projekt 5- Lomas de Cabo Roigz Projekt: Villamartin \u2013 Ny villa, nyckelf\u00e4rdig inredning Kundens \u00f6nskem\u00e5l:Kunden hade ett nybygge med 3 sovrum, k\u00f6k, vardagsrum, terrass och takterrass. \u00d6nskem\u00e5len [&hellip;]<\/p>\n","protected":false},"author":1,"featured_media":0,"parent":72,"menu_order":0,"comment_status":"closed","ping_status":"closed","template":"","meta":{"_acf_changed":false,"footnotes":""},"tags":[],"acf":[],"yoast_head":"<!-- This site is optimized with the Yoast SEO plugin v19.1 - https:\/\/yoast.com\/wordpress\/plugins\/seo\/ -->\n<title>Portfolio | Svea Home<\/title>\n<meta name=\"robots\" content=\"index, follow, max-snippet:-1, max-image-preview:large, max-video-preview:-1\" \/>\n<link rel=\"canonical\" href=\"https:\/\/www.sveahome.com\/pl\/firma-meblowa\/portfolio\/\" \/>\n<meta property=\"og:locale\" content=\"pl_PL\" \/>\n<meta property=\"og:type\" content=\"article\" \/>\n<meta property=\"og:title\" content=\"Portfolio | Svea Home\" \/>\n<meta property=\"og:description\" content=\"B\u00f6rja med att skapa 5 vanliga sidor i WordPress: Exempel: Projekt 1 \u2013 Torrevieja Projekt 2 \u2013 Santa Rosalia Projekt 3 \u2013 Villamartin Projekt 4 &#8211; Los Dolses Projekt 5- Lomas de Cabo Roigz Projekt: Villamartin \u2013 Ny villa, nyckelf\u00e4rdig inredning Kundens \u00f6nskem\u00e5l:Kunden hade ett nybygge med 3 sovrum, k\u00f6k, vardagsrum, terrass och takterrass. \u00d6nskem\u00e5len [&hellip;]\" \/>\n<meta property=\"og:url\" content=\"https:\/\/www.sveahome.com\/pl\/firma-meblowa\/portfolio\/\" \/>\n<meta property=\"og:site_name\" content=\"Svea Home\" \/>\n<meta property=\"article:publisher\" content=\"https:\/\/www.facebook.com\/people\/Svea-Home\/100078707354829\/\" \/>\n<meta name=\"twitter:card\" content=\"summary_large_image\" \/>\n<meta name=\"twitter:label1\" content=\"Szacowany czas czytania\" \/>\n\t<meta name=\"twitter:data1\" content=\"4 minuty\" \/>\n<script type=\"application\/ld+json\" class=\"yoast-schema-graph\">{\"@context\":\"https:\/\/schema.org\",\"@graph\":[{\"@type\":\"Organization\",\"@id\":\"https:\/\/www.sveahome.com\/#organization\",\"name\":\"Svea Home\",\"url\":\"https:\/\/www.sveahome.com\/\",\"sameAs\":[\"https:\/\/www.instagram.com\/svea.home\/\",\"https:\/\/www.facebook.com\/people\/Svea-Home\/100078707354829\/\"],\"logo\":{\"@type\":\"ImageObject\",\"inLanguage\":\"pl-PL\",\"@id\":\"https:\/\/www.sveahome.com\/#\/schema\/logo\/image\/\",\"url\":\"https:\/\/www.sveahome.com\/wp-content\/uploads\/2022\/02\/SveaHome.jpg\",\"contentUrl\":\"https:\/\/www.sveahome.com\/wp-content\/uploads\/2022\/02\/SveaHome.jpg\",\"width\":239,\"height\":47,\"caption\":\"Svea Home\"},\"image\":{\"@id\":\"https:\/\/www.sveahome.com\/#\/schema\/logo\/image\/\"}},{\"@type\":\"WebSite\",\"@id\":\"https:\/\/www.sveahome.com\/#website\",\"url\":\"https:\/\/www.sveahome.com\/\",\"name\":\"Svea Home\",\"description\":\"\",\"publisher\":{\"@id\":\"https:\/\/www.sveahome.com\/#organization\"},\"potentialAction\":[{\"@type\":\"SearchAction\",\"target\":{\"@type\":\"EntryPoint\",\"urlTemplate\":\"https:\/\/www.sveahome.com\/?s={search_term_string}\"},\"query-input\":\"required name=search_term_string\"}],\"inLanguage\":\"pl-PL\"},{\"@type\":\"WebPage\",\"@id\":\"https:\/\/www.sveahome.com\/inredningsforetag\/portfolio\/#webpage\",\"url\":\"https:\/\/www.sveahome.com\/inredningsforetag\/portfolio\/\",\"name\":\"Portfolio | Svea Home\",\"isPartOf\":{\"@id\":\"https:\/\/www.sveahome.com\/#website\"},\"datePublished\":\"2026-03-23T08:51:56+00:00\",\"dateModified\":\"2026-03-23T08:51:56+00:00\",\"breadcrumb\":{\"@id\":\"https:\/\/www.sveahome.com\/inredningsforetag\/portfolio\/#breadcrumb\"},\"inLanguage\":\"pl-PL\",\"potentialAction\":[{\"@type\":\"ReadAction\",\"target\":[\"https:\/\/www.sveahome.com\/inredningsforetag\/portfolio\/\"]}]},{\"@type\":\"BreadcrumbList\",\"@id\":\"https:\/\/www.sveahome.com\/inredningsforetag\/portfolio\/#breadcrumb\",\"itemListElement\":[{\"@type\":\"ListItem\",\"position\":1,\"name\":\"Home\",\"item\":\"https:\/\/www.sveahome.com\/\"},{\"@type\":\"ListItem\",\"position\":2,\"name\":\"Inredningsf\u00f6retag i Torrevieja\",\"item\":\"https:\/\/www.sveahome.com\/inredningsforetag\/\"},{\"@type\":\"ListItem\",\"position\":3,\"name\":\"Portfolio\"}]}]}<\/script>\n<!-- \/ Yoast SEO plugin. -->","yoast_head_json":{"title":"Portfolio | Svea Home","robots":{"index":"index","follow":"follow","max-snippet":"max-snippet:-1","max-image-preview":"max-image-preview:large","max-video-preview":"max-video-preview:-1"},"canonical":"https:\/\/www.sveahome.com\/pl\/firma-meblowa\/portfolio\/","og_locale":"pl_PL","og_type":"article","og_title":"Portfolio | Svea Home","og_description":"B\u00f6rja med att skapa 5 vanliga sidor i WordPress: Exempel: Projekt 1 \u2013 Torrevieja Projekt 2 \u2013 Santa Rosalia Projekt 3 \u2013 Villamartin Projekt 4 &#8211; Los Dolses Projekt 5- Lomas de Cabo Roigz Projekt: Villamartin \u2013 Ny villa, nyckelf\u00e4rdig inredning Kundens \u00f6nskem\u00e5l:Kunden hade ett nybygge med 3 sovrum, k\u00f6k, vardagsrum, terrass och takterrass. \u00d6nskem\u00e5len [&hellip;]","og_url":"https:\/\/www.sveahome.com\/pl\/firma-meblowa\/portfolio\/","og_site_name":"Svea Home","article_publisher":"https:\/\/www.facebook.com\/people\/Svea-Home\/100078707354829\/","twitter_card":"summary_large_image","twitter_misc":{"Szacowany czas czytania":"4 minuty"},"schema":{"@context":"https:\/\/schema.org","@graph":[{"@type":"Organization","@id":"https:\/\/www.sveahome.com\/#organization","name":"Svea Home","url":"https:\/\/www.sveahome.com\/","sameAs":["https:\/\/www.instagram.com\/svea.home\/","https:\/\/www.facebook.com\/people\/Svea-Home\/100078707354829\/"],"logo":{"@type":"ImageObject","inLanguage":"pl-PL","@id":"https:\/\/www.sveahome.com\/#\/schema\/logo\/image\/","url":"https:\/\/www.sveahome.com\/wp-content\/uploads\/2022\/02\/SveaHome.jpg","contentUrl":"https:\/\/www.sveahome.com\/wp-content\/uploads\/2022\/02\/SveaHome.jpg","width":239,"height":47,"caption":"Svea Home"},"image":{"@id":"https:\/\/www.sveahome.com\/#\/schema\/logo\/image\/"}},{"@type":"WebSite","@id":"https:\/\/www.sveahome.com\/#website","url":"https:\/\/www.sveahome.com\/","name":"Svea Home","description":"","publisher":{"@id":"https:\/\/www.sveahome.com\/#organization"},"potentialAction":[{"@type":"SearchAction","target":{"@type":"EntryPoint","urlTemplate":"https:\/\/www.sveahome.com\/?s={search_term_string}"},"query-input":"required name=search_term_string"}],"inLanguage":"pl-PL"},{"@type":"WebPage","@id":"https:\/\/www.sveahome.com\/inredningsforetag\/portfolio\/#webpage","url":"https:\/\/www.sveahome.com\/inredningsforetag\/portfolio\/","name":"Portfolio | Svea Home","isPartOf":{"@id":"https:\/\/www.sveahome.com\/#website"},"datePublished":"2026-03-23T08:51:56+00:00","dateModified":"2026-03-23T08:51:56+00:00","breadcrumb":{"@id":"https:\/\/www.sveahome.com\/inredningsforetag\/portfolio\/#breadcrumb"},"inLanguage":"pl-PL","potentialAction":[{"@type":"ReadAction","target":["https:\/\/www.sveahome.com\/inredningsforetag\/portfolio\/"]}]},{"@type":"BreadcrumbList","@id":"https:\/\/www.sveahome.com\/inredningsforetag\/portfolio\/#breadcrumb","itemListElement":[{"@type":"ListItem","position":1,"name":"Home","item":"https:\/\/www.sveahome.com\/"},{"@type":"ListItem","position":2,"name":"Inredningsf\u00f6retag i Torrevieja","item":"https:\/\/www.sveahome.com\/inredningsforetag\/"},{"@type":"ListItem","position":3,"name":"Portfolio"}]}]}},"_links":{"self":[{"href":"https:\/\/www.sveahome.com\/pl\/wp-json\/wp\/v2\/pages\/893"}],"collection":[{"href":"https:\/\/www.sveahome.com\/pl\/wp-json\/wp\/v2\/pages"}],"about":[{"href":"https:\/\/www.sveahome.com\/pl\/wp-json\/wp\/v2\/types\/page"}],"author":[{"embeddable":true,"href":"https:\/\/www.sveahome.com\/pl\/wp-json\/wp\/v2\/users\/1"}],"replies":[{"embeddable":true,"href":"https:\/\/www.sveahome.com\/pl\/wp-json\/wp\/v2\/comments?post=893"}],"version-history":[{"count":3,"href":"https:\/\/www.sveahome.com\/pl\/wp-json\/wp\/v2\/pages\/893\/revisions"}],"predecessor-version":[{"id":1047,"href":"https:\/\/www.sveahome.com\/pl\/wp-json\/wp\/v2\/pages\/893\/revisions\/1047"}],"up":[{"embeddable":true,"href":"https:\/\/www.sveahome.com\/pl\/wp-json\/wp\/v2\/pages\/72"}],"wp:attachment":[{"href":"https:\/\/www.sveahome.com\/pl\/wp-json\/wp\/v2\/media?parent=893"}],"wp:term":[{"taxonomy":"post_tag","embeddable":true,"href":"https:\/\/www.sveahome.com\/pl\/wp-json\/wp\/v2\/tags?post=893"}],"curies":[{"name":"wp","href":"https:\/\/api.w.org\/{rel}","templated":true}]}}