{"id":108,"date":"2022-02-21T12:42:56","date_gmt":"2022-02-21T12:42:56","guid":{"rendered":"https:\/\/www.sveahome.com\/?page_id=108"},"modified":"2026-02-18T14:55:16","modified_gmt":"2026-02-18T13:55:16","slug":"%d0%b2%d0%b8%d0%bf%d0%be%d1%80%d0%be%d0%b6%d0%bd%d0%b5%d0%bd%d0%bd%d1%8f-%d0%b2%d0%b8%d0%bb%d1%83%d1%87%d0%b5%d0%bd%d0%bd%d1%8f-%d0%bf%d0%be%d1%81%d1%82%d0%b0%d0%bd%d0%be%d0%b2%d0%ba%d0%b0-%d0%b2","status":"publish","type":"page","link":"https:\/\/www.sveahome.com\/uk\/torrevieja\/tomning-bortforsling-stadning\/","title":{"rendered":"\u0421\u043f\u043e\u0440\u043e\u0436\u043d\u0435\u043d\u043d\u044f, \u0432\u0438\u0439\u043c\u0430\u043d\u043d\u044f \u0442\u0430 \u043e\u0447\u0438\u0449\u0435\u043d\u043d\u044f"},"content":{"rendered":"<p><strong>Vi erbjuder t\u00f6mning av hus, l\u00e4genheter och d\u00f6dsbon, bortforsling av m\u00f6bler samt d\u00e4refter st\u00e4dning av den tomma lokalen.<\/strong><\/p>\n<p>H\u00e4r i och omkring Torrevieja \u00e4r det m\u00e5nga som k\u00f6per hus fulla av m\u00f6bler och inredning som de beh\u00f6ver hj\u00e4lp med att forsla bort. Andra beh\u00f6ver t\u00f6mma ett d\u00f6dsbo p\u00e5 distans.<\/p>\n<p>Oavsett vilka sk\u00e4len \u00e4r till att man beh\u00f6ver t\u00f6mma och st\u00e4da ur en bostad s\u00e5 erbjuder vi v\u00e5r hj\u00e4lp i alla steg.<\/p>\n<ol>\n<li>Vi h\u00e4mtar vid behov nyckel till bostaden.<\/li>\n<li>Vi t\u00f6mmer bostaden p\u00e5 de m\u00f6bler och den inredning du vill bli av med.<\/li>\n<li>Vi ordnar med bortforsling och \u00e5tervinning av m\u00f6bler, utrustning och inredning.<\/li>\n<li>Vi st\u00e4dar ur bostaden utifr\u00e5n \u00f6nskem\u00e5l och behov.<\/li>\n<\/ol>\n<h2>Priser f\u00f6r t\u00f6mning, bortforsling och st\u00e4dning<\/h2>\n<p>Eftersom varje uppdrag skiljer sig \u00e5t n\u00e4r det g\u00e4ller m\u00e4ngden m\u00f6bler, omfattning av bortforsling samt bostadens skick l\u00e4mnar vi alltid personliga offerter.<\/p>\n<p>Priset baseras bland annat p\u00e5:<\/p>\n<ul>\n<li><strong>Hur mycket som skall t\u00f6mmas och forslas bort<\/strong><\/li>\n<li><strong>Bostadens storlek<\/strong><\/li>\n<li><strong>St\u00e4dningens omfattning och skick<\/strong><\/li>\n<li><strong>Tillg\u00e4nglighet (v\u00e5ning, hiss, antal plan)<\/strong><\/li>\n<li><strong>Parkeringsm\u00f6jligheter i anslutning till bostaden<\/strong><\/li>\n<\/ul>\n<p data-start=\"1314\" data-end=\"1450\">Kontakta oss f\u00f6r en kostnadsfri offert.<br data-start=\"1353\" data-end=\"1356\" \/>Du kan skicka bilder och information om bostaden, s\u00e5 \u00e5terkommer vi snabbt med ett prisf\u00f6rslag.<\/p>\n<h3>I ett st\u00e4d ing\u00e5r f\u00f6ljande:<\/h3>\n<p><strong>Sovrum, Kontor<\/strong><\/p>\n<ul>\n<li>Dammsugning och v\u00e5ttorkning av golv.<\/li>\n<li>Reng\u00f6ring av element.<\/li>\n<li>Reng\u00f6ring av d\u00f6rrar och garderober.<\/li>\n<\/ul>\n<p><strong>K\u00f6k<\/strong><\/p>\n<ul>\n<li>Reng\u00f6ring av sk\u00e5p och l\u00e5dor.<\/li>\n<li>Kakelreng\u00f6ring.<\/li>\n<li>Inv\u00e4ndig reng\u00f6ring av kyl och frys.<\/li>\n<li>Reng\u00f6ring av spis.<\/li>\n<li>Reng\u00f6ring av ugn.<\/li>\n<li>Avtorkning av k\u00f6ksfl\u00e4kt.<\/li>\n<li>Dammsugning och v\u00e5ttorkning av golv.<\/li>\n<\/ul>\n<p><strong>Badrum<\/strong>, <strong>WC<\/strong><\/p>\n<ul>\n<li>Reng\u00f6ring av kakel.<\/li>\n<li>Rensning av golvbrunn.<\/li>\n<li>Reng\u00f6ring av badkar, handfat, toalett och badrumssk\u00e5p.<\/li>\n<li>Dammsugning och avtorkning av golv.<\/li>\n<\/ul>\n<p><strong>I en flyttst\u00e4dning ing\u00e5r inte st\u00e4d av:<\/strong><\/p>\n<ul>\n<li>Inv\u00e4ndig och utv\u00e4ndig puts av f\u00f6nster.<\/li>\n<li>Balkong<\/li>\n<li>Terrass\/ Solarium<\/li>\n<li>F\u00f6rr\u00e5d<\/li>\n<li>Garage<\/li>\n<\/ul>\n<p>Du kan l\u00e4gga till st\u00e4dning av dessa ytor mot en extra kostnad.<\/p>\n<h3>Vad ing\u00e5r i bortforsling<\/h3>\n<p>F\u00f6r bortforsling av befintligt m\u00f6blemang ing\u00e5r bortforsling av m\u00f6bler och inredning.<\/p>\n<p>Bortforsling av vitvaror eller rivning av fasta installationer ing\u00e5r ej. Borttagning av spikar och krokar fr\u00e5n v\u00e4ggar ing\u00e5r heller inte.<\/p>\n<h3>Kontakta oss<\/h3>\n<p>Beh\u00f6ver du v\u00e5r hj\u00e4lp i eller omkring Torrevieja? Ring oss idag p\u00e5 +34 653 469 106 eller anv\u00e4nd v\u00e5rt kontaktformul\u00e4r:<\/p>\n<div class=\"wpforms-container wpforms-container-full\" id=\"wpforms-508\"><form id=\"wpforms-form-508\" class=\"wpforms-validate wpforms-form wpforms-ajax-form\" data-formid=\"508\" method=\"post\" enctype=\"multipart\/form-data\" action=\"\/uk\/wp-json\/wp\/v2\/pages\/108\" data-token=\"6214f0071df4b36cce240d070748c9a6\" data-token-time=\"1776515202\"><noscript class=\"wpforms-error-noscript\">\u0414\u043b\u044f \u0437\u0430\u043f\u043e\u0432\u043d\u0435\u043d\u043d\u044f \u0446\u0456\u0454\u0457 \u0444\u043e\u0440\u043c\u0438 \u0443\u0432\u0456\u043c\u043a\u043d\u0456\u0442\u044c JavaScript \u0443 \u0431\u0440\u0430\u0443\u0437\u0435\u0440\u0456.<\/noscript><div class=\"wpforms-field-container\">\t\t<div id=\"wpforms-508-field_1-container\"\n\t\t\tclass=\"wpforms-field wpforms-field-text\"\n\t\t\tdata-field-type=\"text\"\n\t\t\tdata-field-id=\"1\"\n\t\t\t>\n\t\t\t<label class=\"wpforms-field-label\" for=\"wpforms-508-field_1\" >fr\u00e5ga: av Kompletterande<\/label>\n\t\t\t<input type=\"text\" id=\"wpforms-508-field_1\" class=\"wpforms-field-medium\" name=\"wpforms[fields][1]\" >\n\t\t<\/div>\n\t\t<div id=\"wpforms-508-field_2-container\" class=\"wpforms-field wpforms-field-name\" data-field-id=\"2\"><label class=\"wpforms-field-label\" for=\"wpforms-508-field_2\">Namn <span class=\"wpforms-required-label\">*<\/span><\/label><input type=\"text\" id=\"wpforms-508-field_2\" class=\"wpforms-field-medium wpforms-field-required\" name=\"wpforms[fields][2]\" required><\/div><div id=\"wpforms-508-field_5-container\" class=\"wpforms-field wpforms-field-email\" data-field-id=\"5\"><label class=\"wpforms-field-label\" for=\"wpforms-508-field_5\">Email <span class=\"wpforms-required-label\">*<\/span><\/label><input type=\"email\" id=\"wpforms-508-field_5\" class=\"wpforms-field-medium wpforms-field-required\" name=\"wpforms[fields][5]\" spellcheck=\"false\" required><\/div><div id=\"wpforms-508-field_6-container\" class=\"wpforms-field wpforms-field-phone\" data-field-id=\"6\"><label class=\"wpforms-field-label\" for=\"wpforms-508-field_6\">Telefonnummer <span class=\"wpforms-required-label\">*<\/span><\/label><input type=\"tel\" id=\"wpforms-508-field_6\" class=\"wpforms-field-medium wpforms-field-required wpforms-smart-phone-field\" data-rule-smart-phone-field=\"true\" name=\"wpforms[fields][6]\" aria-label=\"Telefonnummer\" required><\/div><div id=\"wpforms-508-field_7-container\" class=\"wpforms-field wpforms-field-checkbox wpforms-conditional-trigger\" data-field-id=\"7\"><label class=\"wpforms-field-label\">Jag \u00e4r intresserad av <span class=\"wpforms-required-label\">*<\/span><\/label><ul id=\"wpforms-508-field_7\" class=\"wpforms-field-required\"><li class=\"choice-1 depth-1\"><input type=\"checkbox\" id=\"wpforms-508-field_7_1\" name=\"wpforms[fields][7][]\" value=\"Inredningsdesign\" required ><label class=\"wpforms-field-label-inline\" for=\"wpforms-508-field_7_1\">Inredningsdesign<\/label><\/li><li class=\"choice-2 depth-1\"><input type=\"checkbox\" id=\"wpforms-508-field_7_2\" name=\"wpforms[fields][7][]\" value=\"Homestaging eller homestyling\" required ><label class=\"wpforms-field-label-inline\" for=\"wpforms-508-field_7_2\">Homestaging eller homestyling<\/label><\/li><li class=\"choice-8 depth-1\"><input type=\"checkbox\" id=\"wpforms-508-field_7_8\" name=\"wpforms[fields][7][]\" value=\"M\u00f6blering\" required ><label class=\"wpforms-field-label-inline\" for=\"wpforms-508-field_7_8\">M\u00f6blering<\/label><\/li><li class=\"choice-3 depth-1\"><input type=\"checkbox\" id=\"wpforms-508-field_7_3\" name=\"wpforms[fields][7][]\" value=\"En m\u00f6blerings eller inredningsplan\" required ><label class=\"wpforms-field-label-inline\" for=\"wpforms-508-field_7_3\">En m\u00f6blerings eller inredningsplan<\/label><\/li><li class=\"choice-4 depth-1\"><input type=\"checkbox\" id=\"wpforms-508-field_7_4\" name=\"wpforms[fields][7][]\" value=\"Visualisering i 3D\" required ><label class=\"wpforms-field-label-inline\" for=\"wpforms-508-field_7_4\">Visualisering i 3D<\/label><\/li><li class=\"choice-5 depth-1\"><input type=\"checkbox\" id=\"wpforms-508-field_7_5\" name=\"wpforms[fields][7][]\" value=\"Utrustning av en bostad\" required ><label class=\"wpforms-field-label-inline\" for=\"wpforms-508-field_7_5\">Utrustning av en bostad<\/label><\/li><li class=\"choice-6 depth-1\"><input type=\"checkbox\" id=\"wpforms-508-field_7_6\" name=\"wpforms[fields][7][]\" value=\"St\u00e4dning och bortforsling\" required ><label class=\"wpforms-field-label-inline\" for=\"wpforms-508-field_7_6\">St\u00e4dning och bortforsling<\/label><\/li><li class=\"choice-7 depth-1\"><input type=\"checkbox\" id=\"wpforms-508-field_7_7\" name=\"wpforms[fields][7][]\" value=\"N\u00e5got annat\" required ><label class=\"wpforms-field-label-inline\" for=\"wpforms-508-field_7_7\">N\u00e5got annat<\/label><\/li><\/ul><\/div><div id=\"wpforms-508-field_3-container\" class=\"wpforms-field wpforms-field-textarea\" data-field-id=\"3\"><label class=\"wpforms-field-label\" for=\"wpforms-508-field_3\">Meddelande<\/label><textarea id=\"wpforms-508-field_3\" class=\"wpforms-field-medium\" name=\"wpforms[fields][3]\" ><\/textarea><\/div><div id=\"wpforms-508-field_9-container\" class=\"wpforms-field wpforms-field-checkbox wpforms-conditional-field wpforms-conditional-show wpforms-conditional-trigger\" data-field-id=\"9\" style=\"display:none;\"><label class=\"wpforms-field-label\">Kompletterande fr\u00e5ga: <span class=\"wpforms-required-label\">*<\/span><\/label><ul id=\"wpforms-508-field_9\" class=\"wpforms-field-required\"><li class=\"choice-1 depth-1\"><input type=\"checkbox\" id=\"wpforms-508-field_9_1\" name=\"wpforms[fields][9][]\" value=\"Jag \u00e4r en riktig person\" required ><label class=\"wpforms-field-label-inline\" for=\"wpforms-508-field_9_1\">Jag \u00e4r en riktig person<\/label><\/li><\/ul><\/div><div id=\"wpforms-508-field_10-container\" class=\"wpforms-field wpforms-field-captcha wpforms-conditional-field wpforms-conditional-show\" data-field-id=\"10\" style=\"display:none;\"><label class=\"wpforms-field-label\" for=\"wpforms-508-field_10\">S\u00e4kerhetsfr\u00e5ga <span class=\"wpforms-required-label\">*<\/span><\/label>\t\t\t<div class=\"wpforms-captcha-math\">\n\t\t\t\t<span id=\"wpforms-508-field_10-question\" class=\"wpforms-captcha-equation\">\n\t\t\t\t\t<span class=\"n1\">13<\/span>\n\t\t\t\t\t\t\t<span class=\"cal\">+<\/span>\n\t\t\t\t\t\t\t<span class=\"n2\">3<\/span>\t\t\t\t\t<span class=\"e\">=<\/span>\n\t\t\t\t<\/span>\n\t\t\t\t<input type=\"text\" id=\"wpforms-508-field_10\" class=\"wpforms-field-medium wpforms-field-required a\" data-rule-wpf-captcha=\"math\" data-is-wrapped-field=\"1\" name=\"wpforms[fields][10][a]\" aria-describedby=\"wpforms-508-field_10-question\" required>\t\t\t\t<input type=\"hidden\" name=\"wpforms[fields][10][cal]\" class=\"cal\">\n\t\t\t\t<input type=\"hidden\" name=\"wpforms[fields][10][n2]\" class=\"n2\">\n\t\t\t\t<input type=\"hidden\" name=\"wpforms[fields][10][n1]\" class=\"n1\">\n\t\t\t<\/div>\n\t\t\t<\/div><script>\n\t\t\t\t( function() {\n\t\t\t\t\tconst style = document.createElement( 'style' );\n\t\t\t\t\tstyle.appendChild( document.createTextNode( '#wpforms-508-field_1-container { position: absolute !important; overflow: hidden !important; display: inline !important; height: 1px !important; width: 1px !important; z-index: -1000 !important; padding: 0 !important; } #wpforms-508-field_1-container input { visibility: hidden; } #wpforms-conversational-form-page #wpforms-508-field_1-container label { counter-increment: none; }' ) );\n\t\t\t\t\tdocument.head.appendChild( style );\n\t\t\t\t\tdocument.currentScript?.remove();\n\t\t\t\t} )();\n\t\t\t<\/script><\/div><!-- .wpforms-field-container --><div class=\"wpforms-submit-container\" ><input type=\"hidden\" name=\"wpforms[id]\" value=\"508\"><input type=\"hidden\" name=\"page_title\" value=\"\"><input type=\"hidden\" name=\"page_url\" value=\"https:\/\/www.sveahome.com\/uk\/wp-json\/wp\/v2\/pages\/108\"><input type=\"hidden\" name=\"url_referer\" value=\"\"><button type=\"submit\" name=\"wpforms[submit]\" id=\"wpforms-submit-508\" class=\"wpforms-submit\" data-alt-text=\"Skickar...\" data-submit-text=\"Skicka\" aria-live=\"assertive\" value=\"wpforms-submit\">Skicka<\/button><img loading=\"lazy\" decoding=\"async\" src=\"https:\/\/www.sveahome.com\/wp-content\/plugins\/wpforms\/assets\/images\/submit-spin.svg\" class=\"wpforms-submit-spinner\" style=\"display: none;\" width=\"26\" height=\"26\" alt=\"\u0417\u0430\u0432\u0430\u043d\u0442\u0430\u0436\u0435\u043d\u043d\u044f\"><\/div><\/form><\/div>  <!-- .wpforms-container -->\n","protected":false},"excerpt":{"rendered":"<p>Vi erbjuder t\u00f6mning av hus, l\u00e4genheter och d\u00f6dsbon, bortforsling av m\u00f6bler samt d\u00e4refter st\u00e4dning av den tomma lokalen. H\u00e4r i och omkring Torrevieja \u00e4r det m\u00e5nga som k\u00f6per hus fulla av m\u00f6bler och inredning som de beh\u00f6ver hj\u00e4lp med att forsla bort. Andra beh\u00f6ver t\u00f6mma ett d\u00f6dsbo p\u00e5 distans. Oavsett vilka sk\u00e4len \u00e4r till att [&hellip;]<\/p>\n","protected":false},"author":1,"featured_media":441,"parent":76,"menu_order":6,"comment_status":"closed","ping_status":"closed","template":"","meta":{"_acf_changed":false,"footnotes":""},"tags":[],"acf":[],"yoast_head":"<!-- This site is optimized with the Yoast SEO plugin v19.1 - https:\/\/yoast.com\/wordpress\/plugins\/seo\/ -->\n<title>T\u00f6mning, bortforsling och utst\u00e4dning av bostad och d\u00f6dsbo i Torrevieja<\/title>\n<meta name=\"description\" content=\"T\u00f6mning och bortforsling av m\u00f6bler och inredning omkring Torrevieja. Vi hj\u00e4lper dig att bli av med gamla m\u00f6bler och inredning som du inte l\u00e4ngre beh\u00f6ver.\" \/>\n<meta name=\"robots\" content=\"index, follow, max-snippet:-1, max-image-preview:large, max-video-preview:-1\" \/>\n<link rel=\"canonical\" href=\"https:\/\/www.sveahome.com\/uk\/\u0442\u043e\u0440\u0440\u0435\u0432\u0454\u0445\u0430\/\u0432\u0438\u043f\u043e\u0440\u043e\u0436\u043d\u0435\u043d\u043d\u044f-\u0432\u0438\u043b\u0443\u0447\u0435\u043d\u043d\u044f-\u043f\u043e\u0441\u0442\u0430\u043d\u043e\u0432\u043a\u0430-\u0432\/\" \/>\n<meta property=\"og:locale\" content=\"uk_UA\" \/>\n<meta property=\"og:type\" content=\"article\" \/>\n<meta property=\"og:title\" content=\"T\u00f6mning, bortforsling och utst\u00e4dning av bostad och d\u00f6dsbo i Torrevieja\" \/>\n<meta property=\"og:description\" content=\"T\u00f6mning och bortforsling av m\u00f6bler och inredning omkring Torrevieja. Vi hj\u00e4lper dig att bli av med gamla m\u00f6bler och inredning som du inte l\u00e4ngre beh\u00f6ver.\" \/>\n<meta property=\"og:url\" content=\"https:\/\/www.sveahome.com\/uk\/\u0442\u043e\u0440\u0440\u0435\u0432\u0454\u0445\u0430\/\u0432\u0438\u043f\u043e\u0440\u043e\u0436\u043d\u0435\u043d\u043d\u044f-\u0432\u0438\u043b\u0443\u0447\u0435\u043d\u043d\u044f-\u043f\u043e\u0441\u0442\u0430\u043d\u043e\u0432\u043a\u0430-\u0432\/\" \/>\n<meta property=\"og:site_name\" content=\"Svea Home\" \/>\n<meta property=\"article:publisher\" content=\"https:\/\/www.facebook.com\/people\/Svea-Home\/100078707354829\/\" \/>\n<meta property=\"article:modified_time\" content=\"2026-02-18T13:55:16+00:00\" \/>\n<meta property=\"og:image\" content=\"https:\/\/www.sveahome.com\/wp-content\/uploads\/2023\/03\/Bortforsling.jpg\" \/>\n\t<meta property=\"og:image:width\" content=\"595\" \/>\n\t<meta property=\"og:image:height\" content=\"649\" \/>\n\t<meta property=\"og:image:type\" content=\"image\/jpeg\" \/>\n<meta name=\"twitter:card\" content=\"summary_large_image\" \/>\n<meta name=\"twitter:label1\" content=\"\u041f\u0440\u0438\u0431\u043b. \u0447\u0430\u0441 \u0447\u0438\u0442\u0430\u043d\u043d\u044f\" \/>\n\t<meta name=\"twitter:data1\" content=\"2 \u0445\u0432\u0438\u043b\u0438\u043d\u0438\" \/>\n<script type=\"application\/ld+json\" class=\"yoast-schema-graph\">{\"@context\":\"https:\/\/schema.org\",\"@graph\":[{\"@type\":\"Organization\",\"@id\":\"https:\/\/www.sveahome.com\/#organization\",\"name\":\"Svea Home\",\"url\":\"https:\/\/www.sveahome.com\/\",\"sameAs\":[\"https:\/\/www.instagram.com\/svea.home\/\",\"https:\/\/www.facebook.com\/people\/Svea-Home\/100078707354829\/\"],\"logo\":{\"@type\":\"ImageObject\",\"inLanguage\":\"uk\",\"@id\":\"https:\/\/www.sveahome.com\/#\/schema\/logo\/image\/\",\"url\":\"https:\/\/www.sveahome.com\/wp-content\/uploads\/2022\/02\/SveaHome.jpg\",\"contentUrl\":\"https:\/\/www.sveahome.com\/wp-content\/uploads\/2022\/02\/SveaHome.jpg\",\"width\":239,\"height\":47,\"caption\":\"Svea Home\"},\"image\":{\"@id\":\"https:\/\/www.sveahome.com\/#\/schema\/logo\/image\/\"}},{\"@type\":\"WebSite\",\"@id\":\"https:\/\/www.sveahome.com\/#website\",\"url\":\"https:\/\/www.sveahome.com\/\",\"name\":\"Svea Home\",\"description\":\"\",\"publisher\":{\"@id\":\"https:\/\/www.sveahome.com\/#organization\"},\"potentialAction\":[{\"@type\":\"SearchAction\",\"target\":{\"@type\":\"EntryPoint\",\"urlTemplate\":\"https:\/\/www.sveahome.com\/?s={search_term_string}\"},\"query-input\":\"required name=search_term_string\"}],\"inLanguage\":\"uk\"},{\"@type\":\"ImageObject\",\"inLanguage\":\"uk\",\"@id\":\"https:\/\/www.sveahome.com\/torrevieja\/tomning-bortforsling-stadning\/#primaryimage\",\"url\":\"https:\/\/www.sveahome.com\/wp-content\/uploads\/2023\/03\/Bortforsling.jpg\",\"contentUrl\":\"https:\/\/www.sveahome.com\/wp-content\/uploads\/2023\/03\/Bortforsling.jpg\",\"width\":595,\"height\":649,\"caption\":\"T\u00f6mning av hus, l\u00e4genheter och d\u00f6dsbon i Torrevieja\"},{\"@type\":\"WebPage\",\"@id\":\"https:\/\/www.sveahome.com\/torrevieja\/tomning-bortforsling-stadning\/#webpage\",\"url\":\"https:\/\/www.sveahome.com\/torrevieja\/tomning-bortforsling-stadning\/\",\"name\":\"T\u00f6mning, bortforsling och utst\u00e4dning av bostad och d\u00f6dsbo i Torrevieja\",\"isPartOf\":{\"@id\":\"https:\/\/www.sveahome.com\/#website\"},\"primaryImageOfPage\":{\"@id\":\"https:\/\/www.sveahome.com\/torrevieja\/tomning-bortforsling-stadning\/#primaryimage\"},\"datePublished\":\"2022-02-21T12:42:56+00:00\",\"dateModified\":\"2026-02-18T13:55:16+00:00\",\"description\":\"T\u00f6mning och bortforsling av m\u00f6bler och inredning omkring Torrevieja. Vi hj\u00e4lper dig att bli av med gamla m\u00f6bler och inredning som du inte l\u00e4ngre beh\u00f6ver.\",\"breadcrumb\":{\"@id\":\"https:\/\/www.sveahome.com\/torrevieja\/tomning-bortforsling-stadning\/#breadcrumb\"},\"inLanguage\":\"uk\",\"potentialAction\":[{\"@type\":\"ReadAction\",\"target\":[\"https:\/\/www.sveahome.com\/torrevieja\/tomning-bortforsling-stadning\/\"]}]},{\"@type\":\"BreadcrumbList\",\"@id\":\"https:\/\/www.sveahome.com\/torrevieja\/tomning-bortforsling-stadning\/#breadcrumb\",\"itemListElement\":[{\"@type\":\"ListItem\",\"position\":1,\"name\":\"Home\",\"item\":\"https:\/\/www.sveahome.com\/\"},{\"@type\":\"ListItem\",\"position\":2,\"name\":\"Inredningshj\u00e4lp\",\"item\":\"https:\/\/www.sveahome.com\/torrevieja\/\"},{\"@type\":\"ListItem\",\"position\":3,\"name\":\"T\u00f6mning, bortforsling och utst\u00e4dning\"}]}]}<\/script>\n<!-- \/ Yoast SEO plugin. -->","yoast_head_json":{"title":"\u0421\u043f\u0443\u0441\u0442\u043e\u0448\u0435\u043d\u043d\u044f, \u0432\u0438\u0432\u0435\u0437\u0435\u043d\u043d\u044f \u0442\u0430 \u043f\u0440\u0438\u0431\u0438\u0440\u0430\u043d\u043d\u044f \u043c\u0430\u0439\u043d\u0430 \u0442\u0430 \u0441\u0430\u0434\u0438\u0431 \u0432 \u0422\u043e\u0440\u0440\u0435\u0432'\u0454\u0445\u0430","description":"\u0420\u043e\u0437\u0431\u0438\u0440\u0430\u043d\u043d\u044f \u0442\u0430 \u0432\u0438\u0432\u0456\u0437 \u043c\u0435\u0431\u043b\u0456\u0432 \u0456 \u0444\u0443\u0440\u043d\u0456\u0442\u0443\u0440\u0438 \u043f\u043e \u0432\u0441\u0456\u0439 \u0422\u043e\u0440\u0440\u0435\u0432'\u0454\u0445\u0430. \u041c\u0438 \u0434\u043e\u043f\u043e\u043c\u043e\u0436\u0435\u043c\u043e \u0432\u0430\u043c \u043f\u043e\u0437\u0431\u0443\u0442\u0438\u0441\u044f \u0441\u0442\u0430\u0440\u0438\u0445 \u043c\u0435\u0431\u043b\u0456\u0432 \u0456 \u043f\u0440\u0435\u0434\u043c\u0435\u0442\u0456\u0432 \u0456\u043d\u0442\u0435\u0440'\u0454\u0440\u0443, \u044f\u043a\u0456 \u0432\u0430\u043c \u0431\u0456\u043b\u044c\u0448\u0435 \u043d\u0435 \u043f\u043e\u0442\u0440\u0456\u0431\u043d\u0456.","robots":{"index":"index","follow":"follow","max-snippet":"max-snippet:-1","max-image-preview":"max-image-preview:large","max-video-preview":"max-video-preview:-1"},"canonical":"https:\/\/www.sveahome.com\/uk\/\u0442\u043e\u0440\u0440\u0435\u0432\u0454\u0445\u0430\/\u0432\u0438\u043f\u043e\u0440\u043e\u0436\u043d\u0435\u043d\u043d\u044f-\u0432\u0438\u043b\u0443\u0447\u0435\u043d\u043d\u044f-\u043f\u043e\u0441\u0442\u0430\u043d\u043e\u0432\u043a\u0430-\u0432\/","og_locale":"uk_UA","og_type":"article","og_title":"T\u00f6mning, bortforsling och utst\u00e4dning av bostad och d\u00f6dsbo i Torrevieja","og_description":"T\u00f6mning och bortforsling av m\u00f6bler och inredning omkring Torrevieja. Vi hj\u00e4lper dig att bli av med gamla m\u00f6bler och inredning som du inte l\u00e4ngre beh\u00f6ver.","og_url":"https:\/\/www.sveahome.com\/uk\/\u0442\u043e\u0440\u0440\u0435\u0432\u0454\u0445\u0430\/\u0432\u0438\u043f\u043e\u0440\u043e\u0436\u043d\u0435\u043d\u043d\u044f-\u0432\u0438\u043b\u0443\u0447\u0435\u043d\u043d\u044f-\u043f\u043e\u0441\u0442\u0430\u043d\u043e\u0432\u043a\u0430-\u0432\/","og_site_name":"Svea Home","article_publisher":"https:\/\/www.facebook.com\/people\/Svea-Home\/100078707354829\/","article_modified_time":"2026-02-18T13:55:16+00:00","og_image":[{"width":595,"height":649,"url":"https:\/\/www.sveahome.com\/wp-content\/uploads\/2023\/03\/Bortforsling.jpg","type":"image\/jpeg"}],"twitter_card":"summary_large_image","twitter_misc":{"\u041f\u0440\u0438\u0431\u043b. \u0447\u0430\u0441 \u0447\u0438\u0442\u0430\u043d\u043d\u044f":"2 \u0445\u0432\u0438\u043b\u0438\u043d\u0438"},"schema":{"@context":"https:\/\/schema.org","@graph":[{"@type":"Organization","@id":"https:\/\/www.sveahome.com\/#organization","name":"Svea Home","url":"https:\/\/www.sveahome.com\/","sameAs":["https:\/\/www.instagram.com\/svea.home\/","https:\/\/www.facebook.com\/people\/Svea-Home\/100078707354829\/"],"logo":{"@type":"ImageObject","inLanguage":"uk","@id":"https:\/\/www.sveahome.com\/#\/schema\/logo\/image\/","url":"https:\/\/www.sveahome.com\/wp-content\/uploads\/2022\/02\/SveaHome.jpg","contentUrl":"https:\/\/www.sveahome.com\/wp-content\/uploads\/2022\/02\/SveaHome.jpg","width":239,"height":47,"caption":"Svea Home"},"image":{"@id":"https:\/\/www.sveahome.com\/#\/schema\/logo\/image\/"}},{"@type":"WebSite","@id":"https:\/\/www.sveahome.com\/#website","url":"https:\/\/www.sveahome.com\/","name":"Svea Home","description":"","publisher":{"@id":"https:\/\/www.sveahome.com\/#organization"},"potentialAction":[{"@type":"SearchAction","target":{"@type":"EntryPoint","urlTemplate":"https:\/\/www.sveahome.com\/?s={search_term_string}"},"query-input":"required name=search_term_string"}],"inLanguage":"uk"},{"@type":"ImageObject","inLanguage":"uk","@id":"https:\/\/www.sveahome.com\/torrevieja\/tomning-bortforsling-stadning\/#primaryimage","url":"https:\/\/www.sveahome.com\/wp-content\/uploads\/2023\/03\/Bortforsling.jpg","contentUrl":"https:\/\/www.sveahome.com\/wp-content\/uploads\/2023\/03\/Bortforsling.jpg","width":595,"height":649,"caption":"T\u00f6mning av hus, l\u00e4genheter och d\u00f6dsbon i Torrevieja"},{"@type":"WebPage","@id":"https:\/\/www.sveahome.com\/torrevieja\/tomning-bortforsling-stadning\/#webpage","url":"https:\/\/www.sveahome.com\/torrevieja\/tomning-bortforsling-stadning\/","name":"\u0421\u043f\u0443\u0441\u0442\u043e\u0448\u0435\u043d\u043d\u044f, \u0432\u0438\u0432\u0435\u0437\u0435\u043d\u043d\u044f \u0442\u0430 \u043f\u0440\u0438\u0431\u0438\u0440\u0430\u043d\u043d\u044f \u043c\u0430\u0439\u043d\u0430 \u0442\u0430 \u0441\u0430\u0434\u0438\u0431 \u0432 \u0422\u043e\u0440\u0440\u0435\u0432'\u0454\u0445\u0430","isPartOf":{"@id":"https:\/\/www.sveahome.com\/#website"},"primaryImageOfPage":{"@id":"https:\/\/www.sveahome.com\/torrevieja\/tomning-bortforsling-stadning\/#primaryimage"},"datePublished":"2022-02-21T12:42:56+00:00","dateModified":"2026-02-18T13:55:16+00:00","description":"\u0420\u043e\u0437\u0431\u0438\u0440\u0430\u043d\u043d\u044f \u0442\u0430 \u0432\u0438\u0432\u0456\u0437 \u043c\u0435\u0431\u043b\u0456\u0432 \u0456 \u0444\u0443\u0440\u043d\u0456\u0442\u0443\u0440\u0438 \u043f\u043e \u0432\u0441\u0456\u0439 \u0422\u043e\u0440\u0440\u0435\u0432'\u0454\u0445\u0430. \u041c\u0438 \u0434\u043e\u043f\u043e\u043c\u043e\u0436\u0435\u043c\u043e \u0432\u0430\u043c \u043f\u043e\u0437\u0431\u0443\u0442\u0438\u0441\u044f \u0441\u0442\u0430\u0440\u0438\u0445 \u043c\u0435\u0431\u043b\u0456\u0432 \u0456 \u043f\u0440\u0435\u0434\u043c\u0435\u0442\u0456\u0432 \u0456\u043d\u0442\u0435\u0440'\u0454\u0440\u0443, \u044f\u043a\u0456 \u0432\u0430\u043c \u0431\u0456\u043b\u044c\u0448\u0435 \u043d\u0435 \u043f\u043e\u0442\u0440\u0456\u0431\u043d\u0456.","breadcrumb":{"@id":"https:\/\/www.sveahome.com\/torrevieja\/tomning-bortforsling-stadning\/#breadcrumb"},"inLanguage":"uk","potentialAction":[{"@type":"ReadAction","target":["https:\/\/www.sveahome.com\/torrevieja\/tomning-bortforsling-stadning\/"]}]},{"@type":"BreadcrumbList","@id":"https:\/\/www.sveahome.com\/torrevieja\/tomning-bortforsling-stadning\/#breadcrumb","itemListElement":[{"@type":"ListItem","position":1,"name":"Home","item":"https:\/\/www.sveahome.com\/"},{"@type":"ListItem","position":2,"name":"Inredningshj\u00e4lp","item":"https:\/\/www.sveahome.com\/torrevieja\/"},{"@type":"ListItem","position":3,"name":"T\u00f6mning, bortforsling och utst\u00e4dning"}]}]}},"_links":{"self":[{"href":"https:\/\/www.sveahome.com\/uk\/wp-json\/wp\/v2\/pages\/108"}],"collection":[{"href":"https:\/\/www.sveahome.com\/uk\/wp-json\/wp\/v2\/pages"}],"about":[{"href":"https:\/\/www.sveahome.com\/uk\/wp-json\/wp\/v2\/types\/page"}],"author":[{"embeddable":true,"href":"https:\/\/www.sveahome.com\/uk\/wp-json\/wp\/v2\/users\/1"}],"replies":[{"embeddable":true,"href":"https:\/\/www.sveahome.com\/uk\/wp-json\/wp\/v2\/comments?post=108"}],"version-history":[{"count":4,"href":"https:\/\/www.sveahome.com\/uk\/wp-json\/wp\/v2\/pages\/108\/revisions"}],"predecessor-version":[{"id":1041,"href":"https:\/\/www.sveahome.com\/uk\/wp-json\/wp\/v2\/pages\/108\/revisions\/1041"}],"up":[{"embeddable":true,"href":"https:\/\/www.sveahome.com\/uk\/wp-json\/wp\/v2\/pages\/76"}],"wp:featuredmedia":[{"embeddable":true,"href":"https:\/\/www.sveahome.com\/uk\/wp-json\/wp\/v2\/media\/441"}],"wp:attachment":[{"href":"https:\/\/www.sveahome.com\/uk\/wp-json\/wp\/v2\/media?parent=108"}],"wp:term":[{"taxonomy":"post_tag","embeddable":true,"href":"https:\/\/www.sveahome.com\/uk\/wp-json\/wp\/v2\/tags?post=108"}],"curies":[{"name":"wp","href":"https:\/\/api.w.org\/{rel}","templated":true}]}}