{"id":130,"date":"2022-02-21T13:26:18","date_gmt":"2022-02-21T13:26:18","guid":{"rendered":"https:\/\/www.sveahome.com\/?page_id=130"},"modified":"2023-03-16T18:15:53","modified_gmt":"2023-03-16T17:15:53","slug":"%d0%ba%d0%be%d1%80%d0%bf%d1%83%d1%81-%d0%be%d0%b1%d0%bb%d0%b0%d0%b4%d0%bd%d0%b0%d0%bd%d0%bd%d1%8f","status":"publish","type":"page","link":"https:\/\/www.sveahome.com\/uk\/torrevieja\/utrustning-bostader\/","title":{"rendered":"\u041e\u0431\u043b\u0430\u0448\u0442\u0443\u0432\u0430\u043d\u043d\u044f \u0436\u0438\u0442\u043b\u0430"},"content":{"rendered":"<p><strong>F\u00f6r att en bostad skall fungera optimalt s\u00e5 beh\u00f6ver den vara trevligt inredd, praktisk och funktionell. D\u00e4rf\u00f6r erbjuder vi, ut\u00f6ver inredningshj\u00e4lp, \u00e4ven hj\u00e4lp med att utrusta bost\u00e4der.\u00a0<\/strong><\/p>\n<p>Att ha ett v\u00e4lutrustat hem g\u00f6r vardagliga sysslor enklare och bekv\u00e4mare. Det \u00f6kar komforten, sparar tid, pengar och energi.<\/p>\n<p>Med v\u00e5r tj\u00e4nst f\u00f6r utrustning av bost\u00e4der ser vi till att varje rum, sk\u00e5p och l\u00e5da inneh\u00e5ller de saker som beh\u00f6vs f\u00f6r att du och dina g\u00e4ster skall njuta av tillvaron!<\/p>\n<h2>V\u00e5ra utrustningspaket f\u00f6r bost\u00e4der<\/h2>\n<p><strong>Vilken utrustning en bostad beh\u00f6ver beror p\u00e5 hur den skall anv\u00e4ndas och vilka krav den som skall bo d\u00e4r st\u00e4ller p\u00e5 sin tillvaro. Dessutom \u00e4r smaken olika.<\/strong><\/p>\n<p>F\u00f6r att kunna tillgodose olika \u00f6nskem\u00e5l och behov erbjuder vi v\u00e5r tj\u00e4nst f\u00f6r utrustningar av hem och l\u00e4genheter i tre olika paket:<\/p>\n<ol>\n<li><strong>Basic<\/strong> &#8211; h\u00e4r utrustar vi bostaden med det mest n\u00f6dv\u00e4ndiga. Kostnadseffektivitet och basala funktioner st\u00e5r i fokus.<\/li>\n<li><strong>Standard<\/strong> &#8211; detta paket inneh\u00e5ller allt som beh\u00f6vs f\u00f6r att bostaden skall fungera och g\u00f6ra livet enkelt och bekv\u00e4mt f\u00f6r de som vistas d\u00e4r.<\/li>\n<li><strong>Premium<\/strong> &#8211; i detta paket \u00e4r v\u00e5r fokus att bostaden skall vara komplett utrustad och att all utrustning skall h\u00e5lla h\u00f6g standard i fr\u00e5ga om b\u00e5de stil och kvalit\u00e9.<\/li>\n<\/ol>\n<p>N\u00e4r vi designat v\u00e5ra utrustningspaket har vi utg\u00e5tt ifr\u00e5n vilken utrustning, exklusive m\u00f6bler, som vi anser att vart och ett av rummen i en bostad beh\u00f6ver f\u00f6r att uppfylla sin funktion.<\/p>\n<p>Ut\u00f6ver v\u00e5ra f\u00e4rdiga utrustningspaket erbjuder vi naturligtvis \u00e4ven skr\u00e4ddarsydda l\u00f6sningar efter \u00f6nskem\u00e5l och behov. Vi g\u00e5r \u00e4ven igenom och kompletterar utrustning i befintliga bost\u00e4der.<\/p>\n<h3>Utrustning av hyresbost\u00e4der och semesterbost\u00e4der<\/h3>\n<p><strong>Om du hyr ut en hyresl\u00e4genhet, f\u00f6retagsl\u00e4genhet, semesterbostad eller annan hyresbostad \u00e4r det viktigt att den \u00e4r v\u00e4l utrustad.<\/strong><\/p>\n<p>En v\u00e4lutrustad hyresbostad kan:<\/p>\n<ul>\n<li>Locka till sig och beh\u00e5lla fler hyresg\u00e4ster.<\/li>\n<li>Ge h\u00f6gre hyresint\u00e4kter.<\/li>\n<li>Minska underh\u00e5llskostnader.<\/li>\n<li>Leda till fler och mer positiva recensioner och h\u00e4nvisningar.<\/li>\n<\/ul>\n<h2>Vill du veta mer?<\/h2>\n<p>Vill du veta mer om vad v\u00e5ra utrustningspaket inneh\u00e5ller? Eller vad vi tycker att vart och ett av rummen i en bostad skall inneh\u00e5lla f\u00f6r m\u00f6bler och utrustning f\u00f6r att n\u00e5 en Basic, Standard eller Premiumniv\u00e5?<\/p>\n<p>Kontakta oss idag s\u00e5 skickar vi en utf\u00f6rlig beskrivning till dig via email. Du kan ringa oss p\u00e5 +34 653 469 106 eller fylla i v\u00e5rt kontaktformul\u00e4r:<\/p>\n<div class=\"wpforms-container wpforms-container-full\" id=\"wpforms-508\"><form id=\"wpforms-form-508\" class=\"wpforms-validate wpforms-form wpforms-ajax-form\" data-formid=\"508\" method=\"post\" enctype=\"multipart\/form-data\" action=\"\/uk\/wp-json\/wp\/v2\/pages\/130\" data-token=\"6214f0071df4b36cce240d070748c9a6\" data-token-time=\"1776515229\"><noscript class=\"wpforms-error-noscript\">\u0414\u043b\u044f \u0437\u0430\u043f\u043e\u0432\u043d\u0435\u043d\u043d\u044f \u0446\u0456\u0454\u0457 \u0444\u043e\u0440\u043c\u0438 \u0443\u0432\u0456\u043c\u043a\u043d\u0456\u0442\u044c JavaScript \u0443 \u0431\u0440\u0430\u0443\u0437\u0435\u0440\u0456.<\/noscript><div class=\"wpforms-field-container\"><div id=\"wpforms-508-field_2-container\" class=\"wpforms-field wpforms-field-name\" data-field-id=\"2\"><label class=\"wpforms-field-label\" for=\"wpforms-508-field_2\">Namn <span class=\"wpforms-required-label\">*<\/span><\/label><input type=\"text\" id=\"wpforms-508-field_2\" class=\"wpforms-field-medium wpforms-field-required\" name=\"wpforms[fields][2]\" required><\/div><div id=\"wpforms-508-field_5-container\" class=\"wpforms-field wpforms-field-email\" data-field-id=\"5\"><label class=\"wpforms-field-label\" for=\"wpforms-508-field_5\">Email <span class=\"wpforms-required-label\">*<\/span><\/label><input type=\"email\" id=\"wpforms-508-field_5\" class=\"wpforms-field-medium wpforms-field-required\" name=\"wpforms[fields][5]\" spellcheck=\"false\" required><\/div><div id=\"wpforms-508-field_6-container\" class=\"wpforms-field wpforms-field-phone\" data-field-id=\"6\"><label class=\"wpforms-field-label\" for=\"wpforms-508-field_6\">Telefonnummer <span class=\"wpforms-required-label\">*<\/span><\/label><input type=\"tel\" id=\"wpforms-508-field_6\" class=\"wpforms-field-medium wpforms-field-required wpforms-smart-phone-field\" data-rule-smart-phone-field=\"true\" name=\"wpforms[fields][6]\" aria-label=\"Telefonnummer\" required><\/div><div id=\"wpforms-508-field_7-container\" class=\"wpforms-field wpforms-field-checkbox wpforms-conditional-trigger\" data-field-id=\"7\"><label class=\"wpforms-field-label\">Jag \u00e4r intresserad av <span class=\"wpforms-required-label\">*<\/span><\/label><ul id=\"wpforms-508-field_7\" class=\"wpforms-field-required\"><li class=\"choice-1 depth-1\"><input type=\"checkbox\" id=\"wpforms-508-field_7_1\" name=\"wpforms[fields][7][]\" value=\"Inredningsdesign\" required ><label class=\"wpforms-field-label-inline\" for=\"wpforms-508-field_7_1\">Inredningsdesign<\/label><\/li><li class=\"choice-2 depth-1\"><input type=\"checkbox\" id=\"wpforms-508-field_7_2\" name=\"wpforms[fields][7][]\" value=\"Homestaging eller homestyling\" required ><label class=\"wpforms-field-label-inline\" for=\"wpforms-508-field_7_2\">Homestaging eller homestyling<\/label><\/li><li class=\"choice-8 depth-1\"><input type=\"checkbox\" id=\"wpforms-508-field_7_8\" name=\"wpforms[fields][7][]\" value=\"M\u00f6blering\" required ><label class=\"wpforms-field-label-inline\" for=\"wpforms-508-field_7_8\">M\u00f6blering<\/label><\/li><li class=\"choice-3 depth-1\"><input type=\"checkbox\" id=\"wpforms-508-field_7_3\" name=\"wpforms[fields][7][]\" value=\"En m\u00f6blerings eller inredningsplan\" required ><label class=\"wpforms-field-label-inline\" for=\"wpforms-508-field_7_3\">En m\u00f6blerings eller inredningsplan<\/label><\/li><li class=\"choice-4 depth-1\"><input type=\"checkbox\" id=\"wpforms-508-field_7_4\" name=\"wpforms[fields][7][]\" value=\"Visualisering i 3D\" required ><label class=\"wpforms-field-label-inline\" for=\"wpforms-508-field_7_4\">Visualisering i 3D<\/label><\/li><li class=\"choice-5 depth-1\"><input type=\"checkbox\" id=\"wpforms-508-field_7_5\" name=\"wpforms[fields][7][]\" value=\"Utrustning av en bostad\" required ><label class=\"wpforms-field-label-inline\" for=\"wpforms-508-field_7_5\">Utrustning av en bostad<\/label><\/li><li class=\"choice-6 depth-1\"><input type=\"checkbox\" id=\"wpforms-508-field_7_6\" name=\"wpforms[fields][7][]\" value=\"St\u00e4dning och bortforsling\" required ><label class=\"wpforms-field-label-inline\" for=\"wpforms-508-field_7_6\">St\u00e4dning och bortforsling<\/label><\/li><li class=\"choice-7 depth-1\"><input type=\"checkbox\" id=\"wpforms-508-field_7_7\" name=\"wpforms[fields][7][]\" value=\"N\u00e5got annat\" required ><label class=\"wpforms-field-label-inline\" for=\"wpforms-508-field_7_7\">N\u00e5got annat<\/label><\/li><\/ul><\/div><div id=\"wpforms-508-field_3-container\" class=\"wpforms-field wpforms-field-textarea\" data-field-id=\"3\"><label class=\"wpforms-field-label\" for=\"wpforms-508-field_3\">Meddelande<\/label><textarea id=\"wpforms-508-field_3\" class=\"wpforms-field-medium\" name=\"wpforms[fields][3]\" ><\/textarea><\/div><div id=\"wpforms-508-field_9-container\" class=\"wpforms-field wpforms-field-checkbox wpforms-conditional-field wpforms-conditional-show wpforms-conditional-trigger\" data-field-id=\"9\" style=\"display:none;\"><label class=\"wpforms-field-label\">Kompletterande fr\u00e5ga: <span class=\"wpforms-required-label\">*<\/span><\/label><ul id=\"wpforms-508-field_9\" class=\"wpforms-field-required\"><li class=\"choice-1 depth-1\"><input type=\"checkbox\" id=\"wpforms-508-field_9_1\" name=\"wpforms[fields][9][]\" value=\"Jag \u00e4r en riktig person\" required ><label class=\"wpforms-field-label-inline\" for=\"wpforms-508-field_9_1\">Jag \u00e4r en riktig person<\/label><\/li><\/ul><\/div>\t\t<div id=\"wpforms-508-field_1-container\"\n\t\t\tclass=\"wpforms-field wpforms-field-text\"\n\t\t\tdata-field-type=\"text\"\n\t\t\tdata-field-id=\"1\"\n\t\t\t>\n\t\t\t<label class=\"wpforms-field-label\" for=\"wpforms-508-field_1\" >intresserad Telefonnummer Meddelande<\/label>\n\t\t\t<input type=\"text\" id=\"wpforms-508-field_1\" class=\"wpforms-field-medium\" name=\"wpforms[fields][1]\" >\n\t\t<\/div>\n\t\t<div id=\"wpforms-508-field_10-container\" class=\"wpforms-field wpforms-field-captcha wpforms-conditional-field wpforms-conditional-show\" data-field-id=\"10\" style=\"display:none;\"><label class=\"wpforms-field-label\" for=\"wpforms-508-field_10\">S\u00e4kerhetsfr\u00e5ga <span class=\"wpforms-required-label\">*<\/span><\/label>\t\t\t<div class=\"wpforms-captcha-math\">\n\t\t\t\t<span id=\"wpforms-508-field_10-question\" class=\"wpforms-captcha-equation\">\n\t\t\t\t\t<span class=\"n1\">6<\/span>\n\t\t\t\t\t\t\t<span class=\"cal\">+<\/span>\n\t\t\t\t\t\t\t<span class=\"n2\">8<\/span>\t\t\t\t\t<span class=\"e\">=<\/span>\n\t\t\t\t<\/span>\n\t\t\t\t<input type=\"text\" id=\"wpforms-508-field_10\" class=\"wpforms-field-medium wpforms-field-required a\" data-rule-wpf-captcha=\"math\" data-is-wrapped-field=\"1\" name=\"wpforms[fields][10][a]\" aria-describedby=\"wpforms-508-field_10-question\" required>\t\t\t\t<input type=\"hidden\" name=\"wpforms[fields][10][cal]\" class=\"cal\">\n\t\t\t\t<input type=\"hidden\" name=\"wpforms[fields][10][n2]\" class=\"n2\">\n\t\t\t\t<input type=\"hidden\" name=\"wpforms[fields][10][n1]\" class=\"n1\">\n\t\t\t<\/div>\n\t\t\t<\/div><script>\n\t\t\t\t( function() {\n\t\t\t\t\tconst style = document.createElement( 'style' );\n\t\t\t\t\tstyle.appendChild( document.createTextNode( '#wpforms-508-field_1-container { position: absolute !important; overflow: hidden !important; display: inline !important; height: 1px !important; width: 1px !important; z-index: -1000 !important; padding: 0 !important; } #wpforms-508-field_1-container input { visibility: hidden; } #wpforms-conversational-form-page #wpforms-508-field_1-container label { counter-increment: none; }' ) );\n\t\t\t\t\tdocument.head.appendChild( style );\n\t\t\t\t\tdocument.currentScript?.remove();\n\t\t\t\t} )();\n\t\t\t<\/script><\/div><!-- .wpforms-field-container --><div class=\"wpforms-submit-container\" ><input type=\"hidden\" name=\"wpforms[id]\" value=\"508\"><input type=\"hidden\" name=\"page_title\" value=\"\"><input type=\"hidden\" name=\"page_url\" value=\"https:\/\/www.sveahome.com\/uk\/wp-json\/wp\/v2\/pages\/130\"><input type=\"hidden\" name=\"url_referer\" value=\"\"><button type=\"submit\" name=\"wpforms[submit]\" id=\"wpforms-submit-508\" class=\"wpforms-submit\" data-alt-text=\"Skickar...\" data-submit-text=\"Skicka\" aria-live=\"assertive\" value=\"wpforms-submit\">Skicka<\/button><img loading=\"lazy\" decoding=\"async\" src=\"https:\/\/www.sveahome.com\/wp-content\/plugins\/wpforms\/assets\/images\/submit-spin.svg\" class=\"wpforms-submit-spinner\" style=\"display: none;\" width=\"26\" height=\"26\" alt=\"\u0417\u0430\u0432\u0430\u043d\u0442\u0430\u0436\u0435\u043d\u043d\u044f\"><\/div><\/form><\/div>  <!-- .wpforms-container -->\n","protected":false},"excerpt":{"rendered":"<p>F\u00f6r att en bostad skall fungera optimalt s\u00e5 beh\u00f6ver den vara trevligt inredd, praktisk och funktionell. D\u00e4rf\u00f6r erbjuder vi, ut\u00f6ver inredningshj\u00e4lp, \u00e4ven hj\u00e4lp med att utrusta bost\u00e4der.\u00a0 Att ha ett v\u00e4lutrustat hem g\u00f6r vardagliga sysslor enklare och bekv\u00e4mare. Det \u00f6kar komforten, sparar tid, pengar och energi. Med v\u00e5r tj\u00e4nst f\u00f6r utrustning av bost\u00e4der ser vi [&hellip;]<\/p>\n","protected":false},"author":1,"featured_media":235,"parent":76,"menu_order":5,"comment_status":"closed","ping_status":"closed","template":"","meta":{"_acf_changed":false,"footnotes":""},"tags":[],"acf":[],"yoast_head":"<!-- This site is optimized with the Yoast SEO plugin v19.1 - https:\/\/yoast.com\/wordpress\/plugins\/seo\/ -->\n<title>Utrustning av bost\u00e4der, hem och l\u00e4genheter | Svea Home - Torrevieja<\/title>\n<meta name=\"description\" content=\"En bostad skall vara trevligt inredd, praktisk och funktionell. D\u00e4rf\u00f6r erbjuder vi, ut\u00f6ver inredningshj\u00e4lp, \u00e4ven hj\u00e4lp med att utrusta bost\u00e4der.\u00a0\" \/>\n<meta name=\"robots\" content=\"index, follow, max-snippet:-1, max-image-preview:large, max-video-preview:-1\" \/>\n<link rel=\"canonical\" href=\"https:\/\/www.sveahome.com\/uk\/\u0442\u043e\u0440\u0440\u0435\u0432\u0454\u0445\u0430\/\u043a\u043e\u0440\u043f\u0443\u0441-\u043e\u0431\u043b\u0430\u0434\u043d\u0430\u043d\u043d\u044f\/\" \/>\n<meta property=\"og:locale\" content=\"uk_UA\" \/>\n<meta property=\"og:type\" content=\"article\" \/>\n<meta property=\"og:title\" content=\"Utrustning av bost\u00e4der, hem och l\u00e4genheter | Svea Home - Torrevieja\" \/>\n<meta property=\"og:description\" content=\"En bostad skall vara trevligt inredd, praktisk och funktionell. D\u00e4rf\u00f6r erbjuder vi, ut\u00f6ver inredningshj\u00e4lp, \u00e4ven hj\u00e4lp med att utrusta bost\u00e4der.\u00a0\" \/>\n<meta property=\"og:url\" content=\"https:\/\/www.sveahome.com\/uk\/\u0442\u043e\u0440\u0440\u0435\u0432\u0454\u0445\u0430\/\u043a\u043e\u0440\u043f\u0443\u0441-\u043e\u0431\u043b\u0430\u0434\u043d\u0430\u043d\u043d\u044f\/\" \/>\n<meta property=\"og:site_name\" content=\"Svea Home\" \/>\n<meta property=\"article:publisher\" content=\"https:\/\/www.facebook.com\/people\/Svea-Home\/100078707354829\/\" \/>\n<meta property=\"article:modified_time\" content=\"2023-03-16T17:15:53+00:00\" \/>\n<meta property=\"og:image\" content=\"https:\/\/www.sveahome.com\/wp-content\/uploads\/2022\/03\/utrustning.jpg\" \/>\n\t<meta property=\"og:image:width\" content=\"709\" \/>\n\t<meta property=\"og:image:height\" content=\"567\" \/>\n\t<meta property=\"og:image:type\" content=\"image\/jpeg\" \/>\n<meta name=\"twitter:card\" content=\"summary_large_image\" \/>\n<meta name=\"twitter:label1\" content=\"\u041f\u0440\u0438\u0431\u043b. \u0447\u0430\u0441 \u0447\u0438\u0442\u0430\u043d\u043d\u044f\" \/>\n\t<meta name=\"twitter:data1\" content=\"2 \u0445\u0432\u0438\u043b\u0438\u043d\u0438\" \/>\n<script type=\"application\/ld+json\" class=\"yoast-schema-graph\">{\"@context\":\"https:\/\/schema.org\",\"@graph\":[{\"@type\":\"Organization\",\"@id\":\"https:\/\/www.sveahome.com\/#organization\",\"name\":\"Svea Home\",\"url\":\"https:\/\/www.sveahome.com\/\",\"sameAs\":[\"https:\/\/www.instagram.com\/svea.home\/\",\"https:\/\/www.facebook.com\/people\/Svea-Home\/100078707354829\/\"],\"logo\":{\"@type\":\"ImageObject\",\"inLanguage\":\"uk\",\"@id\":\"https:\/\/www.sveahome.com\/#\/schema\/logo\/image\/\",\"url\":\"https:\/\/www.sveahome.com\/wp-content\/uploads\/2022\/02\/SveaHome.jpg\",\"contentUrl\":\"https:\/\/www.sveahome.com\/wp-content\/uploads\/2022\/02\/SveaHome.jpg\",\"width\":239,\"height\":47,\"caption\":\"Svea Home\"},\"image\":{\"@id\":\"https:\/\/www.sveahome.com\/#\/schema\/logo\/image\/\"}},{\"@type\":\"WebSite\",\"@id\":\"https:\/\/www.sveahome.com\/#website\",\"url\":\"https:\/\/www.sveahome.com\/\",\"name\":\"Svea Home\",\"description\":\"\",\"publisher\":{\"@id\":\"https:\/\/www.sveahome.com\/#organization\"},\"potentialAction\":[{\"@type\":\"SearchAction\",\"target\":{\"@type\":\"EntryPoint\",\"urlTemplate\":\"https:\/\/www.sveahome.com\/?s={search_term_string}\"},\"query-input\":\"required name=search_term_string\"}],\"inLanguage\":\"uk\"},{\"@type\":\"ImageObject\",\"inLanguage\":\"uk\",\"@id\":\"https:\/\/www.sveahome.com\/de\/torrevieja\/gerategehause\/#primaryimage\",\"url\":\"https:\/\/www.sveahome.com\/wp-content\/uploads\/2022\/03\/utrustning.jpg\",\"contentUrl\":\"https:\/\/www.sveahome.com\/wp-content\/uploads\/2022\/03\/utrustning.jpg\",\"width\":709,\"height\":567,\"caption\":\"Utrustning av bostad\"},{\"@type\":\"WebPage\",\"@id\":\"https:\/\/www.sveahome.com\/de\/torrevieja\/gerategehause\/#webpage\",\"url\":\"https:\/\/www.sveahome.com\/de\/torrevieja\/gerategehause\/\",\"name\":\"Utrustning av bost\u00e4der, hem och l\u00e4genheter | Svea Home - Torrevieja\",\"isPartOf\":{\"@id\":\"https:\/\/www.sveahome.com\/#website\"},\"primaryImageOfPage\":{\"@id\":\"https:\/\/www.sveahome.com\/de\/torrevieja\/gerategehause\/#primaryimage\"},\"datePublished\":\"2022-02-21T13:26:18+00:00\",\"dateModified\":\"2023-03-16T17:15:53+00:00\",\"description\":\"En bostad skall vara trevligt inredd, praktisk och funktionell. D\u00e4rf\u00f6r erbjuder vi, ut\u00f6ver inredningshj\u00e4lp, \u00e4ven hj\u00e4lp med att utrusta bost\u00e4der.\u00a0\",\"breadcrumb\":{\"@id\":\"https:\/\/www.sveahome.com\/de\/torrevieja\/gerategehause\/#breadcrumb\"},\"inLanguage\":\"uk\",\"potentialAction\":[{\"@type\":\"ReadAction\",\"target\":[\"https:\/\/www.sveahome.com\/de\/torrevieja\/gerategehause\/\"]}]},{\"@type\":\"BreadcrumbList\",\"@id\":\"https:\/\/www.sveahome.com\/de\/torrevieja\/gerategehause\/#breadcrumb\",\"itemListElement\":[{\"@type\":\"ListItem\",\"position\":1,\"name\":\"Home\",\"item\":\"https:\/\/www.sveahome.com\/\"},{\"@type\":\"ListItem\",\"position\":2,\"name\":\"Inredningshj\u00e4lp\",\"item\":\"https:\/\/www.sveahome.com\/torrevieja\/\"},{\"@type\":\"ListItem\",\"position\":3,\"name\":\"Utrustning av bost\u00e4der\"}]}]}<\/script>\n<!-- \/ Yoast SEO plugin. -->","yoast_head_json":{"title":"\u041c\u0435\u0431\u043b\u0456 \u0434\u043b\u044f \u0434\u043e\u043c\u0443, \u0431\u0443\u0434\u0438\u043d\u043a\u0456\u0432 \u0442\u0430 \u043a\u0432\u0430\u0440\u0442\u0438\u0440 | Svea Home - \u0422\u043e\u0440\u0440\u0435\u0432'\u0454\u0445\u0430","description":"\u041e\u0441\u0435\u043b\u044f \u043c\u0430\u0454 \u0431\u0443\u0442\u0438 \u043f\u0440\u0438\u0454\u043c\u043d\u043e \u043e\u0437\u0434\u043e\u0431\u043b\u0435\u043d\u043e\u044e, \u043f\u0440\u0430\u043a\u0442\u0438\u0447\u043d\u043e\u044e \u0442\u0430 \u0444\u0443\u043d\u043a\u0446\u0456\u043e\u043d\u0430\u043b\u044c\u043d\u043e\u044e. \u0422\u043e\u043c\u0443, \u043e\u043a\u0440\u0456\u043c \u0434\u043e\u043f\u043e\u043c\u043e\u0433\u0438 \u0432 \u0434\u0438\u0437\u0430\u0439\u043d\u0456 \u0456\u043d\u0442\u0435\u0440'\u0454\u0440\u0443, \u043c\u0438 \u0442\u0430\u043a\u043e\u0436 \u043f\u0440\u043e\u043f\u043e\u043d\u0443\u0454\u043c\u043e \u0434\u043e\u043f\u043e\u043c\u043e\u0433\u0443 \u0432 \u043e\u0431\u043b\u0430\u0448\u0442\u0443\u0432\u0430\u043d\u043d\u0456 \u043e\u0441\u0435\u043b\u0456.\u00a0","robots":{"index":"index","follow":"follow","max-snippet":"max-snippet:-1","max-image-preview":"max-image-preview:large","max-video-preview":"max-video-preview:-1"},"canonical":"https:\/\/www.sveahome.com\/uk\/\u0442\u043e\u0440\u0440\u0435\u0432\u0454\u0445\u0430\/\u043a\u043e\u0440\u043f\u0443\u0441-\u043e\u0431\u043b\u0430\u0434\u043d\u0430\u043d\u043d\u044f\/","og_locale":"uk_UA","og_type":"article","og_title":"Utrustning av bost\u00e4der, hem och l\u00e4genheter | Svea Home - Torrevieja","og_description":"En bostad skall vara trevligt inredd, praktisk och funktionell. D\u00e4rf\u00f6r erbjuder vi, ut\u00f6ver inredningshj\u00e4lp, \u00e4ven hj\u00e4lp med att utrusta bost\u00e4der.\u00a0","og_url":"https:\/\/www.sveahome.com\/uk\/\u0442\u043e\u0440\u0440\u0435\u0432\u0454\u0445\u0430\/\u043a\u043e\u0440\u043f\u0443\u0441-\u043e\u0431\u043b\u0430\u0434\u043d\u0430\u043d\u043d\u044f\/","og_site_name":"Svea Home","article_publisher":"https:\/\/www.facebook.com\/people\/Svea-Home\/100078707354829\/","article_modified_time":"2023-03-16T17:15:53+00:00","og_image":[{"width":709,"height":567,"url":"https:\/\/www.sveahome.com\/wp-content\/uploads\/2022\/03\/utrustning.jpg","type":"image\/jpeg"}],"twitter_card":"summary_large_image","twitter_misc":{"\u041f\u0440\u0438\u0431\u043b. \u0447\u0430\u0441 \u0447\u0438\u0442\u0430\u043d\u043d\u044f":"2 \u0445\u0432\u0438\u043b\u0438\u043d\u0438"},"schema":{"@context":"https:\/\/schema.org","@graph":[{"@type":"Organization","@id":"https:\/\/www.sveahome.com\/#organization","name":"Svea Home","url":"https:\/\/www.sveahome.com\/","sameAs":["https:\/\/www.instagram.com\/svea.home\/","https:\/\/www.facebook.com\/people\/Svea-Home\/100078707354829\/"],"logo":{"@type":"ImageObject","inLanguage":"uk","@id":"https:\/\/www.sveahome.com\/#\/schema\/logo\/image\/","url":"https:\/\/www.sveahome.com\/wp-content\/uploads\/2022\/02\/SveaHome.jpg","contentUrl":"https:\/\/www.sveahome.com\/wp-content\/uploads\/2022\/02\/SveaHome.jpg","width":239,"height":47,"caption":"Svea Home"},"image":{"@id":"https:\/\/www.sveahome.com\/#\/schema\/logo\/image\/"}},{"@type":"WebSite","@id":"https:\/\/www.sveahome.com\/#website","url":"https:\/\/www.sveahome.com\/","name":"Svea Home","description":"","publisher":{"@id":"https:\/\/www.sveahome.com\/#organization"},"potentialAction":[{"@type":"SearchAction","target":{"@type":"EntryPoint","urlTemplate":"https:\/\/www.sveahome.com\/?s={search_term_string}"},"query-input":"required name=search_term_string"}],"inLanguage":"uk"},{"@type":"ImageObject","inLanguage":"uk","@id":"https:\/\/www.sveahome.com\/de\/torrevieja\/gerategehause\/#primaryimage","url":"https:\/\/www.sveahome.com\/wp-content\/uploads\/2022\/03\/utrustning.jpg","contentUrl":"https:\/\/www.sveahome.com\/wp-content\/uploads\/2022\/03\/utrustning.jpg","width":709,"height":567,"caption":"Utrustning av bostad"},{"@type":"WebPage","@id":"https:\/\/www.sveahome.com\/de\/torrevieja\/gerategehause\/#webpage","url":"https:\/\/www.sveahome.com\/de\/torrevieja\/gerategehause\/","name":"\u041c\u0435\u0431\u043b\u0456 \u0434\u043b\u044f \u0434\u043e\u043c\u0443, \u0431\u0443\u0434\u0438\u043d\u043a\u0456\u0432 \u0442\u0430 \u043a\u0432\u0430\u0440\u0442\u0438\u0440 | Svea Home - \u0422\u043e\u0440\u0440\u0435\u0432'\u0454\u0445\u0430","isPartOf":{"@id":"https:\/\/www.sveahome.com\/#website"},"primaryImageOfPage":{"@id":"https:\/\/www.sveahome.com\/de\/torrevieja\/gerategehause\/#primaryimage"},"datePublished":"2022-02-21T13:26:18+00:00","dateModified":"2023-03-16T17:15:53+00:00","description":"\u041e\u0441\u0435\u043b\u044f \u043c\u0430\u0454 \u0431\u0443\u0442\u0438 \u043f\u0440\u0438\u0454\u043c\u043d\u043e \u043e\u0437\u0434\u043e\u0431\u043b\u0435\u043d\u043e\u044e, \u043f\u0440\u0430\u043a\u0442\u0438\u0447\u043d\u043e\u044e \u0442\u0430 \u0444\u0443\u043d\u043a\u0446\u0456\u043e\u043d\u0430\u043b\u044c\u043d\u043e\u044e. \u0422\u043e\u043c\u0443, \u043e\u043a\u0440\u0456\u043c \u0434\u043e\u043f\u043e\u043c\u043e\u0433\u0438 \u0432 \u0434\u0438\u0437\u0430\u0439\u043d\u0456 \u0456\u043d\u0442\u0435\u0440'\u0454\u0440\u0443, \u043c\u0438 \u0442\u0430\u043a\u043e\u0436 \u043f\u0440\u043e\u043f\u043e\u043d\u0443\u0454\u043c\u043e \u0434\u043e\u043f\u043e\u043c\u043e\u0433\u0443 \u0432 \u043e\u0431\u043b\u0430\u0448\u0442\u0443\u0432\u0430\u043d\u043d\u0456 \u043e\u0441\u0435\u043b\u0456.\u00a0","breadcrumb":{"@id":"https:\/\/www.sveahome.com\/de\/torrevieja\/gerategehause\/#breadcrumb"},"inLanguage":"uk","potentialAction":[{"@type":"ReadAction","target":["https:\/\/www.sveahome.com\/de\/torrevieja\/gerategehause\/"]}]},{"@type":"BreadcrumbList","@id":"https:\/\/www.sveahome.com\/de\/torrevieja\/gerategehause\/#breadcrumb","itemListElement":[{"@type":"ListItem","position":1,"name":"Home","item":"https:\/\/www.sveahome.com\/"},{"@type":"ListItem","position":2,"name":"Inredningshj\u00e4lp","item":"https:\/\/www.sveahome.com\/torrevieja\/"},{"@type":"ListItem","position":3,"name":"Utrustning av bost\u00e4der"}]}]}},"_links":{"self":[{"href":"https:\/\/www.sveahome.com\/uk\/wp-json\/wp\/v2\/pages\/130"}],"collection":[{"href":"https:\/\/www.sveahome.com\/uk\/wp-json\/wp\/v2\/pages"}],"about":[{"href":"https:\/\/www.sveahome.com\/uk\/wp-json\/wp\/v2\/types\/page"}],"author":[{"embeddable":true,"href":"https:\/\/www.sveahome.com\/uk\/wp-json\/wp\/v2\/users\/1"}],"replies":[{"embeddable":true,"href":"https:\/\/www.sveahome.com\/uk\/wp-json\/wp\/v2\/comments?post=130"}],"version-history":[{"count":0,"href":"https:\/\/www.sveahome.com\/uk\/wp-json\/wp\/v2\/pages\/130\/revisions"}],"up":[{"embeddable":true,"href":"https:\/\/www.sveahome.com\/uk\/wp-json\/wp\/v2\/pages\/76"}],"wp:featuredmedia":[{"embeddable":true,"href":"https:\/\/www.sveahome.com\/uk\/wp-json\/wp\/v2\/media\/235"}],"wp:attachment":[{"href":"https:\/\/www.sveahome.com\/uk\/wp-json\/wp\/v2\/media?parent=130"}],"wp:term":[{"taxonomy":"post_tag","embeddable":true,"href":"https:\/\/www.sveahome.com\/uk\/wp-json\/wp\/v2\/tags?post=130"}],"curies":[{"name":"wp","href":"https:\/\/api.w.org\/{rel}","templated":true}]}}