{"id":37,"date":"2022-02-14T12:29:18","date_gmt":"2022-02-14T12:29:18","guid":{"rendered":"https:\/\/www.sveahome.com\/?page_id=37"},"modified":"2024-08-29T18:15:13","modified_gmt":"2024-08-29T16:15:13","slug":"welcome-to-sveahome","status":"publish","type":"page","link":"https:\/\/www.sveahome.com\/uk\/","title":{"rendered":"\u041b\u0430\u0441\u043a\u0430\u0432\u043e \u043f\u0440\u043e\u0441\u0438\u043c\u043e \u0434\u043e Svea Home!"},"content":{"rendered":"<h2>\u0406\u0441\u043f\u0430\u043d\u0441\u044c\u043a\u0456 \u0431\u0443\u0434\u0438\u043d\u043a\u0438 \u0437\u0430\u0441\u043b\u0443\u0433\u043e\u0432\u0443\u044e\u0442\u044c \u043d\u0430 \u0441\u043a\u0430\u043d\u0434\u0438\u043d\u0430\u0432\u0441\u044c\u043a\u0438\u0439 \u0448\u0442\u0440\u0438\u0445!<\/h2>","protected":false},"excerpt":{"rendered":"<p>\u0406\u0441\u043f\u0430\u043d\u0441\u044c\u043a\u0456 \u0431\u0443\u0434\u0438\u043d\u043a\u0438 \u0437\u0430\u0441\u043b\u0443\u0433\u043e\u0432\u0443\u044e\u0442\u044c \u043d\u0430 \u0441\u043a\u0430\u043d\u0434\u0438\u043d\u0430\u0432\u0441\u044c\u043a\u0438\u0439 \u0448\u0442\u0440\u0438\u0445!<\/p>","protected":false},"author":1,"featured_media":848,"parent":0,"menu_order":0,"comment_status":"closed","ping_status":"closed","template":"page-start2.php","meta":{"_acf_changed":false,"footnotes":""},"tags":[],"acf":[],"yoast_head":"<!-- This site is optimized with the Yoast SEO plugin v19.1 - https:\/\/yoast.com\/wordpress\/plugins\/seo\/ -->\n<title>Heminredare i Torrevieja | V\u00e4lkommen till Svea Home!<\/title>\n<meta name=\"description\" content=\"Spanska hem f\u00f6rtj\u00e4nar en nordisk touch! V\u00e4lkommen till Svea Home i Torrevieja. Vi erbjuder inredningshj\u00e4lp, hometaging, utrustning av bost\u00e4der med mera.\" \/>\n<meta name=\"robots\" content=\"index, follow, max-snippet:-1, max-image-preview:large, max-video-preview:-1\" \/>\n<link rel=\"canonical\" href=\"https:\/\/www.sveahome.com\/uk\/\" \/>\n<meta property=\"og:locale\" content=\"uk_UA\" \/>\n<meta property=\"og:type\" content=\"article\" \/>\n<meta property=\"og:title\" content=\"Heminredare i Torrevieja | V\u00e4lkommen till Svea Home!\" \/>\n<meta property=\"og:description\" content=\"Spanska hem f\u00f6rtj\u00e4nar en nordisk touch! V\u00e4lkommen till Svea Home i Torrevieja. Vi erbjuder inredningshj\u00e4lp, hometaging, utrustning av bost\u00e4der med mera.\" \/>\n<meta property=\"og:url\" content=\"https:\/\/www.sveahome.com\/uk\/\" \/>\n<meta property=\"og:site_name\" content=\"Svea Home\" \/>\n<meta property=\"article:publisher\" content=\"https:\/\/www.facebook.com\/people\/Svea-Home\/100078707354829\/\" \/>\n<meta property=\"article:modified_time\" content=\"2024-08-29T16:15:13+00:00\" \/>\n<meta property=\"og:image\" content=\"https:\/\/www.sveahome.com\/wp-content\/uploads\/2024\/08\/framsida-fb-text-1024x691.jpg\" \/>\n\t<meta property=\"og:image:width\" content=\"1024\" \/>\n\t<meta property=\"og:image:height\" content=\"691\" \/>\n\t<meta property=\"og:image:type\" content=\"image\/jpeg\" \/>\n<meta name=\"twitter:card\" content=\"summary_large_image\" \/>\n<script type=\"application\/ld+json\" class=\"yoast-schema-graph\">{\"@context\":\"https:\/\/schema.org\",\"@graph\":[{\"@type\":\"Organization\",\"@id\":\"https:\/\/www.sveahome.com\/#organization\",\"name\":\"Svea Home\",\"url\":\"https:\/\/www.sveahome.com\/\",\"sameAs\":[\"https:\/\/www.instagram.com\/svea.home\/\",\"https:\/\/www.facebook.com\/people\/Svea-Home\/100078707354829\/\"],\"logo\":{\"@type\":\"ImageObject\",\"inLanguage\":\"uk\",\"@id\":\"https:\/\/www.sveahome.com\/#\/schema\/logo\/image\/\",\"url\":\"https:\/\/www.sveahome.com\/wp-content\/uploads\/2022\/02\/SveaHome.jpg\",\"contentUrl\":\"https:\/\/www.sveahome.com\/wp-content\/uploads\/2022\/02\/SveaHome.jpg\",\"width\":239,\"height\":47,\"caption\":\"Svea Home\"},\"image\":{\"@id\":\"https:\/\/www.sveahome.com\/#\/schema\/logo\/image\/\"}},{\"@type\":\"WebSite\",\"@id\":\"https:\/\/www.sveahome.com\/#website\",\"url\":\"https:\/\/www.sveahome.com\/\",\"name\":\"Svea Home\",\"description\":\"\",\"publisher\":{\"@id\":\"https:\/\/www.sveahome.com\/#organization\"},\"potentialAction\":[{\"@type\":\"SearchAction\",\"target\":{\"@type\":\"EntryPoint\",\"urlTemplate\":\"https:\/\/www.sveahome.com\/?s={search_term_string}\"},\"query-input\":\"required name=search_term_string\"}],\"inLanguage\":\"uk\"},{\"@type\":\"ImageObject\",\"inLanguage\":\"uk\",\"@id\":\"https:\/\/www.sveahome.com\/#primaryimage\",\"url\":\"https:\/\/www.sveahome.com\/wp-content\/uploads\/2024\/08\/framsida-fb-text.jpg\",\"contentUrl\":\"https:\/\/www.sveahome.com\/wp-content\/uploads\/2024\/08\/framsida-fb-text.jpg\",\"width\":2370,\"height\":1600,\"caption\":\"SVEA HOME\"},{\"@type\":\"WebPage\",\"@id\":\"https:\/\/www.sveahome.com\/#webpage\",\"url\":\"https:\/\/www.sveahome.com\/\",\"name\":\"Heminredare i Torrevieja | V\u00e4lkommen till Svea Home!\",\"isPartOf\":{\"@id\":\"https:\/\/www.sveahome.com\/#website\"},\"primaryImageOfPage\":{\"@id\":\"https:\/\/www.sveahome.com\/#primaryimage\"},\"datePublished\":\"2022-02-14T12:29:18+00:00\",\"dateModified\":\"2024-08-29T16:15:13+00:00\",\"description\":\"Spanska hem f\u00f6rtj\u00e4nar en nordisk touch! V\u00e4lkommen till Svea Home i Torrevieja. Vi erbjuder inredningshj\u00e4lp, hometaging, utrustning av bost\u00e4der med mera.\",\"breadcrumb\":{\"@id\":\"https:\/\/www.sveahome.com\/#breadcrumb\"},\"inLanguage\":\"uk\",\"potentialAction\":[{\"@type\":\"ReadAction\",\"target\":[\"https:\/\/www.sveahome.com\/\"]}]},{\"@type\":\"BreadcrumbList\",\"@id\":\"https:\/\/www.sveahome.com\/#breadcrumb\",\"itemListElement\":[{\"@type\":\"ListItem\",\"position\":1,\"name\":\"Home\",\"item\":\"https:\/\/www.sveahome.com\/\"},{\"@type\":\"ListItem\",\"position\":2,\"name\":\"V\u00e4lkommen till Svea Home!\"}]}]}<\/script>\n<!-- \/ Yoast SEO plugin. -->","yoast_head_json":{"title":"\u0414\u0435\u043a\u043e\u0440\u0430\u0442\u043e\u0440\u0438 \u0434\u043b\u044f \u0434\u043e\u043c\u0443 \u0432 \u0422\u043e\u0440\u0440\u0435\u0432'\u0454\u0445\u0430 | \u041b\u0430\u0441\u043a\u0430\u0432\u043e \u043f\u0440\u043e\u0441\u0438\u043c\u043e \u0434\u043e Svea Home!","description":"\u0406\u0441\u043f\u0430\u043d\u0441\u044c\u043a\u0456 \u0431\u0443\u0434\u0438\u043d\u043a\u0438 \u0437\u0430\u0441\u043b\u0443\u0433\u043e\u0432\u0443\u044e\u0442\u044c \u043d\u0430 \u0441\u043a\u0430\u043d\u0434\u0438\u043d\u0430\u0432\u0441\u044c\u043a\u0438\u0439 \u0434\u043e\u0442\u0438\u043a! \u041b\u0430\u0441\u043a\u0430\u0432\u043e \u043f\u0440\u043e\u0441\u0438\u043c\u043e \u0434\u043e Svea Home \u0432 \u0422\u043e\u0440\u0440\u0435\u0432'\u0454\u0445\u0430. \u041c\u0438 \u043f\u0440\u043e\u043f\u043e\u043d\u0443\u0454\u043c\u043e \u0434\u043e\u043f\u043e\u043c\u043e\u0433\u0443 \u0432 \u0434\u0438\u0437\u0430\u0439\u043d\u0456 \u0456\u043d\u0442\u0435\u0440'\u0454\u0440\u0443, \u043e\u0431\u043b\u0430\u0448\u0442\u0443\u0432\u0430\u043d\u043d\u0456 \u043e\u0441\u0435\u043b\u0456, \u043e\u0441\u043d\u0430\u0449\u0435\u043d\u043d\u0456 \u0431\u0443\u0434\u0438\u043d\u043a\u0443 \u0442\u0430 \u0431\u0430\u0433\u0430\u0442\u043e \u0456\u043d\u0448\u043e\u0433\u043e.","robots":{"index":"index","follow":"follow","max-snippet":"max-snippet:-1","max-image-preview":"max-image-preview:large","max-video-preview":"max-video-preview:-1"},"canonical":"https:\/\/www.sveahome.com\/uk\/","og_locale":"uk_UA","og_type":"article","og_title":"Heminredare i Torrevieja | V\u00e4lkommen till Svea Home!","og_description":"Spanska hem f\u00f6rtj\u00e4nar en nordisk touch! V\u00e4lkommen till Svea Home i Torrevieja. Vi erbjuder inredningshj\u00e4lp, hometaging, utrustning av bost\u00e4der med mera.","og_url":"https:\/\/www.sveahome.com\/uk\/","og_site_name":"Svea Home","article_publisher":"https:\/\/www.facebook.com\/people\/Svea-Home\/100078707354829\/","article_modified_time":"2024-08-29T16:15:13+00:00","og_image":[{"width":1024,"height":691,"url":"https:\/\/www.sveahome.com\/wp-content\/uploads\/2024\/08\/framsida-fb-text-1024x691.jpg","type":"image\/jpeg"}],"twitter_card":"summary_large_image","schema":{"@context":"https:\/\/schema.org","@graph":[{"@type":"Organization","@id":"https:\/\/www.sveahome.com\/#organization","name":"Svea Home","url":"https:\/\/www.sveahome.com\/","sameAs":["https:\/\/www.instagram.com\/svea.home\/","https:\/\/www.facebook.com\/people\/Svea-Home\/100078707354829\/"],"logo":{"@type":"ImageObject","inLanguage":"uk","@id":"https:\/\/www.sveahome.com\/#\/schema\/logo\/image\/","url":"https:\/\/www.sveahome.com\/wp-content\/uploads\/2022\/02\/SveaHome.jpg","contentUrl":"https:\/\/www.sveahome.com\/wp-content\/uploads\/2022\/02\/SveaHome.jpg","width":239,"height":47,"caption":"Svea Home"},"image":{"@id":"https:\/\/www.sveahome.com\/#\/schema\/logo\/image\/"}},{"@type":"WebSite","@id":"https:\/\/www.sveahome.com\/#website","url":"https:\/\/www.sveahome.com\/","name":"Svea Home","description":"","publisher":{"@id":"https:\/\/www.sveahome.com\/#organization"},"potentialAction":[{"@type":"SearchAction","target":{"@type":"EntryPoint","urlTemplate":"https:\/\/www.sveahome.com\/?s={search_term_string}"},"query-input":"required name=search_term_string"}],"inLanguage":"uk"},{"@type":"ImageObject","inLanguage":"uk","@id":"https:\/\/www.sveahome.com\/#primaryimage","url":"https:\/\/www.sveahome.com\/wp-content\/uploads\/2024\/08\/framsida-fb-text.jpg","contentUrl":"https:\/\/www.sveahome.com\/wp-content\/uploads\/2024\/08\/framsida-fb-text.jpg","width":2370,"height":1600,"caption":"SVEA HOME"},{"@type":"WebPage","@id":"https:\/\/www.sveahome.com\/#webpage","url":"https:\/\/www.sveahome.com\/","name":"\u0414\u0435\u043a\u043e\u0440\u0430\u0442\u043e\u0440\u0438 \u0434\u043b\u044f \u0434\u043e\u043c\u0443 \u0432 \u0422\u043e\u0440\u0440\u0435\u0432'\u0454\u0445\u0430 | \u041b\u0430\u0441\u043a\u0430\u0432\u043e \u043f\u0440\u043e\u0441\u0438\u043c\u043e \u0434\u043e Svea Home!","isPartOf":{"@id":"https:\/\/www.sveahome.com\/#website"},"primaryImageOfPage":{"@id":"https:\/\/www.sveahome.com\/#primaryimage"},"datePublished":"2022-02-14T12:29:18+00:00","dateModified":"2024-08-29T16:15:13+00:00","description":"\u0406\u0441\u043f\u0430\u043d\u0441\u044c\u043a\u0456 \u0431\u0443\u0434\u0438\u043d\u043a\u0438 \u0437\u0430\u0441\u043b\u0443\u0433\u043e\u0432\u0443\u044e\u0442\u044c \u043d\u0430 \u0441\u043a\u0430\u043d\u0434\u0438\u043d\u0430\u0432\u0441\u044c\u043a\u0438\u0439 \u0434\u043e\u0442\u0438\u043a! \u041b\u0430\u0441\u043a\u0430\u0432\u043e \u043f\u0440\u043e\u0441\u0438\u043c\u043e \u0434\u043e Svea Home \u0432 \u0422\u043e\u0440\u0440\u0435\u0432'\u0454\u0445\u0430. \u041c\u0438 \u043f\u0440\u043e\u043f\u043e\u043d\u0443\u0454\u043c\u043e \u0434\u043e\u043f\u043e\u043c\u043e\u0433\u0443 \u0432 \u0434\u0438\u0437\u0430\u0439\u043d\u0456 \u0456\u043d\u0442\u0435\u0440'\u0454\u0440\u0443, \u043e\u0431\u043b\u0430\u0448\u0442\u0443\u0432\u0430\u043d\u043d\u0456 \u043e\u0441\u0435\u043b\u0456, \u043e\u0441\u043d\u0430\u0449\u0435\u043d\u043d\u0456 \u0431\u0443\u0434\u0438\u043d\u043a\u0443 \u0442\u0430 \u0431\u0430\u0433\u0430\u0442\u043e \u0456\u043d\u0448\u043e\u0433\u043e.","breadcrumb":{"@id":"https:\/\/www.sveahome.com\/#breadcrumb"},"inLanguage":"uk","potentialAction":[{"@type":"ReadAction","target":["https:\/\/www.sveahome.com\/"]}]},{"@type":"BreadcrumbList","@id":"https:\/\/www.sveahome.com\/#breadcrumb","itemListElement":[{"@type":"ListItem","position":1,"name":"Home","item":"https:\/\/www.sveahome.com\/"},{"@type":"ListItem","position":2,"name":"V\u00e4lkommen till Svea Home!"}]}]}},"_links":{"self":[{"href":"https:\/\/www.sveahome.com\/uk\/wp-json\/wp\/v2\/pages\/37"}],"collection":[{"href":"https:\/\/www.sveahome.com\/uk\/wp-json\/wp\/v2\/pages"}],"about":[{"href":"https:\/\/www.sveahome.com\/uk\/wp-json\/wp\/v2\/types\/page"}],"author":[{"embeddable":true,"href":"https:\/\/www.sveahome.com\/uk\/wp-json\/wp\/v2\/users\/1"}],"replies":[{"embeddable":true,"href":"https:\/\/www.sveahome.com\/uk\/wp-json\/wp\/v2\/comments?post=37"}],"version-history":[{"count":0,"href":"https:\/\/www.sveahome.com\/uk\/wp-json\/wp\/v2\/pages\/37\/revisions"}],"wp:featuredmedia":[{"embeddable":true,"href":"https:\/\/www.sveahome.com\/uk\/wp-json\/wp\/v2\/media\/848"}],"wp:attachment":[{"href":"https:\/\/www.sveahome.com\/uk\/wp-json\/wp\/v2\/media?parent=37"}],"wp:term":[{"taxonomy":"post_tag","embeddable":true,"href":"https:\/\/www.sveahome.com\/uk\/wp-json\/wp\/v2\/tags?post=37"}],"curies":[{"name":"wp","href":"https:\/\/api.w.org\/{rel}","templated":true}]}}