{"id":462,"date":"2023-03-02T15:28:54","date_gmt":"2023-03-02T15:28:54","guid":{"rendered":"https:\/\/www.sveahome.com\/?page_id=462"},"modified":"2026-02-13T14:56:29","modified_gmt":"2026-02-13T13:56:29","slug":"%d0%b2%d1%96%d0%b7%d1%83%d0%b0%d0%bb%d1%96%d0%b7%d0%b0%d1%86%d1%96%d1%8f-3d","status":"publish","type":"page","link":"https:\/\/www.sveahome.com\/uk\/torrevieja\/visualiseringar-3d\/","title":{"rendered":"3D-\u0432\u0456\u0437\u0443\u0430\u043b\u0456\u0437\u0430\u0446\u0456\u044f"},"content":{"rendered":"<p><strong>En 3D-visualisering g\u00f6r det m\u00f6jligt att skapa naturtrogna upplevelser av n\u00e5got som \u00e4nnu inte existerar.<\/strong><\/p>\n<p>N\u00e4r det kommer till m\u00f6blering och inredning \u00e4r 3D-visualisering ett mycket anv\u00e4ndbart verktyg av flera sk\u00e4l.<\/p>\n<ul>\n<li><strong>M\u00f6bleringsplanering<\/strong> &#8211; h\u00e4r kan vi se hur olika m\u00f6bler och inredningsdetaljer kommer att passa in i ett utrymme. Detta hj\u00e4lper oss att tillsammans med dig skapa en funktionell och estetiskt tilltalande design.<\/li>\n<li><strong>Experimenterande med f\u00e4rg och materialval<\/strong> &#8211; Vi f\u00e5r m\u00f6jlighet att experimentera med olika f\u00e4rg- och materialval och du kan se hur de kommer att se ut i den slutliga designen. Det hj\u00e4lper oss att tillsammans att fatta v\u00e4lgrundade beslut om vilka f\u00e4rger och material som fungerar b\u00e4st tillsammans.<\/li>\n<li><strong>Realistiska f\u00f6rhandsvisningar<\/strong> &#8211; h\u00e4r kan vi hj\u00e4lpa v\u00e5ra kunder att bygga upp milj\u00f6er som g\u00f6r det m\u00f6jligt att erbjuda realistiska f\u00f6rhandsvisningar av hur ett utrymme kan se ut n\u00e4r det \u00e4r f\u00e4rdigst\u00e4llt. Detta \u00e4r mycket v\u00e4rdefullt vid st\u00f6rre inredningsprojekt eller nyproduktion och renovering av bost\u00e4der.<\/li>\n<li><strong>Sparar tid och pengar<\/strong> &#8211; Att g\u00f6ra f\u00f6r\u00e4ndringar av en design i efterhand \u00e4r dyrt och tidskr\u00e4vande. Med en 3D-visualisering kan man g\u00f6ra dessa \u00e4ndringar innan exempelvis en byggnation p\u00e5b\u00f6rjats.<\/li>\n<\/ul>\n<h3>Exempel p\u00e5 v\u00e5r 3D-visualisering<\/h3>\n<p><img loading=\"lazy\" decoding=\"async\" class=\"alignnone wp-image-497 size-full\" src=\"https:\/\/www.sveahome.com\/wp-content\/uploads\/2023\/03\/bathroom.jpg\" alt=\"3D visualisering av ett badrum\" width=\"1042\" height=\"804\" srcset=\"https:\/\/www.sveahome.com\/wp-content\/uploads\/2023\/03\/bathroom.jpg 1042w, https:\/\/www.sveahome.com\/wp-content\/uploads\/2023\/03\/bathroom-300x231.jpg 300w, https:\/\/www.sveahome.com\/wp-content\/uploads\/2023\/03\/bathroom-1024x790.jpg 1024w, https:\/\/www.sveahome.com\/wp-content\/uploads\/2023\/03\/bathroom-768x593.jpg 768w, https:\/\/www.sveahome.com\/wp-content\/uploads\/2023\/03\/bathroom-360x278.jpg 360w\" sizes=\"(max-width: 1042px) 100vw, 1042px\" \/><\/p>\n<p><img loading=\"lazy\" decoding=\"async\" class=\"alignnone wp-image-498 size-full\" src=\"https:\/\/www.sveahome.com\/wp-content\/uploads\/2023\/03\/Beige_bedroom.jpg\" alt=\"Sovrum i 3d visualisering\" width=\"1465\" height=\"1173\" srcset=\"https:\/\/www.sveahome.com\/wp-content\/uploads\/2023\/03\/Beige_bedroom.jpg 1465w, https:\/\/www.sveahome.com\/wp-content\/uploads\/2023\/03\/Beige_bedroom-300x240.jpg 300w, https:\/\/www.sveahome.com\/wp-content\/uploads\/2023\/03\/Beige_bedroom-1024x820.jpg 1024w, https:\/\/www.sveahome.com\/wp-content\/uploads\/2023\/03\/Beige_bedroom-768x615.jpg 768w, https:\/\/www.sveahome.com\/wp-content\/uploads\/2023\/03\/Beige_bedroom-360x288.jpg 360w\" sizes=\"(max-width: 1465px) 100vw, 1465px\" \/><\/p>\n<p>Beh\u00f6ver du hj\u00e4lp med en 3D visualisering av ett hus, l\u00e4genhet, bostad eller inredning? Ring oss idag p\u00e5 +34 653 469 106 eller anv\u00e4nd v\u00e5rt kontaktformul\u00e4r:<\/p>\n<div class=\"wpforms-container wpforms-container-full\" id=\"wpforms-508\"><form id=\"wpforms-form-508\" class=\"wpforms-validate wpforms-form wpforms-ajax-form\" data-formid=\"508\" method=\"post\" enctype=\"multipart\/form-data\" action=\"\/uk\/wp-json\/wp\/v2\/pages\/462\" data-token=\"6214f0071df4b36cce240d070748c9a6\" data-token-time=\"1776513946\"><noscript class=\"wpforms-error-noscript\">\u0414\u043b\u044f \u0437\u0430\u043f\u043e\u0432\u043d\u0435\u043d\u043d\u044f \u0446\u0456\u0454\u0457 \u0444\u043e\u0440\u043c\u0438 \u0443\u0432\u0456\u043c\u043a\u043d\u0456\u0442\u044c JavaScript \u0443 \u0431\u0440\u0430\u0443\u0437\u0435\u0440\u0456.<\/noscript><div class=\"wpforms-field-container\"><div id=\"wpforms-508-field_2-container\" class=\"wpforms-field wpforms-field-name\" data-field-id=\"2\"><label class=\"wpforms-field-label\" for=\"wpforms-508-field_2\">Namn <span class=\"wpforms-required-label\">*<\/span><\/label><input type=\"text\" id=\"wpforms-508-field_2\" class=\"wpforms-field-medium wpforms-field-required\" name=\"wpforms[fields][2]\" required><\/div><div id=\"wpforms-508-field_5-container\" class=\"wpforms-field wpforms-field-email\" data-field-id=\"5\"><label class=\"wpforms-field-label\" for=\"wpforms-508-field_5\">Email <span class=\"wpforms-required-label\">*<\/span><\/label><input type=\"email\" id=\"wpforms-508-field_5\" class=\"wpforms-field-medium wpforms-field-required\" name=\"wpforms[fields][5]\" spellcheck=\"false\" required><\/div><div id=\"wpforms-508-field_6-container\" class=\"wpforms-field wpforms-field-phone\" data-field-id=\"6\"><label class=\"wpforms-field-label\" for=\"wpforms-508-field_6\">Telefonnummer <span class=\"wpforms-required-label\">*<\/span><\/label><input type=\"tel\" id=\"wpforms-508-field_6\" class=\"wpforms-field-medium wpforms-field-required wpforms-smart-phone-field\" data-rule-smart-phone-field=\"true\" name=\"wpforms[fields][6]\" aria-label=\"Telefonnummer\" required><\/div><div id=\"wpforms-508-field_7-container\" class=\"wpforms-field wpforms-field-checkbox wpforms-conditional-trigger\" data-field-id=\"7\"><label class=\"wpforms-field-label\">Jag \u00e4r intresserad av <span class=\"wpforms-required-label\">*<\/span><\/label><ul id=\"wpforms-508-field_7\" class=\"wpforms-field-required\"><li class=\"choice-1 depth-1\"><input type=\"checkbox\" id=\"wpforms-508-field_7_1\" name=\"wpforms[fields][7][]\" value=\"Inredningsdesign\" required ><label class=\"wpforms-field-label-inline\" for=\"wpforms-508-field_7_1\">Inredningsdesign<\/label><\/li><li class=\"choice-2 depth-1\"><input type=\"checkbox\" id=\"wpforms-508-field_7_2\" name=\"wpforms[fields][7][]\" value=\"Homestaging eller homestyling\" required ><label class=\"wpforms-field-label-inline\" for=\"wpforms-508-field_7_2\">Homestaging eller homestyling<\/label><\/li><li class=\"choice-8 depth-1\"><input type=\"checkbox\" id=\"wpforms-508-field_7_8\" name=\"wpforms[fields][7][]\" value=\"M\u00f6blering\" required ><label class=\"wpforms-field-label-inline\" for=\"wpforms-508-field_7_8\">M\u00f6blering<\/label><\/li><li class=\"choice-3 depth-1\"><input type=\"checkbox\" id=\"wpforms-508-field_7_3\" name=\"wpforms[fields][7][]\" value=\"En m\u00f6blerings eller inredningsplan\" required ><label class=\"wpforms-field-label-inline\" for=\"wpforms-508-field_7_3\">En m\u00f6blerings eller inredningsplan<\/label><\/li><li class=\"choice-4 depth-1\"><input type=\"checkbox\" id=\"wpforms-508-field_7_4\" name=\"wpforms[fields][7][]\" value=\"Visualisering i 3D\" required ><label class=\"wpforms-field-label-inline\" for=\"wpforms-508-field_7_4\">Visualisering i 3D<\/label><\/li><li class=\"choice-5 depth-1\"><input type=\"checkbox\" id=\"wpforms-508-field_7_5\" name=\"wpforms[fields][7][]\" value=\"Utrustning av en bostad\" required ><label class=\"wpforms-field-label-inline\" for=\"wpforms-508-field_7_5\">Utrustning av en bostad<\/label><\/li><li class=\"choice-6 depth-1\"><input type=\"checkbox\" id=\"wpforms-508-field_7_6\" name=\"wpforms[fields][7][]\" value=\"St\u00e4dning och bortforsling\" required ><label class=\"wpforms-field-label-inline\" for=\"wpforms-508-field_7_6\">St\u00e4dning och bortforsling<\/label><\/li><li class=\"choice-7 depth-1\"><input type=\"checkbox\" id=\"wpforms-508-field_7_7\" name=\"wpforms[fields][7][]\" value=\"N\u00e5got annat\" required ><label class=\"wpforms-field-label-inline\" for=\"wpforms-508-field_7_7\">N\u00e5got annat<\/label><\/li><\/ul><\/div><div id=\"wpforms-508-field_3-container\" class=\"wpforms-field wpforms-field-textarea\" data-field-id=\"3\"><label class=\"wpforms-field-label\" for=\"wpforms-508-field_3\">Meddelande<\/label><textarea id=\"wpforms-508-field_3\" class=\"wpforms-field-medium\" name=\"wpforms[fields][3]\" ><\/textarea><\/div>\t\t<div id=\"wpforms-508-field_1-container\"\n\t\t\tclass=\"wpforms-field wpforms-field-text\"\n\t\t\tdata-field-type=\"text\"\n\t\t\tdata-field-id=\"1\"\n\t\t\t>\n\t\t\t<label class=\"wpforms-field-label\" for=\"wpforms-508-field_1\" >fr\u00e5ga: av \u00e4r<\/label>\n\t\t\t<input type=\"text\" id=\"wpforms-508-field_1\" class=\"wpforms-field-medium\" name=\"wpforms[fields][1]\" >\n\t\t<\/div>\n\t\t<div id=\"wpforms-508-field_9-container\" class=\"wpforms-field wpforms-field-checkbox wpforms-conditional-field wpforms-conditional-show wpforms-conditional-trigger\" data-field-id=\"9\" style=\"display:none;\"><label class=\"wpforms-field-label\">Kompletterande fr\u00e5ga: <span class=\"wpforms-required-label\">*<\/span><\/label><ul id=\"wpforms-508-field_9\" class=\"wpforms-field-required\"><li class=\"choice-1 depth-1\"><input type=\"checkbox\" id=\"wpforms-508-field_9_1\" name=\"wpforms[fields][9][]\" value=\"Jag \u00e4r en riktig person\" required ><label class=\"wpforms-field-label-inline\" for=\"wpforms-508-field_9_1\">Jag \u00e4r en riktig person<\/label><\/li><\/ul><\/div><div id=\"wpforms-508-field_10-container\" class=\"wpforms-field wpforms-field-captcha wpforms-conditional-field wpforms-conditional-show\" data-field-id=\"10\" style=\"display:none;\"><label class=\"wpforms-field-label\" for=\"wpforms-508-field_10\">S\u00e4kerhetsfr\u00e5ga <span class=\"wpforms-required-label\">*<\/span><\/label>\t\t\t<div class=\"wpforms-captcha-math\">\n\t\t\t\t<span id=\"wpforms-508-field_10-question\" class=\"wpforms-captcha-equation\">\n\t\t\t\t\t<span class=\"n1\">1<\/span>\n\t\t\t\t\t\t\t<span class=\"cal\">+<\/span>\n\t\t\t\t\t\t\t<span class=\"n2\">5<\/span>\t\t\t\t\t<span class=\"e\">=<\/span>\n\t\t\t\t<\/span>\n\t\t\t\t<input type=\"text\" id=\"wpforms-508-field_10\" class=\"wpforms-field-medium wpforms-field-required a\" data-rule-wpf-captcha=\"math\" data-is-wrapped-field=\"1\" name=\"wpforms[fields][10][a]\" aria-describedby=\"wpforms-508-field_10-question\" required>\t\t\t\t<input type=\"hidden\" name=\"wpforms[fields][10][cal]\" class=\"cal\">\n\t\t\t\t<input type=\"hidden\" name=\"wpforms[fields][10][n2]\" class=\"n2\">\n\t\t\t\t<input type=\"hidden\" name=\"wpforms[fields][10][n1]\" class=\"n1\">\n\t\t\t<\/div>\n\t\t\t<\/div><script>\n\t\t\t\t( function() {\n\t\t\t\t\tconst style = document.createElement( 'style' );\n\t\t\t\t\tstyle.appendChild( document.createTextNode( '#wpforms-508-field_1-container { position: absolute !important; overflow: hidden !important; display: inline !important; height: 1px !important; width: 1px !important; z-index: -1000 !important; padding: 0 !important; } #wpforms-508-field_1-container input { visibility: hidden; } #wpforms-conversational-form-page #wpforms-508-field_1-container label { counter-increment: none; }' ) );\n\t\t\t\t\tdocument.head.appendChild( style );\n\t\t\t\t\tdocument.currentScript?.remove();\n\t\t\t\t} )();\n\t\t\t<\/script><\/div><!-- .wpforms-field-container --><div class=\"wpforms-submit-container\" ><input type=\"hidden\" name=\"wpforms[id]\" value=\"508\"><input type=\"hidden\" name=\"page_title\" value=\"\"><input type=\"hidden\" name=\"page_url\" value=\"https:\/\/www.sveahome.com\/uk\/wp-json\/wp\/v2\/pages\/462\"><input type=\"hidden\" name=\"url_referer\" value=\"\"><button type=\"submit\" name=\"wpforms[submit]\" id=\"wpforms-submit-508\" class=\"wpforms-submit\" data-alt-text=\"Skickar...\" data-submit-text=\"Skicka\" aria-live=\"assertive\" value=\"wpforms-submit\">Skicka<\/button><img loading=\"lazy\" decoding=\"async\" src=\"https:\/\/www.sveahome.com\/wp-content\/plugins\/wpforms\/assets\/images\/submit-spin.svg\" class=\"wpforms-submit-spinner\" style=\"display: none;\" width=\"26\" height=\"26\" alt=\"\u0417\u0430\u0432\u0430\u043d\u0442\u0430\u0436\u0435\u043d\u043d\u044f\"><\/div><\/form><\/div>  <!-- .wpforms-container -->\n","protected":false},"excerpt":{"rendered":"<p>En 3D-visualisering g\u00f6r det m\u00f6jligt att skapa naturtrogna upplevelser av n\u00e5got som \u00e4nnu inte existerar. N\u00e4r det kommer till m\u00f6blering och inredning \u00e4r 3D-visualisering ett mycket anv\u00e4ndbart verktyg av flera sk\u00e4l. M\u00f6bleringsplanering &#8211; h\u00e4r kan vi se hur olika m\u00f6bler och inredningsdetaljer kommer att passa in i ett utrymme. Detta hj\u00e4lper oss att tillsammans med [&hellip;]<\/p>\n","protected":false},"author":1,"featured_media":1035,"parent":76,"menu_order":5,"comment_status":"closed","ping_status":"closed","template":"","meta":{"_acf_changed":false,"footnotes":""},"tags":[],"acf":[],"yoast_head":"<!-- This site is optimized with the Yoast SEO plugin v19.1 - https:\/\/yoast.com\/wordpress\/plugins\/seo\/ -->\n<title>3D-visulisering av hus, inredning och bost\u00e4der | Svea Home - Torrevieja<\/title>\n<meta name=\"description\" content=\"Med 3d modellering och 3d visualisering g\u00e5r det att presentera produkter, milj\u00f6er, processer eller tj\u00e4nster som \u00e4nnu inte p\u00e5b\u00f6rjats eller som skall f\u00f6rnyas.\" \/>\n<meta name=\"robots\" content=\"index, follow, max-snippet:-1, max-image-preview:large, max-video-preview:-1\" \/>\n<link rel=\"canonical\" href=\"https:\/\/www.sveahome.com\/uk\/\u0442\u043e\u0440\u0440\u0435\u0432\u0454\u0445\u0430\/\u0432\u0456\u0437\u0443\u0430\u043b\u0456\u0437\u0430\u0446\u0456\u044f-3d\/\" \/>\n<meta property=\"og:locale\" content=\"uk_UA\" \/>\n<meta property=\"og:type\" content=\"article\" \/>\n<meta property=\"og:title\" content=\"3D-visulisering av hus, inredning och bost\u00e4der | Svea Home - Torrevieja\" \/>\n<meta property=\"og:description\" content=\"Med 3d modellering och 3d visualisering g\u00e5r det att presentera produkter, milj\u00f6er, processer eller tj\u00e4nster som \u00e4nnu inte p\u00e5b\u00f6rjats eller som skall f\u00f6rnyas.\" \/>\n<meta property=\"og:url\" content=\"https:\/\/www.sveahome.com\/uk\/\u0442\u043e\u0440\u0440\u0435\u0432\u0454\u0445\u0430\/\u0432\u0456\u0437\u0443\u0430\u043b\u0456\u0437\u0430\u0446\u0456\u044f-3d\/\" \/>\n<meta property=\"og:site_name\" content=\"Svea Home\" \/>\n<meta property=\"article:publisher\" content=\"https:\/\/www.facebook.com\/people\/Svea-Home\/100078707354829\/\" \/>\n<meta property=\"article:modified_time\" content=\"2026-02-13T13:56:29+00:00\" \/>\n<meta property=\"og:image\" content=\"https:\/\/www.sveahome.com\/wp-content\/uploads\/2026\/02\/livingroom-basment-2.jpg\" \/>\n\t<meta property=\"og:image:width\" content=\"1920\" \/>\n\t<meta property=\"og:image:height\" content=\"1080\" \/>\n\t<meta property=\"og:image:type\" content=\"image\/jpeg\" \/>\n<meta name=\"twitter:card\" content=\"summary_large_image\" \/>\n<meta name=\"twitter:label1\" content=\"\u041f\u0440\u0438\u0431\u043b. \u0447\u0430\u0441 \u0447\u0438\u0442\u0430\u043d\u043d\u044f\" \/>\n\t<meta name=\"twitter:data1\" content=\"1 \u0445\u0432\u0438\u043b\u0438\u043d\u0430\" \/>\n<script type=\"application\/ld+json\" class=\"yoast-schema-graph\">{\"@context\":\"https:\/\/schema.org\",\"@graph\":[{\"@type\":\"Organization\",\"@id\":\"https:\/\/www.sveahome.com\/#organization\",\"name\":\"Svea Home\",\"url\":\"https:\/\/www.sveahome.com\/\",\"sameAs\":[\"https:\/\/www.instagram.com\/svea.home\/\",\"https:\/\/www.facebook.com\/people\/Svea-Home\/100078707354829\/\"],\"logo\":{\"@type\":\"ImageObject\",\"inLanguage\":\"uk\",\"@id\":\"https:\/\/www.sveahome.com\/#\/schema\/logo\/image\/\",\"url\":\"https:\/\/www.sveahome.com\/wp-content\/uploads\/2022\/02\/SveaHome.jpg\",\"contentUrl\":\"https:\/\/www.sveahome.com\/wp-content\/uploads\/2022\/02\/SveaHome.jpg\",\"width\":239,\"height\":47,\"caption\":\"Svea Home\"},\"image\":{\"@id\":\"https:\/\/www.sveahome.com\/#\/schema\/logo\/image\/\"}},{\"@type\":\"WebSite\",\"@id\":\"https:\/\/www.sveahome.com\/#website\",\"url\":\"https:\/\/www.sveahome.com\/\",\"name\":\"Svea Home\",\"description\":\"\",\"publisher\":{\"@id\":\"https:\/\/www.sveahome.com\/#organization\"},\"potentialAction\":[{\"@type\":\"SearchAction\",\"target\":{\"@type\":\"EntryPoint\",\"urlTemplate\":\"https:\/\/www.sveahome.com\/?s={search_term_string}\"},\"query-input\":\"required name=search_term_string\"}],\"inLanguage\":\"uk\"},{\"@type\":\"ImageObject\",\"inLanguage\":\"uk\",\"@id\":\"https:\/\/www.sveahome.com\/torrevieja\/visualiseringar-3d\/#primaryimage\",\"url\":\"https:\/\/www.sveahome.com\/wp-content\/uploads\/2026\/02\/livingroom-basment-2.jpg\",\"contentUrl\":\"https:\/\/www.sveahome.com\/wp-content\/uploads\/2026\/02\/livingroom-basment-2.jpg\",\"width\":1920,\"height\":1080},{\"@type\":\"WebPage\",\"@id\":\"https:\/\/www.sveahome.com\/torrevieja\/visualiseringar-3d\/#webpage\",\"url\":\"https:\/\/www.sveahome.com\/torrevieja\/visualiseringar-3d\/\",\"name\":\"3D-visulisering av hus, inredning och bost\u00e4der | Svea Home - Torrevieja\",\"isPartOf\":{\"@id\":\"https:\/\/www.sveahome.com\/#website\"},\"primaryImageOfPage\":{\"@id\":\"https:\/\/www.sveahome.com\/torrevieja\/visualiseringar-3d\/#primaryimage\"},\"datePublished\":\"2023-03-02T15:28:54+00:00\",\"dateModified\":\"2026-02-13T13:56:29+00:00\",\"description\":\"Med 3d modellering och 3d visualisering g\u00e5r det att presentera produkter, milj\u00f6er, processer eller tj\u00e4nster som \u00e4nnu inte p\u00e5b\u00f6rjats eller som skall f\u00f6rnyas.\",\"breadcrumb\":{\"@id\":\"https:\/\/www.sveahome.com\/torrevieja\/visualiseringar-3d\/#breadcrumb\"},\"inLanguage\":\"uk\",\"potentialAction\":[{\"@type\":\"ReadAction\",\"target\":[\"https:\/\/www.sveahome.com\/torrevieja\/visualiseringar-3d\/\"]}]},{\"@type\":\"BreadcrumbList\",\"@id\":\"https:\/\/www.sveahome.com\/torrevieja\/visualiseringar-3d\/#breadcrumb\",\"itemListElement\":[{\"@type\":\"ListItem\",\"position\":1,\"name\":\"Home\",\"item\":\"https:\/\/www.sveahome.com\/\"},{\"@type\":\"ListItem\",\"position\":2,\"name\":\"Inredningshj\u00e4lp\",\"item\":\"https:\/\/www.sveahome.com\/torrevieja\/\"},{\"@type\":\"ListItem\",\"position\":3,\"name\":\"3D visualisering\"}]}]}<\/script>\n<!-- \/ Yoast SEO plugin. -->","yoast_head_json":{"title":"3D \u0432\u0456\u0437\u0443\u0430\u043b\u0456\u0437\u0430\u0446\u0456\u044f \u0431\u0443\u0434\u0438\u043d\u043a\u0456\u0432, \u0456\u043d\u0442\u0435\u0440'\u0454\u0440\u0456\u0432 \u0442\u0430 \u043e\u0441\u0435\u043b\u044c | Svea Home - \u0422\u043e\u0440\u0440\u0435\u0432'\u0454\u0445\u0430","description":"\u0417\u0430 \u0434\u043e\u043f\u043e\u043c\u043e\u0433\u043e\u044e 3D-\u043c\u043e\u0434\u0435\u043b\u044e\u0432\u0430\u043d\u043d\u044f \u0442\u0430 3D-\u0432\u0456\u0437\u0443\u0430\u043b\u0456\u0437\u0430\u0446\u0456\u0457 \u043c\u043e\u0436\u043d\u0430 \u043f\u0440\u0435\u0437\u0435\u043d\u0442\u0443\u0432\u0430\u0442\u0438 \u043f\u0440\u043e\u0434\u0443\u043a\u0442\u0438, \u0441\u0435\u0440\u0435\u0434\u043e\u0432\u0438\u0449\u0430, \u043f\u0440\u043e\u0446\u0435\u0441\u0438 \u0430\u0431\u043e \u043f\u043e\u0441\u043b\u0443\u0433\u0438, \u044f\u043a\u0456 \u0449\u0435 \u043d\u0435 \u0440\u043e\u0437\u043f\u043e\u0447\u0430\u0442\u043e \u0430\u0431\u043e \u044f\u043a\u0456 \u043d\u0435\u043e\u0431\u0445\u0456\u0434\u043d\u043e \u043e\u043d\u043e\u0432\u0438\u0442\u0438.","robots":{"index":"index","follow":"follow","max-snippet":"max-snippet:-1","max-image-preview":"max-image-preview:large","max-video-preview":"max-video-preview:-1"},"canonical":"https:\/\/www.sveahome.com\/uk\/\u0442\u043e\u0440\u0440\u0435\u0432\u0454\u0445\u0430\/\u0432\u0456\u0437\u0443\u0430\u043b\u0456\u0437\u0430\u0446\u0456\u044f-3d\/","og_locale":"uk_UA","og_type":"article","og_title":"3D-visulisering av hus, inredning och bost\u00e4der | Svea Home - Torrevieja","og_description":"Med 3d modellering och 3d visualisering g\u00e5r det att presentera produkter, milj\u00f6er, processer eller tj\u00e4nster som \u00e4nnu inte p\u00e5b\u00f6rjats eller som skall f\u00f6rnyas.","og_url":"https:\/\/www.sveahome.com\/uk\/\u0442\u043e\u0440\u0440\u0435\u0432\u0454\u0445\u0430\/\u0432\u0456\u0437\u0443\u0430\u043b\u0456\u0437\u0430\u0446\u0456\u044f-3d\/","og_site_name":"Svea Home","article_publisher":"https:\/\/www.facebook.com\/people\/Svea-Home\/100078707354829\/","article_modified_time":"2026-02-13T13:56:29+00:00","og_image":[{"width":1920,"height":1080,"url":"https:\/\/www.sveahome.com\/wp-content\/uploads\/2026\/02\/livingroom-basment-2.jpg","type":"image\/jpeg"}],"twitter_card":"summary_large_image","twitter_misc":{"\u041f\u0440\u0438\u0431\u043b. \u0447\u0430\u0441 \u0447\u0438\u0442\u0430\u043d\u043d\u044f":"1 \u0445\u0432\u0438\u043b\u0438\u043d\u0430"},"schema":{"@context":"https:\/\/schema.org","@graph":[{"@type":"Organization","@id":"https:\/\/www.sveahome.com\/#organization","name":"Svea Home","url":"https:\/\/www.sveahome.com\/","sameAs":["https:\/\/www.instagram.com\/svea.home\/","https:\/\/www.facebook.com\/people\/Svea-Home\/100078707354829\/"],"logo":{"@type":"ImageObject","inLanguage":"uk","@id":"https:\/\/www.sveahome.com\/#\/schema\/logo\/image\/","url":"https:\/\/www.sveahome.com\/wp-content\/uploads\/2022\/02\/SveaHome.jpg","contentUrl":"https:\/\/www.sveahome.com\/wp-content\/uploads\/2022\/02\/SveaHome.jpg","width":239,"height":47,"caption":"Svea Home"},"image":{"@id":"https:\/\/www.sveahome.com\/#\/schema\/logo\/image\/"}},{"@type":"WebSite","@id":"https:\/\/www.sveahome.com\/#website","url":"https:\/\/www.sveahome.com\/","name":"Svea Home","description":"","publisher":{"@id":"https:\/\/www.sveahome.com\/#organization"},"potentialAction":[{"@type":"SearchAction","target":{"@type":"EntryPoint","urlTemplate":"https:\/\/www.sveahome.com\/?s={search_term_string}"},"query-input":"required name=search_term_string"}],"inLanguage":"uk"},{"@type":"ImageObject","inLanguage":"uk","@id":"https:\/\/www.sveahome.com\/torrevieja\/visualiseringar-3d\/#primaryimage","url":"https:\/\/www.sveahome.com\/wp-content\/uploads\/2026\/02\/livingroom-basment-2.jpg","contentUrl":"https:\/\/www.sveahome.com\/wp-content\/uploads\/2026\/02\/livingroom-basment-2.jpg","width":1920,"height":1080},{"@type":"WebPage","@id":"https:\/\/www.sveahome.com\/torrevieja\/visualiseringar-3d\/#webpage","url":"https:\/\/www.sveahome.com\/torrevieja\/visualiseringar-3d\/","name":"3D \u0432\u0456\u0437\u0443\u0430\u043b\u0456\u0437\u0430\u0446\u0456\u044f \u0431\u0443\u0434\u0438\u043d\u043a\u0456\u0432, \u0456\u043d\u0442\u0435\u0440'\u0454\u0440\u0456\u0432 \u0442\u0430 \u043e\u0441\u0435\u043b\u044c | Svea Home - \u0422\u043e\u0440\u0440\u0435\u0432'\u0454\u0445\u0430","isPartOf":{"@id":"https:\/\/www.sveahome.com\/#website"},"primaryImageOfPage":{"@id":"https:\/\/www.sveahome.com\/torrevieja\/visualiseringar-3d\/#primaryimage"},"datePublished":"2023-03-02T15:28:54+00:00","dateModified":"2026-02-13T13:56:29+00:00","description":"\u0417\u0430 \u0434\u043e\u043f\u043e\u043c\u043e\u0433\u043e\u044e 3D-\u043c\u043e\u0434\u0435\u043b\u044e\u0432\u0430\u043d\u043d\u044f \u0442\u0430 3D-\u0432\u0456\u0437\u0443\u0430\u043b\u0456\u0437\u0430\u0446\u0456\u0457 \u043c\u043e\u0436\u043d\u0430 \u043f\u0440\u0435\u0437\u0435\u043d\u0442\u0443\u0432\u0430\u0442\u0438 \u043f\u0440\u043e\u0434\u0443\u043a\u0442\u0438, \u0441\u0435\u0440\u0435\u0434\u043e\u0432\u0438\u0449\u0430, \u043f\u0440\u043e\u0446\u0435\u0441\u0438 \u0430\u0431\u043e \u043f\u043e\u0441\u043b\u0443\u0433\u0438, \u044f\u043a\u0456 \u0449\u0435 \u043d\u0435 \u0440\u043e\u0437\u043f\u043e\u0447\u0430\u0442\u043e \u0430\u0431\u043e \u044f\u043a\u0456 \u043d\u0435\u043e\u0431\u0445\u0456\u0434\u043d\u043e \u043e\u043d\u043e\u0432\u0438\u0442\u0438.","breadcrumb":{"@id":"https:\/\/www.sveahome.com\/torrevieja\/visualiseringar-3d\/#breadcrumb"},"inLanguage":"uk","potentialAction":[{"@type":"ReadAction","target":["https:\/\/www.sveahome.com\/torrevieja\/visualiseringar-3d\/"]}]},{"@type":"BreadcrumbList","@id":"https:\/\/www.sveahome.com\/torrevieja\/visualiseringar-3d\/#breadcrumb","itemListElement":[{"@type":"ListItem","position":1,"name":"Home","item":"https:\/\/www.sveahome.com\/"},{"@type":"ListItem","position":2,"name":"Inredningshj\u00e4lp","item":"https:\/\/www.sveahome.com\/torrevieja\/"},{"@type":"ListItem","position":3,"name":"3D visualisering"}]}]}},"_links":{"self":[{"href":"https:\/\/www.sveahome.com\/uk\/wp-json\/wp\/v2\/pages\/462"}],"collection":[{"href":"https:\/\/www.sveahome.com\/uk\/wp-json\/wp\/v2\/pages"}],"about":[{"href":"https:\/\/www.sveahome.com\/uk\/wp-json\/wp\/v2\/types\/page"}],"author":[{"embeddable":true,"href":"https:\/\/www.sveahome.com\/uk\/wp-json\/wp\/v2\/users\/1"}],"replies":[{"embeddable":true,"href":"https:\/\/www.sveahome.com\/uk\/wp-json\/wp\/v2\/comments?post=462"}],"version-history":[{"count":2,"href":"https:\/\/www.sveahome.com\/uk\/wp-json\/wp\/v2\/pages\/462\/revisions"}],"predecessor-version":[{"id":1037,"href":"https:\/\/www.sveahome.com\/uk\/wp-json\/wp\/v2\/pages\/462\/revisions\/1037"}],"up":[{"embeddable":true,"href":"https:\/\/www.sveahome.com\/uk\/wp-json\/wp\/v2\/pages\/76"}],"wp:featuredmedia":[{"embeddable":true,"href":"https:\/\/www.sveahome.com\/uk\/wp-json\/wp\/v2\/media\/1035"}],"wp:attachment":[{"href":"https:\/\/www.sveahome.com\/uk\/wp-json\/wp\/v2\/media?parent=462"}],"wp:term":[{"taxonomy":"post_tag","embeddable":true,"href":"https:\/\/www.sveahome.com\/uk\/wp-json\/wp\/v2\/tags?post=462"}],"curies":[{"name":"wp","href":"https:\/\/api.w.org\/{rel}","templated":true}]}}