{"id":611,"date":"2023-03-20T16:32:09","date_gmt":"2023-03-20T15:32:09","guid":{"rendered":"https:\/\/www.sveahome.com\/?page_id=611"},"modified":"2026-02-13T14:51:13","modified_gmt":"2026-02-13T13:51:13","slug":"%d0%bc%d0%be%d0%b1%d1%96%d0%bb%d1%96%d0%b7%d0%b0%d1%86%d1%96%d1%8f-%d0%b6%d0%b8%d1%82%d0%bb%d0%be%d0%b2%d0%b8%d1%85-%d0%b4%d0%b2%d0%be%d1%80%d0%b8%d0%ba%d1%96%d0%b2","status":"publish","type":"page","link":"https:\/\/www.sveahome.com\/uk\/torrevieja\/moblering-bostader-uteplatser\/","title":{"rendered":"\u041e\u0431\u043b\u0430\u0448\u0442\u0443\u0432\u0430\u043d\u043d\u044f \u0436\u0438\u0442\u043b\u0430 \u0442\u0430 \u0432\u0456\u0434\u043a\u0440\u0438\u0442\u0438\u0445 \u043c\u0430\u0439\u0434\u0430\u043d\u0447\u0438\u043a\u0456\u0432"},"content":{"rendered":"<p><strong>V\u00e5r tj\u00e4nst f\u00f6r m\u00f6blering av bost\u00e4der och uteplatser \u00e4r till f\u00f6r dig som inte kan, vill eller har tid att m\u00f6blera ditt hus, l\u00e4genhet eller uteplats sj\u00e4lv.<\/strong><\/p>\n<p>N\u00e4r vi g\u00f6r en m\u00f6blering utg\u00e5r vi ifr\u00e5n en <a href=\"https:\/\/www.sveahome.com\/torrevieja\/planritning-planlosning\/\">m\u00f6bleringsplan<\/a> som vi tagit fram tillsammans med v\u00e5r kund. Vi kan d\u00e4refter hj\u00e4lpa till med delar eller sk\u00f6ta hela m\u00f6bleringsarbetets olika steg.<\/p>\n<h3>S\u00e5 g\u00e5r en m\u00f6blering av en bostad eller uteplats till<\/h3>\n<ol>\n<li><strong>Planering<\/strong> &#8211; F\u00f6rst tar vi fram en m\u00f6bleringsplan \u00f6ver de ytor som \u00e4r aktuella.<\/li>\n<li><strong>Ink\u00f6p<\/strong> &#8211; Baserat p\u00e5 m\u00f6bleringsplanen g\u00f6r vi en ink\u00f6pslista d\u00e4r det framg\u00e5r vad vi vill k\u00f6pa, var det finns och vad det kostar.<\/li>\n<li><strong>Beslut<\/strong> &#8211; Vi kan d\u00e4refter l\u00e4mna \u00f6ver ink\u00f6pslistan till kunden eller \u00e5ta oss att genomf\u00f6ra sj\u00e4lva m\u00f6bleringen.<\/li>\n<li><strong>Genomf\u00f6rande<\/strong> &#8211; N\u00e4r vi genomf\u00f6r en m\u00f6blering tar vi hand om alla steg; ink\u00f6p, transport, uppackning, placering och st\u00e4dning.<\/li>\n<li><strong>Komplettering<\/strong> &#8211; Ut\u00f6ver arbetet med m\u00f6bleringen kan vi \u00e4ven komplettera med alla andra inredningsdetaljer som kr\u00e4vs f\u00f6r att ge utrymmena det d\u00e4r lilla extra.<\/li>\n<li><strong>Avslut<\/strong> &#8211; N\u00e4r vi \u00e4r klara tr\u00e4ffar vi kunden p\u00e5 plats eller via videosamtal och g\u00e5r igenom v\u00e5rt arbete. Om ett m\u00f6te inte \u00e4r m\u00f6jligt g\u00f6r vi en redovisning av v\u00e5rt arbete med hj\u00e4lp av bild och video som vi skickar till kunden.<\/li>\n<\/ol>\n<p>F\u00f6r de kunder som vill ha en nyckelklar l\u00f6sning kombinerar vi inredningsdesign, m\u00f6blering, styling och utrustning.<\/p>\n<h2>Pris f\u00f6r m\u00f6blering<\/h2>\n<p><strong>Vi m\u00f6blerar alla utrymmen i en bostad; k\u00f6k, badrum, vardagsrum, sovrum, uteplatser, takterasser och tr\u00e4dg\u00e5rdar. Vi har god k\u00e4nnedom om var man hittar m\u00f6bler och inredning av bra kvalit\u00e9 till r\u00e4tt priser.<\/strong><\/p>\n<p>Genom v\u00e5r k\u00e4nnedom om marknaden kan vi jobba effektivt i b\u00e5de genomf\u00f6rande och ink\u00f6p. Detta g\u00f6r v\u00e5r l\u00f6sning kostnadseffektiv f\u00f6r v\u00e5ra kunder.<\/p>\n<p>N\u00e4r vi arbetar med m\u00f6blering tar vi betalt f\u00f6r nedlagd tid i form av ett dagsarvode och omkostnader f\u00f6r resor. Till detta kommer sedan ink\u00f6pskostnaden f\u00f6r de m\u00f6bler och den inredning vi levererar. Vi g\u00f6r inga p\u00e5slag p\u00e5 ink\u00f6p och alla st\u00f6rre poster redovisas med kvitto.<\/p>\n<h3>S\u00e5 h\u00e4r g\u00e5r det till<\/h3>\n<p><strong>Ett m\u00f6bleringsprojekt g\u00e5r till p\u00e5 f\u00f6ljande s\u00e4tt:<\/strong><\/p>\n<ol>\n<li>Du tar kontakt med oss genom att ringa p\u00e5 +34 653 469 106 eller fylla i formul\u00e4ret l\u00e4ngst ned p\u00e5 den h\u00e4r sidan.<\/li>\n<li>Vi \u00e5terkommer till dig inom kort och bokar en tid d\u00e4r vi kommer ut och tittar p\u00e5 uppdraget samt diskuterar dina \u00f6nskem\u00e5l, tidsram och budget. Ofta passar vi p\u00e5 att ta lite bilder samtidigt.<\/li>\n<li>Senast en vecka efter v\u00e5rt bes\u00f6k \u00e5terkommer vi till dig med ett konkret f\u00f6rlag p\u00e5 vad vi vill g\u00f6ra och vad det kommer att kosta.<\/li>\n<li>N\u00e4r vi kommit \u00f6verens g\u00e5r vi ig\u00e5ng med v\u00e5rt arbete s\u00e5 snart som m\u00f6jligt. Vi st\u00f6rre projekt h\u00e5ller vi dig uppdaterad p\u00e5 tidsplan, budget och resultatet i den utstr\u00e4ckning du \u00f6nskar.<\/li>\n<\/ol>\n<h3>Kontakformul\u00e4r<\/h3>\n<div class=\"wpforms-container wpforms-container-full\" id=\"wpforms-508\"><form id=\"wpforms-form-508\" class=\"wpforms-validate wpforms-form wpforms-ajax-form\" data-formid=\"508\" method=\"post\" enctype=\"multipart\/form-data\" action=\"\/uk\/wp-json\/wp\/v2\/pages\/611\" data-token=\"6214f0071df4b36cce240d070748c9a6\" data-token-time=\"1776514096\"><noscript class=\"wpforms-error-noscript\">\u0414\u043b\u044f \u0437\u0430\u043f\u043e\u0432\u043d\u0435\u043d\u043d\u044f \u0446\u0456\u0454\u0457 \u0444\u043e\u0440\u043c\u0438 \u0443\u0432\u0456\u043c\u043a\u043d\u0456\u0442\u044c JavaScript \u0443 \u0431\u0440\u0430\u0443\u0437\u0435\u0440\u0456.<\/noscript><div class=\"wpforms-field-container\"><div id=\"wpforms-508-field_2-container\" class=\"wpforms-field wpforms-field-name\" data-field-id=\"2\"><label class=\"wpforms-field-label\" for=\"wpforms-508-field_2\">Namn <span class=\"wpforms-required-label\">*<\/span><\/label><input type=\"text\" id=\"wpforms-508-field_2\" class=\"wpforms-field-medium wpforms-field-required\" name=\"wpforms[fields][2]\" required><\/div><div id=\"wpforms-508-field_5-container\" class=\"wpforms-field wpforms-field-email\" data-field-id=\"5\"><label class=\"wpforms-field-label\" for=\"wpforms-508-field_5\">Email <span class=\"wpforms-required-label\">*<\/span><\/label><input type=\"email\" id=\"wpforms-508-field_5\" class=\"wpforms-field-medium wpforms-field-required\" name=\"wpforms[fields][5]\" spellcheck=\"false\" required><\/div>\t\t<div id=\"wpforms-508-field_1-container\"\n\t\t\tclass=\"wpforms-field wpforms-field-text\"\n\t\t\tdata-field-type=\"text\"\n\t\t\tdata-field-id=\"1\"\n\t\t\t>\n\t\t\t<label class=\"wpforms-field-label\" for=\"wpforms-508-field_1\" >intresserad Email \u00e4r<\/label>\n\t\t\t<input type=\"text\" id=\"wpforms-508-field_1\" class=\"wpforms-field-medium\" name=\"wpforms[fields][1]\" >\n\t\t<\/div>\n\t\t<div id=\"wpforms-508-field_6-container\" class=\"wpforms-field wpforms-field-phone\" data-field-id=\"6\"><label class=\"wpforms-field-label\" for=\"wpforms-508-field_6\">Telefonnummer <span class=\"wpforms-required-label\">*<\/span><\/label><input type=\"tel\" id=\"wpforms-508-field_6\" class=\"wpforms-field-medium wpforms-field-required wpforms-smart-phone-field\" data-rule-smart-phone-field=\"true\" name=\"wpforms[fields][6]\" aria-label=\"Telefonnummer\" required><\/div><div id=\"wpforms-508-field_7-container\" class=\"wpforms-field wpforms-field-checkbox wpforms-conditional-trigger\" data-field-id=\"7\"><label class=\"wpforms-field-label\">Jag \u00e4r intresserad av <span class=\"wpforms-required-label\">*<\/span><\/label><ul id=\"wpforms-508-field_7\" class=\"wpforms-field-required\"><li class=\"choice-1 depth-1\"><input type=\"checkbox\" id=\"wpforms-508-field_7_1\" name=\"wpforms[fields][7][]\" value=\"Inredningsdesign\" required ><label class=\"wpforms-field-label-inline\" for=\"wpforms-508-field_7_1\">Inredningsdesign<\/label><\/li><li class=\"choice-2 depth-1\"><input type=\"checkbox\" id=\"wpforms-508-field_7_2\" name=\"wpforms[fields][7][]\" value=\"Homestaging eller homestyling\" required ><label class=\"wpforms-field-label-inline\" for=\"wpforms-508-field_7_2\">Homestaging eller homestyling<\/label><\/li><li class=\"choice-8 depth-1\"><input type=\"checkbox\" id=\"wpforms-508-field_7_8\" name=\"wpforms[fields][7][]\" value=\"M\u00f6blering\" required ><label class=\"wpforms-field-label-inline\" for=\"wpforms-508-field_7_8\">M\u00f6blering<\/label><\/li><li class=\"choice-3 depth-1\"><input type=\"checkbox\" id=\"wpforms-508-field_7_3\" name=\"wpforms[fields][7][]\" value=\"En m\u00f6blerings eller inredningsplan\" required ><label class=\"wpforms-field-label-inline\" for=\"wpforms-508-field_7_3\">En m\u00f6blerings eller inredningsplan<\/label><\/li><li class=\"choice-4 depth-1\"><input type=\"checkbox\" id=\"wpforms-508-field_7_4\" name=\"wpforms[fields][7][]\" value=\"Visualisering i 3D\" required ><label class=\"wpforms-field-label-inline\" for=\"wpforms-508-field_7_4\">Visualisering i 3D<\/label><\/li><li class=\"choice-5 depth-1\"><input type=\"checkbox\" id=\"wpforms-508-field_7_5\" name=\"wpforms[fields][7][]\" value=\"Utrustning av en bostad\" required ><label class=\"wpforms-field-label-inline\" for=\"wpforms-508-field_7_5\">Utrustning av en bostad<\/label><\/li><li class=\"choice-6 depth-1\"><input type=\"checkbox\" id=\"wpforms-508-field_7_6\" name=\"wpforms[fields][7][]\" value=\"St\u00e4dning och bortforsling\" required ><label class=\"wpforms-field-label-inline\" for=\"wpforms-508-field_7_6\">St\u00e4dning och bortforsling<\/label><\/li><li class=\"choice-7 depth-1\"><input type=\"checkbox\" id=\"wpforms-508-field_7_7\" name=\"wpforms[fields][7][]\" value=\"N\u00e5got annat\" required ><label class=\"wpforms-field-label-inline\" for=\"wpforms-508-field_7_7\">N\u00e5got annat<\/label><\/li><\/ul><\/div><div id=\"wpforms-508-field_3-container\" class=\"wpforms-field wpforms-field-textarea\" data-field-id=\"3\"><label class=\"wpforms-field-label\" for=\"wpforms-508-field_3\">Meddelande<\/label><textarea id=\"wpforms-508-field_3\" class=\"wpforms-field-medium\" name=\"wpforms[fields][3]\" ><\/textarea><\/div><div id=\"wpforms-508-field_9-container\" class=\"wpforms-field wpforms-field-checkbox wpforms-conditional-field wpforms-conditional-show wpforms-conditional-trigger\" data-field-id=\"9\" style=\"display:none;\"><label class=\"wpforms-field-label\">Kompletterande fr\u00e5ga: <span class=\"wpforms-required-label\">*<\/span><\/label><ul id=\"wpforms-508-field_9\" class=\"wpforms-field-required\"><li class=\"choice-1 depth-1\"><input type=\"checkbox\" id=\"wpforms-508-field_9_1\" name=\"wpforms[fields][9][]\" value=\"Jag \u00e4r en riktig person\" required ><label class=\"wpforms-field-label-inline\" for=\"wpforms-508-field_9_1\">Jag \u00e4r en riktig person<\/label><\/li><\/ul><\/div><div id=\"wpforms-508-field_10-container\" class=\"wpforms-field wpforms-field-captcha wpforms-conditional-field wpforms-conditional-show\" data-field-id=\"10\" style=\"display:none;\"><label class=\"wpforms-field-label\" for=\"wpforms-508-field_10\">S\u00e4kerhetsfr\u00e5ga <span class=\"wpforms-required-label\">*<\/span><\/label>\t\t\t<div class=\"wpforms-captcha-math\">\n\t\t\t\t<span id=\"wpforms-508-field_10-question\" class=\"wpforms-captcha-equation\">\n\t\t\t\t\t<span class=\"n1\">8<\/span>\n\t\t\t\t\t\t\t<span class=\"cal\">+<\/span>\n\t\t\t\t\t\t\t<span class=\"n2\">8<\/span>\t\t\t\t\t<span class=\"e\">=<\/span>\n\t\t\t\t<\/span>\n\t\t\t\t<input type=\"text\" id=\"wpforms-508-field_10\" class=\"wpforms-field-medium wpforms-field-required a\" data-rule-wpf-captcha=\"math\" data-is-wrapped-field=\"1\" name=\"wpforms[fields][10][a]\" aria-describedby=\"wpforms-508-field_10-question\" required>\t\t\t\t<input type=\"hidden\" name=\"wpforms[fields][10][cal]\" class=\"cal\">\n\t\t\t\t<input type=\"hidden\" name=\"wpforms[fields][10][n2]\" class=\"n2\">\n\t\t\t\t<input type=\"hidden\" name=\"wpforms[fields][10][n1]\" class=\"n1\">\n\t\t\t<\/div>\n\t\t\t<\/div><script>\n\t\t\t\t( function() {\n\t\t\t\t\tconst style = document.createElement( 'style' );\n\t\t\t\t\tstyle.appendChild( document.createTextNode( '#wpforms-508-field_1-container { position: absolute !important; overflow: hidden !important; display: inline !important; height: 1px !important; width: 1px !important; z-index: -1000 !important; padding: 0 !important; } #wpforms-508-field_1-container input { visibility: hidden; } #wpforms-conversational-form-page #wpforms-508-field_1-container label { counter-increment: none; }' ) );\n\t\t\t\t\tdocument.head.appendChild( style );\n\t\t\t\t\tdocument.currentScript?.remove();\n\t\t\t\t} )();\n\t\t\t<\/script><\/div><!-- .wpforms-field-container --><div class=\"wpforms-submit-container\" ><input type=\"hidden\" name=\"wpforms[id]\" value=\"508\"><input type=\"hidden\" name=\"page_title\" value=\"\"><input type=\"hidden\" name=\"page_url\" value=\"https:\/\/www.sveahome.com\/uk\/wp-json\/wp\/v2\/pages\/611\"><input type=\"hidden\" name=\"url_referer\" value=\"\"><button type=\"submit\" name=\"wpforms[submit]\" id=\"wpforms-submit-508\" class=\"wpforms-submit\" data-alt-text=\"Skickar...\" data-submit-text=\"Skicka\" aria-live=\"assertive\" value=\"wpforms-submit\">Skicka<\/button><img loading=\"lazy\" decoding=\"async\" src=\"https:\/\/www.sveahome.com\/wp-content\/plugins\/wpforms\/assets\/images\/submit-spin.svg\" class=\"wpforms-submit-spinner\" style=\"display: none;\" width=\"26\" height=\"26\" alt=\"\u0417\u0430\u0432\u0430\u043d\u0442\u0430\u0436\u0435\u043d\u043d\u044f\"><\/div><\/form><\/div>  <!-- .wpforms-container -->\n","protected":false},"excerpt":{"rendered":"<p>V\u00e5r tj\u00e4nst f\u00f6r m\u00f6blering av bost\u00e4der och uteplatser \u00e4r till f\u00f6r dig som inte kan, vill eller har tid att m\u00f6blera ditt hus, l\u00e4genhet eller uteplats sj\u00e4lv. N\u00e4r vi g\u00f6r en m\u00f6blering utg\u00e5r vi ifr\u00e5n en m\u00f6bleringsplan som vi tagit fram tillsammans med v\u00e5r kund. Vi kan d\u00e4refter hj\u00e4lpa till med delar eller sk\u00f6ta hela [&hellip;]<\/p>\n","protected":false},"author":1,"featured_media":997,"parent":76,"menu_order":3,"comment_status":"closed","ping_status":"closed","template":"","meta":{"_acf_changed":false,"footnotes":""},"tags":[],"acf":[],"yoast_head":"<!-- This site is optimized with the Yoast SEO plugin v19.1 - https:\/\/yoast.com\/wordpress\/plugins\/seo\/ -->\n<title>M\u00f6blering av bost\u00e4der och uteplatser | Svea Home<\/title>\n<meta name=\"description\" content=\"V\u00e5r tj\u00e4nst f\u00f6r m\u00f6blering av bost\u00e4der och uteplatser \u00e4r till f\u00f6r dig som inte kan, vill eller har tid att m\u00f6blera ditt hus, l\u00e4genhet eller uteplats sj\u00e4lv.\" \/>\n<meta name=\"robots\" content=\"noindex, nofollow\" \/>\n<meta property=\"og:locale\" content=\"uk_UA\" \/>\n<meta property=\"og:type\" content=\"article\" \/>\n<meta property=\"og:title\" content=\"M\u00f6blering av bost\u00e4der och uteplatser | Svea Home\" \/>\n<meta property=\"og:description\" content=\"V\u00e5r tj\u00e4nst f\u00f6r m\u00f6blering av bost\u00e4der och uteplatser \u00e4r till f\u00f6r dig som inte kan, vill eller har tid att m\u00f6blera ditt hus, l\u00e4genhet eller uteplats sj\u00e4lv.\" \/>\n<meta property=\"og:url\" content=\"https:\/\/www.sveahome.com\/uk\/\u0442\u043e\u0440\u0440\u0435\u0432\u0454\u0445\u0430\/\u043c\u043e\u0431\u0456\u043b\u0456\u0437\u0430\u0446\u0456\u044f-\u0436\u0438\u0442\u043b\u043e\u0432\u0438\u0445-\u0434\u0432\u043e\u0440\u0438\u043a\u0456\u0432\/\" \/>\n<meta property=\"og:site_name\" content=\"Svea Home\" \/>\n<meta property=\"article:publisher\" content=\"https:\/\/www.facebook.com\/people\/Svea-Home\/100078707354829\/\" \/>\n<meta property=\"article:modified_time\" content=\"2026-02-13T13:51:13+00:00\" \/>\n<meta property=\"og:image\" content=\"https:\/\/www.sveahome.com\/wp-content\/uploads\/2026\/02\/After-picture-livingroom-Lomas-de-Cabo-Roig.jpg\" \/>\n\t<meta property=\"og:image:width\" content=\"2065\" \/>\n\t<meta property=\"og:image:height\" content=\"1377\" \/>\n\t<meta property=\"og:image:type\" content=\"image\/jpeg\" \/>\n<meta name=\"twitter:card\" content=\"summary_large_image\" \/>\n<meta name=\"twitter:label1\" content=\"\u041f\u0440\u0438\u0431\u043b. \u0447\u0430\u0441 \u0447\u0438\u0442\u0430\u043d\u043d\u044f\" \/>\n\t<meta name=\"twitter:data1\" content=\"3 \u0445\u0432\u0438\u043b\u0438\u043d\u0438\" \/>\n<script type=\"application\/ld+json\" class=\"yoast-schema-graph\">{\"@context\":\"https:\/\/schema.org\",\"@graph\":[{\"@type\":\"Organization\",\"@id\":\"https:\/\/www.sveahome.com\/#organization\",\"name\":\"Svea Home\",\"url\":\"https:\/\/www.sveahome.com\/\",\"sameAs\":[\"https:\/\/www.instagram.com\/svea.home\/\",\"https:\/\/www.facebook.com\/people\/Svea-Home\/100078707354829\/\"],\"logo\":{\"@type\":\"ImageObject\",\"inLanguage\":\"uk\",\"@id\":\"https:\/\/www.sveahome.com\/#\/schema\/logo\/image\/\",\"url\":\"https:\/\/www.sveahome.com\/wp-content\/uploads\/2022\/02\/SveaHome.jpg\",\"contentUrl\":\"https:\/\/www.sveahome.com\/wp-content\/uploads\/2022\/02\/SveaHome.jpg\",\"width\":239,\"height\":47,\"caption\":\"Svea Home\"},\"image\":{\"@id\":\"https:\/\/www.sveahome.com\/#\/schema\/logo\/image\/\"}},{\"@type\":\"WebSite\",\"@id\":\"https:\/\/www.sveahome.com\/#website\",\"url\":\"https:\/\/www.sveahome.com\/\",\"name\":\"Svea Home\",\"description\":\"\",\"publisher\":{\"@id\":\"https:\/\/www.sveahome.com\/#organization\"},\"potentialAction\":[{\"@type\":\"SearchAction\",\"target\":{\"@type\":\"EntryPoint\",\"urlTemplate\":\"https:\/\/www.sveahome.com\/?s={search_term_string}\"},\"query-input\":\"required name=search_term_string\"}],\"inLanguage\":\"uk\"},{\"@type\":\"ImageObject\",\"inLanguage\":\"uk\",\"@id\":\"https:\/\/www.sveahome.com\/torrevieja\/moblering-bostader-uteplatser\/#primaryimage\",\"url\":\"https:\/\/www.sveahome.com\/wp-content\/uploads\/2026\/02\/After-picture-livingroom-Lomas-de-Cabo-Roig.jpg\",\"contentUrl\":\"https:\/\/www.sveahome.com\/wp-content\/uploads\/2026\/02\/After-picture-livingroom-Lomas-de-Cabo-Roig.jpg\",\"width\":2065,\"height\":1377},{\"@type\":\"WebPage\",\"@id\":\"https:\/\/www.sveahome.com\/torrevieja\/moblering-bostader-uteplatser\/#webpage\",\"url\":\"https:\/\/www.sveahome.com\/torrevieja\/moblering-bostader-uteplatser\/\",\"name\":\"M\u00f6blering av bost\u00e4der och uteplatser | Svea Home\",\"isPartOf\":{\"@id\":\"https:\/\/www.sveahome.com\/#website\"},\"primaryImageOfPage\":{\"@id\":\"https:\/\/www.sveahome.com\/torrevieja\/moblering-bostader-uteplatser\/#primaryimage\"},\"datePublished\":\"2023-03-20T15:32:09+00:00\",\"dateModified\":\"2026-02-13T13:51:13+00:00\",\"description\":\"V\u00e5r tj\u00e4nst f\u00f6r m\u00f6blering av bost\u00e4der och uteplatser \u00e4r till f\u00f6r dig som inte kan, vill eller har tid att m\u00f6blera ditt hus, l\u00e4genhet eller uteplats sj\u00e4lv.\",\"breadcrumb\":{\"@id\":\"https:\/\/www.sveahome.com\/torrevieja\/moblering-bostader-uteplatser\/#breadcrumb\"},\"inLanguage\":\"uk\",\"potentialAction\":[{\"@type\":\"ReadAction\",\"target\":[\"https:\/\/www.sveahome.com\/torrevieja\/moblering-bostader-uteplatser\/\"]}]},{\"@type\":\"BreadcrumbList\",\"@id\":\"https:\/\/www.sveahome.com\/torrevieja\/moblering-bostader-uteplatser\/#breadcrumb\",\"itemListElement\":[{\"@type\":\"ListItem\",\"position\":1,\"name\":\"Home\",\"item\":\"https:\/\/www.sveahome.com\/\"},{\"@type\":\"ListItem\",\"position\":2,\"name\":\"Inredningshj\u00e4lp\",\"item\":\"https:\/\/www.sveahome.com\/torrevieja\/\"},{\"@type\":\"ListItem\",\"position\":3,\"name\":\"M\u00f6blering av bost\u00e4der och uteplatser\"}]}]}<\/script>\n<!-- \/ Yoast SEO plugin. -->","yoast_head_json":{"title":"\u041c\u0435\u0431\u043b\u0456 \u0434\u043b\u044f \u0434\u043e\u043c\u0443 \u0442\u0430 \u0432\u043d\u0443\u0442\u0440\u0456\u0448\u043d\u0456\u0445 \u0434\u0432\u043e\u0440\u0438\u043a\u0456\u0432 | Svea Home","description":"\u041d\u0430\u0448\u0430 \u043f\u043e\u0441\u043b\u0443\u0433\u0430 \u0437 \u043e\u0431\u043b\u0430\u0448\u0442\u0443\u0432\u0430\u043d\u043d\u044f \u0431\u0443\u0434\u0438\u043d\u043a\u0443 \u0442\u0430 \u0432\u043d\u0443\u0442\u0440\u0456\u0448\u043d\u044c\u043e\u0433\u043e \u0434\u0432\u043e\u0440\u0438\u043a\u0430 \u043f\u0440\u0438\u0437\u043d\u0430\u0447\u0435\u043d\u0430 \u0434\u043b\u044f \u0442\u0438\u0445, \u0445\u0442\u043e \u043d\u0435 \u043c\u043e\u0436\u0435, \u043d\u0435 \u0445\u043e\u0447\u0435 \u0430\u0431\u043e \u043d\u0435 \u043c\u0430\u0454 \u0447\u0430\u0441\u0443 \u0441\u0430\u043c\u043e\u0441\u0442\u0456\u0439\u043d\u043e \u043e\u0431\u043b\u0430\u0448\u0442\u043e\u0432\u0443\u0432\u0430\u0442\u0438 \u0441\u0432\u0456\u0439 \u0431\u0443\u0434\u0438\u043d\u043e\u043a, \u043a\u0432\u0430\u0440\u0442\u0438\u0440\u0443 \u0430\u0431\u043e \u0432\u043d\u0443\u0442\u0440\u0456\u0448\u043d\u0456\u0439 \u0434\u0432\u043e\u0440\u0438\u043a.","robots":{"index":"noindex","follow":"nofollow"},"og_locale":"uk_UA","og_type":"article","og_title":"M\u00f6blering av bost\u00e4der och uteplatser | Svea Home","og_description":"V\u00e5r tj\u00e4nst f\u00f6r m\u00f6blering av bost\u00e4der och uteplatser \u00e4r till f\u00f6r dig som inte kan, vill eller har tid att m\u00f6blera ditt hus, l\u00e4genhet eller uteplats sj\u00e4lv.","og_url":"https:\/\/www.sveahome.com\/uk\/\u0442\u043e\u0440\u0440\u0435\u0432\u0454\u0445\u0430\/\u043c\u043e\u0431\u0456\u043b\u0456\u0437\u0430\u0446\u0456\u044f-\u0436\u0438\u0442\u043b\u043e\u0432\u0438\u0445-\u0434\u0432\u043e\u0440\u0438\u043a\u0456\u0432\/","og_site_name":"Svea Home","article_publisher":"https:\/\/www.facebook.com\/people\/Svea-Home\/100078707354829\/","article_modified_time":"2026-02-13T13:51:13+00:00","og_image":[{"width":2065,"height":1377,"url":"https:\/\/www.sveahome.com\/wp-content\/uploads\/2026\/02\/After-picture-livingroom-Lomas-de-Cabo-Roig.jpg","type":"image\/jpeg"}],"twitter_card":"summary_large_image","twitter_misc":{"\u041f\u0440\u0438\u0431\u043b. \u0447\u0430\u0441 \u0447\u0438\u0442\u0430\u043d\u043d\u044f":"3 \u0445\u0432\u0438\u043b\u0438\u043d\u0438"},"schema":{"@context":"https:\/\/schema.org","@graph":[{"@type":"Organization","@id":"https:\/\/www.sveahome.com\/#organization","name":"Svea Home","url":"https:\/\/www.sveahome.com\/","sameAs":["https:\/\/www.instagram.com\/svea.home\/","https:\/\/www.facebook.com\/people\/Svea-Home\/100078707354829\/"],"logo":{"@type":"ImageObject","inLanguage":"uk","@id":"https:\/\/www.sveahome.com\/#\/schema\/logo\/image\/","url":"https:\/\/www.sveahome.com\/wp-content\/uploads\/2022\/02\/SveaHome.jpg","contentUrl":"https:\/\/www.sveahome.com\/wp-content\/uploads\/2022\/02\/SveaHome.jpg","width":239,"height":47,"caption":"Svea Home"},"image":{"@id":"https:\/\/www.sveahome.com\/#\/schema\/logo\/image\/"}},{"@type":"WebSite","@id":"https:\/\/www.sveahome.com\/#website","url":"https:\/\/www.sveahome.com\/","name":"Svea Home","description":"","publisher":{"@id":"https:\/\/www.sveahome.com\/#organization"},"potentialAction":[{"@type":"SearchAction","target":{"@type":"EntryPoint","urlTemplate":"https:\/\/www.sveahome.com\/?s={search_term_string}"},"query-input":"required name=search_term_string"}],"inLanguage":"uk"},{"@type":"ImageObject","inLanguage":"uk","@id":"https:\/\/www.sveahome.com\/torrevieja\/moblering-bostader-uteplatser\/#primaryimage","url":"https:\/\/www.sveahome.com\/wp-content\/uploads\/2026\/02\/After-picture-livingroom-Lomas-de-Cabo-Roig.jpg","contentUrl":"https:\/\/www.sveahome.com\/wp-content\/uploads\/2026\/02\/After-picture-livingroom-Lomas-de-Cabo-Roig.jpg","width":2065,"height":1377},{"@type":"WebPage","@id":"https:\/\/www.sveahome.com\/torrevieja\/moblering-bostader-uteplatser\/#webpage","url":"https:\/\/www.sveahome.com\/torrevieja\/moblering-bostader-uteplatser\/","name":"\u041c\u0435\u0431\u043b\u0456 \u0434\u043b\u044f \u0434\u043e\u043c\u0443 \u0442\u0430 \u0432\u043d\u0443\u0442\u0440\u0456\u0448\u043d\u0456\u0445 \u0434\u0432\u043e\u0440\u0438\u043a\u0456\u0432 | Svea Home","isPartOf":{"@id":"https:\/\/www.sveahome.com\/#website"},"primaryImageOfPage":{"@id":"https:\/\/www.sveahome.com\/torrevieja\/moblering-bostader-uteplatser\/#primaryimage"},"datePublished":"2023-03-20T15:32:09+00:00","dateModified":"2026-02-13T13:51:13+00:00","description":"\u041d\u0430\u0448\u0430 \u043f\u043e\u0441\u043b\u0443\u0433\u0430 \u0437 \u043e\u0431\u043b\u0430\u0448\u0442\u0443\u0432\u0430\u043d\u043d\u044f \u0431\u0443\u0434\u0438\u043d\u043a\u0443 \u0442\u0430 \u0432\u043d\u0443\u0442\u0440\u0456\u0448\u043d\u044c\u043e\u0433\u043e \u0434\u0432\u043e\u0440\u0438\u043a\u0430 \u043f\u0440\u0438\u0437\u043d\u0430\u0447\u0435\u043d\u0430 \u0434\u043b\u044f \u0442\u0438\u0445, \u0445\u0442\u043e \u043d\u0435 \u043c\u043e\u0436\u0435, \u043d\u0435 \u0445\u043e\u0447\u0435 \u0430\u0431\u043e \u043d\u0435 \u043c\u0430\u0454 \u0447\u0430\u0441\u0443 \u0441\u0430\u043c\u043e\u0441\u0442\u0456\u0439\u043d\u043e \u043e\u0431\u043b\u0430\u0448\u0442\u043e\u0432\u0443\u0432\u0430\u0442\u0438 \u0441\u0432\u0456\u0439 \u0431\u0443\u0434\u0438\u043d\u043e\u043a, \u043a\u0432\u0430\u0440\u0442\u0438\u0440\u0443 \u0430\u0431\u043e \u0432\u043d\u0443\u0442\u0440\u0456\u0448\u043d\u0456\u0439 \u0434\u0432\u043e\u0440\u0438\u043a.","breadcrumb":{"@id":"https:\/\/www.sveahome.com\/torrevieja\/moblering-bostader-uteplatser\/#breadcrumb"},"inLanguage":"uk","potentialAction":[{"@type":"ReadAction","target":["https:\/\/www.sveahome.com\/torrevieja\/moblering-bostader-uteplatser\/"]}]},{"@type":"BreadcrumbList","@id":"https:\/\/www.sveahome.com\/torrevieja\/moblering-bostader-uteplatser\/#breadcrumb","itemListElement":[{"@type":"ListItem","position":1,"name":"Home","item":"https:\/\/www.sveahome.com\/"},{"@type":"ListItem","position":2,"name":"Inredningshj\u00e4lp","item":"https:\/\/www.sveahome.com\/torrevieja\/"},{"@type":"ListItem","position":3,"name":"M\u00f6blering av bost\u00e4der och uteplatser"}]}]}},"_links":{"self":[{"href":"https:\/\/www.sveahome.com\/uk\/wp-json\/wp\/v2\/pages\/611"}],"collection":[{"href":"https:\/\/www.sveahome.com\/uk\/wp-json\/wp\/v2\/pages"}],"about":[{"href":"https:\/\/www.sveahome.com\/uk\/wp-json\/wp\/v2\/types\/page"}],"author":[{"embeddable":true,"href":"https:\/\/www.sveahome.com\/uk\/wp-json\/wp\/v2\/users\/1"}],"replies":[{"embeddable":true,"href":"https:\/\/www.sveahome.com\/uk\/wp-json\/wp\/v2\/comments?post=611"}],"version-history":[{"count":1,"href":"https:\/\/www.sveahome.com\/uk\/wp-json\/wp\/v2\/pages\/611\/revisions"}],"predecessor-version":[{"id":1032,"href":"https:\/\/www.sveahome.com\/uk\/wp-json\/wp\/v2\/pages\/611\/revisions\/1032"}],"up":[{"embeddable":true,"href":"https:\/\/www.sveahome.com\/uk\/wp-json\/wp\/v2\/pages\/76"}],"wp:featuredmedia":[{"embeddable":true,"href":"https:\/\/www.sveahome.com\/uk\/wp-json\/wp\/v2\/media\/997"}],"wp:attachment":[{"href":"https:\/\/www.sveahome.com\/uk\/wp-json\/wp\/v2\/media?parent=611"}],"wp:term":[{"taxonomy":"post_tag","embeddable":true,"href":"https:\/\/www.sveahome.com\/uk\/wp-json\/wp\/v2\/tags?post=611"}],"curies":[{"name":"wp","href":"https:\/\/api.w.org\/{rel}","templated":true}]}}