{"id":72,"date":"2022-02-15T17:12:30","date_gmt":"2022-02-15T17:12:30","guid":{"rendered":"https:\/\/www.sveahome.com\/?page_id=72"},"modified":"2024-08-29T18:18:07","modified_gmt":"2024-08-29T16:18:07","slug":"%d0%bc%d0%b5%d0%b1%d0%bb%d0%b5%d0%b2%d0%b0-%d0%ba%d0%be%d0%bc%d0%bf%d0%b0%d0%bd%d1%96%d1%8f","status":"publish","type":"page","link":"https:\/\/www.sveahome.com\/uk\/inredningsforetag\/","title":{"rendered":"\u041a\u043e\u043c\u043f\u0430\u043d\u0456\u0457 \u0437 \u0434\u0438\u0437\u0430\u0439\u043d\u0443 \u0456\u043d\u0442\u0435\u0440'\u0454\u0440\u0443 \u0432 \u0422\u043e\u0440\u0440\u0435\u0432'\u0454\u0445\u0430"},"content":{"rendered":"<p><strong>Svea Home \u00e4r ett nystartat inredningsf\u00f6retag i Torrevieja som erbjuder olika tj\u00e4nster inom design och inredning av bost\u00e4der. <\/strong><\/p>\n<p>V\u00e5rt kontor finns i Costa Blancas p\u00e4rla &#8211; Torrevieja och f\u00f6retaget drivs av oss, Vanessa och Lina. Vi \u00e4r tv\u00e5 handlingskraftiga tjejer som tagit med oss familjerna och flyttat till Spanien.<\/p>\n<p>Vi t\u00e4nker att Spanien \u00e4r ett fantastiskt land. Solen, vinet, str\u00e4nderna, gemenskapen. Det finns s\u00e5 mycket att g\u00f6ra att bost\u00e4derna ofta kommer i tredje hand.<\/p>\n<p>Detta m\u00e5ste det bli \u00e4ndring p\u00e5 tycker vi! D\u00e4rf\u00f6r startar vi Svea Home och tar med oss lite av det b\u00e4sta som norden har att erbjuda:<\/p>\n<ul>\n<li><strong>Fokus<\/strong> p\u00e5 hemmen.<\/li>\n<li><strong>Enkelhet <\/strong>och stilrenhet.<\/li>\n<li><strong>H\u00f6ga krav<\/strong> p\u00e5 kvalit\u00e9.<\/li>\n<li><strong>Praktiska l\u00f6sningar<\/strong> som fungerar i vardagen.<\/li>\n<li><strong>..och att<\/strong> saker blir gjorda idag. Inte ma\u00f1ana.<\/li>\n<\/ul>\n<blockquote><p>Alla hem f\u00f6rtj\u00e4nar lite svensk girlpower!<\/p><\/blockquote>\n<p>V\u00e4lkommen att l\u00e4sa mer om de tj\u00e4nster vi erbjuder p\u00e5 v\u00e5r sida om <a href=\"https:\/\/www.sveahome.com\/torrevieja\/\">inredningshj\u00e4lp<\/a>. Om du har n\u00e5gra fr\u00e5gor eller vill ha en offert p\u00e5 ett uppdrag kontakta oss idag!<\/p>\n<h3>Kontaktformul\u00e4r<\/h3>\n<div class=\"wpforms-container wpforms-container-full\" id=\"wpforms-508\"><form id=\"wpforms-form-508\" class=\"wpforms-validate wpforms-form wpforms-ajax-form\" data-formid=\"508\" method=\"post\" enctype=\"multipart\/form-data\" action=\"\/uk\/wp-json\/wp\/v2\/pages\/72\" data-token=\"6214f0071df4b36cce240d070748c9a6\" data-token-time=\"1776515163\"><noscript class=\"wpforms-error-noscript\">\u0414\u043b\u044f \u0437\u0430\u043f\u043e\u0432\u043d\u0435\u043d\u043d\u044f \u0446\u0456\u0454\u0457 \u0444\u043e\u0440\u043c\u0438 \u0443\u0432\u0456\u043c\u043a\u043d\u0456\u0442\u044c JavaScript \u0443 \u0431\u0440\u0430\u0443\u0437\u0435\u0440\u0456.<\/noscript><div class=\"wpforms-field-container\"><div id=\"wpforms-508-field_2-container\" class=\"wpforms-field wpforms-field-name\" data-field-id=\"2\"><label class=\"wpforms-field-label\" for=\"wpforms-508-field_2\">Namn <span class=\"wpforms-required-label\">*<\/span><\/label><input type=\"text\" id=\"wpforms-508-field_2\" class=\"wpforms-field-medium wpforms-field-required\" name=\"wpforms[fields][2]\" required><\/div><div id=\"wpforms-508-field_5-container\" class=\"wpforms-field wpforms-field-email\" data-field-id=\"5\"><label class=\"wpforms-field-label\" for=\"wpforms-508-field_5\">Email <span class=\"wpforms-required-label\">*<\/span><\/label><input type=\"email\" id=\"wpforms-508-field_5\" class=\"wpforms-field-medium wpforms-field-required\" name=\"wpforms[fields][5]\" spellcheck=\"false\" required><\/div><div id=\"wpforms-508-field_6-container\" class=\"wpforms-field wpforms-field-phone\" data-field-id=\"6\"><label class=\"wpforms-field-label\" for=\"wpforms-508-field_6\">Telefonnummer <span class=\"wpforms-required-label\">*<\/span><\/label><input type=\"tel\" id=\"wpforms-508-field_6\" class=\"wpforms-field-medium wpforms-field-required wpforms-smart-phone-field\" data-rule-smart-phone-field=\"true\" name=\"wpforms[fields][6]\" aria-label=\"Telefonnummer\" required><\/div><div id=\"wpforms-508-field_7-container\" class=\"wpforms-field wpforms-field-checkbox wpforms-conditional-trigger\" data-field-id=\"7\"><label class=\"wpforms-field-label\">Jag \u00e4r intresserad av <span class=\"wpforms-required-label\">*<\/span><\/label><ul id=\"wpforms-508-field_7\" class=\"wpforms-field-required\"><li class=\"choice-1 depth-1\"><input type=\"checkbox\" id=\"wpforms-508-field_7_1\" name=\"wpforms[fields][7][]\" value=\"Inredningsdesign\" required ><label class=\"wpforms-field-label-inline\" for=\"wpforms-508-field_7_1\">Inredningsdesign<\/label><\/li><li class=\"choice-2 depth-1\"><input type=\"checkbox\" id=\"wpforms-508-field_7_2\" name=\"wpforms[fields][7][]\" value=\"Homestaging eller homestyling\" required ><label class=\"wpforms-field-label-inline\" for=\"wpforms-508-field_7_2\">Homestaging eller homestyling<\/label><\/li><li class=\"choice-8 depth-1\"><input type=\"checkbox\" id=\"wpforms-508-field_7_8\" name=\"wpforms[fields][7][]\" value=\"M\u00f6blering\" required ><label class=\"wpforms-field-label-inline\" for=\"wpforms-508-field_7_8\">M\u00f6blering<\/label><\/li><li class=\"choice-3 depth-1\"><input type=\"checkbox\" id=\"wpforms-508-field_7_3\" name=\"wpforms[fields][7][]\" value=\"En m\u00f6blerings eller inredningsplan\" required ><label class=\"wpforms-field-label-inline\" for=\"wpforms-508-field_7_3\">En m\u00f6blerings eller inredningsplan<\/label><\/li><li class=\"choice-4 depth-1\"><input type=\"checkbox\" id=\"wpforms-508-field_7_4\" name=\"wpforms[fields][7][]\" value=\"Visualisering i 3D\" required ><label class=\"wpforms-field-label-inline\" for=\"wpforms-508-field_7_4\">Visualisering i 3D<\/label><\/li><li class=\"choice-5 depth-1\"><input type=\"checkbox\" id=\"wpforms-508-field_7_5\" name=\"wpforms[fields][7][]\" value=\"Utrustning av en bostad\" required ><label class=\"wpforms-field-label-inline\" for=\"wpforms-508-field_7_5\">Utrustning av en bostad<\/label><\/li><li class=\"choice-6 depth-1\"><input type=\"checkbox\" id=\"wpforms-508-field_7_6\" name=\"wpforms[fields][7][]\" value=\"St\u00e4dning och bortforsling\" required ><label class=\"wpforms-field-label-inline\" for=\"wpforms-508-field_7_6\">St\u00e4dning och bortforsling<\/label><\/li><li class=\"choice-7 depth-1\"><input type=\"checkbox\" id=\"wpforms-508-field_7_7\" name=\"wpforms[fields][7][]\" value=\"N\u00e5got annat\" required ><label class=\"wpforms-field-label-inline\" for=\"wpforms-508-field_7_7\">N\u00e5got annat<\/label><\/li><\/ul><\/div><div id=\"wpforms-508-field_3-container\" class=\"wpforms-field wpforms-field-textarea\" data-field-id=\"3\"><label class=\"wpforms-field-label\" for=\"wpforms-508-field_3\">Meddelande<\/label><textarea id=\"wpforms-508-field_3\" class=\"wpforms-field-medium\" name=\"wpforms[fields][3]\" ><\/textarea><\/div>\t\t<div id=\"wpforms-508-field_1-container\"\n\t\t\tclass=\"wpforms-field wpforms-field-text\"\n\t\t\tdata-field-type=\"text\"\n\t\t\tdata-field-id=\"1\"\n\t\t\t>\n\t\t\t<label class=\"wpforms-field-label\" for=\"wpforms-508-field_1\" >fr\u00e5ga: intresserad \u00e4r<\/label>\n\t\t\t<input type=\"text\" id=\"wpforms-508-field_1\" class=\"wpforms-field-medium\" name=\"wpforms[fields][1]\" >\n\t\t<\/div>\n\t\t<div id=\"wpforms-508-field_9-container\" class=\"wpforms-field wpforms-field-checkbox wpforms-conditional-field wpforms-conditional-show wpforms-conditional-trigger\" data-field-id=\"9\" style=\"display:none;\"><label class=\"wpforms-field-label\">Kompletterande fr\u00e5ga: <span class=\"wpforms-required-label\">*<\/span><\/label><ul id=\"wpforms-508-field_9\" class=\"wpforms-field-required\"><li class=\"choice-1 depth-1\"><input type=\"checkbox\" id=\"wpforms-508-field_9_1\" name=\"wpforms[fields][9][]\" value=\"Jag \u00e4r en riktig person\" required ><label class=\"wpforms-field-label-inline\" for=\"wpforms-508-field_9_1\">Jag \u00e4r en riktig person<\/label><\/li><\/ul><\/div><div id=\"wpforms-508-field_10-container\" class=\"wpforms-field wpforms-field-captcha wpforms-conditional-field wpforms-conditional-show\" data-field-id=\"10\" style=\"display:none;\"><label class=\"wpforms-field-label\" for=\"wpforms-508-field_10\">S\u00e4kerhetsfr\u00e5ga <span class=\"wpforms-required-label\">*<\/span><\/label>\t\t\t<div class=\"wpforms-captcha-math\">\n\t\t\t\t<span id=\"wpforms-508-field_10-question\" class=\"wpforms-captcha-equation\">\n\t\t\t\t\t<span class=\"n1\">12<\/span>\n\t\t\t\t\t\t\t<span class=\"cal\">*<\/span>\n\t\t\t\t\t\t\t<span class=\"n2\">3<\/span>\t\t\t\t\t<span class=\"e\">=<\/span>\n\t\t\t\t<\/span>\n\t\t\t\t<input type=\"text\" id=\"wpforms-508-field_10\" class=\"wpforms-field-medium wpforms-field-required a\" data-rule-wpf-captcha=\"math\" data-is-wrapped-field=\"1\" name=\"wpforms[fields][10][a]\" aria-describedby=\"wpforms-508-field_10-question\" required>\t\t\t\t<input type=\"hidden\" name=\"wpforms[fields][10][cal]\" class=\"cal\">\n\t\t\t\t<input type=\"hidden\" name=\"wpforms[fields][10][n2]\" class=\"n2\">\n\t\t\t\t<input type=\"hidden\" name=\"wpforms[fields][10][n1]\" class=\"n1\">\n\t\t\t<\/div>\n\t\t\t<\/div><script>\n\t\t\t\t( function() {\n\t\t\t\t\tconst style = document.createElement( 'style' );\n\t\t\t\t\tstyle.appendChild( document.createTextNode( '#wpforms-508-field_1-container { position: absolute !important; overflow: hidden !important; display: inline !important; height: 1px !important; width: 1px !important; z-index: -1000 !important; padding: 0 !important; } #wpforms-508-field_1-container input { visibility: hidden; } #wpforms-conversational-form-page #wpforms-508-field_1-container label { counter-increment: none; }' ) );\n\t\t\t\t\tdocument.head.appendChild( style );\n\t\t\t\t\tdocument.currentScript?.remove();\n\t\t\t\t} )();\n\t\t\t<\/script><\/div><!-- .wpforms-field-container --><div class=\"wpforms-submit-container\" ><input type=\"hidden\" name=\"wpforms[id]\" value=\"508\"><input type=\"hidden\" name=\"page_title\" value=\"\"><input type=\"hidden\" name=\"page_url\" value=\"https:\/\/www.sveahome.com\/uk\/wp-json\/wp\/v2\/pages\/72\"><input type=\"hidden\" name=\"url_referer\" value=\"\"><button type=\"submit\" name=\"wpforms[submit]\" id=\"wpforms-submit-508\" class=\"wpforms-submit\" data-alt-text=\"Skickar...\" data-submit-text=\"Skicka\" aria-live=\"assertive\" value=\"wpforms-submit\">Skicka<\/button><img loading=\"lazy\" decoding=\"async\" src=\"https:\/\/www.sveahome.com\/wp-content\/plugins\/wpforms\/assets\/images\/submit-spin.svg\" class=\"wpforms-submit-spinner\" style=\"display: none;\" width=\"26\" height=\"26\" alt=\"\u0417\u0430\u0432\u0430\u043d\u0442\u0430\u0436\u0435\u043d\u043d\u044f\"><\/div><\/form><\/div>  <!-- .wpforms-container -->\n<p><iframe loading=\"lazy\" style=\"border: 0;\" src=\"https:\/\/www.google.com\/maps\/embed?pb=!1m18!1m12!1m3!1d201235.2914203889!2d-0.8327338348977464!3d37.99345029151296!2m3!1f0!2f0!3f0!3m2!1i1024!2i768!4f13.1!3m3!1m2!1s0xd63aa38720ffc79%3A0xd220b907f2229dc6!2sTorrevieja%2C%20Alicante!5e0!3m2!1ssv!2ses!4v1677843912198!5m2!1ssv!2ses\" width=\"100%\" height=\"350\" allowfullscreen=\"allowfullscreen\"><\/iframe><\/p>\n","protected":false},"excerpt":{"rendered":"<p>Svea Home \u00e4r ett nystartat inredningsf\u00f6retag i Torrevieja som erbjuder olika tj\u00e4nster inom design och inredning av bost\u00e4der. V\u00e5rt kontor finns i Costa Blancas p\u00e4rla &#8211; Torrevieja och f\u00f6retaget drivs av oss, Vanessa och Lina. Vi \u00e4r tv\u00e5 handlingskraftiga tjejer som tagit med oss familjerna och flyttat till Spanien. Vi t\u00e4nker att Spanien \u00e4r ett [&hellip;]<\/p>\n","protected":false},"author":1,"featured_media":855,"parent":0,"menu_order":0,"comment_status":"closed","ping_status":"closed","template":"","meta":{"_acf_changed":false,"footnotes":""},"tags":[],"acf":[],"yoast_head":"<!-- This site is optimized with the Yoast SEO plugin v19.1 - https:\/\/yoast.com\/wordpress\/plugins\/seo\/ -->\n<title>Inredningsf\u00f6retag i Torrevieja | Svea Home<\/title>\n<meta name=\"description\" content=\"Svea Home \u00e4r ett nystartat inredningsf\u00f6retag i Torrevieja som erbjuder olika tj\u00e4nster inom design och inredning av bost\u00e4der.\" \/>\n<meta name=\"robots\" content=\"index, follow, max-snippet:-1, max-image-preview:large, max-video-preview:-1\" \/>\n<link rel=\"canonical\" href=\"https:\/\/www.sveahome.com\/uk\/\u043c\u0435\u0431\u043b\u0435\u0432\u0430-\u043a\u043e\u043c\u043f\u0430\u043d\u0456\u044f\/\" \/>\n<meta property=\"og:locale\" content=\"uk_UA\" \/>\n<meta property=\"og:type\" content=\"article\" \/>\n<meta property=\"og:title\" content=\"Inredningsf\u00f6retag i Torrevieja | Svea Home\" \/>\n<meta property=\"og:description\" content=\"Svea Home \u00e4r ett nystartat inredningsf\u00f6retag i Torrevieja som erbjuder olika tj\u00e4nster inom design och inredning av bost\u00e4der.\" \/>\n<meta property=\"og:url\" content=\"https:\/\/www.sveahome.com\/uk\/\u043c\u0435\u0431\u043b\u0435\u0432\u0430-\u043a\u043e\u043c\u043f\u0430\u043d\u0456\u044f\/\" \/>\n<meta property=\"og:site_name\" content=\"Svea Home\" \/>\n<meta property=\"article:publisher\" content=\"https:\/\/www.facebook.com\/people\/Svea-Home\/100078707354829\/\" \/>\n<meta property=\"article:modified_time\" content=\"2024-08-29T16:18:07+00:00\" \/>\n<meta property=\"og:image\" content=\"https:\/\/www.sveahome.com\/wp-content\/uploads\/2024\/08\/D8Z7558.jpg\" \/>\n\t<meta property=\"og:image:width\" content=\"2400\" \/>\n\t<meta property=\"og:image:height\" content=\"1600\" \/>\n\t<meta property=\"og:image:type\" content=\"image\/jpeg\" \/>\n<meta name=\"twitter:card\" content=\"summary_large_image\" \/>\n<meta name=\"twitter:label1\" content=\"\u041f\u0440\u0438\u0431\u043b. \u0447\u0430\u0441 \u0447\u0438\u0442\u0430\u043d\u043d\u044f\" \/>\n\t<meta name=\"twitter:data1\" content=\"1 \u0445\u0432\u0438\u043b\u0438\u043d\u0430\" \/>\n<script type=\"application\/ld+json\" class=\"yoast-schema-graph\">{\"@context\":\"https:\/\/schema.org\",\"@graph\":[{\"@type\":\"Organization\",\"@id\":\"https:\/\/www.sveahome.com\/#organization\",\"name\":\"Svea Home\",\"url\":\"https:\/\/www.sveahome.com\/\",\"sameAs\":[\"https:\/\/www.instagram.com\/svea.home\/\",\"https:\/\/www.facebook.com\/people\/Svea-Home\/100078707354829\/\"],\"logo\":{\"@type\":\"ImageObject\",\"inLanguage\":\"uk\",\"@id\":\"https:\/\/www.sveahome.com\/#\/schema\/logo\/image\/\",\"url\":\"https:\/\/www.sveahome.com\/wp-content\/uploads\/2022\/02\/SveaHome.jpg\",\"contentUrl\":\"https:\/\/www.sveahome.com\/wp-content\/uploads\/2022\/02\/SveaHome.jpg\",\"width\":239,\"height\":47,\"caption\":\"Svea Home\"},\"image\":{\"@id\":\"https:\/\/www.sveahome.com\/#\/schema\/logo\/image\/\"}},{\"@type\":\"WebSite\",\"@id\":\"https:\/\/www.sveahome.com\/#website\",\"url\":\"https:\/\/www.sveahome.com\/\",\"name\":\"Svea Home\",\"description\":\"\",\"publisher\":{\"@id\":\"https:\/\/www.sveahome.com\/#organization\"},\"potentialAction\":[{\"@type\":\"SearchAction\",\"target\":{\"@type\":\"EntryPoint\",\"urlTemplate\":\"https:\/\/www.sveahome.com\/?s={search_term_string}\"},\"query-input\":\"required name=search_term_string\"}],\"inLanguage\":\"uk\"},{\"@type\":\"ImageObject\",\"inLanguage\":\"uk\",\"@id\":\"https:\/\/www.sveahome.com\/inredningsforetag\/#primaryimage\",\"url\":\"https:\/\/www.sveahome.com\/wp-content\/uploads\/2024\/08\/D8Z7558.jpg\",\"contentUrl\":\"https:\/\/www.sveahome.com\/wp-content\/uploads\/2024\/08\/D8Z7558.jpg\",\"width\":2400,\"height\":1600,\"caption\":\"Vanessa and Lina\"},{\"@type\":\"WebPage\",\"@id\":\"https:\/\/www.sveahome.com\/inredningsforetag\/#webpage\",\"url\":\"https:\/\/www.sveahome.com\/inredningsforetag\/\",\"name\":\"Inredningsf\u00f6retag i Torrevieja | Svea Home\",\"isPartOf\":{\"@id\":\"https:\/\/www.sveahome.com\/#website\"},\"primaryImageOfPage\":{\"@id\":\"https:\/\/www.sveahome.com\/inredningsforetag\/#primaryimage\"},\"datePublished\":\"2022-02-15T17:12:30+00:00\",\"dateModified\":\"2024-08-29T16:18:07+00:00\",\"description\":\"Svea Home \u00e4r ett nystartat inredningsf\u00f6retag i Torrevieja som erbjuder olika tj\u00e4nster inom design och inredning av bost\u00e4der.\",\"breadcrumb\":{\"@id\":\"https:\/\/www.sveahome.com\/inredningsforetag\/#breadcrumb\"},\"inLanguage\":\"uk\",\"potentialAction\":[{\"@type\":\"ReadAction\",\"target\":[\"https:\/\/www.sveahome.com\/inredningsforetag\/\"]}]},{\"@type\":\"BreadcrumbList\",\"@id\":\"https:\/\/www.sveahome.com\/inredningsforetag\/#breadcrumb\",\"itemListElement\":[{\"@type\":\"ListItem\",\"position\":1,\"name\":\"Home\",\"item\":\"https:\/\/www.sveahome.com\/\"},{\"@type\":\"ListItem\",\"position\":2,\"name\":\"Inredningsf\u00f6retag i Torrevieja\"}]}]}<\/script>\n<!-- \/ Yoast SEO plugin. -->","yoast_head_json":{"title":"\u041a\u043e\u043c\u043f\u0430\u043d\u0456\u0457 \u0437 \u0434\u0438\u0437\u0430\u0439\u043d\u0443 \u0456\u043d\u0442\u0435\u0440'\u0454\u0440\u0443 \u0432 \u0422\u043e\u0440\u0440\u0435\u0432'\u0454\u0445\u0430 | Svea Home","description":"Svea Home - \u0446\u0435 \u0441\u0442\u0430\u0440\u0442\u0430\u043f-\u043a\u043e\u043c\u043f\u0430\u043d\u0456\u044f \u0437 \u0434\u0438\u0437\u0430\u0439\u043d\u0443 \u0456\u043d\u0442\u0435\u0440'\u0454\u0440\u0443 \u0432 \u0422\u043e\u0440\u0440\u0435\u0432'\u0454\u0445\u0430, \u044f\u043a\u0430 \u043f\u0440\u043e\u043f\u043e\u043d\u0443\u0454 \u0440\u0456\u0437\u043d\u043e\u043c\u0430\u043d\u0456\u0442\u043d\u0456 \u043f\u043e\u0441\u043b\u0443\u0433\u0438 \u0437 \u043f\u0440\u043e\u0435\u043a\u0442\u0443\u0432\u0430\u043d\u043d\u044f \u0442\u0430 \u043e\u0437\u0434\u043e\u0431\u043b\u0435\u043d\u043d\u044f \u0431\u0443\u0434\u0438\u043d\u043a\u0456\u0432.","robots":{"index":"index","follow":"follow","max-snippet":"max-snippet:-1","max-image-preview":"max-image-preview:large","max-video-preview":"max-video-preview:-1"},"canonical":"https:\/\/www.sveahome.com\/uk\/\u043c\u0435\u0431\u043b\u0435\u0432\u0430-\u043a\u043e\u043c\u043f\u0430\u043d\u0456\u044f\/","og_locale":"uk_UA","og_type":"article","og_title":"Inredningsf\u00f6retag i Torrevieja | Svea Home","og_description":"Svea Home \u00e4r ett nystartat inredningsf\u00f6retag i Torrevieja som erbjuder olika tj\u00e4nster inom design och inredning av bost\u00e4der.","og_url":"https:\/\/www.sveahome.com\/uk\/\u043c\u0435\u0431\u043b\u0435\u0432\u0430-\u043a\u043e\u043c\u043f\u0430\u043d\u0456\u044f\/","og_site_name":"Svea Home","article_publisher":"https:\/\/www.facebook.com\/people\/Svea-Home\/100078707354829\/","article_modified_time":"2024-08-29T16:18:07+00:00","og_image":[{"width":2400,"height":1600,"url":"https:\/\/www.sveahome.com\/wp-content\/uploads\/2024\/08\/D8Z7558.jpg","type":"image\/jpeg"}],"twitter_card":"summary_large_image","twitter_misc":{"\u041f\u0440\u0438\u0431\u043b. \u0447\u0430\u0441 \u0447\u0438\u0442\u0430\u043d\u043d\u044f":"1 \u0445\u0432\u0438\u043b\u0438\u043d\u0430"},"schema":{"@context":"https:\/\/schema.org","@graph":[{"@type":"Organization","@id":"https:\/\/www.sveahome.com\/#organization","name":"Svea Home","url":"https:\/\/www.sveahome.com\/","sameAs":["https:\/\/www.instagram.com\/svea.home\/","https:\/\/www.facebook.com\/people\/Svea-Home\/100078707354829\/"],"logo":{"@type":"ImageObject","inLanguage":"uk","@id":"https:\/\/www.sveahome.com\/#\/schema\/logo\/image\/","url":"https:\/\/www.sveahome.com\/wp-content\/uploads\/2022\/02\/SveaHome.jpg","contentUrl":"https:\/\/www.sveahome.com\/wp-content\/uploads\/2022\/02\/SveaHome.jpg","width":239,"height":47,"caption":"Svea Home"},"image":{"@id":"https:\/\/www.sveahome.com\/#\/schema\/logo\/image\/"}},{"@type":"WebSite","@id":"https:\/\/www.sveahome.com\/#website","url":"https:\/\/www.sveahome.com\/","name":"Svea Home","description":"","publisher":{"@id":"https:\/\/www.sveahome.com\/#organization"},"potentialAction":[{"@type":"SearchAction","target":{"@type":"EntryPoint","urlTemplate":"https:\/\/www.sveahome.com\/?s={search_term_string}"},"query-input":"required name=search_term_string"}],"inLanguage":"uk"},{"@type":"ImageObject","inLanguage":"uk","@id":"https:\/\/www.sveahome.com\/inredningsforetag\/#primaryimage","url":"https:\/\/www.sveahome.com\/wp-content\/uploads\/2024\/08\/D8Z7558.jpg","contentUrl":"https:\/\/www.sveahome.com\/wp-content\/uploads\/2024\/08\/D8Z7558.jpg","width":2400,"height":1600,"caption":"Vanessa and Lina"},{"@type":"WebPage","@id":"https:\/\/www.sveahome.com\/inredningsforetag\/#webpage","url":"https:\/\/www.sveahome.com\/inredningsforetag\/","name":"\u041a\u043e\u043c\u043f\u0430\u043d\u0456\u0457 \u0437 \u0434\u0438\u0437\u0430\u0439\u043d\u0443 \u0456\u043d\u0442\u0435\u0440'\u0454\u0440\u0443 \u0432 \u0422\u043e\u0440\u0440\u0435\u0432'\u0454\u0445\u0430 | Svea Home","isPartOf":{"@id":"https:\/\/www.sveahome.com\/#website"},"primaryImageOfPage":{"@id":"https:\/\/www.sveahome.com\/inredningsforetag\/#primaryimage"},"datePublished":"2022-02-15T17:12:30+00:00","dateModified":"2024-08-29T16:18:07+00:00","description":"Svea Home - \u0446\u0435 \u0441\u0442\u0430\u0440\u0442\u0430\u043f-\u043a\u043e\u043c\u043f\u0430\u043d\u0456\u044f \u0437 \u0434\u0438\u0437\u0430\u0439\u043d\u0443 \u0456\u043d\u0442\u0435\u0440'\u0454\u0440\u0443 \u0432 \u0422\u043e\u0440\u0440\u0435\u0432'\u0454\u0445\u0430, \u044f\u043a\u0430 \u043f\u0440\u043e\u043f\u043e\u043d\u0443\u0454 \u0440\u0456\u0437\u043d\u043e\u043c\u0430\u043d\u0456\u0442\u043d\u0456 \u043f\u043e\u0441\u043b\u0443\u0433\u0438 \u0437 \u043f\u0440\u043e\u0435\u043a\u0442\u0443\u0432\u0430\u043d\u043d\u044f \u0442\u0430 \u043e\u0437\u0434\u043e\u0431\u043b\u0435\u043d\u043d\u044f \u0431\u0443\u0434\u0438\u043d\u043a\u0456\u0432.","breadcrumb":{"@id":"https:\/\/www.sveahome.com\/inredningsforetag\/#breadcrumb"},"inLanguage":"uk","potentialAction":[{"@type":"ReadAction","target":["https:\/\/www.sveahome.com\/inredningsforetag\/"]}]},{"@type":"BreadcrumbList","@id":"https:\/\/www.sveahome.com\/inredningsforetag\/#breadcrumb","itemListElement":[{"@type":"ListItem","position":1,"name":"Home","item":"https:\/\/www.sveahome.com\/"},{"@type":"ListItem","position":2,"name":"Inredningsf\u00f6retag i Torrevieja"}]}]}},"_links":{"self":[{"href":"https:\/\/www.sveahome.com\/uk\/wp-json\/wp\/v2\/pages\/72"}],"collection":[{"href":"https:\/\/www.sveahome.com\/uk\/wp-json\/wp\/v2\/pages"}],"about":[{"href":"https:\/\/www.sveahome.com\/uk\/wp-json\/wp\/v2\/types\/page"}],"author":[{"embeddable":true,"href":"https:\/\/www.sveahome.com\/uk\/wp-json\/wp\/v2\/users\/1"}],"replies":[{"embeddable":true,"href":"https:\/\/www.sveahome.com\/uk\/wp-json\/wp\/v2\/comments?post=72"}],"version-history":[{"count":0,"href":"https:\/\/www.sveahome.com\/uk\/wp-json\/wp\/v2\/pages\/72\/revisions"}],"wp:featuredmedia":[{"embeddable":true,"href":"https:\/\/www.sveahome.com\/uk\/wp-json\/wp\/v2\/media\/855"}],"wp:attachment":[{"href":"https:\/\/www.sveahome.com\/uk\/wp-json\/wp\/v2\/media?parent=72"}],"wp:term":[{"taxonomy":"post_tag","embeddable":true,"href":"https:\/\/www.sveahome.com\/uk\/wp-json\/wp\/v2\/tags?post=72"}],"curies":[{"name":"wp","href":"https:\/\/api.w.org\/{rel}","templated":true}]}}