{"id":85,"date":"2022-02-15T18:25:00","date_gmt":"2022-02-15T18:25:00","guid":{"rendered":"https:\/\/www.sveahome.com\/?page_id=85"},"modified":"2026-02-04T14:11:48","modified_gmt":"2026-02-04T13:11:48","slug":"%d0%b7%d0%b2%d1%8f%d0%b6%d1%96%d1%82%d1%8c%d1%81%d1%8f-%d0%b7-%d0%bd%d0%b0%d0%bc%d0%b8","status":"publish","type":"page","link":"https:\/\/www.sveahome.com\/uk\/kontakta-oss\/","title":{"rendered":"\u041a\u043e\u043d\u0442\u0430\u043a\u0442\u0438"},"content":{"rendered":"<p><strong>V\u00e4lkommen att kontakta oss med dina fr\u00e5gor eller f\u00f6r att best\u00e4lla n\u00e5gon av v\u00e5ra tj\u00e4nster<\/strong>!<\/p>\n<p>Du kan antingen ringa oss eller anv\u00e4nda v\u00e5rt kontaktformul\u00e4r som du hittar l\u00e4ngst ned p\u00e5 den h\u00e4r sidan. Vi ser fram emot att h\u00f6ra av dig!<\/p>\n<p><strong>Vanessa Shaw<\/strong><br \/>\nvanessa@sveahome.com<br \/>\n+34 653 469 106<\/p>\n<p><strong>Lina Mattsen<\/strong><strong><br \/>\n<\/strong>lina@sveahome.com<br \/>\n+34 684 278 502<\/p>\n<h3>Adress<\/h3>\n<p>Svea Home<br \/>\nCalle Copenhauge 27<br \/>\n03183 Torrevieja<\/p>\n<p><iframe loading=\"lazy\" style=\"border: 0;\" src=\"https:\/\/www.google.com\/maps\/embed?pb=!1m18!1m12!1m3!1d201235.2914203889!2d-0.8327338348977464!3d37.99345029151296!2m3!1f0!2f0!3f0!3m2!1i1024!2i768!4f13.1!3m3!1m2!1s0xd63aa38720ffc79%3A0xd220b907f2229dc6!2sTorrevieja%2C%20Alicante!5e0!3m2!1ssv!2ses!4v1677843912198!5m2!1ssv!2ses\" width=\"100%\" height=\"350\" allowfullscreen=\"allowfullscreen\"><\/iframe><\/p>\n<h3>Kontaktformul\u00e4r<\/h3>\n<div class=\"wpforms-container wpforms-container-full\" id=\"wpforms-508\"><form id=\"wpforms-form-508\" class=\"wpforms-validate wpforms-form wpforms-ajax-form\" data-formid=\"508\" method=\"post\" enctype=\"multipart\/form-data\" action=\"\/uk\/wp-json\/wp\/v2\/pages\/85\" data-token=\"6214f0071df4b36cce240d070748c9a6\" data-token-time=\"1776513815\"><noscript class=\"wpforms-error-noscript\">\u0414\u043b\u044f \u0437\u0430\u043f\u043e\u0432\u043d\u0435\u043d\u043d\u044f \u0446\u0456\u0454\u0457 \u0444\u043e\u0440\u043c\u0438 \u0443\u0432\u0456\u043c\u043a\u043d\u0456\u0442\u044c JavaScript \u0443 \u0431\u0440\u0430\u0443\u0437\u0435\u0440\u0456.<\/noscript><div class=\"wpforms-field-container\">\t\t<div id=\"wpforms-508-field_1-container\"\n\t\t\tclass=\"wpforms-field wpforms-field-text\"\n\t\t\tdata-field-type=\"text\"\n\t\t\tdata-field-id=\"1\"\n\t\t\t>\n\t\t\t<label class=\"wpforms-field-label\" for=\"wpforms-508-field_1\" >\u00e4r S\u00e4kerhetsfr\u00e5ga intresserad<\/label>\n\t\t\t<input type=\"text\" id=\"wpforms-508-field_1\" class=\"wpforms-field-medium\" name=\"wpforms[fields][1]\" >\n\t\t<\/div>\n\t\t<div id=\"wpforms-508-field_2-container\" class=\"wpforms-field wpforms-field-name\" data-field-id=\"2\"><label class=\"wpforms-field-label\" for=\"wpforms-508-field_2\">Namn <span class=\"wpforms-required-label\">*<\/span><\/label><input type=\"text\" id=\"wpforms-508-field_2\" class=\"wpforms-field-medium wpforms-field-required\" name=\"wpforms[fields][2]\" required><\/div><div id=\"wpforms-508-field_5-container\" class=\"wpforms-field wpforms-field-email\" data-field-id=\"5\"><label class=\"wpforms-field-label\" for=\"wpforms-508-field_5\">Email <span class=\"wpforms-required-label\">*<\/span><\/label><input type=\"email\" id=\"wpforms-508-field_5\" class=\"wpforms-field-medium wpforms-field-required\" name=\"wpforms[fields][5]\" spellcheck=\"false\" required><\/div><div id=\"wpforms-508-field_6-container\" class=\"wpforms-field wpforms-field-phone\" data-field-id=\"6\"><label class=\"wpforms-field-label\" for=\"wpforms-508-field_6\">Telefonnummer <span class=\"wpforms-required-label\">*<\/span><\/label><input type=\"tel\" id=\"wpforms-508-field_6\" class=\"wpforms-field-medium wpforms-field-required wpforms-smart-phone-field\" data-rule-smart-phone-field=\"true\" name=\"wpforms[fields][6]\" aria-label=\"Telefonnummer\" required><\/div><div id=\"wpforms-508-field_7-container\" class=\"wpforms-field wpforms-field-checkbox wpforms-conditional-trigger\" data-field-id=\"7\"><label class=\"wpforms-field-label\">Jag \u00e4r intresserad av <span class=\"wpforms-required-label\">*<\/span><\/label><ul id=\"wpforms-508-field_7\" class=\"wpforms-field-required\"><li class=\"choice-1 depth-1\"><input type=\"checkbox\" id=\"wpforms-508-field_7_1\" name=\"wpforms[fields][7][]\" value=\"Inredningsdesign\" required ><label class=\"wpforms-field-label-inline\" for=\"wpforms-508-field_7_1\">Inredningsdesign<\/label><\/li><li class=\"choice-2 depth-1\"><input type=\"checkbox\" id=\"wpforms-508-field_7_2\" name=\"wpforms[fields][7][]\" value=\"Homestaging eller homestyling\" required ><label class=\"wpforms-field-label-inline\" for=\"wpforms-508-field_7_2\">Homestaging eller homestyling<\/label><\/li><li class=\"choice-8 depth-1\"><input type=\"checkbox\" id=\"wpforms-508-field_7_8\" name=\"wpforms[fields][7][]\" value=\"M\u00f6blering\" required ><label class=\"wpforms-field-label-inline\" for=\"wpforms-508-field_7_8\">M\u00f6blering<\/label><\/li><li class=\"choice-3 depth-1\"><input type=\"checkbox\" id=\"wpforms-508-field_7_3\" name=\"wpforms[fields][7][]\" value=\"En m\u00f6blerings eller inredningsplan\" required ><label class=\"wpforms-field-label-inline\" for=\"wpforms-508-field_7_3\">En m\u00f6blerings eller inredningsplan<\/label><\/li><li class=\"choice-4 depth-1\"><input type=\"checkbox\" id=\"wpforms-508-field_7_4\" name=\"wpforms[fields][7][]\" value=\"Visualisering i 3D\" required ><label class=\"wpforms-field-label-inline\" for=\"wpforms-508-field_7_4\">Visualisering i 3D<\/label><\/li><li class=\"choice-5 depth-1\"><input type=\"checkbox\" id=\"wpforms-508-field_7_5\" name=\"wpforms[fields][7][]\" value=\"Utrustning av en bostad\" required ><label class=\"wpforms-field-label-inline\" for=\"wpforms-508-field_7_5\">Utrustning av en bostad<\/label><\/li><li class=\"choice-6 depth-1\"><input type=\"checkbox\" id=\"wpforms-508-field_7_6\" name=\"wpforms[fields][7][]\" value=\"St\u00e4dning och bortforsling\" required ><label class=\"wpforms-field-label-inline\" for=\"wpforms-508-field_7_6\">St\u00e4dning och bortforsling<\/label><\/li><li class=\"choice-7 depth-1\"><input type=\"checkbox\" id=\"wpforms-508-field_7_7\" name=\"wpforms[fields][7][]\" value=\"N\u00e5got annat\" required ><label class=\"wpforms-field-label-inline\" for=\"wpforms-508-field_7_7\">N\u00e5got annat<\/label><\/li><\/ul><\/div><div id=\"wpforms-508-field_3-container\" class=\"wpforms-field wpforms-field-textarea\" data-field-id=\"3\"><label class=\"wpforms-field-label\" for=\"wpforms-508-field_3\">Meddelande<\/label><textarea id=\"wpforms-508-field_3\" class=\"wpforms-field-medium\" name=\"wpforms[fields][3]\" ><\/textarea><\/div><div id=\"wpforms-508-field_9-container\" class=\"wpforms-field wpforms-field-checkbox wpforms-conditional-field wpforms-conditional-show wpforms-conditional-trigger\" data-field-id=\"9\" style=\"display:none;\"><label class=\"wpforms-field-label\">Kompletterande fr\u00e5ga: <span class=\"wpforms-required-label\">*<\/span><\/label><ul id=\"wpforms-508-field_9\" class=\"wpforms-field-required\"><li class=\"choice-1 depth-1\"><input type=\"checkbox\" id=\"wpforms-508-field_9_1\" name=\"wpforms[fields][9][]\" value=\"Jag \u00e4r en riktig person\" required ><label class=\"wpforms-field-label-inline\" for=\"wpforms-508-field_9_1\">Jag \u00e4r en riktig person<\/label><\/li><\/ul><\/div><div id=\"wpforms-508-field_10-container\" class=\"wpforms-field wpforms-field-captcha wpforms-conditional-field wpforms-conditional-show\" data-field-id=\"10\" style=\"display:none;\"><label class=\"wpforms-field-label\" for=\"wpforms-508-field_10\">S\u00e4kerhetsfr\u00e5ga <span class=\"wpforms-required-label\">*<\/span><\/label>\t\t\t<div class=\"wpforms-captcha-math\">\n\t\t\t\t<span id=\"wpforms-508-field_10-question\" class=\"wpforms-captcha-equation\">\n\t\t\t\t\t<span class=\"n1\">6<\/span>\n\t\t\t\t\t\t\t<span class=\"cal\">*<\/span>\n\t\t\t\t\t\t\t<span class=\"n2\">1<\/span>\t\t\t\t\t<span class=\"e\">=<\/span>\n\t\t\t\t<\/span>\n\t\t\t\t<input type=\"text\" id=\"wpforms-508-field_10\" class=\"wpforms-field-medium wpforms-field-required a\" data-rule-wpf-captcha=\"math\" data-is-wrapped-field=\"1\" name=\"wpforms[fields][10][a]\" aria-describedby=\"wpforms-508-field_10-question\" required>\t\t\t\t<input type=\"hidden\" name=\"wpforms[fields][10][cal]\" class=\"cal\">\n\t\t\t\t<input type=\"hidden\" name=\"wpforms[fields][10][n2]\" class=\"n2\">\n\t\t\t\t<input type=\"hidden\" name=\"wpforms[fields][10][n1]\" class=\"n1\">\n\t\t\t<\/div>\n\t\t\t<\/div><script>\n\t\t\t\t( function() {\n\t\t\t\t\tconst style = document.createElement( 'style' );\n\t\t\t\t\tstyle.appendChild( document.createTextNode( '#wpforms-508-field_1-container { position: absolute !important; overflow: hidden !important; display: inline !important; height: 1px !important; width: 1px !important; z-index: -1000 !important; padding: 0 !important; } #wpforms-508-field_1-container input { visibility: hidden; } #wpforms-conversational-form-page #wpforms-508-field_1-container label { counter-increment: none; }' ) );\n\t\t\t\t\tdocument.head.appendChild( style );\n\t\t\t\t\tdocument.currentScript?.remove();\n\t\t\t\t} )();\n\t\t\t<\/script><\/div><!-- .wpforms-field-container --><div class=\"wpforms-submit-container\" ><input type=\"hidden\" name=\"wpforms[id]\" value=\"508\"><input type=\"hidden\" name=\"page_title\" value=\"\"><input type=\"hidden\" name=\"page_url\" value=\"https:\/\/www.sveahome.com\/uk\/wp-json\/wp\/v2\/pages\/85\"><input type=\"hidden\" name=\"url_referer\" value=\"\"><button type=\"submit\" name=\"wpforms[submit]\" id=\"wpforms-submit-508\" class=\"wpforms-submit\" data-alt-text=\"Skickar...\" data-submit-text=\"Skicka\" aria-live=\"assertive\" value=\"wpforms-submit\">Skicka<\/button><img loading=\"lazy\" decoding=\"async\" src=\"https:\/\/www.sveahome.com\/wp-content\/plugins\/wpforms\/assets\/images\/submit-spin.svg\" class=\"wpforms-submit-spinner\" style=\"display: none;\" width=\"26\" height=\"26\" alt=\"\u0417\u0430\u0432\u0430\u043d\u0442\u0430\u0436\u0435\u043d\u043d\u044f\"><\/div><\/form><\/div>  <!-- .wpforms-container -->\n","protected":false},"excerpt":{"rendered":"<p>V\u00e4lkommen att kontakta oss med dina fr\u00e5gor eller f\u00f6r att best\u00e4lla n\u00e5gon av v\u00e5ra tj\u00e4nster! Du kan antingen ringa oss eller anv\u00e4nda v\u00e5rt kontaktformul\u00e4r som du hittar l\u00e4ngst ned p\u00e5 den h\u00e4r sidan. Vi ser fram emot att h\u00f6ra av dig! Vanessa Shaw vanessa@sveahome.com +34 653 469 106 Lina Mattsen lina@sveahome.com +34 684 278 502 [&hellip;]<\/p>\n","protected":false},"author":1,"featured_media":391,"parent":0,"menu_order":4,"comment_status":"closed","ping_status":"closed","template":"","meta":{"_acf_changed":false,"footnotes":""},"tags":[],"acf":[],"yoast_head":"<!-- This site is optimized with the Yoast SEO plugin v19.1 - https:\/\/yoast.com\/wordpress\/plugins\/seo\/ -->\n<title>Kontakta oss | Svea Home<\/title>\n<meta name=\"robots\" content=\"index, follow, max-snippet:-1, max-image-preview:large, max-video-preview:-1\" \/>\n<link rel=\"canonical\" href=\"https:\/\/www.sveahome.com\/uk\/\u0437\u0432\u044f\u0436\u0456\u0442\u044c\u0441\u044f-\u0437-\u043d\u0430\u043c\u0438\/\" \/>\n<meta property=\"og:locale\" content=\"uk_UA\" \/>\n<meta property=\"og:type\" content=\"article\" \/>\n<meta property=\"og:title\" content=\"Kontakta oss | Svea Home\" \/>\n<meta property=\"og:description\" content=\"V\u00e4lkommen att kontakta oss med dina fr\u00e5gor eller f\u00f6r att best\u00e4lla n\u00e5gon av v\u00e5ra tj\u00e4nster! Du kan antingen ringa oss eller anv\u00e4nda v\u00e5rt kontaktformul\u00e4r som du hittar l\u00e4ngst ned p\u00e5 den h\u00e4r sidan. Vi ser fram emot att h\u00f6ra av dig! Vanessa Shaw vanessa@sveahome.com +34 653 469 106 Lina Mattsen lina@sveahome.com +34 684 278 502 [&hellip;]\" \/>\n<meta property=\"og:url\" content=\"https:\/\/www.sveahome.com\/uk\/\u0437\u0432\u044f\u0436\u0456\u0442\u044c\u0441\u044f-\u0437-\u043d\u0430\u043c\u0438\/\" \/>\n<meta property=\"og:site_name\" content=\"Svea Home\" \/>\n<meta property=\"article:publisher\" content=\"https:\/\/www.facebook.com\/people\/Svea-Home\/100078707354829\/\" \/>\n<meta property=\"article:modified_time\" content=\"2026-02-04T13:11:48+00:00\" \/>\n<meta property=\"og:image\" content=\"https:\/\/www.sveahome.com\/wp-content\/uploads\/2023\/02\/Kontakta-oss.-web.png\" \/>\n\t<meta property=\"og:image:width\" content=\"1080\" \/>\n\t<meta property=\"og:image:height\" content=\"1080\" \/>\n\t<meta property=\"og:image:type\" content=\"image\/png\" \/>\n<meta name=\"twitter:card\" content=\"summary_large_image\" \/>\n<script type=\"application\/ld+json\" class=\"yoast-schema-graph\">{\"@context\":\"https:\/\/schema.org\",\"@graph\":[{\"@type\":\"Organization\",\"@id\":\"https:\/\/www.sveahome.com\/#organization\",\"name\":\"Svea Home\",\"url\":\"https:\/\/www.sveahome.com\/\",\"sameAs\":[\"https:\/\/www.instagram.com\/svea.home\/\",\"https:\/\/www.facebook.com\/people\/Svea-Home\/100078707354829\/\"],\"logo\":{\"@type\":\"ImageObject\",\"inLanguage\":\"uk\",\"@id\":\"https:\/\/www.sveahome.com\/#\/schema\/logo\/image\/\",\"url\":\"https:\/\/www.sveahome.com\/wp-content\/uploads\/2022\/02\/SveaHome.jpg\",\"contentUrl\":\"https:\/\/www.sveahome.com\/wp-content\/uploads\/2022\/02\/SveaHome.jpg\",\"width\":239,\"height\":47,\"caption\":\"Svea Home\"},\"image\":{\"@id\":\"https:\/\/www.sveahome.com\/#\/schema\/logo\/image\/\"}},{\"@type\":\"WebSite\",\"@id\":\"https:\/\/www.sveahome.com\/#website\",\"url\":\"https:\/\/www.sveahome.com\/\",\"name\":\"Svea Home\",\"description\":\"\",\"publisher\":{\"@id\":\"https:\/\/www.sveahome.com\/#organization\"},\"potentialAction\":[{\"@type\":\"SearchAction\",\"target\":{\"@type\":\"EntryPoint\",\"urlTemplate\":\"https:\/\/www.sveahome.com\/?s={search_term_string}\"},\"query-input\":\"required name=search_term_string\"}],\"inLanguage\":\"uk\"},{\"@type\":\"ImageObject\",\"inLanguage\":\"uk\",\"@id\":\"https:\/\/www.sveahome.com\/en\/contact-us\/#primaryimage\",\"url\":\"https:\/\/www.sveahome.com\/wp-content\/uploads\/2023\/02\/Kontakta-oss.-web.png\",\"contentUrl\":\"https:\/\/www.sveahome.com\/wp-content\/uploads\/2023\/02\/Kontakta-oss.-web.png\",\"width\":1080,\"height\":1080},{\"@type\":\"WebPage\",\"@id\":\"https:\/\/www.sveahome.com\/en\/contact-us\/#webpage\",\"url\":\"https:\/\/www.sveahome.com\/en\/contact-us\/\",\"name\":\"Kontakta oss | Svea Home\",\"isPartOf\":{\"@id\":\"https:\/\/www.sveahome.com\/#website\"},\"primaryImageOfPage\":{\"@id\":\"https:\/\/www.sveahome.com\/en\/contact-us\/#primaryimage\"},\"datePublished\":\"2022-02-15T18:25:00+00:00\",\"dateModified\":\"2026-02-04T13:11:48+00:00\",\"breadcrumb\":{\"@id\":\"https:\/\/www.sveahome.com\/en\/contact-us\/#breadcrumb\"},\"inLanguage\":\"uk\",\"potentialAction\":[{\"@type\":\"ReadAction\",\"target\":[\"https:\/\/www.sveahome.com\/en\/contact-us\/\"]}]},{\"@type\":\"BreadcrumbList\",\"@id\":\"https:\/\/www.sveahome.com\/en\/contact-us\/#breadcrumb\",\"itemListElement\":[{\"@type\":\"ListItem\",\"position\":1,\"name\":\"Home\",\"item\":\"https:\/\/www.sveahome.com\/\"},{\"@type\":\"ListItem\",\"position\":2,\"name\":\"Kontakta oss\"}]}]}<\/script>\n<!-- \/ Yoast SEO plugin. -->","yoast_head_json":{"title":"\u0417\u0432'\u044f\u0436\u0456\u0442\u044c\u0441\u044f \u0437 \u043d\u0430\u043c\u0438 | Svea Home","robots":{"index":"index","follow":"follow","max-snippet":"max-snippet:-1","max-image-preview":"max-image-preview:large","max-video-preview":"max-video-preview:-1"},"canonical":"https:\/\/www.sveahome.com\/uk\/\u0437\u0432\u044f\u0436\u0456\u0442\u044c\u0441\u044f-\u0437-\u043d\u0430\u043c\u0438\/","og_locale":"uk_UA","og_type":"article","og_title":"Kontakta oss | Svea Home","og_description":"V\u00e4lkommen att kontakta oss med dina fr\u00e5gor eller f\u00f6r att best\u00e4lla n\u00e5gon av v\u00e5ra tj\u00e4nster! Du kan antingen ringa oss eller anv\u00e4nda v\u00e5rt kontaktformul\u00e4r som du hittar l\u00e4ngst ned p\u00e5 den h\u00e4r sidan. Vi ser fram emot att h\u00f6ra av dig! Vanessa Shaw vanessa@sveahome.com +34 653 469 106 Lina Mattsen lina@sveahome.com +34 684 278 502 [&hellip;]","og_url":"https:\/\/www.sveahome.com\/uk\/\u0437\u0432\u044f\u0436\u0456\u0442\u044c\u0441\u044f-\u0437-\u043d\u0430\u043c\u0438\/","og_site_name":"Svea Home","article_publisher":"https:\/\/www.facebook.com\/people\/Svea-Home\/100078707354829\/","article_modified_time":"2026-02-04T13:11:48+00:00","og_image":[{"width":1080,"height":1080,"url":"https:\/\/www.sveahome.com\/wp-content\/uploads\/2023\/02\/Kontakta-oss.-web.png","type":"image\/png"}],"twitter_card":"summary_large_image","schema":{"@context":"https:\/\/schema.org","@graph":[{"@type":"Organization","@id":"https:\/\/www.sveahome.com\/#organization","name":"Svea Home","url":"https:\/\/www.sveahome.com\/","sameAs":["https:\/\/www.instagram.com\/svea.home\/","https:\/\/www.facebook.com\/people\/Svea-Home\/100078707354829\/"],"logo":{"@type":"ImageObject","inLanguage":"uk","@id":"https:\/\/www.sveahome.com\/#\/schema\/logo\/image\/","url":"https:\/\/www.sveahome.com\/wp-content\/uploads\/2022\/02\/SveaHome.jpg","contentUrl":"https:\/\/www.sveahome.com\/wp-content\/uploads\/2022\/02\/SveaHome.jpg","width":239,"height":47,"caption":"Svea Home"},"image":{"@id":"https:\/\/www.sveahome.com\/#\/schema\/logo\/image\/"}},{"@type":"WebSite","@id":"https:\/\/www.sveahome.com\/#website","url":"https:\/\/www.sveahome.com\/","name":"Svea Home","description":"","publisher":{"@id":"https:\/\/www.sveahome.com\/#organization"},"potentialAction":[{"@type":"SearchAction","target":{"@type":"EntryPoint","urlTemplate":"https:\/\/www.sveahome.com\/?s={search_term_string}"},"query-input":"required name=search_term_string"}],"inLanguage":"uk"},{"@type":"ImageObject","inLanguage":"uk","@id":"https:\/\/www.sveahome.com\/en\/contact-us\/#primaryimage","url":"https:\/\/www.sveahome.com\/wp-content\/uploads\/2023\/02\/Kontakta-oss.-web.png","contentUrl":"https:\/\/www.sveahome.com\/wp-content\/uploads\/2023\/02\/Kontakta-oss.-web.png","width":1080,"height":1080},{"@type":"WebPage","@id":"https:\/\/www.sveahome.com\/en\/contact-us\/#webpage","url":"https:\/\/www.sveahome.com\/en\/contact-us\/","name":"\u0417\u0432'\u044f\u0436\u0456\u0442\u044c\u0441\u044f \u0437 \u043d\u0430\u043c\u0438 | Svea Home","isPartOf":{"@id":"https:\/\/www.sveahome.com\/#website"},"primaryImageOfPage":{"@id":"https:\/\/www.sveahome.com\/en\/contact-us\/#primaryimage"},"datePublished":"2022-02-15T18:25:00+00:00","dateModified":"2026-02-04T13:11:48+00:00","breadcrumb":{"@id":"https:\/\/www.sveahome.com\/en\/contact-us\/#breadcrumb"},"inLanguage":"uk","potentialAction":[{"@type":"ReadAction","target":["https:\/\/www.sveahome.com\/en\/contact-us\/"]}]},{"@type":"BreadcrumbList","@id":"https:\/\/www.sveahome.com\/en\/contact-us\/#breadcrumb","itemListElement":[{"@type":"ListItem","position":1,"name":"Home","item":"https:\/\/www.sveahome.com\/"},{"@type":"ListItem","position":2,"name":"Kontakta oss"}]}]}},"_links":{"self":[{"href":"https:\/\/www.sveahome.com\/uk\/wp-json\/wp\/v2\/pages\/85"}],"collection":[{"href":"https:\/\/www.sveahome.com\/uk\/wp-json\/wp\/v2\/pages"}],"about":[{"href":"https:\/\/www.sveahome.com\/uk\/wp-json\/wp\/v2\/types\/page"}],"author":[{"embeddable":true,"href":"https:\/\/www.sveahome.com\/uk\/wp-json\/wp\/v2\/users\/1"}],"replies":[{"embeddable":true,"href":"https:\/\/www.sveahome.com\/uk\/wp-json\/wp\/v2\/comments?post=85"}],"version-history":[{"count":2,"href":"https:\/\/www.sveahome.com\/uk\/wp-json\/wp\/v2\/pages\/85\/revisions"}],"predecessor-version":[{"id":889,"href":"https:\/\/www.sveahome.com\/uk\/wp-json\/wp\/v2\/pages\/85\/revisions\/889"}],"wp:featuredmedia":[{"embeddable":true,"href":"https:\/\/www.sveahome.com\/uk\/wp-json\/wp\/v2\/media\/391"}],"wp:attachment":[{"href":"https:\/\/www.sveahome.com\/uk\/wp-json\/wp\/v2\/media?parent=85"}],"wp:term":[{"taxonomy":"post_tag","embeddable":true,"href":"https:\/\/www.sveahome.com\/uk\/wp-json\/wp\/v2\/tags?post=85"}],"curies":[{"name":"wp","href":"https:\/\/api.w.org\/{rel}","templated":true}]}}