{"id":867,"date":"2026-02-04T15:13:47","date_gmt":"2026-02-04T14:13:47","guid":{"rendered":"https:\/\/www.sveahome.com\/?page_id=867"},"modified":"2026-03-23T09:47:09","modified_gmt":"2026-03-23T08:47:09","slug":"%d1%81%d0%ba%d0%bb%d0%b0%d1%81%d1%82%d0%b8-%d0%b2%d0%bb%d0%b0%d1%81%d0%bd%d0%b8%d0%b9-%d1%81%d0%bf%d0%b8%d1%81%d0%be%d0%ba-%d0%bf%d0%be%d0%ba%d1%83%d0%bf%d0%be%d0%ba","status":"publish","type":"page","link":"https:\/\/www.sveahome.com\/uk\/torrevieja\/gor-din-egen-shoppinglista\/","title":{"rendered":"\u0421\u043a\u043b\u0430\u0434\u0456\u0442\u044c \u0432\u043b\u0430\u0441\u043d\u0438\u0439 \u0441\u043f\u0438\u0441\u043e\u043a \u043f\u043e\u043a\u0443\u043f\u043e\u043a"},"content":{"rendered":"<h3><b>\u0411\u0430\u0437\u043e\u0432\u0430 \u043f\u043e\u0441\u043b\u0443\u0433\u0430 - \u0417\u0430\u043c\u043e\u0432\u043b\u0435\u043d\u043d\u044f \u0442\u0430 \u043a\u043e\u043e\u0440\u0434\u0438\u043d\u0430\u0446\u0456\u044f<\/b><\/h3>\n<p><b>\u0412\u0456\u0434 200-300 \u0454\u0432\u0440\u043e<\/b><b><br \/>\n<\/b><span style=\"font-weight: 400;\"> \u041c\u0438 \u043e\u0442\u0440\u0438\u043c\u0443\u0454\u043c\u043e \u0432\u0430\u0448 \u0441\u043f\u0438\u0441\u043e\u043a \u043f\u043e\u043a\u0443\u043f\u043e\u043a, \u0440\u043e\u0437\u043c\u0456\u0449\u0443\u0454\u043c\u043e \u0437\u0430\u043c\u043e\u0432\u043b\u0435\u043d\u043d\u044f \u0437\u0430 \u0432\u0430\u0441 \u0456 \u0437\u0432'\u044f\u0437\u0443\u0454\u043c\u043e\u0441\u044f \u0437 \u043c\u0430\u0433\u0430\u0437\u0438\u043d\u0430\u043c\u0438.<\/span><span style=\"font-weight: 400;\"><br \/>\n<\/span><span style=\"font-weight: 400;\"> \u041f\u0456\u0441\u043b\u044f \u0442\u043e\u0433\u043e, \u044f\u043a \u0432\u0441\u0435 \u0437\u0430\u043c\u043e\u0432\u043b\u0435\u043d\u043e, \u043c\u0438 \u0441\u0442\u0435\u0436\u0438\u043c\u043e \u0437\u0430 \u0442\u0438\u043c, \u0449\u043e\u0431 \u0434\u043e\u0441\u0442\u0430\u0432\u043a\u0430 \u0431\u0443\u043b\u0430 \u0441\u043a\u043e\u043e\u0440\u0434\u0438\u043d\u043e\u0432\u0430\u043d\u0430 \u044f\u043a\u043d\u0430\u0439\u043a\u0440\u0430\u0449\u0435.<\/span><\/p>\n<h3><b>\u041e\u043f\u0446\u0456\u0457 - \u043e\u0431\u0435\u0440\u0456\u0442\u044c \u0442\u0443, \u044f\u043a\u0430 \u0432\u0430\u043c \u043f\u0456\u0434\u0445\u043e\u0434\u0438\u0442\u044c<\/b><\/h3>\n<p><b>\u0422\u0440\u0430\u043d\u0441\u043f\u043e\u0440\u0442\u0443\u0432\u0430\u043d\u043d\u044f \u0442\u0430 \u0434\u043e\u0441\u0442\u0430\u0432\u043a\u0430<\/b><span style=\"font-weight: 400;\"> - \u0432\u0456\u0434 \u20ac50-100<\/span><span style=\"font-weight: 400;\"><br \/>\n<\/span>\u041c\u0438 \u043a\u043e\u043e\u0440\u0434\u0438\u043d\u0443\u0454\u043c\u043e \u0434\u043e\u0441\u0442\u0430\u0432\u043a\u0443 \u0434\u043e \u0432\u0430\u0441 \u0434\u043e\u0434\u043e\u043c\u0443 \u043c\u0430\u043a\u0441\u0438\u043c\u0430\u043b\u044c\u043d\u043e \u0431\u0435\u0437\u043f\u0435\u0440\u0435\u0448\u043a\u043e\u0434\u043d\u043e.<br data-start=\"1375\" data-end=\"1378\" \/>\u041e\u0441\u043a\u0456\u043b\u044c\u043a\u0438 \u043f\u043e\u0441\u0442\u0430\u0447\u0430\u043b\u044c\u043d\u0438\u043a\u0438 \u0447\u0430\u0441\u0442\u043e \u0437\u0434\u0456\u0439\u0441\u043d\u044e\u044e\u0442\u044c \u043f\u043e\u0441\u0442\u0430\u0432\u043a\u0438 \u0432 \u0440\u0456\u0437\u043d\u0438\u0439 \u0447\u0430\u0441, \u0456\u043d\u043e\u0434\u0456 \u043c\u043e\u0436\u0435 \u0437\u043d\u0430\u0434\u043e\u0431\u0438\u0442\u0438\u0441\u044f \u043a\u0456\u043b\u044c\u043a\u0430 \u0432\u0456\u0434\u0432\u0430\u043d\u0442\u0430\u0436\u0435\u043d\u044c, \u0430\u043b\u0435 \u043c\u0438 \u0437\u0430\u0432\u0436\u0434\u0438 \u0440\u043e\u0431\u0438\u043c\u043e \u0432\u0441\u0435 \u043c\u043e\u0436\u043b\u0438\u0432\u0435, \u0449\u043e\u0431 \u0435\u0444\u0435\u043a\u0442\u0438\u0432\u043d\u043e \u043f\u043b\u0430\u043d\u0443\u0432\u0430\u0442\u0438 \u0456 \u0442\u0440\u0438\u043c\u0430\u0442\u0438 \u0432\u0430\u0441 \u0432 \u043a\u0443\u0440\u0441\u0456 \u043f\u043e\u0434\u0456\u0439.<\/p>\n<p><b>\u041f\u0440\u0438\u0439\u043e\u043c \u0442\u0430 \u043f\u0435\u0440\u0435\u0432\u0456\u0440\u043a\u0430 \u0442\u043e\u0432\u0430\u0440\u0456\u0432<\/b><span style=\"font-weight: 400;\"> - \u0432\u0456\u0434 \u20ac30<\/span><span style=\"font-weight: 400;\"><br \/>\n<\/span>\u041c\u0438 \u043e\u0442\u0440\u0438\u043c\u0443\u0454\u043c\u043e \u0434\u043e\u0441\u0442\u0430\u0432\u043a\u0443, \u043f\u0435\u0440\u0435\u0432\u0456\u0440\u044f\u0454\u043c\u043e \u0442\u043e\u0432\u0430\u0440 \u0456 \u043f\u043e\u0432\u0456\u0434\u043e\u043c\u043b\u044f\u0454\u043c\u043e \u043f\u0440\u043e \u0432\u0456\u0434\u0441\u0443\u0442\u043d\u0456\u0441\u0442\u044c \u0430\u0431\u043e \u043f\u043e\u0448\u043a\u043e\u0434\u0436\u0435\u043d\u043d\u044f.<br data-start=\"1708\" data-end=\"1711\" \/>\u0412\u0430\u043c \u043d\u0435 \u043f\u043e\u0442\u0440\u0456\u0431\u043d\u043e \u0445\u0432\u0438\u043b\u044e\u0432\u0430\u0442\u0438\u0441\u044f, \u0449\u043e \u0449\u043e\u0441\u044c \u043f\u0456\u0434\u0435 \u043d\u0435 \u0442\u0430\u043a, \u043f\u043e\u043a\u0438 \u0432\u0438 \u0443 \u0432\u0456\u0434'\u0457\u0437\u0434\u0456.<\/p>\n<p><b>\u0417\u0431\u0435\u0440\u0456\u0433\u0430\u043d\u043d\u044f<\/b><span style=\"font-weight: 400;\"> - \u0432\u0456\u0434 25 \u0454\u0432\u0440\u043e \u043d\u0430 \u0442\u0438\u0436\u0434\u0435\u043d\u044c<\/span><span style=\"font-weight: 400;\"><br \/>\n<\/span>\u041c\u0438 \u043c\u043e\u0436\u0435\u043c\u043e \u043f\u0440\u0438\u0439\u043c\u0430\u0442\u0438 \u0456 \u0442\u0438\u043c\u0447\u0430\u0441\u043e\u0432\u043e \u0437\u0431\u0435\u0440\u0456\u0433\u0430\u0442\u0438 \u043d\u0435\u0432\u0435\u043b\u0438\u043a\u0456 \u0440\u0435\u0447\u0456, \u0442\u0430\u043a\u0456 \u044f\u043a \u043b\u0430\u043c\u043f\u0438, \u0442\u0435\u043a\u0441\u0442\u0438\u043b\u044c \u0430\u0431\u043e \u043f\u0440\u0438\u043a\u0440\u0430\u0441\u0438.<br data-start=\"768\" data-end=\"771\" \/>\u0411\u0456\u043b\u044c\u0448\u0456 \u043c\u0435\u0431\u043b\u0456 \u0434\u043e\u0441\u0442\u0430\u0432\u043b\u044f\u044e\u0442\u044c\u0441\u044f \u0431\u0435\u0437\u043f\u043e\u0441\u0435\u0440\u0435\u0434\u043d\u044c\u043e \u0434\u043e\u0434\u043e\u043c\u0443.<br data-start=\"818\" data-end=\"821\" \/>\u042f\u043a\u0449\u043e \u0432\u0430\u0441 \u043d\u0435\u043c\u0430\u0454 \u043d\u0430 \u043c\u0456\u0441\u0446\u0456, \u043c\u0438 \u0437 \u0440\u0430\u0434\u0456\u0441\u0442\u044e \u0434\u043e\u043f\u043e\u043c\u043e\u0436\u0435\u043c\u043e \u0441\u043a\u043e\u043e\u0440\u0434\u0438\u043d\u0443\u0432\u0430\u0442\u0438 \u0434\u043e\u0441\u0442\u0430\u0432\u043a\u0443, \u0449\u043e\u0431 \u0432\u0441\u0435 \u0431\u0443\u043b\u043e \u0434\u043e\u0441\u0442\u0430\u0432\u043b\u0435\u043d\u043e \u0431\u0435\u0437\u043f\u0435\u0447\u043d\u043e \u0456 \u0431\u0435\u0437\u043f\u0435\u0440\u0435\u0448\u043a\u043e\u0434\u043d\u043e.<\/p>\n<p><b>\u0417\u0431\u0456\u0440\u043a\u0430<\/b><span style=\"font-weight: 400;\"> - 25 \u0454\u0432\u0440\u043e \u0437\u0430 \u0433\u043e\u0434\u0438\u043d\u0443<\/span><span style=\"font-weight: 400;\"><br \/>\n<\/span>\u041c\u0438 \u0437\u0431\u0438\u0440\u0430\u0454\u043c\u043e \u043c\u0435\u0431\u043b\u0456 \u0456 \u0440\u043e\u0437\u043c\u0456\u0449\u0443\u0454\u043c\u043e \u0457\u0445 \u0442\u0430\u043c, \u0434\u0435 \u0432\u043e\u043d\u0438 \u043c\u0430\u044e\u0442\u044c \u0431\u0443\u0442\u0438.<br data-start=\"2079\" data-end=\"2082\" \/>\u0424\u0456\u043a\u0441\u043e\u0432\u0430\u043d\u0456 \u0446\u0456\u043d\u0438 \u043c\u043e\u0436\u0443\u0442\u044c \u0431\u0443\u0442\u0438 \u0437\u0430\u043f\u0440\u043e\u043f\u043e\u043d\u043e\u0432\u0430\u043d\u0456 \u043d\u0430 \u0434\u0435\u044f\u043a\u0456 \u043c\u0435\u0431\u043b\u0456 (\u043d\u0430\u043f\u0440\u0438\u043a\u043b\u0430\u0434, \u0441\u0442\u0456\u043b\u044c\u0446\u0456, \u0441\u0442\u043e\u043b\u0438, \u043b\u0456\u0436\u043a\u0430).<br data-start=\"2150\" data-end=\"2153\" \/>\u041c\u0438 \u043d\u0430\u0432\u0456\u0442\u044c \u043c\u043e\u0436\u0435\u043c\u043e \u0437\u0456\u0431\u0440\u0430\u0442\u0438 \u0439\u043e\u0433\u043e \u043f\u0435\u0440\u0435\u0434 \u0432\u0430\u0448\u0438\u043c \u043f\u0440\u0438\u0457\u0437\u0434\u043e\u043c - \u0442\u0430\u043a \u0449\u043e \u0432\u0441\u0435 \u0431\u0443\u0434\u0435 \u0433\u043e\u0442\u043e\u0432\u043e, \u043a\u043e\u043b\u0438 \u0432\u0438 \u043f\u0440\u0438\u0457\u0434\u0435\u0442\u0435.<\/p>\n<p><b>\u041f\u043e\u0432\u043e\u0434\u0436\u0435\u043d\u043d\u044f \u0437 \u0432\u0456\u0434\u0445\u043e\u0434\u0430\u043c\u0438<\/b><span style=\"font-weight: 400;\"> - \u0432\u0456\u0434 \u20ac30<\/span><span style=\"font-weight: 400;\"><br \/>\n<\/span>\u041c\u0438 \u0434\u0431\u0430\u0454\u043c\u043e \u043f\u0440\u043e \u0432\u0441\u044e \u0443\u043f\u0430\u043a\u043e\u0432\u043a\u0443 \u0442\u0430 \u0432\u0456\u0434\u043f\u0440\u0430\u0432\u043b\u044f\u0454\u043c\u043e \u0457\u0457 \u043d\u0430 \u043f\u0435\u0440\u0435\u0440\u043e\u0431\u043a\u0443.<br data-start=\"2341\" data-end=\"2344\" \/>\u0427\u0438\u0441\u0442\u0430, \u043e\u0445\u0430\u0439\u043d\u0430 \u0442\u0430 \u0433\u043e\u0442\u043e\u0432\u0430 \u0434\u043e \u0437\u0430\u0441\u0435\u043b\u0435\u043d\u043d\u044f.<\/p>\n<p><b>\u0421\u0442\u0438\u043b\u044c\u043d\u0435 \u043e\u0437\u0434\u043e\u0431\u043b\u0435\u043d\u043d\u044f<\/b><span style=\"font-weight: 400;\"> - \u0432\u0456\u0434 80 \u0454\u0432\u0440\u043e \u0437\u0430 \u043d\u043e\u043c\u0435\u0440<\/span><span style=\"font-weight: 400;\"><br \/>\n\u041f\u0456\u0441\u043b\u044f \u0442\u043e\u0433\u043e, \u044f\u043a \u0432\u0441\u0435 \u0431\u0443\u0434\u0435 \u0433\u043e\u0442\u043e\u0432\u043e, \u043c\u0438 \u043f\u043e\u0434\u0431\u0430\u0454\u043c\u043e \u043f\u0440\u043e \u0442\u0435, \u0449\u043e\u0431 \u0432\u0430\u0448 \u0431\u0443\u0434\u0438\u043d\u043e\u043a \u0432\u0438\u0433\u043b\u044f\u0434\u0430\u0432 \u0437\u0430\u0432\u0435\u0440\u0448\u0435\u043d\u0438\u043c \u0456 \u043f\u0440\u0438\u0432\u0430\u0431\u043b\u0438\u0432\u0438\u043c.<br data-start=\"2500\" data-end=\"2503\" \/>\u0420\u043e\u0437\u0441\u0442\u0430\u0432\u043b\u044f\u0454\u043c\u043e \u043c\u0435\u0431\u043b\u0456, \u0432\u0456\u0448\u0430\u0454\u043c\u043e \u0448\u0442\u043e\u0440\u0438 \u0456 \u043a\u0430\u0440\u0442\u0438\u043d\u0438, \u0441\u0442\u0438\u043b\u0456\u0437\u0443\u0454\u043c\u043e \u0442\u0435\u043a\u0441\u0442\u0438\u043b\u0435\u043c \u0456 \u0434\u0435\u043a\u043e\u0440\u043e\u043c.<br data-start=\"2594\" data-end=\"2597\" \/>\u0406\u0434\u0435\u0430\u043b\u044c\u043d\u0438\u0439 \u0432\u0430\u0440\u0456\u0430\u043d\u0442, \u044f\u043a\u0449\u043e \u0432\u0438 \u0445\u043e\u0447\u0435\u0442\u0435, \u0449\u043e\u0431 \u0432\u0430\u0448 \u0431\u0443\u0434\u0438\u043d\u043e\u043a \u0434\u043b\u044f \u0432\u0456\u0434\u043f\u043e\u0447\u0438\u043d\u043a\u0443 \u0431\u0443\u0432 \u043f\u043e\u0432\u043d\u0456\u0441\u0442\u044e \u0433\u043e\u0442\u043e\u0432\u0438\u0439, \u043a\u043e\u043b\u0438 \u0432\u0438 \u043f\u0440\u0438\u0457\u0434\u0435\u0442\u0435.<\/span><\/p>\n<p>\u0412\u0441\u0456 \u0446\u0456\u043d\u0438 \u0454 \u0441\u0442\u0430\u0440\u0442\u043e\u0432\u0438\u043c\u0438. \u0412\u0438 \u0437\u0430\u0432\u0436\u0434\u0438 \u043e\u0442\u0440\u0438\u043c\u0430\u0454\u0442\u0435 \u0447\u0456\u0442\u043a\u0443 \u043f\u0440\u043e\u043f\u043e\u0437\u0438\u0446\u0456\u044e \u043f\u0456\u0441\u043b\u044f \u0442\u043e\u0433\u043e, \u044f\u043a \u043c\u0438 \u043e\u0437\u043d\u0430\u0439\u043e\u043c\u0438\u043c\u043e\u0441\u044f \u0437 \u0432\u0430\u0448\u0438\u043c \u043f\u0440\u043e\u0435\u043a\u0442\u043e\u043c \u0456 \u0432\u0430\u0448\u0438\u043c\u0438 \u0432\u0438\u043c\u043e\u0433\u0430\u043c\u0438.<\/p>","protected":false},"excerpt":{"rendered":"<p>Grundtj\u00e4nst \u2013 Best\u00e4llning &amp; samordning Fr\u00e5n 200\u2013300 \u20ac Vi tar emot din shoppinglista, l\u00e4gger best\u00e4llningarna \u00e5t dig och h\u00e5ller kontakt med butikerna. N\u00e4r allt \u00e4r best\u00e4llt ser vi till att leveranserna samordnas s\u00e5 smidigt som m\u00f6jligt. Tillval \u2013 v\u00e4lj det som passar dig Transport &amp; leverans \u2013 fr\u00e5n 50\u2013100 \u20ac Vi samordnar leveranserna till ditt [&hellip;]<\/p>\n","protected":false},"author":1,"featured_media":871,"parent":76,"menu_order":10,"comment_status":"closed","ping_status":"closed","template":"","meta":{"_acf_changed":false,"footnotes":""},"tags":[],"acf":[],"yoast_head":"<!-- This site is optimized with the Yoast SEO plugin v19.1 - https:\/\/yoast.com\/wordpress\/plugins\/seo\/ -->\n<title>G\u00f6r din egen shoppinglista | Svea Home<\/title>\n<meta name=\"robots\" content=\"index, follow, max-snippet:-1, max-image-preview:large, max-video-preview:-1\" \/>\n<link rel=\"canonical\" href=\"https:\/\/www.sveahome.com\/uk\/\u0442\u043e\u0440\u0440\u0435\u0432\u0454\u0445\u0430\/\u0441\u043a\u043b\u0430\u0441\u0442\u0438-\u0432\u043b\u0430\u0441\u043d\u0438\u0439-\u0441\u043f\u0438\u0441\u043e\u043a-\u043f\u043e\u043a\u0443\u043f\u043e\u043a\/\" \/>\n<meta property=\"og:locale\" content=\"uk_UA\" \/>\n<meta property=\"og:type\" content=\"article\" \/>\n<meta property=\"og:title\" content=\"G\u00f6r din egen shoppinglista | Svea Home\" \/>\n<meta property=\"og:description\" content=\"Grundtj\u00e4nst \u2013 Best\u00e4llning &amp; samordning Fr\u00e5n 200\u2013300 \u20ac Vi tar emot din shoppinglista, l\u00e4gger best\u00e4llningarna \u00e5t dig och h\u00e5ller kontakt med butikerna. N\u00e4r allt \u00e4r best\u00e4llt ser vi till att leveranserna samordnas s\u00e5 smidigt som m\u00f6jligt. Tillval \u2013 v\u00e4lj det som passar dig Transport &amp; leverans \u2013 fr\u00e5n 50\u2013100 \u20ac Vi samordnar leveranserna till ditt [&hellip;]\" \/>\n<meta property=\"og:url\" content=\"https:\/\/www.sveahome.com\/uk\/\u0442\u043e\u0440\u0440\u0435\u0432\u0454\u0445\u0430\/\u0441\u043a\u043b\u0430\u0441\u0442\u0438-\u0432\u043b\u0430\u0441\u043d\u0438\u0439-\u0441\u043f\u0438\u0441\u043e\u043a-\u043f\u043e\u043a\u0443\u043f\u043e\u043a\/\" \/>\n<meta property=\"og:site_name\" content=\"Svea Home\" \/>\n<meta property=\"article:publisher\" content=\"https:\/\/www.facebook.com\/people\/Svea-Home\/100078707354829\/\" \/>\n<meta property=\"article:modified_time\" content=\"2026-03-23T08:47:09+00:00\" \/>\n<meta property=\"og:image\" content=\"https:\/\/www.sveahome.com\/wp-content\/uploads\/2025\/11\/shoppinglist.jpg\" \/>\n\t<meta property=\"og:image:width\" content=\"897\" \/>\n\t<meta property=\"og:image:height\" content=\"613\" \/>\n\t<meta property=\"og:image:type\" content=\"image\/jpeg\" \/>\n<meta name=\"twitter:card\" content=\"summary_large_image\" \/>\n<meta name=\"twitter:label1\" content=\"\u041f\u0440\u0438\u0431\u043b. \u0447\u0430\u0441 \u0447\u0438\u0442\u0430\u043d\u043d\u044f\" \/>\n\t<meta name=\"twitter:data1\" content=\"2 \u0445\u0432\u0438\u043b\u0438\u043d\u0438\" \/>\n<script type=\"application\/ld+json\" class=\"yoast-schema-graph\">{\"@context\":\"https:\/\/schema.org\",\"@graph\":[{\"@type\":\"Organization\",\"@id\":\"https:\/\/www.sveahome.com\/#organization\",\"name\":\"Svea Home\",\"url\":\"https:\/\/www.sveahome.com\/\",\"sameAs\":[\"https:\/\/www.instagram.com\/svea.home\/\",\"https:\/\/www.facebook.com\/people\/Svea-Home\/100078707354829\/\"],\"logo\":{\"@type\":\"ImageObject\",\"inLanguage\":\"uk\",\"@id\":\"https:\/\/www.sveahome.com\/#\/schema\/logo\/image\/\",\"url\":\"https:\/\/www.sveahome.com\/wp-content\/uploads\/2022\/02\/SveaHome.jpg\",\"contentUrl\":\"https:\/\/www.sveahome.com\/wp-content\/uploads\/2022\/02\/SveaHome.jpg\",\"width\":239,\"height\":47,\"caption\":\"Svea Home\"},\"image\":{\"@id\":\"https:\/\/www.sveahome.com\/#\/schema\/logo\/image\/\"}},{\"@type\":\"WebSite\",\"@id\":\"https:\/\/www.sveahome.com\/#website\",\"url\":\"https:\/\/www.sveahome.com\/\",\"name\":\"Svea Home\",\"description\":\"\",\"publisher\":{\"@id\":\"https:\/\/www.sveahome.com\/#organization\"},\"potentialAction\":[{\"@type\":\"SearchAction\",\"target\":{\"@type\":\"EntryPoint\",\"urlTemplate\":\"https:\/\/www.sveahome.com\/?s={search_term_string}\"},\"query-input\":\"required name=search_term_string\"}],\"inLanguage\":\"uk\"},{\"@type\":\"ImageObject\",\"inLanguage\":\"uk\",\"@id\":\"https:\/\/www.sveahome.com\/torrevieja\/gor-din-egen-shoppinglista\/#primaryimage\",\"url\":\"https:\/\/www.sveahome.com\/wp-content\/uploads\/2025\/11\/shoppinglist.jpg\",\"contentUrl\":\"https:\/\/www.sveahome.com\/wp-content\/uploads\/2025\/11\/shoppinglist.jpg\",\"width\":897,\"height\":613},{\"@type\":\"WebPage\",\"@id\":\"https:\/\/www.sveahome.com\/torrevieja\/gor-din-egen-shoppinglista\/#webpage\",\"url\":\"https:\/\/www.sveahome.com\/torrevieja\/gor-din-egen-shoppinglista\/\",\"name\":\"G\u00f6r din egen shoppinglista | Svea Home\",\"isPartOf\":{\"@id\":\"https:\/\/www.sveahome.com\/#website\"},\"primaryImageOfPage\":{\"@id\":\"https:\/\/www.sveahome.com\/torrevieja\/gor-din-egen-shoppinglista\/#primaryimage\"},\"datePublished\":\"2026-02-04T14:13:47+00:00\",\"dateModified\":\"2026-03-23T08:47:09+00:00\",\"breadcrumb\":{\"@id\":\"https:\/\/www.sveahome.com\/torrevieja\/gor-din-egen-shoppinglista\/#breadcrumb\"},\"inLanguage\":\"uk\",\"potentialAction\":[{\"@type\":\"ReadAction\",\"target\":[\"https:\/\/www.sveahome.com\/torrevieja\/gor-din-egen-shoppinglista\/\"]}]},{\"@type\":\"BreadcrumbList\",\"@id\":\"https:\/\/www.sveahome.com\/torrevieja\/gor-din-egen-shoppinglista\/#breadcrumb\",\"itemListElement\":[{\"@type\":\"ListItem\",\"position\":1,\"name\":\"Home\",\"item\":\"https:\/\/www.sveahome.com\/\"},{\"@type\":\"ListItem\",\"position\":2,\"name\":\"Inredningshj\u00e4lp\",\"item\":\"https:\/\/www.sveahome.com\/torrevieja\/\"},{\"@type\":\"ListItem\",\"position\":3,\"name\":\"G\u00f6r din egen shoppinglista\"}]}]}<\/script>\n<!-- \/ Yoast SEO plugin. -->","yoast_head_json":{"title":"\u0421\u043a\u043b\u0430\u0434\u0456\u0442\u044c \u0432\u043b\u0430\u0441\u043d\u0438\u0439 \u0441\u043f\u0438\u0441\u043e\u043a \u043f\u043e\u043a\u0443\u043f\u043e\u043a | Svea Home","robots":{"index":"index","follow":"follow","max-snippet":"max-snippet:-1","max-image-preview":"max-image-preview:large","max-video-preview":"max-video-preview:-1"},"canonical":"https:\/\/www.sveahome.com\/uk\/\u0442\u043e\u0440\u0440\u0435\u0432\u0454\u0445\u0430\/\u0441\u043a\u043b\u0430\u0441\u0442\u0438-\u0432\u043b\u0430\u0441\u043d\u0438\u0439-\u0441\u043f\u0438\u0441\u043e\u043a-\u043f\u043e\u043a\u0443\u043f\u043e\u043a\/","og_locale":"uk_UA","og_type":"article","og_title":"G\u00f6r din egen shoppinglista | Svea Home","og_description":"Grundtj\u00e4nst \u2013 Best\u00e4llning &amp; samordning Fr\u00e5n 200\u2013300 \u20ac Vi tar emot din shoppinglista, l\u00e4gger best\u00e4llningarna \u00e5t dig och h\u00e5ller kontakt med butikerna. N\u00e4r allt \u00e4r best\u00e4llt ser vi till att leveranserna samordnas s\u00e5 smidigt som m\u00f6jligt. Tillval \u2013 v\u00e4lj det som passar dig Transport &amp; leverans \u2013 fr\u00e5n 50\u2013100 \u20ac Vi samordnar leveranserna till ditt [&hellip;]","og_url":"https:\/\/www.sveahome.com\/uk\/\u0442\u043e\u0440\u0440\u0435\u0432\u0454\u0445\u0430\/\u0441\u043a\u043b\u0430\u0441\u0442\u0438-\u0432\u043b\u0430\u0441\u043d\u0438\u0439-\u0441\u043f\u0438\u0441\u043e\u043a-\u043f\u043e\u043a\u0443\u043f\u043e\u043a\/","og_site_name":"Svea Home","article_publisher":"https:\/\/www.facebook.com\/people\/Svea-Home\/100078707354829\/","article_modified_time":"2026-03-23T08:47:09+00:00","og_image":[{"width":897,"height":613,"url":"https:\/\/www.sveahome.com\/wp-content\/uploads\/2025\/11\/shoppinglist.jpg","type":"image\/jpeg"}],"twitter_card":"summary_large_image","twitter_misc":{"\u041f\u0440\u0438\u0431\u043b. \u0447\u0430\u0441 \u0447\u0438\u0442\u0430\u043d\u043d\u044f":"2 \u0445\u0432\u0438\u043b\u0438\u043d\u0438"},"schema":{"@context":"https:\/\/schema.org","@graph":[{"@type":"Organization","@id":"https:\/\/www.sveahome.com\/#organization","name":"Svea Home","url":"https:\/\/www.sveahome.com\/","sameAs":["https:\/\/www.instagram.com\/svea.home\/","https:\/\/www.facebook.com\/people\/Svea-Home\/100078707354829\/"],"logo":{"@type":"ImageObject","inLanguage":"uk","@id":"https:\/\/www.sveahome.com\/#\/schema\/logo\/image\/","url":"https:\/\/www.sveahome.com\/wp-content\/uploads\/2022\/02\/SveaHome.jpg","contentUrl":"https:\/\/www.sveahome.com\/wp-content\/uploads\/2022\/02\/SveaHome.jpg","width":239,"height":47,"caption":"Svea Home"},"image":{"@id":"https:\/\/www.sveahome.com\/#\/schema\/logo\/image\/"}},{"@type":"WebSite","@id":"https:\/\/www.sveahome.com\/#website","url":"https:\/\/www.sveahome.com\/","name":"Svea Home","description":"","publisher":{"@id":"https:\/\/www.sveahome.com\/#organization"},"potentialAction":[{"@type":"SearchAction","target":{"@type":"EntryPoint","urlTemplate":"https:\/\/www.sveahome.com\/?s={search_term_string}"},"query-input":"required name=search_term_string"}],"inLanguage":"uk"},{"@type":"ImageObject","inLanguage":"uk","@id":"https:\/\/www.sveahome.com\/torrevieja\/gor-din-egen-shoppinglista\/#primaryimage","url":"https:\/\/www.sveahome.com\/wp-content\/uploads\/2025\/11\/shoppinglist.jpg","contentUrl":"https:\/\/www.sveahome.com\/wp-content\/uploads\/2025\/11\/shoppinglist.jpg","width":897,"height":613},{"@type":"WebPage","@id":"https:\/\/www.sveahome.com\/torrevieja\/gor-din-egen-shoppinglista\/#webpage","url":"https:\/\/www.sveahome.com\/torrevieja\/gor-din-egen-shoppinglista\/","name":"\u0421\u043a\u043b\u0430\u0434\u0456\u0442\u044c \u0432\u043b\u0430\u0441\u043d\u0438\u0439 \u0441\u043f\u0438\u0441\u043e\u043a \u043f\u043e\u043a\u0443\u043f\u043e\u043a | Svea Home","isPartOf":{"@id":"https:\/\/www.sveahome.com\/#website"},"primaryImageOfPage":{"@id":"https:\/\/www.sveahome.com\/torrevieja\/gor-din-egen-shoppinglista\/#primaryimage"},"datePublished":"2026-02-04T14:13:47+00:00","dateModified":"2026-03-23T08:47:09+00:00","breadcrumb":{"@id":"https:\/\/www.sveahome.com\/torrevieja\/gor-din-egen-shoppinglista\/#breadcrumb"},"inLanguage":"uk","potentialAction":[{"@type":"ReadAction","target":["https:\/\/www.sveahome.com\/torrevieja\/gor-din-egen-shoppinglista\/"]}]},{"@type":"BreadcrumbList","@id":"https:\/\/www.sveahome.com\/torrevieja\/gor-din-egen-shoppinglista\/#breadcrumb","itemListElement":[{"@type":"ListItem","position":1,"name":"Home","item":"https:\/\/www.sveahome.com\/"},{"@type":"ListItem","position":2,"name":"Inredningshj\u00e4lp","item":"https:\/\/www.sveahome.com\/torrevieja\/"},{"@type":"ListItem","position":3,"name":"G\u00f6r din egen shoppinglista"}]}]}},"_links":{"self":[{"href":"https:\/\/www.sveahome.com\/uk\/wp-json\/wp\/v2\/pages\/867"}],"collection":[{"href":"https:\/\/www.sveahome.com\/uk\/wp-json\/wp\/v2\/pages"}],"about":[{"href":"https:\/\/www.sveahome.com\/uk\/wp-json\/wp\/v2\/types\/page"}],"author":[{"embeddable":true,"href":"https:\/\/www.sveahome.com\/uk\/wp-json\/wp\/v2\/users\/1"}],"replies":[{"embeddable":true,"href":"https:\/\/www.sveahome.com\/uk\/wp-json\/wp\/v2\/comments?post=867"}],"version-history":[{"count":4,"href":"https:\/\/www.sveahome.com\/uk\/wp-json\/wp\/v2\/pages\/867\/revisions"}],"predecessor-version":[{"id":890,"href":"https:\/\/www.sveahome.com\/uk\/wp-json\/wp\/v2\/pages\/867\/revisions\/890"}],"up":[{"embeddable":true,"href":"https:\/\/www.sveahome.com\/uk\/wp-json\/wp\/v2\/pages\/76"}],"wp:featuredmedia":[{"embeddable":true,"href":"https:\/\/www.sveahome.com\/uk\/wp-json\/wp\/v2\/media\/871"}],"wp:attachment":[{"href":"https:\/\/www.sveahome.com\/uk\/wp-json\/wp\/v2\/media?parent=867"}],"wp:term":[{"taxonomy":"post_tag","embeddable":true,"href":"https:\/\/www.sveahome.com\/uk\/wp-json\/wp\/v2\/tags?post=867"}],"curies":[{"name":"wp","href":"https:\/\/api.w.org\/{rel}","templated":true}]}}